{"id":14403,"date":"2021-04-27T22:27:46","date_gmt":"2021-04-27T22:27:46","guid":{"rendered":"http:\/\/mikrofiltertechnik.de\/?page_id=14403"},"modified":"2021-09-29T20:30:18","modified_gmt":"2021-09-29T18:30:18","slug":"sr-feinstfilter","status":"publish","type":"page","link":"http:\/\/mikrofiltertechnik.de\/de\/produkte\/oele\/sr-feinstfilter","title":{"rendered":"SR-Feinstfilter"},"content":{"rendered":"<section class=\"vc_section\"><div class=\"vc_row wpb_row vc_row-fluid vc_column-gap-24 vc-container\"><div data-animation-delay=\"0\" data-parallax-speed=\"1.5\" class=\"wpb_column vc_column_container vc_col-sm-8\"><div class=\"vc_column-inner \" ><div class=\"wpb_wrapper\"><h1 id=\"et-animated-title-1\" class=\"et-animated-title et-clearfix  words-direct\" data-mobile-font=\"24px\" data-tablet-font=\"32px\" data-delay=\"0\" style=\"font-size:48px;font-weight:700;color:#212121;\"><span class=\"text-wrapper\"><span class=\"text\">Nebenstrom-Feinstfilter<\/span><\/span><\/h1><div class=\"gap et-clearfix \" style=\"height:2px\"><\/div><h2 class=\"et-highlight-title \" style=\"font-size:18px;font-weight:700;color:#c73737;\" data-mobile-font=\"inherit\" data-tablet-font=\"inherit\"><span class=\"title-inner\">\u00d6lfilter von MFT GmbH aus Geesthacht<span class=\"highlight-line\" style=\"background-color:#c73737;\"><\/span><\/span><\/h2><div class=\"gap et-clearfix \" style=\"height:20px\"><\/div>\n\t<div class=\"wpb_text_column wpb_content_element \" >\n\t\t<div class=\"wpb_wrapper\">\n\t\t\t<p>Der \u00d6lfilter zeichnet sich durch vielf\u00e4ltige Anwendungsm\u00f6glichkeiten aus und sorgt f\u00fcr konstante Frisch\u00f6lqualit\u00e4t bei:<\/p>\n\n\t\t<\/div>\n\t<\/div>\n<\/div><\/div><\/div><div data-animation-delay=\"0\" data-parallax-speed=\"1.5\" class=\"wpb_column vc_column_container vc_col-sm-4\"><div class=\"vc_column-inner \" ><div class=\"wpb_wrapper\"><\/div><\/div><\/div><\/div><div class=\"vc_row wpb_row vc_row-fluid vc_column-gap-24 vc-container\"><div data-animation-delay=\"0\" data-parallax-speed=\"1.5\" class=\"wpb_column vc_column_container vc_col-sm-6\"><div class=\"vc_column-inner \" ><div class=\"wpb_wrapper\">\n\t<div class=\"wpb_text_column wpb_content_element \" >\n\t\t<div class=\"wpb_wrapper\">\n\t\t\t<div class=\"et-el-icon small \" style=\"color:#C73737;\"><span class=\"el-icon fa fa-arrow-circle-right animate-false\"><\/span><\/div>Motoren in Pkws, Lkws und Schiffen<\/p>\n\n\t\t<\/div>\n\t<\/div>\n\n\t<div class=\"wpb_text_column wpb_content_element \" >\n\t\t<div class=\"wpb_wrapper\">\n\t\t\t<div class=\"et-el-icon small \" style=\"color:#C73737;\"><span class=\"el-icon fa fa-arrow-circle-right animate-false\"><\/span><\/div>Motoren in Blockheizkraftwerken<\/p>\n\n\t\t<\/div>\n\t<\/div>\n\n\t<div class=\"wpb_text_column wpb_content_element \" >\n\t\t<div class=\"wpb_wrapper\">\n\t\t\t<div class=\"et-el-icon small \" style=\"color:#C73737;\"><span class=\"el-icon fa fa-arrow-circle-right animate-false\"><\/span><\/div>Getriebe, zum Beispiel bei Windkraftanlagen<\/p>\n\n\t\t<\/div>\n\t<\/div>\n\n\t<div class=\"wpb_text_column wpb_content_element \" >\n\t\t<div class=\"wpb_wrapper\">\n\t\t\t<div class=\"et-el-icon small \" style=\"color:#C73737;\"><span class=\"el-icon fa fa-arrow-circle-right animate-false\"><\/span><\/div>Hydraulikanlagen, zum Beispiel bei Baumaschinen und Agrarmaschinen<\/p>\n\n\t\t<\/div>\n\t<\/div>\n\n\t<div class=\"wpb_text_column wpb_content_element \" >\n\t\t<div class=\"wpb_wrapper\">\n\t\t\t<p>Wenn Sie Ihren Motor zuverl\u00e4ssig sch\u00fctzen m\u00f6chten, ohne st\u00e4ndig \u00d6lwechsel durchzuf\u00fchren, bietet Ihnen die MFT Mikrofiltertechnik GmbH aus Hamburg mit dem SR-\u00d6lfilter eine kosteng\u00fcnstige Alternative.<\/p>\n<p>Durch die Filterfeinheit von nur einem Mikrometer entfernt der SR-\u00d6lfilter alle abrasiv wirkenden Partikel sowie sonstige Verunreinigungen und Wasser aus dem Motor\u00f6l. Dies f\u00fchrt zu einer Verschlei\u00dfreduzierung im Motor und einer l\u00e4ngeren Verwendbarkeit des \u00d6ls.<\/p>\n\n\t\t<\/div>\n\t<\/div>\n<\/div><\/div><\/div><div data-animation-delay=\"0\" data-parallax-speed=\"1.5\" class=\"wpb_column vc_column_container vc_col-sm-6\"><div class=\"vc_column-inner \" ><div class=\"wpb_wrapper\"><div class=\"wpb_gallery wpb_content_element vc_clearfix\" ><div class=\"wpb_wrapper\"><div class=\"wpb_gallery_slides wpb_flexslider flexslider_fade flexslider\" data-interval=\"3\" data-flex_fx=\"fade\"><ul class=\"slides\"><li><a class=\"prettyphoto\" href=\"https:\/\/mikrofiltertechnik.de\/wp-content\/uploads\/2021\/09\/IMG_1974-1024x683.jpg\" data-rel=\"prettyPhoto[rel-14403-3740540119]\"><img loading=\"lazy\" decoding=\"async\" width=\"2560\" height=\"1707\" src=\"https:\/\/mikrofiltertechnik.de\/wp-content\/uploads\/2021\/09\/IMG_1974-scaled.jpg\" class=\"attachment-full\" alt=\"\" data-responsive-images=\"false\" \/><\/a><\/li><li><a class=\"prettyphoto\" href=\"https:\/\/mikrofiltertechnik.de\/wp-content\/uploads\/2021\/09\/IMG_1964-1024x683.jpg\" data-rel=\"prettyPhoto[rel-14403-3740540119]\"><img loading=\"lazy\" decoding=\"async\" width=\"2560\" height=\"1707\" src=\"https:\/\/mikrofiltertechnik.de\/wp-content\/uploads\/2021\/09\/IMG_1964-scaled.jpg\" class=\"attachment-full\" alt=\"\" data-responsive-images=\"false\" \/><\/a><\/li><\/ul><\/div><\/div><\/div><div class=\"gap et-clearfix \" style=\"height:32px\"><\/div>\n\t<div class=\"wpb_text_column wpb_content_element \" >\n\t\t<div class=\"wpb_wrapper\">\n\t\t\t<p>Die MFT Mikrofiltertechnik GmbH aus Geesthacht liefert den SR-Feinstfilter bei der Erstbestellung mit einer Wechselpatrone, Montagehalter, Montagematerial und motorspezifischen Anschl\u00fcssen. Zudem erhalten Sie bei Bedarf einen <a title=\"Motorinnenreinigung\" href=\"http:\/\/mikrofiltertechnik.de\/produkt-kategorie\/motoroel-zusaetze\">Motorinnenreiniger<\/a> zur S\u00e4uberung des \u00d6lkreislaufs. Dieser entfernt Ablagerungen und verbessert die Abgaswerte sowie Kompression.<\/p>\n\n\t\t<\/div>\n\t<\/div>\n<\/div><\/div><\/div><\/div><div class=\"vc_row wpb_row vc_row-fluid vc_column-gap-24 vc-container\"><div data-animation-delay=\"0\" data-parallax-speed=\"1.5\" class=\"wpb_column vc_column_container vc_col-sm-12\"><div class=\"vc_column-inner \" ><div class=\"wpb_wrapper\"><div class=\"sep-wrap left   et-clearfix\" data-delay=\"0\"><div class=\"et-separator solid\" style=\"margin-top:10px;margin-bottom:10px;height:1px;width:100%;border-bottom-width:1px;border-bottom-style:solid;border-bottom-color:#e0e0e0;\"><\/div><\/div><\/div><\/div><\/div><\/div><div class=\"vc_row wpb_row vc_row-fluid vc_column-gap-24 vc-container\"><div data-animation-delay=\"0\" data-parallax-speed=\"1.5\" class=\"wpb_column vc_column_container vc_col-sm-8\"><div class=\"vc_column-inner \" ><div class=\"wpb_wrapper\"><h4 class=\"et-highlight-title \" style=\"font-size:24px;font-weight:700;line-height:32px;color:#c73737;\" data-mobile-font=\"inherit\" data-tablet-font=\"inherit\"><span class=\"title-inner\">Einbau des \u00d6lfilters und Wechselintervalle:<span class=\"highlight-line\" style=\"\"><\/span><\/span><\/h4><div class=\"gap et-clearfix \" style=\"height:20px\"><\/div><\/div><\/div><\/div><div data-animation-delay=\"0\" data-parallax-speed=\"1.5\" class=\"wpb_column vc_column_container vc_col-sm-4\"><div class=\"vc_column-inner \" ><div class=\"wpb_wrapper\"><\/div><\/div><\/div><\/div><div class=\"vc_row wpb_row vc_row-fluid vc_column-gap-24 vc-container\"><div data-animation-delay=\"0\" data-parallax-speed=\"1.5\" class=\"wpb_column vc_column_container vc_col-sm-6\"><div class=\"vc_column-inner \" ><div class=\"wpb_wrapper\">\n\t<div class=\"wpb_text_column wpb_content_element \" >\n\t\t<div class=\"wpb_wrapper\">\n\t\t\t<p>Einbau: Der SR-\u00d6lfilter wird im Nebenstrom in den Motor\u00f6lkreislauf eingebunden, und zwar einerseits am \u00d6ldruckgeber (Vorlauf), andererseits an der \u00d6lablassschraube oder am \u00d6leinf\u00fcllstutzen (R\u00fccklauf). Die Einbaulage ist beliebig und durch die mitgelieferten Halterungen sehr einfach.<\/p>\n\n\t\t<\/div>\n\t<\/div>\n\n\t<div class=\"wpb_text_column wpb_content_element \" >\n\t\t<div class=\"wpb_wrapper\">\n\t\t\t<p>Patronenwechsel: Der SR hat als Tiefenfilter eine sehr hohe Schmutz-und Wasseraufnahmef\u00e4higkeit. Dennoch sollte die Patrone so h\u00e4ufig gewechselt werden wie bisher das \u00d6l. Innerhalb von lediglich 20 Sekunden k\u00f6nnen Sie den kompletten Filter abkoppeln und aus der Halterung nehmen. Der Deckel wird abgeschraubt und das Geh\u00e4use komplett entleert.<\/p>\n<p>Durch die Verwendung eines Nebenstrom-Feinstfilters wird der Originalfilter entlastet. Er muss daher seltener getauscht werden.<\/p>\n\n\t\t<\/div>\n\t<\/div>\n<\/div><\/div><\/div><div data-animation-delay=\"0\" data-parallax-speed=\"1.5\" class=\"wpb_column vc_column_container vc_col-sm-6\"><div class=\"vc_column-inner \" ><div class=\"wpb_wrapper\">\n\t<div class=\"wpb_text_column wpb_content_element \" >\n\t\t<div class=\"wpb_wrapper\">\n\t\t\t<p>Der Nebenstrom-Feinstfilter verringert erheblich die Reaktionen der \u00d6lmolek\u00fcle. Ein kompletter \u00d6lwechsel ist daher etwa f\u00fcnfmal seltener n\u00f6tig, je nach Fahrleistung etwa nach 80.000 bis 120.000 Kilometern.<\/p>\n<p>Der SR-Filter ist je nach Motor\u00f6lvolumen in unterschiedlichen Baugr\u00f6\u00dfen bei der MFT Mikrofiltertechnik GmbH aus Hamburg verf\u00fcgbar:<\/p>\n\n\t\t<\/div>\n\t<\/div>\n<div class=\"vc_row wpb_row vc_inner vc_row-fluid vc_column-gap-0\"><div class=\"wpb_column vc_column_container vc_col-sm-6\"><div class=\"vc_column-inner\"><div class=\"wpb_wrapper\">\n\t<div class=\"wpb_text_column wpb_content_element \" >\n\t\t<div class=\"wpb_wrapper\">\n\t\t\t<p><strong>Motor\u00f6lvolumen<\/strong><\/p>\n\n\t\t<\/div>\n\t<\/div>\n\n\t<div class=\"wpb_text_column wpb_content_element \" >\n\t\t<div class=\"wpb_wrapper\">\n\t\t\t<div class=\"et-el-icon small \" style=\"color:#C73737;\"><span class=\"el-icon fa fa-arrow-circle-right animate-false\"><\/span><\/div>< 5 Liter<\/p>\n\n\t\t<\/div>\n\t<\/div>\n\n\t<div class=\"wpb_text_column wpb_content_element \" >\n\t\t<div class=\"wpb_wrapper\">\n\t\t\t<div class=\"et-el-icon small \" style=\"color:#C73737;\"><span class=\"el-icon fa fa-arrow-circle-right animate-false\"><\/span><\/div>5-12 Liter<\/p>\n\n\t\t<\/div>\n\t<\/div>\n\n\t<div class=\"wpb_text_column wpb_content_element \" >\n\t\t<div class=\"wpb_wrapper\">\n\t\t\t<div class=\"et-el-icon small \" style=\"color:#C73737;\"><span class=\"el-icon fa fa-arrow-circle-right animate-false\"><\/span><\/div>>12Liter<\/p>\n\n\t\t<\/div>\n\t<\/div>\n<\/div><\/div><\/div><div class=\"wpb_column vc_column_container vc_col-sm-6\"><div class=\"vc_column-inner\"><div class=\"wpb_wrapper\">\n\t<div class=\"wpb_text_column wpb_content_element \" >\n\t\t<div class=\"wpb_wrapper\">\n\t\t\t<p><strong>SR-\u00d6lfilter-Typ<\/strong><\/p>\n\n\t\t<\/div>\n\t<\/div>\n\n\t<div class=\"wpb_text_column wpb_content_element \" >\n\t\t<div class=\"wpb_wrapper\">\n\t\t\t<div class=\"et-el-icon small \" style=\"color:#C73737;\"><span class=\"el-icon fa fa-arrow-circle-right animate-false\"><\/span><\/div>SR5<\/p>\n\n\t\t<\/div>\n\t<\/div>\n\n\t<div class=\"wpb_text_column wpb_content_element \" >\n\t\t<div class=\"wpb_wrapper\">\n\t\t\t<div class=\"et-el-icon small \" style=\"color:#C73737;\"><span class=\"el-icon fa fa-arrow-circle-right animate-false\"><\/span><\/div>SR12<\/p>\n\n\t\t<\/div>\n\t<\/div>\n\n\t<div class=\"wpb_text_column wpb_content_element \" >\n\t\t<div class=\"wpb_wrapper\">\n\t\t\t<div class=\"et-el-icon small \" style=\"color:#C73737;\"><span class=\"el-icon fa fa-arrow-circle-right animate-false\"><\/span><\/div>SR20<\/p>\n\n\t\t<\/div>\n\t<\/div>\n<\/div><\/div><\/div><\/div><\/div><\/div><\/div><\/div><div class=\"vc_row wpb_row vc_row-fluid vc_column-gap-24 vc-container\"><div data-animation-delay=\"0\" data-parallax-speed=\"1.5\" class=\"wpb_column vc_column_container vc_col-sm-12\"><div class=\"vc_column-inner \" ><div class=\"wpb_wrapper\"><div class=\"sep-wrap left   et-clearfix\" data-delay=\"0\"><div class=\"et-separator solid\" style=\"margin-top:24px;margin-bottom:10px;height:1px;width:100%;border-bottom-width:1px;border-bottom-style:solid;border-bottom-color:#e0e0e0;\"><\/div><\/div><\/div><\/div><\/div><\/div><div class=\"vc_row wpb_row vc_row-fluid vc_column-gap-24 vc-container\"><div data-animation-delay=\"0\" data-parallax-speed=\"1.5\" class=\"wpb_column vc_column_container vc_col-sm-8\"><div class=\"vc_column-inner \" ><div class=\"wpb_wrapper\"><h4 class=\"et-highlight-title \" style=\"font-size:24px;font-weight:700;line-height:32px;color:#c73737;\" data-mobile-font=\"inherit\" data-tablet-font=\"inherit\"><span class=\"title-inner\">Technische Daten f\u00fcr die \u00d6lfilter SR5 \/ SR12 \/ SR20:<span class=\"highlight-line\" style=\"\"><\/span><\/span><\/h4><div class=\"gap et-clearfix \" style=\"height:20px\"><\/div><\/div><\/div><\/div><div data-animation-delay=\"0\" data-parallax-speed=\"1.5\" class=\"wpb_column vc_column_container vc_col-sm-4\"><div class=\"vc_column-inner \" ><div class=\"wpb_wrapper\"><\/div><\/div><\/div><\/div><div class=\"vc_row wpb_row vc_row-fluid vc_column-gap-24 vc-container\"><div data-animation-delay=\"0\" data-parallax-speed=\"1.5\" class=\"wpb_column vc_column_container vc_col-sm-6\"><div class=\"vc_column-inner \" ><div class=\"wpb_wrapper\">\n\t<div class=\"wpb_text_column wpb_content_element \" >\n\t\t<div class=\"wpb_wrapper\">\n\t\t\t<div class=\"et-el-icon small \" style=\"color:#C73737;\"><span class=\"el-icon fa fa-arrow-circle-right animate-false\"><\/span><\/div>Geh\u00e4useabmessung (\u00d8a x l) 85 x 205 \/ 275 \/ 345 Millimeter<\/p>\n\n\t\t<\/div>\n\t<\/div>\n\n\t<div class=\"wpb_text_column wpb_content_element \" >\n\t\t<div class=\"wpb_wrapper\">\n\t\t\t<div class=\"et-el-icon small \" style=\"color:#C73737;\"><span class=\"el-icon fa fa-arrow-circle-right animate-false\"><\/span><\/div>Material: Aluminium und vierlagige Zellulose<\/p>\n\n\t\t<\/div>\n\t<\/div>\n\n\t<div class=\"wpb_text_column wpb_content_element \" >\n\t\t<div class=\"wpb_wrapper\">\n\t\t\t<div class=\"et-el-icon small \" style=\"color:#C73737;\"><span class=\"el-icon fa fa-arrow-circle-right animate-false\"><\/span><\/div>Anschl\u00fcsse: selbstabsperrende Schnellverschlusskupplung f\u00fcr Schlauchdurchmesser acht Millimeter<\/p>\n\n\t\t<\/div>\n\t<\/div>\n<\/div><\/div><\/div><div data-animation-delay=\"0\" data-parallax-speed=\"1.5\" class=\"wpb_column vc_column_container vc_col-sm-6\"><div class=\"vc_column-inner \" ><div class=\"wpb_wrapper\">\n\t<div class=\"wpb_text_column wpb_content_element \" >\n\t\t<div class=\"wpb_wrapper\">\n\t\t\t<div class=\"et-el-icon small \" style=\"color:#C73737;\"><span class=\"el-icon fa fa-arrow-circle-right animate-false\"><\/span><\/div>Befestigungsschrauben M8<\/p>\n\n\t\t<\/div>\n\t<\/div>\n\n\t<div class=\"wpb_text_column wpb_content_element \" >\n\t\t<div class=\"wpb_wrapper\">\n\t\t\t<div class=\"et-el-icon small \" style=\"color:#C73737;\"><span class=\"el-icon fa fa-arrow-circle-right animate-false\"><\/span><\/div>Patronenabmessungen (\u00d8i x \u00d8a x l): 30 x 68 x 140 \/ 210 \/ 280 Millimeter<\/p>\n\n\t\t<\/div>\n\t<\/div>\n\n\t<div class=\"wpb_text_column wpb_content_element \" >\n\t\t<div class=\"wpb_wrapper\">\n\t\t\t<p>Die \u00d6lfilter sowie passendes Zubeh\u00f6r f\u00fcr die SR-Feinstfilter finden Sie auch in unserem <a href=\"http:\/\/mikrofiltertechnik.de\/produkte\/oele\/sr-feinstfilter\" target=\"_blank\" rel=\"noopener\">Online-Shop<\/a> der MFT Mikrofiltertechnik GmbH aus Hamburg.<\/p>\n<p><a title=\"Downloads\" href=\"http:\/\/mikrofiltertechnik.de\/download\">Hier<\/a> gelangen Sie zu unseren Downloads.<\/p>\n\n\t\t<\/div>\n\t<\/div>\n<\/div><\/div><\/div><\/div><\/section><div id=\"background-position-75\" class=\"vc_row wpb_row vc_row-fluid vc_custom_1619096112336 vc_row-has-fill\"><div class=\"vc-container et-clearfix\"><div data-animation-delay=\"0\" data-parallax-speed=\"1.5\" class=\"wpb_column vc_column_container vc_col-sm-12\"><div class=\"vc_column-inner \" ><div class=\"wpb_wrapper\"><div class=\"gap et-clearfix hide767\" style=\"height:104px\"><\/div><div class=\"gap et-clearfix hide768\" style=\"height:24px\"><\/div><div class=\"et-ghost-title-wrapper\"><style>#et-ghost-title-1 {min-height:256px;padding-top:128px;}#et-ghost-title-1 .ghost-title {font-size:256px;line-height:256px;font-weight:700;color:rgba(0,0,0,0.1);left:-4px;}<\/style><div id=\"et-ghost-title-1\" class=\"et-ghost-title et-clearfix \" data-mobile-font=\"96px\" data-tablet-font=\"inherit\"><div class=\"ghost-title\">Shop<\/div><div class=\"ghost-content et-clearfix\"><h3 style=\"font-size: 70px;color: #ffffff;line-height: 70px;text-align: left\" class=\"vc_custom_heading\"  data-mobile-font=\"32px\" data-tablet-font=\"inherit\" >Hochwertige Kraftstoffzus\u00e4tze, Motor\u00f6le, Filtertechnik & vieles mehr.<\/h3><a target=\"_self\" href=\"#link\" id=\"et-inline-button-1\" style=\"color:#ffffff;\" class=\"et-inline-button inline-button-font-size has-icon  icon-position-right modal-false false\" data-color=\"#ffffff\" data-colorhover=\"#212121\"><span class=\"text\">Zu unserem Online Shop<span class=\"text-hover\" style=\"background:#212121;\"><\/span><\/span><span class=\"icon fa fa-angle-right\"><\/span><\/a><span class=\"et-gap-inline et-clearfix hide767\" style=\"width:40px\"><\/span><div class=\"gap et-clearfix hide768\" style=\"height:8px\"><\/div><\/div><\/div><\/div><div class=\"gap et-clearfix hide768\" style=\"height:48px\"><\/div><div class=\"gap et-clearfix hide767\" style=\"height:150px\"><\/div><\/div><\/div><\/div><\/div><\/div>\n","protected":false},"excerpt":{"rendered":"<p>Leverage agile frameworks to provide a robust synopsis for high level overviews. Iterative approaches to corporate strategy foster collaborative thinking to further the overall value proposition. Organically grow the holistic world view of disruptive innovation via workplace diversity and empowerment.<\/p>\n","protected":false},"author":1,"featured_media":0,"parent":14391,"menu_order":0,"comment_status":"closed","ping_status":"closed","template":"page-vc.php","meta":{"footnotes":""},"class_list":["post-14403","page","type-page","status-publish","hentry"],"yoast_head":"<!-- This site is optimized with the Yoast SEO plugin v23.5 - https:\/\/yoast.com\/wordpress\/plugins\/seo\/ -->\n<title>Nebenstrom Feinstfilter SR - MFT Mikrofiltertechnik GmbH<\/title>\n<meta name=\"description\" content=\"Durch die Feinstfilterfeinheit entfernt der SR-\u00d6lfilter alle abrasiv wirkenden Partikel sowie sonstige Verunreinigungen und Wasser aus dem Motor\u00f6l.\" \/>\n<meta name=\"robots\" content=\"index, follow, max-snippet:-1, max-image-preview:large, max-video-preview:-1\" \/>\n<link rel=\"canonical\" href=\"http:\/\/mikrofiltertechnik.de\/de\/produkte\/oele\/sr-feinstfilter\" \/>\n<meta property=\"og:locale\" content=\"de_DE\" \/>\n<meta property=\"og:type\" content=\"article\" \/>\n<meta property=\"og:title\" content=\"Nebenstrom Feinstfilter SR - MFT Mikrofiltertechnik GmbH\" \/>\n<meta property=\"og:description\" content=\"Durch die Feinstfilterfeinheit entfernt der SR-\u00d6lfilter alle abrasiv wirkenden Partikel sowie sonstige Verunreinigungen und Wasser aus dem Motor\u00f6l.\" \/>\n<meta property=\"og:url\" content=\"http:\/\/mikrofiltertechnik.de\/de\/produkte\/oele\/sr-feinstfilter\" \/>\n<meta property=\"og:site_name\" content=\"MFT Mikrofiltertechnik GmbH\" \/>\n<meta property=\"article:modified_time\" content=\"2021-09-29T18:30:18+00:00\" \/>\n<meta property=\"og:image\" content=\"https:\/\/mikrofiltertechnik.de\/wp-content\/uploads\/2021\/04\/cropped-logo_vaficon.png\" \/>\n\t<meta property=\"og:image:width\" content=\"512\" \/>\n\t<meta property=\"og:image:height\" content=\"512\" \/>\n\t<meta property=\"og:image:type\" content=\"image\/png\" \/>\n<meta name=\"twitter:card\" content=\"summary_large_image\" \/>\n<meta name=\"twitter:label1\" content=\"Gesch\u00e4tzte Lesezeit\" \/>\n\t<meta name=\"twitter:data1\" content=\"6\u00a0Minuten\" \/>\n<script type=\"application\/ld+json\" class=\"yoast-schema-graph\">{\"@context\":\"https:\/\/schema.org\",\"@graph\":[{\"@type\":\"WebPage\",\"@id\":\"http:\/\/mikrofiltertechnik.de\/de\/produkte\/oele\/sr-feinstfilter\",\"url\":\"http:\/\/mikrofiltertechnik.de\/de\/produkte\/oele\/sr-feinstfilter\",\"name\":\"Nebenstrom Feinstfilter SR - MFT Mikrofiltertechnik GmbH\",\"isPartOf\":{\"@id\":\"http:\/\/mikrofiltertechnik.de\/de\/#website\"},\"datePublished\":\"2021-04-27T22:27:46+00:00\",\"dateModified\":\"2021-09-29T18:30:18+00:00\",\"description\":\"Durch die Feinstfilterfeinheit entfernt der SR-\u00d6lfilter alle abrasiv wirkenden Partikel sowie sonstige Verunreinigungen und Wasser aus dem Motor\u00f6l.\",\"breadcrumb\":{\"@id\":\"http:\/\/mikrofiltertechnik.de\/de\/produkte\/oele\/sr-feinstfilter#breadcrumb\"},\"inLanguage\":\"de\",\"potentialAction\":[{\"@type\":\"ReadAction\",\"target\":[\"http:\/\/mikrofiltertechnik.de\/de\/produkte\/oele\/sr-feinstfilter\"]}]},{\"@type\":\"BreadcrumbList\",\"@id\":\"http:\/\/mikrofiltertechnik.de\/de\/produkte\/oele\/sr-feinstfilter#breadcrumb\",\"itemListElement\":[{\"@type\":\"ListItem\",\"position\":1,\"name\":\"Startseite\",\"item\":\"https:\/\/mikrofiltertechnik.de\/\"},{\"@type\":\"ListItem\",\"position\":2,\"name\":\"Produkte\",\"item\":\"http:\/\/mikrofiltertechnik.de\/de\/produkte\"},{\"@type\":\"ListItem\",\"position\":3,\"name\":\"\u00d6le\",\"item\":\"http:\/\/mikrofiltertechnik.de\/de\/produkte\/oele\"},{\"@type\":\"ListItem\",\"position\":4,\"name\":\"SR-Feinstfilter\"}]},{\"@type\":\"WebSite\",\"@id\":\"http:\/\/mikrofiltertechnik.de\/de\/#website\",\"url\":\"http:\/\/mikrofiltertechnik.de\/de\/\",\"name\":\"MFT Mikrofiltertechnik GmbH\",\"description\":\"Kompetenz in Diesel\",\"publisher\":{\"@id\":\"http:\/\/mikrofiltertechnik.de\/de\/#organization\"},\"potentialAction\":[{\"@type\":\"SearchAction\",\"target\":{\"@type\":\"EntryPoint\",\"urlTemplate\":\"http:\/\/mikrofiltertechnik.de\/de\/?s={search_term_string}\"},\"query-input\":{\"@type\":\"PropertyValueSpecification\",\"valueRequired\":true,\"valueName\":\"search_term_string\"}}],\"inLanguage\":\"de\"},{\"@type\":\"Organization\",\"@id\":\"http:\/\/mikrofiltertechnik.de\/de\/#organization\",\"name\":\"MFT Mikrofiltertechnik GmbH\",\"url\":\"http:\/\/mikrofiltertechnik.de\/de\/\",\"logo\":{\"@type\":\"ImageObject\",\"inLanguage\":\"de\",\"@id\":\"http:\/\/mikrofiltertechnik.de\/de\/#\/schema\/logo\/image\/\",\"url\":\"https:\/\/mikrofiltertechnik.de\/wp-content\/uploads\/2021\/04\/cropped-logo_vaficon.png\",\"contentUrl\":\"https:\/\/mikrofiltertechnik.de\/wp-content\/uploads\/2021\/04\/cropped-logo_vaficon.png\",\"width\":512,\"height\":512,\"caption\":\"MFT Mikrofiltertechnik GmbH\"},\"image\":{\"@id\":\"http:\/\/mikrofiltertechnik.de\/de\/#\/schema\/logo\/image\/\"}}]}<\/script>\n<!-- \/ Yoast SEO plugin. -->","yoast_head_json":{"title":"Nebenstrom Feinstfilter SR - MFT Mikrofiltertechnik GmbH","description":"Durch die Feinstfilterfeinheit entfernt der SR-\u00d6lfilter alle abrasiv wirkenden Partikel sowie sonstige Verunreinigungen und Wasser aus dem Motor\u00f6l.","robots":{"index":"index","follow":"follow","max-snippet":"max-snippet:-1","max-image-preview":"max-image-preview:large","max-video-preview":"max-video-preview:-1"},"canonical":"http:\/\/mikrofiltertechnik.de\/de\/produkte\/oele\/sr-feinstfilter","og_locale":"de_DE","og_type":"article","og_title":"Nebenstrom Feinstfilter SR - MFT Mikrofiltertechnik GmbH","og_description":"Durch die Feinstfilterfeinheit entfernt der SR-\u00d6lfilter alle abrasiv wirkenden Partikel sowie sonstige Verunreinigungen und Wasser aus dem Motor\u00f6l.","og_url":"http:\/\/mikrofiltertechnik.de\/de\/produkte\/oele\/sr-feinstfilter","og_site_name":"MFT Mikrofiltertechnik GmbH","article_modified_time":"2021-09-29T18:30:18+00:00","og_image":[{"width":512,"height":512,"url":"https:\/\/mikrofiltertechnik.de\/wp-content\/uploads\/2021\/04\/cropped-logo_vaficon.png","type":"image\/png"}],"twitter_card":"summary_large_image","twitter_misc":{"Gesch\u00e4tzte Lesezeit":"6\u00a0Minuten"},"schema":{"@context":"https:\/\/schema.org","@graph":[{"@type":"WebPage","@id":"http:\/\/mikrofiltertechnik.de\/de\/produkte\/oele\/sr-feinstfilter","url":"http:\/\/mikrofiltertechnik.de\/de\/produkte\/oele\/sr-feinstfilter","name":"Nebenstrom Feinstfilter SR - MFT Mikrofiltertechnik GmbH","isPartOf":{"@id":"http:\/\/mikrofiltertechnik.de\/de\/#website"},"datePublished":"2021-04-27T22:27:46+00:00","dateModified":"2021-09-29T18:30:18+00:00","description":"Durch die Feinstfilterfeinheit entfernt der SR-\u00d6lfilter alle abrasiv wirkenden Partikel sowie sonstige Verunreinigungen und Wasser aus dem Motor\u00f6l.","breadcrumb":{"@id":"http:\/\/mikrofiltertechnik.de\/de\/produkte\/oele\/sr-feinstfilter#breadcrumb"},"inLanguage":"de","potentialAction":[{"@type":"ReadAction","target":["http:\/\/mikrofiltertechnik.de\/de\/produkte\/oele\/sr-feinstfilter"]}]},{"@type":"BreadcrumbList","@id":"http:\/\/mikrofiltertechnik.de\/de\/produkte\/oele\/sr-feinstfilter#breadcrumb","itemListElement":[{"@type":"ListItem","position":1,"name":"Startseite","item":"https:\/\/mikrofiltertechnik.de\/"},{"@type":"ListItem","position":2,"name":"Produkte","item":"http:\/\/mikrofiltertechnik.de\/de\/produkte"},{"@type":"ListItem","position":3,"name":"\u00d6le","item":"http:\/\/mikrofiltertechnik.de\/de\/produkte\/oele"},{"@type":"ListItem","position":4,"name":"SR-Feinstfilter"}]},{"@type":"WebSite","@id":"http:\/\/mikrofiltertechnik.de\/de\/#website","url":"http:\/\/mikrofiltertechnik.de\/de\/","name":"MFT Mikrofiltertechnik GmbH","description":"Kompetenz in Diesel","publisher":{"@id":"http:\/\/mikrofiltertechnik.de\/de\/#organization"},"potentialAction":[{"@type":"SearchAction","target":{"@type":"EntryPoint","urlTemplate":"http:\/\/mikrofiltertechnik.de\/de\/?s={search_term_string}"},"query-input":{"@type":"PropertyValueSpecification","valueRequired":true,"valueName":"search_term_string"}}],"inLanguage":"de"},{"@type":"Organization","@id":"http:\/\/mikrofiltertechnik.de\/de\/#organization","name":"MFT Mikrofiltertechnik GmbH","url":"http:\/\/mikrofiltertechnik.de\/de\/","logo":{"@type":"ImageObject","inLanguage":"de","@id":"http:\/\/mikrofiltertechnik.de\/de\/#\/schema\/logo\/image\/","url":"https:\/\/mikrofiltertechnik.de\/wp-content\/uploads\/2021\/04\/cropped-logo_vaficon.png","contentUrl":"https:\/\/mikrofiltertechnik.de\/wp-content\/uploads\/2021\/04\/cropped-logo_vaficon.png","width":512,"height":512,"caption":"MFT Mikrofiltertechnik GmbH"},"image":{"@id":"http:\/\/mikrofiltertechnik.de\/de\/#\/schema\/logo\/image\/"}}]}},"_links":{"self":[{"href":"http:\/\/mikrofiltertechnik.de\/de\/wp-json\/wp\/v2\/pages\/14403","targetHints":{"allow":["GET"]}}],"collection":[{"href":"http:\/\/mikrofiltertechnik.de\/de\/wp-json\/wp\/v2\/pages"}],"about":[{"href":"http:\/\/mikrofiltertechnik.de\/de\/wp-json\/wp\/v2\/types\/page"}],"author":[{"embeddable":true,"href":"http:\/\/mikrofiltertechnik.de\/de\/wp-json\/wp\/v2\/users\/1"}],"replies":[{"embeddable":true,"href":"http:\/\/mikrofiltertechnik.de\/de\/wp-json\/wp\/v2\/comments?post=14403"}],"version-history":[{"count":0,"href":"http:\/\/mikrofiltertechnik.de\/de\/wp-json\/wp\/v2\/pages\/14403\/revisions"}],"up":[{"embeddable":true,"href":"http:\/\/mikrofiltertechnik.de\/de\/wp-json\/wp\/v2\/pages\/14391"}],"wp:attachment":[{"href":"http:\/\/mikrofiltertechnik.de\/de\/wp-json\/wp\/v2\/media?parent=14403"}],"curies":[{"name":"wp","href":"https:\/\/api.w.org\/{rel}","templated":true}]}}