{"id":13956,"date":"2021-04-22T14:29:32","date_gmt":"2021-04-22T14:29:32","guid":{"rendered":"http:\/\/mikrofiltertechnik.de\/?post_type=product&#038;p=13956"},"modified":"2025-02-03T20:18:08","modified_gmt":"2025-02-03T19:18:08","slug":"grotamar-82-1-liter-dieselkonservierung","status":"publish","type":"product","link":"http:\/\/mikrofiltertechnik.de\/de\/produkt\/grotamar-82-1-liter-dieselkonservierung","title":{"rendered":"grotamar 82 Dieselkonservierung"},"content":{"rendered":"<div id=\"tab-product-description\" class=\"ui-tabs-panel ui-widget-content ui-corner-bottom\" role=\"tabpanel\" aria-labelledby=\"ui-id-1\" aria-hidden=\"false\">\n<div class=\"description\">\n<p>Achtung! Auf Grund einer neuen EU-Verordnung ist der Vertrieb dieses Additivs an Privatanwender ab dem 01.12.2018 verboten!!!<\/p>\n<p><u>Gewerbetreibende k\u00f6nnen nach dem r\u00fccksenden des <\/u><a href=\"\/wp-content\/uploads\/2021\/07\/Rueckantwortschreiben_Grotamar82.pdf\">R\u00fcckantwortschreibens<\/a><u> weiterhin normal Grotamar bei uns erwerben.<\/u><\/p>\n<p>Grotamar82 ist ein Biozidprodukt. Bitte vorsichtig verwenden. Vor Gebrauch stets Etikett und Produktinformationen lesen.<\/p>\n<h5><b>grotamar82 Dieselkonservierung<\/b><\/h5>\n<p>Das es Dieselbakterien oder auch Bioschlamm in Dieselkraftstoffen geben kann ist mittlerweile f\u00fcr viele nichts neues mehr.<\/p>\n<p>Durch die Beimischung von biogenen Anteilen im Dieselkraftstoff ist die Gefahr einer bakteriellen Verkeimung des Kraftstoff enorm gestiegen. Der Biodieselanteil wirkt f\u00fcr Wasser wie ein Schwamm und treibt so die Lebensgrundlage f\u00fcr Bakterien in den Kraftstoff.<\/p>\n<p>Wenn dieser Bioschlamm eine gewisse Ma\u00dfe erreicht hat f\u00fchrt dies in den meisten F\u00e4llen zu einer Verstopfung des Kraftstofffilter und hat somit einen Ausfall des Motors zur Folge. Bei Stra\u00dfenfahrzeugen oder station\u00e4ren Anlagen ist dies sehr \u00e4rgerlich aber hat &#8220;erst mal&#8221; keine schlimmen Folgen, doch bei Wasserfahrzeugen f\u00fchrt der Ausfall des Motors in den meisten F\u00e4llen zu einer Man\u00f6vrierunf\u00e4higkeit und somit zu dem Verlust der Kontrolle des Schiffs.<\/p>\n<p>Bei Schiffen wird der Motor am meisten bei Fahrten durch &#8220;schweres Wasser&#8221; ben\u00f6tigt und genau in diesen F\u00e4llen tritt dieses Problem auf.<\/p>\n<p>Um einer solchen, teilweise auch Lebensgef\u00e4hrdenden, Situation aus dem Weg zu gehen ist es ratsam grotamar82 anzuwenden.<\/p>\n<p>Dieses Biozid sorgt daf\u00fcr das sich keine Bakterien in dem freien oder gebundenen Wasser bilden k\u00f6nnen oder fals schon welche vorhanden sind diese abget\u00f6tet werden. Hat sich jedoch schon eine erhebliche Menge Bioschlamm im Tank gebildet ist es zwingend notwendig vor der Anwendung von grotamar82 eine Tankreinigung durchf\u00fchren zu lassen.<\/p>\n<p>Die Anwendung von grotamar82 ist relativ einfach den es kann dem Kraftstoff vor oder nach dem tanken zugegeben werden da sich dieses Biozid von alleine im Kraftstoff verteilt.<\/p>\n<p><b>Das Mischungsverh\u00e4ltnis entnehmen Sie bitte den folgenden Tabelle:<\/b><\/p>\n<p><img loading=\"lazy\" decoding=\"async\" class=\"alignnone size-full wp-image-14916\" src=\"http:\/\/mikrofiltertechnik.de\/wp-content\/uploads\/2021\/09\/Dosierungstabelle-neu.jpg\" alt=\"\" width=\"224\" height=\"264\" \/><\/p>\n<h2><span style=\"color: black;\">Weitere Informationen finden Sie <a href=\"\/produkte\/kraftstoffe\/grotamar-82\" target=\"_blank\" rel=\"noopener\">HIER.<\/a><\/span><\/h2>\n<\/div>\n<\/div>\n","protected":false},"excerpt":{"rendered":"<h2><strong><span style=\"color: #ff0000;\">Achtung!<\/span><\/strong><\/h2>\n<h6><strong>Bitte erst als Gesch\u00e4ftskunde registrieren! Anschlie\u00dfend kann das Produkt in den Warenkorb gelegt werden.<br \/>\n<\/strong><\/h6>\n<h6><strong>Die Ware wird erst nach zusenden des ausgef\u00fcllten <a href=\"http:\/\/mikrofiltertechnik.de\/wp-content\/uploads\/2021\/04\/Ru%CC%88ckantwortschreiben-Grotamar82.pdf\">R\u00fcckantwortschreiben<\/a> verschickt! Gewerbliche Endkunden k\u00f6nnen die ersten 3 Punkte des Schreibens durchstreichen!<br \/>\n<\/strong><\/h6>\n<h5><\/h5>\n","protected":false},"featured_media":14911,"comment_status":"open","ping_status":"closed","template":"","meta":[],"product_cat":[108,88],"product_tag":[],"class_list":{"0":"post-13956","1":"product","2":"type-product","3":"status-publish","4":"has-post-thumbnail","6":"product_cat-aktions-produkte","7":"product_cat-kraftstoff-zusaetze","9":"first","10":"instock","11":"sale","12":"taxable","13":"shipping-taxable","14":"purchasable","15":"product-type-variable","16":"has-default-attributes"},"yoast_head":"<!-- This site is optimized with the Yoast SEO plugin v23.5 - https:\/\/yoast.com\/wordpress\/plugins\/seo\/ -->\n<title>grotamar 82 Dieseladditiv gegen Dieselpest, Pilze und Bakterien<\/title>\n<meta name=\"description\" content=\"Das beste Additiv gegen Dieselpest, Dieselbakterien, Pilze und Hefen auf dem Markt. Es t\u00f6tet Bakterien im Diesel ab und verhindert die Neubildung.\" \/>\n<meta name=\"robots\" content=\"index, follow, max-snippet:-1, max-image-preview:large, max-video-preview:-1\" \/>\n<link rel=\"canonical\" href=\"http:\/\/mikrofiltertechnik.de\/de\/produkt\/grotamar-82-1-liter-dieselkonservierung\/\" \/>\n<meta property=\"og:locale\" content=\"de_DE\" \/>\n<meta property=\"og:type\" content=\"article\" \/>\n<meta property=\"og:title\" content=\"grotamar 82 Dieseladditiv gegen Dieselpest, Pilze und Bakterien\" \/>\n<meta property=\"og:description\" content=\"Das beste Additiv gegen Dieselpest, Dieselbakterien, Pilze und Hefen auf dem Markt. Es t\u00f6tet Bakterien im Diesel ab und verhindert die Neubildung.\" \/>\n<meta property=\"og:url\" content=\"http:\/\/mikrofiltertechnik.de\/de\/produkt\/grotamar-82-1-liter-dieselkonservierung\/\" \/>\n<meta property=\"og:site_name\" content=\"MFT Mikrofiltertechnik GmbH\" \/>\n<meta property=\"article:modified_time\" content=\"2025-02-03T19:18:08+00:00\" \/>\n<meta property=\"og:image\" content=\"https:\/\/mikrofiltertechnik.de\/wp-content\/uploads\/2021\/04\/Vink-Grotamar_transparent-e1632400303908.png\" \/>\n\t<meta property=\"og:image:width\" content=\"1419\" \/>\n\t<meta property=\"og:image:height\" content=\"936\" \/>\n\t<meta property=\"og:image:type\" content=\"image\/png\" \/>\n<meta name=\"twitter:card\" content=\"summary_large_image\" \/>\n<meta name=\"twitter:label1\" content=\"Gesch\u00e4tzte Lesezeit\" \/>\n\t<meta name=\"twitter:data1\" content=\"2\u00a0Minuten\" \/>\n<script type=\"application\/ld+json\" class=\"yoast-schema-graph\">{\"@context\":\"https:\/\/schema.org\",\"@graph\":[{\"@type\":\"WebPage\",\"@id\":\"https:\/\/mikrofiltertechnik.de\/produkt\/grotamar-82-1-liter-dieselkonservierung\",\"url\":\"https:\/\/mikrofiltertechnik.de\/produkt\/grotamar-82-1-liter-dieselkonservierung\",\"name\":\"grotamar 82 Dieseladditiv gegen Dieselpest, Pilze und Bakterien\",\"isPartOf\":{\"@id\":\"http:\/\/mikrofiltertechnik.de\/de\/#website\"},\"primaryImageOfPage\":{\"@id\":\"https:\/\/mikrofiltertechnik.de\/produkt\/grotamar-82-1-liter-dieselkonservierung#primaryimage\"},\"image\":{\"@id\":\"https:\/\/mikrofiltertechnik.de\/produkt\/grotamar-82-1-liter-dieselkonservierung#primaryimage\"},\"thumbnailUrl\":\"https:\/\/mikrofiltertechnik.de\/wp-content\/uploads\/2021\/04\/Vink-Grotamar_transparent-e1632400303908.png\",\"datePublished\":\"2021-04-22T14:29:32+00:00\",\"dateModified\":\"2025-02-03T19:18:08+00:00\",\"description\":\"Das beste Additiv gegen Dieselpest, Dieselbakterien, Pilze und Hefen auf dem Markt. Es t\u00f6tet Bakterien im Diesel ab und verhindert die Neubildung.\",\"breadcrumb\":{\"@id\":\"https:\/\/mikrofiltertechnik.de\/produkt\/grotamar-82-1-liter-dieselkonservierung#breadcrumb\"},\"inLanguage\":\"de\",\"potentialAction\":[{\"@type\":\"ReadAction\",\"target\":[\"https:\/\/mikrofiltertechnik.de\/produkt\/grotamar-82-1-liter-dieselkonservierung\"]}]},{\"@type\":\"ImageObject\",\"inLanguage\":\"de\",\"@id\":\"https:\/\/mikrofiltertechnik.de\/produkt\/grotamar-82-1-liter-dieselkonservierung#primaryimage\",\"url\":\"https:\/\/mikrofiltertechnik.de\/wp-content\/uploads\/2021\/04\/Vink-Grotamar_transparent-e1632400303908.png\",\"contentUrl\":\"https:\/\/mikrofiltertechnik.de\/wp-content\/uploads\/2021\/04\/Vink-Grotamar_transparent-e1632400303908.png\",\"width\":1419,\"height\":936,\"caption\":\"Dieseladditiv gegen Bakterien und Dieselpest\"},{\"@type\":\"BreadcrumbList\",\"@id\":\"https:\/\/mikrofiltertechnik.de\/produkt\/grotamar-82-1-liter-dieselkonservierung#breadcrumb\",\"itemListElement\":[{\"@type\":\"ListItem\",\"position\":1,\"name\":\"Startseite\",\"item\":\"https:\/\/mikrofiltertechnik.de\/\"},{\"@type\":\"ListItem\",\"position\":2,\"name\":\"Shop\",\"item\":\"https:\/\/mikrofiltertechnik.de\/en\/shop\"},{\"@type\":\"ListItem\",\"position\":3,\"name\":\"grotamar 82 Dieselkonservierung\"}]},{\"@type\":\"WebSite\",\"@id\":\"http:\/\/mikrofiltertechnik.de\/de\/#website\",\"url\":\"http:\/\/mikrofiltertechnik.de\/de\/\",\"name\":\"MFT Mikrofiltertechnik GmbH\",\"description\":\"Kompetenz in Diesel\",\"publisher\":{\"@id\":\"http:\/\/mikrofiltertechnik.de\/de\/#organization\"},\"potentialAction\":[{\"@type\":\"SearchAction\",\"target\":{\"@type\":\"EntryPoint\",\"urlTemplate\":\"http:\/\/mikrofiltertechnik.de\/de\/?s={search_term_string}\"},\"query-input\":{\"@type\":\"PropertyValueSpecification\",\"valueRequired\":true,\"valueName\":\"search_term_string\"}}],\"inLanguage\":\"de\"},{\"@type\":\"Organization\",\"@id\":\"http:\/\/mikrofiltertechnik.de\/de\/#organization\",\"name\":\"MFT Mikrofiltertechnik GmbH\",\"url\":\"http:\/\/mikrofiltertechnik.de\/de\/\",\"logo\":{\"@type\":\"ImageObject\",\"inLanguage\":\"de\",\"@id\":\"http:\/\/mikrofiltertechnik.de\/de\/#\/schema\/logo\/image\/\",\"url\":\"https:\/\/mikrofiltertechnik.de\/wp-content\/uploads\/2021\/04\/cropped-logo_vaficon.png\",\"contentUrl\":\"https:\/\/mikrofiltertechnik.de\/wp-content\/uploads\/2021\/04\/cropped-logo_vaficon.png\",\"width\":512,\"height\":512,\"caption\":\"MFT Mikrofiltertechnik GmbH\"},\"image\":{\"@id\":\"http:\/\/mikrofiltertechnik.de\/de\/#\/schema\/logo\/image\/\"}}]}<\/script>\n<!-- \/ Yoast SEO plugin. -->","yoast_head_json":{"title":"grotamar 82 Dieseladditiv gegen Dieselpest, Pilze und Bakterien","description":"Das beste Additiv gegen Dieselpest, Dieselbakterien, Pilze und Hefen auf dem Markt. Es t\u00f6tet Bakterien im Diesel ab und verhindert die Neubildung.","robots":{"index":"index","follow":"follow","max-snippet":"max-snippet:-1","max-image-preview":"max-image-preview:large","max-video-preview":"max-video-preview:-1"},"canonical":"http:\/\/mikrofiltertechnik.de\/de\/produkt\/grotamar-82-1-liter-dieselkonservierung\/","og_locale":"de_DE","og_type":"article","og_title":"grotamar 82 Dieseladditiv gegen Dieselpest, Pilze und Bakterien","og_description":"Das beste Additiv gegen Dieselpest, Dieselbakterien, Pilze und Hefen auf dem Markt. Es t\u00f6tet Bakterien im Diesel ab und verhindert die Neubildung.","og_url":"http:\/\/mikrofiltertechnik.de\/de\/produkt\/grotamar-82-1-liter-dieselkonservierung\/","og_site_name":"MFT Mikrofiltertechnik GmbH","article_modified_time":"2025-02-03T19:18:08+00:00","og_image":[{"width":1419,"height":936,"url":"https:\/\/mikrofiltertechnik.de\/wp-content\/uploads\/2021\/04\/Vink-Grotamar_transparent-e1632400303908.png","type":"image\/png"}],"twitter_card":"summary_large_image","twitter_misc":{"Gesch\u00e4tzte Lesezeit":"2\u00a0Minuten"},"schema":{"@context":"https:\/\/schema.org","@graph":[{"@type":"WebPage","@id":"https:\/\/mikrofiltertechnik.de\/produkt\/grotamar-82-1-liter-dieselkonservierung","url":"https:\/\/mikrofiltertechnik.de\/produkt\/grotamar-82-1-liter-dieselkonservierung","name":"grotamar 82 Dieseladditiv gegen Dieselpest, Pilze und Bakterien","isPartOf":{"@id":"http:\/\/mikrofiltertechnik.de\/de\/#website"},"primaryImageOfPage":{"@id":"https:\/\/mikrofiltertechnik.de\/produkt\/grotamar-82-1-liter-dieselkonservierung#primaryimage"},"image":{"@id":"https:\/\/mikrofiltertechnik.de\/produkt\/grotamar-82-1-liter-dieselkonservierung#primaryimage"},"thumbnailUrl":"https:\/\/mikrofiltertechnik.de\/wp-content\/uploads\/2021\/04\/Vink-Grotamar_transparent-e1632400303908.png","datePublished":"2021-04-22T14:29:32+00:00","dateModified":"2025-02-03T19:18:08+00:00","description":"Das beste Additiv gegen Dieselpest, Dieselbakterien, Pilze und Hefen auf dem Markt. Es t\u00f6tet Bakterien im Diesel ab und verhindert die Neubildung.","breadcrumb":{"@id":"https:\/\/mikrofiltertechnik.de\/produkt\/grotamar-82-1-liter-dieselkonservierung#breadcrumb"},"inLanguage":"de","potentialAction":[{"@type":"ReadAction","target":["https:\/\/mikrofiltertechnik.de\/produkt\/grotamar-82-1-liter-dieselkonservierung"]}]},{"@type":"ImageObject","inLanguage":"de","@id":"https:\/\/mikrofiltertechnik.de\/produkt\/grotamar-82-1-liter-dieselkonservierung#primaryimage","url":"https:\/\/mikrofiltertechnik.de\/wp-content\/uploads\/2021\/04\/Vink-Grotamar_transparent-e1632400303908.png","contentUrl":"https:\/\/mikrofiltertechnik.de\/wp-content\/uploads\/2021\/04\/Vink-Grotamar_transparent-e1632400303908.png","width":1419,"height":936,"caption":"Dieseladditiv gegen Bakterien und Dieselpest"},{"@type":"BreadcrumbList","@id":"https:\/\/mikrofiltertechnik.de\/produkt\/grotamar-82-1-liter-dieselkonservierung#breadcrumb","itemListElement":[{"@type":"ListItem","position":1,"name":"Startseite","item":"https:\/\/mikrofiltertechnik.de\/"},{"@type":"ListItem","position":2,"name":"Shop","item":"https:\/\/mikrofiltertechnik.de\/en\/shop"},{"@type":"ListItem","position":3,"name":"grotamar 82 Dieselkonservierung"}]},{"@type":"WebSite","@id":"http:\/\/mikrofiltertechnik.de\/de\/#website","url":"http:\/\/mikrofiltertechnik.de\/de\/","name":"MFT Mikrofiltertechnik GmbH","description":"Kompetenz in Diesel","publisher":{"@id":"http:\/\/mikrofiltertechnik.de\/de\/#organization"},"potentialAction":[{"@type":"SearchAction","target":{"@type":"EntryPoint","urlTemplate":"http:\/\/mikrofiltertechnik.de\/de\/?s={search_term_string}"},"query-input":{"@type":"PropertyValueSpecification","valueRequired":true,"valueName":"search_term_string"}}],"inLanguage":"de"},{"@type":"Organization","@id":"http:\/\/mikrofiltertechnik.de\/de\/#organization","name":"MFT Mikrofiltertechnik GmbH","url":"http:\/\/mikrofiltertechnik.de\/de\/","logo":{"@type":"ImageObject","inLanguage":"de","@id":"http:\/\/mikrofiltertechnik.de\/de\/#\/schema\/logo\/image\/","url":"https:\/\/mikrofiltertechnik.de\/wp-content\/uploads\/2021\/04\/cropped-logo_vaficon.png","contentUrl":"https:\/\/mikrofiltertechnik.de\/wp-content\/uploads\/2021\/04\/cropped-logo_vaficon.png","width":512,"height":512,"caption":"MFT Mikrofiltertechnik GmbH"},"image":{"@id":"http:\/\/mikrofiltertechnik.de\/de\/#\/schema\/logo\/image\/"}}]}},"_links":{"self":[{"href":"http:\/\/mikrofiltertechnik.de\/de\/wp-json\/wp\/v2\/product\/13956","targetHints":{"allow":["GET"]}}],"collection":[{"href":"http:\/\/mikrofiltertechnik.de\/de\/wp-json\/wp\/v2\/product"}],"about":[{"href":"http:\/\/mikrofiltertechnik.de\/de\/wp-json\/wp\/v2\/types\/product"}],"replies":[{"embeddable":true,"href":"http:\/\/mikrofiltertechnik.de\/de\/wp-json\/wp\/v2\/comments?post=13956"}],"wp:featuredmedia":[{"embeddable":true,"href":"http:\/\/mikrofiltertechnik.de\/de\/wp-json\/wp\/v2\/media\/14911"}],"wp:attachment":[{"href":"http:\/\/mikrofiltertechnik.de\/de\/wp-json\/wp\/v2\/media?parent=13956"}],"wp:term":[{"taxonomy":"product_cat","embeddable":true,"href":"http:\/\/mikrofiltertechnik.de\/de\/wp-json\/wp\/v2\/product_cat?post=13956"},{"taxonomy":"product_tag","embeddable":true,"href":"http:\/\/mikrofiltertechnik.de\/de\/wp-json\/wp\/v2\/product_tag?post=13956"}],"curies":[{"name":"wp","href":"https:\/\/api.w.org\/{rel}","templated":true}]}}