{"id":13963,"date":"2021-04-22T14:57:13","date_gmt":"2021-04-22T14:57:13","guid":{"rendered":"http:\/\/mikrofiltertechnik.de\/?post_type=product&#038;p=13963"},"modified":"2024-11-10T21:16:58","modified_gmt":"2024-11-10T20:16:58","slug":"microb-monitor-gmf","status":"publish","type":"product","link":"http:\/\/mikrofiltertechnik.de\/de\/produkt\/microb-monitor-gmf","title":{"rendered":"Microb Monitor GMF"},"content":{"rendered":"<p>Nach dem pl\u00f6tzlichen Ende des mikrocount fuel gibt es nun endlich ein Nachfolgeprodukt.<\/p>\n<p>Das Testkit Microb Monitor GMF dient dazu innerhalb von nur wenigen Tagen, selbstst\u00e4ndig, den Kraftstoff, das Schmier\u00f6l oder das zugeh\u00f6rige Wasser auf Mikroorganismen zu untersuchen.<\/p>\n<p>Die Anwendung ist identisch mit der des mikrocount fuel und ist in der beiliegenden Beschreibung detalliert erl\u00e4utert.<\/p>\n<p>Pro Testkit kann eine Kraftstoffprobe untersucht werden.<\/p>\n<p>Bis 10.07.2025 verwendbar.<\/p>\n","protected":false},"excerpt":{"rendered":"<p>Nach dem pl\u00f6tzlichen Ende des mikrocount fuel gibt es nun endlich ein Nachfolgeprodukt. Das Testkit Microb Monitor GMF dient dazu innerhalb von nur wenigen Tagen, selbstst\u00e4ndig, den Kraftstoff, das Schmier\u00f6l oder das zugeh\u00f6rige Wasser auf Mikroorganismen zu untersuchen. Die Anwendung ist identisch mit der des mikrocount fuel und ist in der beiliegenden Beschreibung detalliert erl\u00e4utert. [&hellip;]<\/p>\n","protected":false},"featured_media":13964,"comment_status":"open","ping_status":"closed","template":"","meta":[],"product_cat":[89],"product_tag":[],"class_list":{"0":"post-13963","1":"product","2":"type-product","3":"status-publish","4":"has-post-thumbnail","6":"product_cat-kraftstoff-analysen","8":"first","9":"instock","10":"taxable","11":"shipping-taxable","12":"purchasable","13":"product-type-simple"},"yoast_head":"<!-- This site is optimized with the Yoast SEO plugin v23.5 - https:\/\/yoast.com\/wordpress\/plugins\/seo\/ -->\n<title>Microb Monitor GMF Testkit - MFT Mikrofiltertechnik GmbH<\/title>\n<meta name=\"description\" content=\"Das Testkit Microb Monitor GMF dient dazu innerhalb von nur wenigen Tagen, selbstst\u00e4ndig, den Kraftstoff auf Mikroorganismen zu untersuchen.\" \/>\n<meta name=\"robots\" content=\"index, follow, max-snippet:-1, max-image-preview:large, max-video-preview:-1\" \/>\n<link rel=\"canonical\" href=\"http:\/\/mikrofiltertechnik.de\/de\/produkt\/microb-monitor-gmf\/\" \/>\n<meta property=\"og:locale\" content=\"de_DE\" \/>\n<meta property=\"og:type\" content=\"article\" \/>\n<meta property=\"og:title\" content=\"Microb Monitor GMF Testkit - MFT Mikrofiltertechnik GmbH\" \/>\n<meta property=\"og:description\" content=\"Das Testkit Microb Monitor GMF dient dazu innerhalb von nur wenigen Tagen, selbstst\u00e4ndig, den Kraftstoff auf Mikroorganismen zu untersuchen.\" \/>\n<meta property=\"og:url\" content=\"http:\/\/mikrofiltertechnik.de\/de\/produkt\/microb-monitor-gmf\/\" \/>\n<meta property=\"og:site_name\" content=\"MFT Mikrofiltertechnik GmbH\" \/>\n<meta property=\"article:modified_time\" content=\"2024-11-10T20:16:58+00:00\" \/>\n<meta property=\"og:image\" content=\"https:\/\/mikrofiltertechnik.de\/wp-content\/uploads\/2021\/04\/Micro-Monitor-GMF.png\" \/>\n\t<meta property=\"og:image:width\" content=\"900\" \/>\n\t<meta property=\"og:image:height\" content=\"600\" \/>\n\t<meta property=\"og:image:type\" content=\"image\/png\" \/>\n<meta name=\"twitter:card\" content=\"summary_large_image\" \/>\n<meta name=\"twitter:label1\" content=\"Gesch\u00e4tzte Lesezeit\" \/>\n\t<meta name=\"twitter:data1\" content=\"1\u00a0Minute\" \/>\n<script type=\"application\/ld+json\" class=\"yoast-schema-graph\">{\"@context\":\"https:\/\/schema.org\",\"@graph\":[{\"@type\":\"WebPage\",\"@id\":\"https:\/\/mikrofiltertechnik.de\/produkt\/microb-monitor-gmf\",\"url\":\"https:\/\/mikrofiltertechnik.de\/produkt\/microb-monitor-gmf\",\"name\":\"Microb Monitor GMF Testkit - MFT Mikrofiltertechnik GmbH\",\"isPartOf\":{\"@id\":\"http:\/\/mikrofiltertechnik.de\/de\/#website\"},\"primaryImageOfPage\":{\"@id\":\"https:\/\/mikrofiltertechnik.de\/produkt\/microb-monitor-gmf#primaryimage\"},\"image\":{\"@id\":\"https:\/\/mikrofiltertechnik.de\/produkt\/microb-monitor-gmf#primaryimage\"},\"thumbnailUrl\":\"https:\/\/mikrofiltertechnik.de\/wp-content\/uploads\/2021\/04\/Micro-Monitor-GMF.png\",\"datePublished\":\"2021-04-22T14:57:13+00:00\",\"dateModified\":\"2024-11-10T20:16:58+00:00\",\"description\":\"Das Testkit Microb Monitor GMF dient dazu innerhalb von nur wenigen Tagen, selbstst\u00e4ndig, den Kraftstoff auf Mikroorganismen zu untersuchen.\",\"breadcrumb\":{\"@id\":\"https:\/\/mikrofiltertechnik.de\/produkt\/microb-monitor-gmf#breadcrumb\"},\"inLanguage\":\"de\",\"potentialAction\":[{\"@type\":\"ReadAction\",\"target\":[\"https:\/\/mikrofiltertechnik.de\/produkt\/microb-monitor-gmf\"]}]},{\"@type\":\"ImageObject\",\"inLanguage\":\"de\",\"@id\":\"https:\/\/mikrofiltertechnik.de\/produkt\/microb-monitor-gmf#primaryimage\",\"url\":\"https:\/\/mikrofiltertechnik.de\/wp-content\/uploads\/2021\/04\/Micro-Monitor-GMF.png\",\"contentUrl\":\"https:\/\/mikrofiltertechnik.de\/wp-content\/uploads\/2021\/04\/Micro-Monitor-GMF.png\",\"width\":900,\"height\":600},{\"@type\":\"BreadcrumbList\",\"@id\":\"https:\/\/mikrofiltertechnik.de\/produkt\/microb-monitor-gmf#breadcrumb\",\"itemListElement\":[{\"@type\":\"ListItem\",\"position\":1,\"name\":\"Startseite\",\"item\":\"https:\/\/mikrofiltertechnik.de\/\"},{\"@type\":\"ListItem\",\"position\":2,\"name\":\"Shop\",\"item\":\"https:\/\/mikrofiltertechnik.de\/en\/shop\"},{\"@type\":\"ListItem\",\"position\":3,\"name\":\"Microb Monitor GMF\"}]},{\"@type\":\"WebSite\",\"@id\":\"http:\/\/mikrofiltertechnik.de\/de\/#website\",\"url\":\"http:\/\/mikrofiltertechnik.de\/de\/\",\"name\":\"MFT Mikrofiltertechnik GmbH\",\"description\":\"Kompetenz in Diesel\",\"publisher\":{\"@id\":\"http:\/\/mikrofiltertechnik.de\/de\/#organization\"},\"potentialAction\":[{\"@type\":\"SearchAction\",\"target\":{\"@type\":\"EntryPoint\",\"urlTemplate\":\"http:\/\/mikrofiltertechnik.de\/de\/?s={search_term_string}\"},\"query-input\":{\"@type\":\"PropertyValueSpecification\",\"valueRequired\":true,\"valueName\":\"search_term_string\"}}],\"inLanguage\":\"de\"},{\"@type\":\"Organization\",\"@id\":\"http:\/\/mikrofiltertechnik.de\/de\/#organization\",\"name\":\"MFT Mikrofiltertechnik GmbH\",\"url\":\"http:\/\/mikrofiltertechnik.de\/de\/\",\"logo\":{\"@type\":\"ImageObject\",\"inLanguage\":\"de\",\"@id\":\"http:\/\/mikrofiltertechnik.de\/de\/#\/schema\/logo\/image\/\",\"url\":\"https:\/\/mikrofiltertechnik.de\/wp-content\/uploads\/2021\/04\/cropped-logo_vaficon.png\",\"contentUrl\":\"https:\/\/mikrofiltertechnik.de\/wp-content\/uploads\/2021\/04\/cropped-logo_vaficon.png\",\"width\":512,\"height\":512,\"caption\":\"MFT Mikrofiltertechnik GmbH\"},\"image\":{\"@id\":\"http:\/\/mikrofiltertechnik.de\/de\/#\/schema\/logo\/image\/\"}}]}<\/script>\n<!-- \/ Yoast SEO plugin. -->","yoast_head_json":{"title":"Microb Monitor GMF Testkit - MFT Mikrofiltertechnik GmbH","description":"Das Testkit Microb Monitor GMF dient dazu innerhalb von nur wenigen Tagen, selbstst\u00e4ndig, den Kraftstoff auf Mikroorganismen zu untersuchen.","robots":{"index":"index","follow":"follow","max-snippet":"max-snippet:-1","max-image-preview":"max-image-preview:large","max-video-preview":"max-video-preview:-1"},"canonical":"http:\/\/mikrofiltertechnik.de\/de\/produkt\/microb-monitor-gmf\/","og_locale":"de_DE","og_type":"article","og_title":"Microb Monitor GMF Testkit - MFT Mikrofiltertechnik GmbH","og_description":"Das Testkit Microb Monitor GMF dient dazu innerhalb von nur wenigen Tagen, selbstst\u00e4ndig, den Kraftstoff auf Mikroorganismen zu untersuchen.","og_url":"http:\/\/mikrofiltertechnik.de\/de\/produkt\/microb-monitor-gmf\/","og_site_name":"MFT Mikrofiltertechnik GmbH","article_modified_time":"2024-11-10T20:16:58+00:00","og_image":[{"width":900,"height":600,"url":"https:\/\/mikrofiltertechnik.de\/wp-content\/uploads\/2021\/04\/Micro-Monitor-GMF.png","type":"image\/png"}],"twitter_card":"summary_large_image","twitter_misc":{"Gesch\u00e4tzte Lesezeit":"1\u00a0Minute"},"schema":{"@context":"https:\/\/schema.org","@graph":[{"@type":"WebPage","@id":"https:\/\/mikrofiltertechnik.de\/produkt\/microb-monitor-gmf","url":"https:\/\/mikrofiltertechnik.de\/produkt\/microb-monitor-gmf","name":"Microb Monitor GMF Testkit - MFT Mikrofiltertechnik GmbH","isPartOf":{"@id":"http:\/\/mikrofiltertechnik.de\/de\/#website"},"primaryImageOfPage":{"@id":"https:\/\/mikrofiltertechnik.de\/produkt\/microb-monitor-gmf#primaryimage"},"image":{"@id":"https:\/\/mikrofiltertechnik.de\/produkt\/microb-monitor-gmf#primaryimage"},"thumbnailUrl":"https:\/\/mikrofiltertechnik.de\/wp-content\/uploads\/2021\/04\/Micro-Monitor-GMF.png","datePublished":"2021-04-22T14:57:13+00:00","dateModified":"2024-11-10T20:16:58+00:00","description":"Das Testkit Microb Monitor GMF dient dazu innerhalb von nur wenigen Tagen, selbstst\u00e4ndig, den Kraftstoff auf Mikroorganismen zu untersuchen.","breadcrumb":{"@id":"https:\/\/mikrofiltertechnik.de\/produkt\/microb-monitor-gmf#breadcrumb"},"inLanguage":"de","potentialAction":[{"@type":"ReadAction","target":["https:\/\/mikrofiltertechnik.de\/produkt\/microb-monitor-gmf"]}]},{"@type":"ImageObject","inLanguage":"de","@id":"https:\/\/mikrofiltertechnik.de\/produkt\/microb-monitor-gmf#primaryimage","url":"https:\/\/mikrofiltertechnik.de\/wp-content\/uploads\/2021\/04\/Micro-Monitor-GMF.png","contentUrl":"https:\/\/mikrofiltertechnik.de\/wp-content\/uploads\/2021\/04\/Micro-Monitor-GMF.png","width":900,"height":600},{"@type":"BreadcrumbList","@id":"https:\/\/mikrofiltertechnik.de\/produkt\/microb-monitor-gmf#breadcrumb","itemListElement":[{"@type":"ListItem","position":1,"name":"Startseite","item":"https:\/\/mikrofiltertechnik.de\/"},{"@type":"ListItem","position":2,"name":"Shop","item":"https:\/\/mikrofiltertechnik.de\/en\/shop"},{"@type":"ListItem","position":3,"name":"Microb Monitor GMF"}]},{"@type":"WebSite","@id":"http:\/\/mikrofiltertechnik.de\/de\/#website","url":"http:\/\/mikrofiltertechnik.de\/de\/","name":"MFT Mikrofiltertechnik GmbH","description":"Kompetenz in Diesel","publisher":{"@id":"http:\/\/mikrofiltertechnik.de\/de\/#organization"},"potentialAction":[{"@type":"SearchAction","target":{"@type":"EntryPoint","urlTemplate":"http:\/\/mikrofiltertechnik.de\/de\/?s={search_term_string}"},"query-input":{"@type":"PropertyValueSpecification","valueRequired":true,"valueName":"search_term_string"}}],"inLanguage":"de"},{"@type":"Organization","@id":"http:\/\/mikrofiltertechnik.de\/de\/#organization","name":"MFT Mikrofiltertechnik GmbH","url":"http:\/\/mikrofiltertechnik.de\/de\/","logo":{"@type":"ImageObject","inLanguage":"de","@id":"http:\/\/mikrofiltertechnik.de\/de\/#\/schema\/logo\/image\/","url":"https:\/\/mikrofiltertechnik.de\/wp-content\/uploads\/2021\/04\/cropped-logo_vaficon.png","contentUrl":"https:\/\/mikrofiltertechnik.de\/wp-content\/uploads\/2021\/04\/cropped-logo_vaficon.png","width":512,"height":512,"caption":"MFT Mikrofiltertechnik GmbH"},"image":{"@id":"http:\/\/mikrofiltertechnik.de\/de\/#\/schema\/logo\/image\/"}}]}},"_links":{"self":[{"href":"http:\/\/mikrofiltertechnik.de\/de\/wp-json\/wp\/v2\/product\/13963","targetHints":{"allow":["GET"]}}],"collection":[{"href":"http:\/\/mikrofiltertechnik.de\/de\/wp-json\/wp\/v2\/product"}],"about":[{"href":"http:\/\/mikrofiltertechnik.de\/de\/wp-json\/wp\/v2\/types\/product"}],"replies":[{"embeddable":true,"href":"http:\/\/mikrofiltertechnik.de\/de\/wp-json\/wp\/v2\/comments?post=13963"}],"wp:featuredmedia":[{"embeddable":true,"href":"http:\/\/mikrofiltertechnik.de\/de\/wp-json\/wp\/v2\/media\/13964"}],"wp:attachment":[{"href":"http:\/\/mikrofiltertechnik.de\/de\/wp-json\/wp\/v2\/media?parent=13963"}],"wp:term":[{"taxonomy":"product_cat","embeddable":true,"href":"http:\/\/mikrofiltertechnik.de\/de\/wp-json\/wp\/v2\/product_cat?post=13963"},{"taxonomy":"product_tag","embeddable":true,"href":"http:\/\/mikrofiltertechnik.de\/de\/wp-json\/wp\/v2\/product_tag?post=13963"}],"curies":[{"name":"wp","href":"https:\/\/api.w.org\/{rel}","templated":true}]}}