{"id":14672,"date":"2021-05-15T13:16:36","date_gmt":"2021-05-15T13:16:36","guid":{"rendered":"http:\/\/mikrofiltertechnik.de\/?page_id=14672"},"modified":"2021-09-14T22:17:03","modified_gmt":"2021-09-14T20:17:03","slug":"widerrufsrecht","status":"publish","type":"page","link":"http:\/\/mikrofiltertechnik.de\/en\/widerrufsrecht","title":{"rendered":"Withdrawal policy"},"content":{"rendered":"<h3>Withdrawal policy<\/h3>\n<p>Dem Verbraucher im Sinne der \u00a7\u00a7355-357 BGB steht bei Fernabsatzvertr\u00e4gen ein Widerrufsrecht zu. Nach Ma\u00dfgabe des Fernabsatzgesetzes hat er innerhalb zwei Wochen nach Erhalt der Ware die M\u00f6glichkeit, den Vertrag ohne Begr\u00fcndung zu widerrufen. Der Widerruf kann schriftlich oder telefonisch erfolgen; zur Fristwahrung gen\u00fcgt die rechtzeitige Anmeldung des R\u00fcckgabegesuches. Bei Aus\u00fcbung des Widerrufsrechts tr\u00e4gt der Verbraucher bis zu einem Bestellwert von 50,- \u20ac die R\u00fccksendekosten. Die R\u00fccksendung soll in der Originalverpackung erfolgen. Wertminderungen aus bestimmungsgem\u00e4\u00dfem Gebrauch oder fehlenden Teilen sind vom Verbraucher zu erstatten, es sei denn, die Minderung ist lediglich auf die Pr\u00fcfung der Ware zur\u00fcckzuf\u00fchren. Besch\u00e4digte Waren sind von dieser Regelung ausgeschlossen. Bei Waren, die nach Kundenspezifikation gefertigt oder angepasst wurden, z.B. Komplett-Systeme, ist ein Widerrufsrecht ausdr\u00fccklich ausgeschlossen. Bei einer R\u00fcckgabe darf die original Verkaufsverpackung und die Displayfolien bei Mobiltelefonen weder besch\u00e4digt; beschriftet; noch zerst\u00f6rt sein. Bei fehlender oder zerst\u00f6rter original Verkaufsverpackung erfolgt bei der Gutschrifterstellung ein Abzug von 15% vom Bruttowarenwert.<\/p>","protected":false},"excerpt":{"rendered":"<p>Widerrufsrecht Dem Verbraucher im Sinne der \u00a7\u00a7355-357 BGB steht bei Fernabsatzvertr\u00e4gen ein Widerrufsrecht zu. Nach Ma\u00dfgabe des Fernabsatzgesetzes hat er innerhalb zwei Wochen nach Erhalt der Ware die M\u00f6glichkeit, den Vertrag ohne Begr\u00fcndung zu widerrufen. Der Widerruf kann schriftlich oder telefonisch erfolgen; zur Fristwahrung gen\u00fcgt die rechtzeitige Anmeldung des R\u00fcckgabegesuches. Bei Aus\u00fcbung des Widerrufsrechts tr\u00e4gt [&hellip;]<\/p>","protected":false},"author":1,"featured_media":0,"parent":0,"menu_order":0,"comment_status":"closed","ping_status":"closed","template":"","meta":{"footnotes":""},"class_list":["post-14672","page","type-page","status-publish","hentry"],"yoast_head":"<!-- This site is optimized with the Yoast SEO plugin v23.5 - https:\/\/yoast.com\/wordpress\/plugins\/seo\/ -->\n<title>Widerrufsrecht - MFT Mikrofiltertechnik GmbH<\/title>\n<meta name=\"robots\" content=\"index, follow, max-snippet:-1, max-image-preview:large, max-video-preview:-1\" \/>\n<link rel=\"canonical\" href=\"http:\/\/mikrofiltertechnik.de\/en\/widerrufsrecht\/\" \/>\n<meta property=\"og:locale\" content=\"en_GB\" \/>\n<meta property=\"og:type\" content=\"article\" \/>\n<meta property=\"og:title\" content=\"Widerrufsrecht - MFT Mikrofiltertechnik GmbH\" \/>\n<meta property=\"og:description\" content=\"Widerrufsrecht Dem Verbraucher im Sinne der \u00a7\u00a7355-357 BGB steht bei Fernabsatzvertr\u00e4gen ein Widerrufsrecht zu. Nach Ma\u00dfgabe des Fernabsatzgesetzes hat er innerhalb zwei Wochen nach Erhalt der Ware die M\u00f6glichkeit, den Vertrag ohne Begr\u00fcndung zu widerrufen. Der Widerruf kann schriftlich oder telefonisch erfolgen; zur Fristwahrung gen\u00fcgt die rechtzeitige Anmeldung des R\u00fcckgabegesuches. Bei Aus\u00fcbung des Widerrufsrechts tr\u00e4gt [&hellip;]\" \/>\n<meta property=\"og:url\" content=\"http:\/\/mikrofiltertechnik.de\/en\/widerrufsrecht\/\" \/>\n<meta property=\"og:site_name\" content=\"MFT Mikrofiltertechnik GmbH\" \/>\n<meta property=\"article:modified_time\" content=\"2021-09-14T20:17:03+00:00\" \/>\n<meta property=\"og:image\" content=\"https:\/\/mikrofiltertechnik.de\/wp-content\/uploads\/2021\/04\/cropped-logo_vaficon.png\" \/>\n\t<meta property=\"og:image:width\" content=\"512\" \/>\n\t<meta property=\"og:image:height\" content=\"512\" \/>\n\t<meta property=\"og:image:type\" content=\"image\/png\" \/>\n<meta name=\"twitter:card\" content=\"summary_large_image\" \/>\n<meta name=\"twitter:label1\" content=\"Estimated reading time\" \/>\n\t<meta name=\"twitter:data1\" content=\"1 minute\" \/>\n<script type=\"application\/ld+json\" class=\"yoast-schema-graph\">{\"@context\":\"https:\/\/schema.org\",\"@graph\":[{\"@type\":\"WebPage\",\"@id\":\"https:\/\/mikrofiltertechnik.de\/de\/widerrufsrecht\",\"url\":\"https:\/\/mikrofiltertechnik.de\/de\/widerrufsrecht\",\"name\":\"Widerrufsrecht - MFT Mikrofiltertechnik GmbH\",\"isPartOf\":{\"@id\":\"http:\/\/mikrofiltertechnik.de\/de\/#website\"},\"datePublished\":\"2021-05-15T13:16:36+00:00\",\"dateModified\":\"2021-09-14T20:17:03+00:00\",\"breadcrumb\":{\"@id\":\"https:\/\/mikrofiltertechnik.de\/de\/widerrufsrecht#breadcrumb\"},\"inLanguage\":\"en-GB\",\"potentialAction\":[{\"@type\":\"ReadAction\",\"target\":[\"https:\/\/mikrofiltertechnik.de\/de\/widerrufsrecht\"]}]},{\"@type\":\"BreadcrumbList\",\"@id\":\"https:\/\/mikrofiltertechnik.de\/de\/widerrufsrecht#breadcrumb\",\"itemListElement\":[{\"@type\":\"ListItem\",\"position\":1,\"name\":\"Startseite\",\"item\":\"https:\/\/mikrofiltertechnik.de\/\"},{\"@type\":\"ListItem\",\"position\":2,\"name\":\"Widerrufsrecht\"}]},{\"@type\":\"WebSite\",\"@id\":\"http:\/\/mikrofiltertechnik.de\/de\/#website\",\"url\":\"http:\/\/mikrofiltertechnik.de\/de\/\",\"name\":\"MFT Mikrofiltertechnik GmbH\",\"description\":\"Kompetenz in Diesel\",\"publisher\":{\"@id\":\"http:\/\/mikrofiltertechnik.de\/de\/#organization\"},\"potentialAction\":[{\"@type\":\"SearchAction\",\"target\":{\"@type\":\"EntryPoint\",\"urlTemplate\":\"http:\/\/mikrofiltertechnik.de\/de\/?s={search_term_string}\"},\"query-input\":{\"@type\":\"PropertyValueSpecification\",\"valueRequired\":true,\"valueName\":\"search_term_string\"}}],\"inLanguage\":\"en-GB\"},{\"@type\":\"Organization\",\"@id\":\"http:\/\/mikrofiltertechnik.de\/de\/#organization\",\"name\":\"MFT Mikrofiltertechnik GmbH\",\"url\":\"http:\/\/mikrofiltertechnik.de\/de\/\",\"logo\":{\"@type\":\"ImageObject\",\"inLanguage\":\"en-GB\",\"@id\":\"http:\/\/mikrofiltertechnik.de\/de\/#\/schema\/logo\/image\/\",\"url\":\"https:\/\/mikrofiltertechnik.de\/wp-content\/uploads\/2021\/04\/cropped-logo_vaficon.png\",\"contentUrl\":\"https:\/\/mikrofiltertechnik.de\/wp-content\/uploads\/2021\/04\/cropped-logo_vaficon.png\",\"width\":512,\"height\":512,\"caption\":\"MFT Mikrofiltertechnik GmbH\"},\"image\":{\"@id\":\"http:\/\/mikrofiltertechnik.de\/de\/#\/schema\/logo\/image\/\"}}]}<\/script>\n<!-- \/ Yoast SEO plugin. -->","yoast_head_json":{"title":"Widerrufsrecht - MFT Mikrofiltertechnik GmbH","robots":{"index":"index","follow":"follow","max-snippet":"max-snippet:-1","max-image-preview":"max-image-preview:large","max-video-preview":"max-video-preview:-1"},"canonical":"http:\/\/mikrofiltertechnik.de\/en\/widerrufsrecht\/","og_locale":"en_GB","og_type":"article","og_title":"Widerrufsrecht - MFT Mikrofiltertechnik GmbH","og_description":"Widerrufsrecht Dem Verbraucher im Sinne der \u00a7\u00a7355-357 BGB steht bei Fernabsatzvertr\u00e4gen ein Widerrufsrecht zu. Nach Ma\u00dfgabe des Fernabsatzgesetzes hat er innerhalb zwei Wochen nach Erhalt der Ware die M\u00f6glichkeit, den Vertrag ohne Begr\u00fcndung zu widerrufen. Der Widerruf kann schriftlich oder telefonisch erfolgen; zur Fristwahrung gen\u00fcgt die rechtzeitige Anmeldung des R\u00fcckgabegesuches. Bei Aus\u00fcbung des Widerrufsrechts tr\u00e4gt [&hellip;]","og_url":"http:\/\/mikrofiltertechnik.de\/en\/widerrufsrecht\/","og_site_name":"MFT Mikrofiltertechnik GmbH","article_modified_time":"2021-09-14T20:17:03+00:00","og_image":[{"width":512,"height":512,"url":"https:\/\/mikrofiltertechnik.de\/wp-content\/uploads\/2021\/04\/cropped-logo_vaficon.png","type":"image\/png"}],"twitter_card":"summary_large_image","twitter_misc":{"Estimated reading time":"1 minute"},"schema":{"@context":"https:\/\/schema.org","@graph":[{"@type":"WebPage","@id":"https:\/\/mikrofiltertechnik.de\/de\/widerrufsrecht","url":"https:\/\/mikrofiltertechnik.de\/de\/widerrufsrecht","name":"Widerrufsrecht - MFT Mikrofiltertechnik GmbH","isPartOf":{"@id":"http:\/\/mikrofiltertechnik.de\/de\/#website"},"datePublished":"2021-05-15T13:16:36+00:00","dateModified":"2021-09-14T20:17:03+00:00","breadcrumb":{"@id":"https:\/\/mikrofiltertechnik.de\/de\/widerrufsrecht#breadcrumb"},"inLanguage":"en-GB","potentialAction":[{"@type":"ReadAction","target":["https:\/\/mikrofiltertechnik.de\/de\/widerrufsrecht"]}]},{"@type":"BreadcrumbList","@id":"https:\/\/mikrofiltertechnik.de\/de\/widerrufsrecht#breadcrumb","itemListElement":[{"@type":"ListItem","position":1,"name":"Startseite","item":"https:\/\/mikrofiltertechnik.de\/"},{"@type":"ListItem","position":2,"name":"Widerrufsrecht"}]},{"@type":"WebSite","@id":"http:\/\/mikrofiltertechnik.de\/de\/#website","url":"http:\/\/mikrofiltertechnik.de\/de\/","name":"MFT Mikrofiltertechnik GmbH","description":"Kompetenz in Diesel","publisher":{"@id":"http:\/\/mikrofiltertechnik.de\/de\/#organization"},"potentialAction":[{"@type":"SearchAction","target":{"@type":"EntryPoint","urlTemplate":"http:\/\/mikrofiltertechnik.de\/de\/?s={search_term_string}"},"query-input":{"@type":"PropertyValueSpecification","valueRequired":true,"valueName":"search_term_string"}}],"inLanguage":"en-GB"},{"@type":"Organization","@id":"http:\/\/mikrofiltertechnik.de\/de\/#organization","name":"MFT Mikrofiltertechnik GmbH","url":"http:\/\/mikrofiltertechnik.de\/de\/","logo":{"@type":"ImageObject","inLanguage":"en-GB","@id":"http:\/\/mikrofiltertechnik.de\/de\/#\/schema\/logo\/image\/","url":"https:\/\/mikrofiltertechnik.de\/wp-content\/uploads\/2021\/04\/cropped-logo_vaficon.png","contentUrl":"https:\/\/mikrofiltertechnik.de\/wp-content\/uploads\/2021\/04\/cropped-logo_vaficon.png","width":512,"height":512,"caption":"MFT Mikrofiltertechnik GmbH"},"image":{"@id":"http:\/\/mikrofiltertechnik.de\/de\/#\/schema\/logo\/image\/"}}]}},"_links":{"self":[{"href":"http:\/\/mikrofiltertechnik.de\/en\/wp-json\/wp\/v2\/pages\/14672","targetHints":{"allow":["GET"]}}],"collection":[{"href":"http:\/\/mikrofiltertechnik.de\/en\/wp-json\/wp\/v2\/pages"}],"about":[{"href":"http:\/\/mikrofiltertechnik.de\/en\/wp-json\/wp\/v2\/types\/page"}],"author":[{"embeddable":true,"href":"http:\/\/mikrofiltertechnik.de\/en\/wp-json\/wp\/v2\/users\/1"}],"replies":[{"embeddable":true,"href":"http:\/\/mikrofiltertechnik.de\/en\/wp-json\/wp\/v2\/comments?post=14672"}],"version-history":[{"count":0,"href":"http:\/\/mikrofiltertechnik.de\/en\/wp-json\/wp\/v2\/pages\/14672\/revisions"}],"wp:attachment":[{"href":"http:\/\/mikrofiltertechnik.de\/en\/wp-json\/wp\/v2\/media?parent=14672"}],"curies":[{"name":"wp","href":"https:\/\/api.w.org\/{rel}","templated":true}]}}