{"id":14049,"date":"2021-04-22T23:19:35","date_gmt":"2021-04-22T23:19:35","guid":{"rendered":"http:\/\/mikrofiltertechnik.de\/?page_id=14049"},"modified":"2023-07-14T10:05:03","modified_gmt":"2023-07-14T08:05:03","slug":"tankreinigung","status":"publish","type":"page","link":"https:\/\/mikrofiltertechnik.de\/de\/tankservice\/tankreinigung","title":{"rendered":"Tankreinigung"},"content":{"rendered":"<section class=\"vc_section\"><div class=\"vc_row wpb_row vc_row-fluid vc_column-gap-24 vc-container\"><div data-animation-delay=\"0\" data-parallax-speed=\"1.5\" class=\"wpb_column vc_column_container vc_col-sm-6\"><div class=\"vc_column-inner \" ><div class=\"wpb_wrapper\"><h1 id=\"et-animated-title-1\" class=\"et-animated-title et-clearfix  words-direct\" data-mobile-font=\"24px\" data-tablet-font=\"32px\" data-delay=\"0\" style=\"font-size:48px;font-weight:700;color:#212121;\"><span class=\"text-wrapper\"><span class=\"text\">mobile Tankreinigung<\/span><\/span><\/h1><div class=\"gap et-clearfix \" style=\"height:2px\"><\/div><h3 id=\"et-animated-title-2\" class=\"et-animated-title et-clearfix  letter-direct\" data-mobile-font=\"inherit\" data-tablet-font=\"inherit\" data-delay=\"0\" style=\"font-size:24px;font-weight:700;line-height:36px;color:#c73737;\"><span class=\"text-wrapper\"><span class=\"text\">MFT Mikrofiltertechnik GmbH<\/span><\/span><\/h3><div class=\"gap et-clearfix \" style=\"height:32px\"><\/div><div class=\"et-simple-braket-block-wrapper\"><style>#et-simple-braket-block-1 .braket-text {font-size:18px;font-weight:400;}#et-simple-braket-block-1 .braket > div  {background-color:#c73737;}<\/style><div id=\"et-simple-braket-block-1\" class=\"et-simple-braket-block \"><div class=\"braket\"><div><\/div><div><\/div><div><\/div><\/div><div class=\"braket-text\" data-mobile-font=\"inherit\" data-tablet-font=\"inherit\">Tankreinigungen werden von der MFT Mikrofiltertechnik GmbH aus Geesthacht dort vorgenommen, wo eine Verkeimung vorliegt. Dies kann allerdings nur bei Dieseltanks wie Yachttanks, Schiffstanks, Lkws oder Notstromaggregaten erfolgen. Reinigungen von Benzintanks f\u00fchren wir nicht durch. Die Tanks haben unterschiedliche Konstruktionen und bestehen aus diversen Werkstoffen wie Aluminium, VA, Kunststoff oder Stahl. Wenn eine Tankreinigung vorgenommen werden muss, wird zun\u00e4chst der Kraftstoff herausgepumpt und zwischengelagert. Hierzu verwendet die MFT Mikrofiltertechnik GmbH eine mobile Filteranlage.<\/div><\/div><\/div><\/div><\/div><\/div><div data-animation-delay=\"0\" data-parallax-speed=\"1.5\" class=\"wpb_column vc_column_container vc_col-sm-6\"><div class=\"vc_column-inner \" ><div class=\"wpb_wrapper\"><div class=\"gap et-clearfix \" style=\"height:56px\"><\/div><div class=\"wpb_gallery wpb_content_element vc_clearfix\" ><div class=\"wpb_wrapper\"><div class=\"wpb_gallery_slides wpb_flexslider flexslider_fade flexslider\" data-interval=\"3\" data-flex_fx=\"fade\"><ul class=\"slides\"><li><a class=\"prettyphoto\" href=\"https:\/\/mikrofiltertechnik.de\/wp-content\/uploads\/2021\/09\/MFT_Anz-148x210mm-2020-dr-724x1024.jpg\" data-rel=\"prettyPhoto[rel-14049-776185916]\"><img loading=\"lazy\" decoding=\"async\" width=\"1809\" height=\"2560\" src=\"https:\/\/mikrofiltertechnik.de\/wp-content\/uploads\/2021\/09\/MFT_Anz-148x210mm-2020-dr-scaled.jpg\" class=\"attachment-full\" alt=\"Grotamar 82, Tankreinigung und Tankservice\" data-responsive-images=\"false\" \/><\/a><\/li><li><a class=\"prettyphoto\" href=\"https:\/\/mikrofiltertechnik.de\/wp-content\/uploads\/2021\/09\/Vorher-Nachher-2.jpg\" data-rel=\"prettyPhoto[rel-14049-776185916]\"><img loading=\"lazy\" decoding=\"async\" width=\"597\" height=\"710\" src=\"https:\/\/mikrofiltertechnik.de\/wp-content\/uploads\/2021\/09\/Vorher-Nachher-2.jpg\" class=\"attachment-full\" alt=\"\" data-responsive-images=\"false\" \/><\/a><\/li><li><a class=\"prettyphoto\" href=\"https:\/\/mikrofiltertechnik.de\/wp-content\/uploads\/2021\/09\/Neue-Deckel.jpg\" data-rel=\"prettyPhoto[rel-14049-776185916]\"><img loading=\"lazy\" decoding=\"async\" width=\"499\" height=\"696\" src=\"https:\/\/mikrofiltertechnik.de\/wp-content\/uploads\/2021\/09\/Neue-Deckel.jpg\" class=\"attachment-full\" alt=\"\" data-responsive-images=\"false\" \/><\/a><\/li><\/ul><\/div><\/div><\/div><\/div><\/div><\/div><\/div><div class=\"vc_row wpb_row vc_row-fluid vc_column-gap-24 vc-container\"><div data-animation-delay=\"0\" data-parallax-speed=\"1.5\" class=\"wpb_column vc_column_container vc_col-sm-12\"><div class=\"vc_column-inner \" ><div class=\"wpb_wrapper\"><div class=\"sep-wrap left   et-clearfix\" data-delay=\"0\"><div class=\"et-separator solid\" style=\"margin-top:24px;margin-bottom:10px;height:1px;width:100%;border-bottom-width:1px;border-bottom-style:solid;border-bottom-color:#e0e0e0;\"><\/div><\/div><\/div><\/div><\/div><\/div><div class=\"vc_row wpb_row vc_row-fluid vc-container\"><div data-animation-delay=\"0\" data-parallax-speed=\"1.5\" class=\"wpb_column vc_column_container vc_col-sm-6\"><div class=\"vc_column-inner \" ><div class=\"wpb_wrapper\"><div class=\"gap et-clearfix \" style=\"height:20px\"><\/div><h3 id=\"et-animated-title-3\" class=\"et-animated-title et-clearfix  letter-direct\" data-mobile-font=\"inherit\" data-tablet-font=\"inherit\" data-delay=\"200\" style=\"font-size:24px;font-weight:700;line-height:32px;color:#c73737;\"><span class=\"text-wrapper\"><span class=\"text\">Erfahren Sie mehr \u00fcber die Tankreinigung<\/span><\/span><\/h3><div class=\"gap et-clearfix \" style=\"height:20px\"><\/div>\n\t<div class=\"wpb_text_column wpb_content_element \" >\n\t\t<div class=\"wpb_wrapper\">\n\t\t\t<p>Der Begriff \u201eTankreinigung\u201c bedeutet f\u00fcr uns, dass Ihr Dieseltank danach sauber ist und s\u00e4mtliche Kammern frei von Verkeimungen. Da die meisten Tanks keinen ausreichend gro\u00dfen Zugang zu allen Kammern haben, m\u00fcssen von den Mitarbeitern der MFT Mikrofiltertechnik GmbH aus Hamburg spezielle L\u00f6cher f\u00fcr die Reinigung eingebracht werden. Diese \u00d6ffnungen werden nach der Tankreinigung reversibel verschlossen und k\u00f6nnen sp\u00e4ter wieder ge\u00f6ffnet werden. Hierf\u00fcr gibt es zwei M\u00f6glichkeiten: Ein Kunststoffdeckel f\u00fcr die Montage von oben und einen acht Millimeter VA-Deckel f\u00fcr die Montage von der Seite. Die Reinigung von Benzintanks ist auf Grund des hohen Explosionsrisikos nicht m\u00f6glich.<\/p>\n<p>Anschlie\u00dfend wird der Kraftstoff gefiltert und unter Zugabe von <a href=\"http:\/\/mikrofiltertechnik.de\/produkte\/kraftstoffe\/grotamar-82\">grotamar 82<\/a>, einem Biozid zur Abt\u00f6tung verbliebener Keime, wieder eingef\u00fcllt.<\/p>\n\n\t\t<\/div>\n\t<\/div>\n<h4 id=\"et-animated-title-4\" class=\"et-animated-title et-clearfix  letter-direct\" data-mobile-font=\"inherit\" data-tablet-font=\"inherit\" data-delay=\"200\" style=\"font-size:24px;font-weight:700;line-height:32px;color:#c73737;\"><span class=\"text-wrapper\"><span class=\"text\">Weitere Themen<\/span><\/span><\/h4><div class=\"gap et-clearfix \" style=\"height:20px\"><\/div><div class=\"vc_row wpb_row vc_inner vc_row-fluid vc_column-gap-0\"><div class=\"wpb_column vc_column_container vc_col-sm-4\"><div class=\"vc_column-inner\"><div class=\"wpb_wrapper\">\n\t<div class=\"wpb_text_column wpb_content_element \" >\n\t\t<div class=\"wpb_wrapper\">\n\t\t\t<div class=\"et-el-icon extra-small \" style=\"color:black;\"><span class=\"el-icon fa fa-arrow-right animate-false\"><\/span><\/div> <a href=\"\/tankinspektion\">Tankinspektion<\/a><\/p>\n\n\t\t<\/div>\n\t<\/div>\n\n\t<div class=\"wpb_text_column wpb_content_element \" >\n\t\t<div class=\"wpb_wrapper\">\n\t\t\t<div class=\"et-el-icon extra-small \" style=\"color:black;\"><span class=\"el-icon fa fa-arrow-right animate-false\"><\/span><\/div> <a href=\"http:\/\/mikrofiltertechnik.de\/tankservice\/analysen\">Analyse<\/a><\/p>\n\n\t\t<\/div>\n\t<\/div>\n\n\t<div class=\"wpb_text_column wpb_content_element \" >\n\t\t<div class=\"wpb_wrapper\">\n\t\t\t<div class=\"et-el-icon extra-small \" style=\"color:black;\"><span class=\"el-icon fa fa-arrow-right animate-false\"><\/span><\/div> <a href=\"http:\/\/mikrofiltertechnik.de\/tankservice\/allgemeines\">Tankservice<\/a><\/p>\n\n\t\t<\/div>\n\t<\/div>\n<\/div><\/div><\/div><div class=\"wpb_column vc_column_container vc_col-sm-4\"><div class=\"vc_column-inner\"><div class=\"wpb_wrapper\"><div data-curtain=\"false\" data-preloader=\"false\" data-decoration=\"true\" data-decoration-size=\"small\" data-animation-delay=\"0\" data-parallax=\"false\" data-coordinatex=\"0\" data-coordinatey=\"0\" data-speed=\"1\" class=\"et-custom-image  alignnone overlay-none curtain-left\"><div class=\"overlay-hover\"><div class=\"image\"><div class=\"image-container\"><img loading=\"lazy\" decoding=\"async\" width=\"600\" height=\"400\" src=\"https:\/\/mikrofiltertechnik.de\/wp-content\/uploads\/2021\/04\/phpThumb_cache_mikrofiltertechnik.de_src062acc48bea76be8fde85133efa63c07_parf640cb3d0686a5b9b1be39ee956dc81e_dat1344418571.jpeg\" alt=\"\"><\/div><\/div><\/div><\/div><\/div><\/div><\/div><div class=\"wpb_column vc_column_container vc_col-sm-4\"><div class=\"vc_column-inner\"><div class=\"wpb_wrapper\"><\/div><\/div><\/div><\/div><\/div><\/div><\/div><div data-animation-delay=\"0\" data-parallax-speed=\"1.5\" class=\"wpb_column vc_column_container vc_col-sm-6\"><div class=\"vc_column-inner \" ><div class=\"wpb_wrapper\"><div class=\"gap et-clearfix \" style=\"height:70px\"><\/div>\n\t<div class=\"wpb_text_column wpb_content_element \" >\n\t\t<div class=\"wpb_wrapper\">\n\t\t\t<p>Der Zeitaufwand f\u00fcr die Arbeiten ist abh\u00e4ngig von Lage, Gr\u00f6\u00dfe sowie Anzahl der Kammern und damit individuell zu kalkulieren. Bei Interesse erstellt Ihnen die MFT Mikrofiltertechnik GmbH aus Geesthacht bei Hamburg gerne ein Angebot zur Tankreinigung.<\/p>\n<p>Auf den folgenden Seiten finden Sie weitere Informationen der MFT Mikrofiltertechnik GmbH aus Hamburg:<\/p>\n\n\t\t<\/div>\n\t<\/div>\n\n\t<div class=\"wpb_text_column wpb_content_element \" >\n\t\t<div class=\"wpb_wrapper\">\n\t\t\t<div class=\"et-el-icon small \" style=\"color:#C73737;\"><span class=\"el-icon fa fa-arrow-circle-right animate-false\"><\/span><\/div> <a href=\"\/dieselbakterien\/entstehung\"><strong>Bakterien im Tank<\/strong><\/a><\/p>\n\n\t\t<\/div>\n\t<\/div>\n\n\t<div class=\"wpb_text_column wpb_content_element \" >\n\t\t<div class=\"wpb_wrapper\">\n\t\t\t<div class=\"et-el-icon small \" style=\"color:#C73737;\"><span class=\"el-icon fa fa-arrow-circle-right animate-false\"><\/span><\/div> <a href=\"\/dieselbakterien\/erkennung\"><strong>Bakterien im Tank erkennen<\/strong><\/a><\/p>\n\n\t\t<\/div>\n\t<\/div>\n\n\t<div class=\"wpb_text_column wpb_content_element \" >\n\t\t<div class=\"wpb_wrapper\">\n\t\t\t<div class=\"et-el-icon small \" style=\"color:#C73737;\"><span class=\"el-icon fa fa-arrow-circle-right animate-false\"><\/span><\/div> <a href=\"\/dieselbakterien\/bekaempfung\"><strong>Bakterien im Tank bek\u00e4mpfen<\/strong><\/a><\/p>\n\n\t\t<\/div>\n\t<\/div>\n\n\t<div class=\"wpb_text_column wpb_content_element \" >\n\t\t<div class=\"wpb_wrapper\">\n\t\t\t<p>Wenn Sie Ihren Kunden eine Adresse f\u00fcr Tankreinigung anbieten m\u00f6chten, gibt es im Downloadbereich einen Flyer zum ausdrucken.<\/p>\n\n\t\t<\/div>\n\t<\/div>\n<div class=\"vc_row wpb_row vc_inner vc_row-fluid vc_column-gap-0\"><div class=\"wpb_column vc_column_container vc_col-sm-6\"><div class=\"vc_column-inner\"><div class=\"wpb_wrapper\"><style>.vc_btn3-style-gradient-custom.vc_btn-gradient-btn-69e8ba5f478d4:hover{color: #ffffff;background-color: #c73737;border: none;background-position: 100% 0;}<\/style><style>.vc_btn3-style-gradient-custom.vc_btn-gradient-btn-69e8ba5f478d4{color: #ffffff;border: none;background-color: #c73737;background-image: -webkit-linear-gradient(left, #c73737 0%, #c73737 50%,#c73737 100%);background-image: linear-gradient(to right, #c73737 0%, #c73737 50%,#c73737 100%);-webkit-transition: all .2s ease-in-out;transition: all .2s ease-in-out;background-size: 200% 100%;}<\/style><div class=\"vc_btn3-container vc_btn3-inline\" ><a data-vc-gradient-1=\"#c73737\" data-vc-gradient-2=\"#c73737\" class=\"vc_general vc_btn3 vc_btn3-size-md vc_btn3-shape-rounded vc_btn3-style-gradient-custom vc_btn-gradient-btn-69e8ba5f478d4\" href=\"http:\/\/mikrofiltertechnik.de\/download\" title=\"Download\">Zu den Downlads<\/a><\/div><\/div><\/div><\/div><\/div><\/div><\/div><\/div><\/div><\/section><div id=\"background-position-75\" class=\"vc_row wpb_row vc_row-fluid vc_custom_1619096112336 vc_row-has-fill\"><div class=\"vc-container et-clearfix\"><div data-animation-delay=\"0\" data-parallax-speed=\"1.5\" class=\"wpb_column vc_column_container vc_col-sm-12\"><div class=\"vc_column-inner \" ><div class=\"wpb_wrapper\"><div class=\"gap et-clearfix hide767\" style=\"height:104px\"><\/div><div class=\"gap et-clearfix hide768\" style=\"height:24px\"><\/div><div class=\"et-ghost-title-wrapper\"><style>#et-ghost-title-1 {min-height:256px;padding-top:128px;}#et-ghost-title-1 .ghost-title {font-size:256px;line-height:256px;font-weight:700;color:rgba(0,0,0,0.1);left:-4px;}<\/style><div id=\"et-ghost-title-1\" class=\"et-ghost-title et-clearfix \" data-mobile-font=\"96px\" data-tablet-font=\"inherit\"><div class=\"ghost-title\">Shop<\/div><div class=\"ghost-content et-clearfix\"><h3 style=\"font-size: 70px;color: #ffffff;line-height: 70px;text-align: left\" class=\"vc_custom_heading\"  data-mobile-font=\"32px\" data-tablet-font=\"inherit\" >Hochwertige Kraftstoffzus\u00e4tze, Motor\u00f6le, Filtertechnik & vieles mehr.<\/h3><a target=\"_self\" href=\"#link\" id=\"et-inline-button-1\" style=\"color:#ffffff;\" class=\"et-inline-button inline-button-font-size has-icon  icon-position-right modal-false false\" data-color=\"#ffffff\" data-colorhover=\"#212121\"><span class=\"text\">Zu unserem Online Shop<span class=\"text-hover\" style=\"background:#212121;\"><\/span><\/span><span class=\"icon fa fa-angle-right\"><\/span><\/a><span class=\"et-gap-inline et-clearfix hide767\" style=\"width:40px\"><\/span><div class=\"gap et-clearfix hide768\" style=\"height:8px\"><\/div><\/div><\/div><\/div><div class=\"gap et-clearfix hide768\" style=\"height:48px\"><\/div><div class=\"gap et-clearfix hide767\" style=\"height:150px\"><\/div><\/div><\/div><\/div><\/div><\/div>\n","protected":false},"excerpt":{"rendered":"<p>Leverage agile frameworks to provide a robust synopsis for high level overviews. Iterative approaches to corporate strategy foster collaborative thinking to further the overall value proposition. Organically grow the holistic world view of disruptive innovation via workplace diversity and empowerment.<\/p>\n","protected":false},"author":1,"featured_media":0,"parent":14453,"menu_order":0,"comment_status":"closed","ping_status":"closed","template":"page-vc.php","meta":{"footnotes":""},"class_list":["post-14049","page","type-page","status-publish","hentry"],"yoast_head":"<!-- This site is optimized with the Yoast SEO plugin v23.5 - https:\/\/yoast.com\/wordpress\/plugins\/seo\/ -->\n<title>Tankreinigung europaweit - von MFT Mikrofiltertechnik aus Geesthacht<\/title>\n<meta name=\"description\" content=\"Tankreinigungen werden von der Mikrofiltertechnik aus Geesthacht bei Yachttanks, Lkws, Bootstanks, USVs, Schiffstanks uvm. durchgef\u00fchrt.\" \/>\n<meta name=\"robots\" content=\"index, follow, max-snippet:-1, max-image-preview:large, max-video-preview:-1\" \/>\n<link rel=\"canonical\" href=\"https:\/\/mikrofiltertechnik.de\/de\/tankservice\/tankreinigung\/\" \/>\n<meta property=\"og:locale\" content=\"de_DE\" \/>\n<meta property=\"og:type\" content=\"article\" \/>\n<meta property=\"og:title\" content=\"Tankreinigung europaweit - von MFT Mikrofiltertechnik aus Geesthacht\" \/>\n<meta property=\"og:description\" content=\"Tankreinigungen werden von der Mikrofiltertechnik aus Geesthacht bei Yachttanks, Lkws, Bootstanks, USVs, Schiffstanks uvm. durchgef\u00fchrt.\" \/>\n<meta property=\"og:url\" content=\"https:\/\/mikrofiltertechnik.de\/de\/tankservice\/tankreinigung\/\" \/>\n<meta property=\"og:site_name\" content=\"MFT Mikrofiltertechnik GmbH\" \/>\n<meta property=\"article:modified_time\" content=\"2023-07-14T08:05:03+00:00\" \/>\n<meta property=\"og:image\" content=\"https:\/\/mikrofiltertechnik.de\/wp-content\/uploads\/2021\/04\/cropped-logo_vaficon.png\" \/>\n\t<meta property=\"og:image:width\" content=\"512\" \/>\n\t<meta property=\"og:image:height\" content=\"512\" \/>\n\t<meta property=\"og:image:type\" content=\"image\/png\" \/>\n<meta name=\"twitter:card\" content=\"summary_large_image\" \/>\n<meta name=\"twitter:label1\" content=\"Gesch\u00e4tzte Lesezeit\" \/>\n\t<meta name=\"twitter:data1\" content=\"4\u00a0Minuten\" \/>\n<script type=\"application\/ld+json\" class=\"yoast-schema-graph\">{\"@context\":\"https:\/\/schema.org\",\"@graph\":[{\"@type\":\"WebPage\",\"@id\":\"https:\/\/mikrofiltertechnik.de\/tankservice\/tankreinigung\",\"url\":\"https:\/\/mikrofiltertechnik.de\/tankservice\/tankreinigung\",\"name\":\"Tankreinigung europaweit - von MFT Mikrofiltertechnik aus Geesthacht\",\"isPartOf\":{\"@id\":\"http:\/\/mikrofiltertechnik.de\/de\/#website\"},\"datePublished\":\"2021-04-22T23:19:35+00:00\",\"dateModified\":\"2023-07-14T08:05:03+00:00\",\"description\":\"Tankreinigungen werden von der Mikrofiltertechnik aus Geesthacht bei Yachttanks, Lkws, Bootstanks, USVs, Schiffstanks uvm. durchgef\u00fchrt.\",\"breadcrumb\":{\"@id\":\"https:\/\/mikrofiltertechnik.de\/tankservice\/tankreinigung#breadcrumb\"},\"inLanguage\":\"de\",\"potentialAction\":[{\"@type\":\"ReadAction\",\"target\":[\"https:\/\/mikrofiltertechnik.de\/tankservice\/tankreinigung\"]}]},{\"@type\":\"BreadcrumbList\",\"@id\":\"https:\/\/mikrofiltertechnik.de\/tankservice\/tankreinigung#breadcrumb\",\"itemListElement\":[{\"@type\":\"ListItem\",\"position\":1,\"name\":\"Startseite\",\"item\":\"https:\/\/mikrofiltertechnik.de\/\"},{\"@type\":\"ListItem\",\"position\":2,\"name\":\"Tankservice\",\"item\":\"http:\/\/mikrofiltertechnik.de\/de\/tankservice\"},{\"@type\":\"ListItem\",\"position\":3,\"name\":\"Tankreinigung\"}]},{\"@type\":\"WebSite\",\"@id\":\"http:\/\/mikrofiltertechnik.de\/de\/#website\",\"url\":\"http:\/\/mikrofiltertechnik.de\/de\/\",\"name\":\"MFT Mikrofiltertechnik GmbH\",\"description\":\"Kompetenz in Diesel\",\"publisher\":{\"@id\":\"http:\/\/mikrofiltertechnik.de\/de\/#organization\"},\"potentialAction\":[{\"@type\":\"SearchAction\",\"target\":{\"@type\":\"EntryPoint\",\"urlTemplate\":\"http:\/\/mikrofiltertechnik.de\/de\/?s={search_term_string}\"},\"query-input\":{\"@type\":\"PropertyValueSpecification\",\"valueRequired\":true,\"valueName\":\"search_term_string\"}}],\"inLanguage\":\"de\"},{\"@type\":\"Organization\",\"@id\":\"http:\/\/mikrofiltertechnik.de\/de\/#organization\",\"name\":\"MFT Mikrofiltertechnik GmbH\",\"url\":\"http:\/\/mikrofiltertechnik.de\/de\/\",\"logo\":{\"@type\":\"ImageObject\",\"inLanguage\":\"de\",\"@id\":\"http:\/\/mikrofiltertechnik.de\/de\/#\/schema\/logo\/image\/\",\"url\":\"https:\/\/mikrofiltertechnik.de\/wp-content\/uploads\/2021\/04\/cropped-logo_vaficon.png\",\"contentUrl\":\"https:\/\/mikrofiltertechnik.de\/wp-content\/uploads\/2021\/04\/cropped-logo_vaficon.png\",\"width\":512,\"height\":512,\"caption\":\"MFT Mikrofiltertechnik GmbH\"},\"image\":{\"@id\":\"http:\/\/mikrofiltertechnik.de\/de\/#\/schema\/logo\/image\/\"}}]}<\/script>\n<!-- \/ Yoast SEO plugin. -->","yoast_head_json":{"title":"Tankreinigung europaweit - von MFT Mikrofiltertechnik aus Geesthacht","description":"Tankreinigungen werden von der Mikrofiltertechnik aus Geesthacht bei Yachttanks, Lkws, Bootstanks, USVs, Schiffstanks uvm. durchgef\u00fchrt.","robots":{"index":"index","follow":"follow","max-snippet":"max-snippet:-1","max-image-preview":"max-image-preview:large","max-video-preview":"max-video-preview:-1"},"canonical":"https:\/\/mikrofiltertechnik.de\/de\/tankservice\/tankreinigung\/","og_locale":"de_DE","og_type":"article","og_title":"Tankreinigung europaweit - von MFT Mikrofiltertechnik aus Geesthacht","og_description":"Tankreinigungen werden von der Mikrofiltertechnik aus Geesthacht bei Yachttanks, Lkws, Bootstanks, USVs, Schiffstanks uvm. durchgef\u00fchrt.","og_url":"https:\/\/mikrofiltertechnik.de\/de\/tankservice\/tankreinigung\/","og_site_name":"MFT Mikrofiltertechnik GmbH","article_modified_time":"2023-07-14T08:05:03+00:00","og_image":[{"width":512,"height":512,"url":"https:\/\/mikrofiltertechnik.de\/wp-content\/uploads\/2021\/04\/cropped-logo_vaficon.png","type":"image\/png"}],"twitter_card":"summary_large_image","twitter_misc":{"Gesch\u00e4tzte Lesezeit":"4\u00a0Minuten"},"schema":{"@context":"https:\/\/schema.org","@graph":[{"@type":"WebPage","@id":"https:\/\/mikrofiltertechnik.de\/tankservice\/tankreinigung","url":"https:\/\/mikrofiltertechnik.de\/tankservice\/tankreinigung","name":"Tankreinigung europaweit - von MFT Mikrofiltertechnik aus Geesthacht","isPartOf":{"@id":"http:\/\/mikrofiltertechnik.de\/de\/#website"},"datePublished":"2021-04-22T23:19:35+00:00","dateModified":"2023-07-14T08:05:03+00:00","description":"Tankreinigungen werden von der Mikrofiltertechnik aus Geesthacht bei Yachttanks, Lkws, Bootstanks, USVs, Schiffstanks uvm. durchgef\u00fchrt.","breadcrumb":{"@id":"https:\/\/mikrofiltertechnik.de\/tankservice\/tankreinigung#breadcrumb"},"inLanguage":"de","potentialAction":[{"@type":"ReadAction","target":["https:\/\/mikrofiltertechnik.de\/tankservice\/tankreinigung"]}]},{"@type":"BreadcrumbList","@id":"https:\/\/mikrofiltertechnik.de\/tankservice\/tankreinigung#breadcrumb","itemListElement":[{"@type":"ListItem","position":1,"name":"Startseite","item":"https:\/\/mikrofiltertechnik.de\/"},{"@type":"ListItem","position":2,"name":"Tankservice","item":"http:\/\/mikrofiltertechnik.de\/de\/tankservice"},{"@type":"ListItem","position":3,"name":"Tankreinigung"}]},{"@type":"WebSite","@id":"http:\/\/mikrofiltertechnik.de\/de\/#website","url":"http:\/\/mikrofiltertechnik.de\/de\/","name":"MFT Mikrofiltertechnik GmbH","description":"Kompetenz in Diesel","publisher":{"@id":"http:\/\/mikrofiltertechnik.de\/de\/#organization"},"potentialAction":[{"@type":"SearchAction","target":{"@type":"EntryPoint","urlTemplate":"http:\/\/mikrofiltertechnik.de\/de\/?s={search_term_string}"},"query-input":{"@type":"PropertyValueSpecification","valueRequired":true,"valueName":"search_term_string"}}],"inLanguage":"de"},{"@type":"Organization","@id":"http:\/\/mikrofiltertechnik.de\/de\/#organization","name":"MFT Mikrofiltertechnik GmbH","url":"http:\/\/mikrofiltertechnik.de\/de\/","logo":{"@type":"ImageObject","inLanguage":"de","@id":"http:\/\/mikrofiltertechnik.de\/de\/#\/schema\/logo\/image\/","url":"https:\/\/mikrofiltertechnik.de\/wp-content\/uploads\/2021\/04\/cropped-logo_vaficon.png","contentUrl":"https:\/\/mikrofiltertechnik.de\/wp-content\/uploads\/2021\/04\/cropped-logo_vaficon.png","width":512,"height":512,"caption":"MFT Mikrofiltertechnik GmbH"},"image":{"@id":"http:\/\/mikrofiltertechnik.de\/de\/#\/schema\/logo\/image\/"}}]}},"_links":{"self":[{"href":"https:\/\/mikrofiltertechnik.de\/de\/wp-json\/wp\/v2\/pages\/14049","targetHints":{"allow":["GET"]}}],"collection":[{"href":"https:\/\/mikrofiltertechnik.de\/de\/wp-json\/wp\/v2\/pages"}],"about":[{"href":"https:\/\/mikrofiltertechnik.de\/de\/wp-json\/wp\/v2\/types\/page"}],"author":[{"embeddable":true,"href":"https:\/\/mikrofiltertechnik.de\/de\/wp-json\/wp\/v2\/users\/1"}],"replies":[{"embeddable":true,"href":"https:\/\/mikrofiltertechnik.de\/de\/wp-json\/wp\/v2\/comments?post=14049"}],"version-history":[{"count":3,"href":"https:\/\/mikrofiltertechnik.de\/de\/wp-json\/wp\/v2\/pages\/14049\/revisions"}],"predecessor-version":[{"id":15703,"href":"https:\/\/mikrofiltertechnik.de\/de\/wp-json\/wp\/v2\/pages\/14049\/revisions\/15703"}],"up":[{"embeddable":true,"href":"https:\/\/mikrofiltertechnik.de\/de\/wp-json\/wp\/v2\/pages\/14453"}],"wp:attachment":[{"href":"https:\/\/mikrofiltertechnik.de\/de\/wp-json\/wp\/v2\/media?parent=14049"}],"curies":[{"name":"wp","href":"https:\/\/api.w.org\/{rel}","templated":true}]}}