{"id":14062,"date":"2021-04-23T08:44:57","date_gmt":"2021-04-23T08:44:57","guid":{"rendered":"http:\/\/mikrofiltertechnik.de\/?page_id=14062"},"modified":"2023-03-09T07:17:15","modified_gmt":"2023-03-09T06:17:15","slug":"kraftstoffanlysen","status":"publish","type":"page","link":"https:\/\/mikrofiltertechnik.de\/de\/tankservice\/kraftstoffanlysen","title":{"rendered":"Analysen"},"content":{"rendered":"<section class=\"vc_section\"><div class=\"vc_row wpb_row vc_row-fluid vc_column-gap-24 vc-container\"><div data-animation-delay=\"0\" data-parallax-speed=\"1.5\" class=\"wpb_column vc_column_container vc_col-sm-6\"><div class=\"vc_column-inner \" ><div class=\"wpb_wrapper\"><h1 id=\"et-animated-title-1\" class=\"et-animated-title et-clearfix  words-direct\" data-mobile-font=\"24px\" data-tablet-font=\"32px\" data-delay=\"0\" style=\"font-size:48px;font-weight:700;color:#212121;\"><span class=\"text-wrapper\"><span class=\"text\">Kraftstoffanalysen<\/span><\/span><\/h1><div class=\"gap et-clearfix \" style=\"height:2px\"><\/div><h2 class=\"et-highlight-title \" style=\"font-size:18px;font-weight:700;color:#c73737;\" data-mobile-font=\"inherit\" data-tablet-font=\"inherit\"><span class=\"title-inner\">Laboruntersuchung auf Wasser, Bakterien und weitere<span class=\"highlight-line\" style=\"background-color:#c73737;\"><\/span><\/span><\/h2><div class=\"gap et-clearfix \" style=\"height:32px\"><\/div><div class=\"et-simple-braket-block-wrapper\"><style>#et-simple-braket-block-1 .braket-text {font-size:18px;font-weight:400;}#et-simple-braket-block-1 .braket > div  {background-color:#c73737;}<\/style><div id=\"et-simple-braket-block-1\" class=\"et-simple-braket-block \"><div class=\"braket\"><div><\/div><div><\/div><div><\/div><\/div><div class=\"braket-text\" data-mobile-font=\"inherit\" data-tablet-font=\"inherit\">Das bakterieller Wachstum im Dieselkraftstoff m\u00f6glich ist, ist mittlerweile vielen bekannt, doch auch andere Ver\u00e4nderungen des Kraftstoff sind m\u00f6glich. Die Lagerf\u00e4higkeit z.B. hat durch den Bioanteil deutlich nachgelassen und f\u00fchrt, bei station\u00e4ren Anlagen (z.B. Notstromaggregaten) oder wenig genutzten Anlagen, immer h\u00e4ufiger zu Problemen. Ab einem bestimmten Alterungsfortschritt kann dieser durch Additive auch nicht mehr verhindert werden und der Kraftstoff muss entsorgt werden, was erhebliche Kosten mit sich zieht.<\/div><\/div><\/div><\/div><\/div><\/div><div data-animation-delay=\"0\" data-parallax-speed=\"1.5\" class=\"wpb_column vc_column_container vc_col-sm-6\"><div class=\"vc_column-inner \" ><div class=\"wpb_wrapper\"><div class=\"gap et-clearfix \" style=\"height:56px\"><\/div><div data-curtain=\"false\" data-preloader=\"true\" data-decoration=\"true\" data-decoration-size=\"small\" data-animation-delay=\"0\" data-parallax=\"false\" data-coordinatex=\"0\" data-coordinatey=\"0\" data-speed=\"1\" class=\"et-custom-image  aligncenter overlay-none curtain-left\"><div class=\"overlay-hover\"><div class=\"image\"><div class=\"image-container\"><div class=\"image-loading\"><\/div><div class=\"image-preloader\"><\/div><img loading=\"lazy\" decoding=\"async\" width=\"720\" height=\"480\" src=\"https:\/\/mikrofiltertechnik.de\/wp-content\/uploads\/2021\/04\/Analyse.jpg\" alt=\"\"><\/div><\/div><\/div><\/div><\/div><\/div><\/div><\/div><div class=\"vc_row wpb_row vc_row-fluid vc_column-gap-24 vc-container\"><div data-animation-delay=\"0\" data-parallax-speed=\"1.5\" class=\"wpb_column vc_column_container vc_col-sm-12\"><div class=\"vc_column-inner \" ><div class=\"wpb_wrapper\"><div class=\"sep-wrap left   et-clearfix\" data-delay=\"0\"><div class=\"et-separator solid\" style=\"margin-top:24px;margin-bottom:10px;height:1px;width:100%;border-bottom-width:1px;border-bottom-style:solid;border-bottom-color:#e0e0e0;\"><\/div><\/div><\/div><\/div><\/div><\/div><div class=\"vc_row wpb_row vc_row-fluid vc-container\"><div data-animation-delay=\"0\" data-parallax-speed=\"1.5\" class=\"wpb_column vc_column_container vc_col-sm-6\"><div class=\"vc_column-inner \" ><div class=\"wpb_wrapper\"><div class=\"gap et-clearfix \" style=\"height:20px\"><\/div><h3 id=\"et-animated-title-2\" class=\"et-animated-title et-clearfix  letter-direct\" data-mobile-font=\"inherit\" data-tablet-font=\"inherit\" data-delay=\"200\" style=\"font-size:24px;font-weight:700;line-height:32px;color:#c73737;\"><span class=\"text-wrapper\"><span class=\"text\">Analyse Ist-Zustand des Kraftstoffs<\/span><\/span><\/h3><div class=\"gap et-clearfix \" style=\"height:20px\"><\/div>\n\t<div class=\"wpb_text_column wpb_content_element \" >\n\t\t<div class=\"wpb_wrapper\">\n\t\t\t<p>Ob Dieselkraftstoff noch lagerf\u00e4hig ist kann im Labor untersucht werden (Oxidationsstabilit\u00e4t). Damit eine Bestimmung \u00fcber den Zustand des Kraftstoffs vorgenommen werden kann, muss eine Untersuchung durchgef\u00fchrt werden. F\u00fcr die Untersuchung auf Bakterien, bzw. Hefen und Schimmelpilze, sollte die Probe m\u00f6glichst vom Boden des Tanks entnommen werden da dort die Konzentration am h\u00f6chsten ist. F\u00fcr die Untersuchung auf Lagerf\u00e4higkeit ist der Entnahmeort unerheblich. Das Team der MFT Mikrofiltertechnik GmbH aus Hamburg steht Ihnen gerne mit Rat und Tat sowie entsprechender technischer Ausstattung zur Seite.<\/p>\n\n\t\t<\/div>\n\t<\/div>\n<div class=\"gap et-clearfix \" style=\"height:20px\"><\/div><\/div><\/div><\/div><div data-animation-delay=\"0\" data-parallax-speed=\"1.5\" class=\"wpb_column vc_column_container vc_col-sm-6\"><div class=\"vc_column-inner \" ><div class=\"wpb_wrapper\"><div class=\"gap et-clearfix \" style=\"height:70px\"><\/div><div data-curtain=\"false\" data-preloader=\"true\" data-decoration=\"true\" data-decoration-size=\"small\" data-animation-delay=\"0\" data-parallax=\"false\" data-coordinatex=\"0\" data-coordinatey=\"0\" data-speed=\"1\" class=\"et-custom-image  aligncenter overlay-none curtain-left\"><div class=\"overlay-hover\"><div class=\"image\"><div class=\"image-container\"><div class=\"image-loading\"><\/div><div class=\"image-preloader\"><\/div><img loading=\"lazy\" decoding=\"async\" width=\"480\" height=\"320\" src=\"https:\/\/mikrofiltertechnik.de\/wp-content\/uploads\/2021\/09\/Analyseergebnis-480x320.jpg\" alt=\"\"><\/div><\/div><\/div><\/div><\/div><\/div><\/div><\/div><div class=\"vc_row wpb_row vc_row-fluid vc_column-gap-24 vc-container\"><div data-animation-delay=\"0\" data-parallax-speed=\"1.5\" class=\"wpb_column vc_column_container vc_col-sm-12\"><div class=\"vc_column-inner \" ><div class=\"wpb_wrapper\"><div class=\"sep-wrap left   et-clearfix\" data-delay=\"0\"><div class=\"et-separator solid\" style=\"margin-top:24px;margin-bottom:10px;height:1px;width:100%;border-bottom-width:1px;border-bottom-style:solid;border-bottom-color:#e0e0e0;\"><\/div><\/div><\/div><\/div><\/div><\/div><div class=\"vc_row wpb_row vc_row-fluid vc_column-gap-24 vc-container\"><div data-animation-delay=\"0\" data-parallax-speed=\"1.5\" class=\"wpb_column vc_column_container vc_col-sm-6\"><div class=\"vc_column-inner \" ><div class=\"wpb_wrapper\"><h3 id=\"et-animated-title-3\" class=\"et-animated-title et-clearfix  letter-direct\" data-mobile-font=\"inherit\" data-tablet-font=\"inherit\" data-delay=\"200\" style=\"font-size:24px;font-weight:700;line-height:32px;color:#c73737;\"><span class=\"text-wrapper\"><span class=\"text\">Untersuchung auf Oxidationsstabilit\u00e4t (Lagerf\u00e4higkeit) im Labor<\/span><\/span><\/h3><div class=\"gap et-clearfix \" style=\"height:20px\"><\/div>\n\t<div class=\"wpb_text_column wpb_content_element \" >\n\t\t<div class=\"wpb_wrapper\">\n\t\t\t<p>Eine Untersuchung von Dieselkraftstoff oder Heiz\u00f6l im Labor dauert etwa 4-5 Tage. Das Untersuchungsergebnis gibt einen Wert in h (stunden) aus, dieser Wert ist jedoch nicht in reale Zeit umwandelbar. Neuer Kraftstoff hat etwa einen Wert von 65-70h, ab einem Wert unter 20h ist der Kraftstoff nicht mehr zu retten. Liegt der Wert \u00fcber 20h ist es m\u00f6glich den Wert durch ein <a href=\"\/produkte\/kraftstoffe\/deutz-insypro\">Additiv<\/a> zu erh\u00f6hen und die Lagerf\u00e4higkeit zu verl\u00e4ngern<\/p>\n\n\t\t<\/div>\n\t<\/div>\n<\/div><\/div><\/div><div data-animation-delay=\"0\" data-parallax-speed=\"1.5\" class=\"wpb_column vc_column_container vc_col-sm-6\"><div class=\"vc_column-inner \" ><div class=\"wpb_wrapper\"><div data-curtain=\"false\" data-preloader=\"false\" data-decoration=\"false\" data-decoration-size=\"small\" data-animation-delay=\"0\" data-parallax=\"false\" data-coordinatex=\"0\" data-coordinatey=\"0\" data-speed=\"1\" class=\"et-custom-image  aligncenter overlay-none curtain-left\"><div class=\"overlay-hover\"><div class=\"image\"><div class=\"image-container\"><img loading=\"lazy\" decoding=\"async\" width=\"480\" height=\"320\" src=\"https:\/\/mikrofiltertechnik.de\/wp-content\/uploads\/2021\/04\/Analyse-Oxidationsstabilita\u0308t-480x320.jpg\" alt=\"\"><\/div><\/div><\/div><\/div><\/div><\/div><\/div><\/div><div class=\"vc_row wpb_row vc_row-fluid vc_column-gap-24 vc-container\"><div data-animation-delay=\"0\" data-parallax-speed=\"1.5\" class=\"wpb_column vc_column_container vc_col-sm-12\"><div class=\"vc_column-inner \" ><div class=\"wpb_wrapper\"><div class=\"sep-wrap left   et-clearfix\" data-delay=\"0\"><div class=\"et-separator solid\" style=\"margin-top:24px;margin-bottom:10px;height:1px;width:100%;border-bottom-width:1px;border-bottom-style:solid;border-bottom-color:#e0e0e0;\"><\/div><\/div><\/div><\/div><\/div><\/div><div class=\"vc_row wpb_row vc_row-fluid vc-container\"><div data-animation-delay=\"0\" data-parallax-speed=\"1.5\" class=\"wpb_column vc_column_container vc_col-sm-6\"><div class=\"vc_column-inner \" ><div class=\"wpb_wrapper\"><h3 id=\"et-animated-title-4\" class=\"et-animated-title et-clearfix  letter-direct\" data-mobile-font=\"inherit\" data-tablet-font=\"inherit\" data-delay=\"200\" style=\"font-size:24px;font-weight:700;line-height:32px;color:#c73737;\"><span class=\"text-wrapper\"><span class=\"text\">Untersuchung auf Bakterien im Labor<\/span><\/span><\/h3><div class=\"gap et-clearfix \" style=\"height:20px\"><\/div>\n\t<div class=\"wpb_text_column wpb_content_element \" >\n\t\t<div class=\"wpb_wrapper\">\n\t\t\t<p>Eine labortechnische Analyse nimmt circa acht bis neun Tage in Anspruch. Die Probe von Kraftstoffen oder eines Filter wird auf einen vorbereiteten Probetr\u00e4ger verteilt und f\u00fcnf Tage unter kontrollierten Bedingungen \u201ebebr\u00fctet\u201c.<br \/>\nDas Ergebnis ist ein komplexes Bild \u00fcber Bakterien, Hefen, Schimmelpilze und Sporen in der untersuchten Probe. Dementsprechend muss die weitere Vorgehensweise bestimmt werden. Die MFT Mikrofiltertechnik GmbH aus Hamburg bietet etwa eine professionelle <a href=\"http:\/\/mikrofiltertechnik.de\/tankservice\/tankreinigung\">Tankreinigung<\/a> und hochwertige <a href=\"http:\/\/mikrofiltertechnik.de\/produkte\/kraftstoffe\/grotamar-82\">Diesel Additive<\/a>.<\/p>\n<p>Wenn Sie eine Analyse Ihres Kraftstoffs durchf\u00fchren lassen m\u00f6chten, wenden Sie sich telefonisch oder <a href=\"http:\/\/mikrofiltertechnik.de\/kontakt\">per E-Mail<\/a> an die MFT Mikrofiltertechnik GmbH aus Geesthacht bei Hamburg und senden Sie uns die Probe des Kraftstoffs zu.<\/p>\n<p>Einfach und zuverl\u00e4ssig k\u00f6nnen Sie Dieselkraftstoff auch mit Microb-Monitor GMF testen. Das Produkt finden Sie im <a href=\"http:\/\/mikrofiltertechnik.de\/produkte\/kraftstoffe\/microb-monitor-gmf\">Online-Shop<\/a> der MFT Mikrofiltertechnik GmbH nahe Hamburg.<\/p>\n\n\t\t<\/div>\n\t<\/div>\n<\/div><\/div><\/div><div data-animation-delay=\"0\" data-parallax-speed=\"1.5\" class=\"wpb_column vc_column_container vc_col-sm-6\"><div class=\"vc_column-inner \" ><div class=\"wpb_wrapper\"><div class=\"gap et-clearfix \" style=\"height:70px\"><\/div><div data-curtain=\"false\" data-preloader=\"false\" data-decoration=\"false\" data-decoration-size=\"small\" data-animation-delay=\"0\" data-parallax=\"false\" data-coordinatex=\"0\" data-coordinatey=\"0\" data-speed=\"1\" class=\"et-custom-image  aligncenter overlay-none curtain-left\"><div class=\"overlay-hover\"><div class=\"image\"><div class=\"image-container\"><img loading=\"lazy\" decoding=\"async\" width=\"480\" height=\"320\" src=\"https:\/\/mikrofiltertechnik.de\/wp-content\/uploads\/2021\/04\/Analyse-Bakterien-480x320.jpg\" alt=\"\"><\/div><\/div><\/div><\/div><\/div><\/div><\/div><\/div><\/section><div id=\"background-position-75\" class=\"vc_row wpb_row vc_row-fluid vc_custom_1619096112336 vc_row-has-fill\"><div class=\"vc-container et-clearfix\"><div data-animation-delay=\"0\" data-parallax-speed=\"1.5\" class=\"wpb_column vc_column_container vc_col-sm-12\"><div class=\"vc_column-inner \" ><div class=\"wpb_wrapper\"><div class=\"gap et-clearfix hide767\" style=\"height:104px\"><\/div><div class=\"gap et-clearfix hide768\" style=\"height:24px\"><\/div><div class=\"et-ghost-title-wrapper\"><style>#et-ghost-title-1 {min-height:256px;padding-top:128px;}#et-ghost-title-1 .ghost-title {font-size:256px;line-height:256px;font-weight:700;color:rgba(0,0,0,0.1);left:-4px;}<\/style><div id=\"et-ghost-title-1\" class=\"et-ghost-title et-clearfix \" data-mobile-font=\"96px\" data-tablet-font=\"inherit\"><div class=\"ghost-title\">Shop<\/div><div class=\"ghost-content et-clearfix\"><h3 style=\"font-size: 70px;color: #ffffff;line-height: 70px;text-align: left\" class=\"vc_custom_heading\"  data-mobile-font=\"32px\" data-tablet-font=\"inherit\" >Hochwertige Kraftstoffzus\u00e4tze, Motor\u00f6le, Filtertechnik & vieles mehr.<\/h3><a target=\"_self\" href=\"#link\" id=\"et-inline-button-1\" style=\"color:#ffffff;\" class=\"et-inline-button inline-button-font-size has-icon  icon-position-right modal-false false\" data-color=\"#ffffff\" data-colorhover=\"#212121\"><span class=\"text\">Zu unserem Online Shop<span class=\"text-hover\" style=\"background:#212121;\"><\/span><\/span><span class=\"icon fa fa-angle-right\"><\/span><\/a><span class=\"et-gap-inline et-clearfix hide767\" style=\"width:40px\"><\/span><div class=\"gap et-clearfix hide768\" style=\"height:8px\"><\/div><\/div><\/div><\/div><div class=\"gap et-clearfix hide768\" style=\"height:48px\"><\/div><div class=\"gap et-clearfix hide767\" style=\"height:150px\"><\/div><\/div><\/div><\/div><\/div><\/div>\n","protected":false},"excerpt":{"rendered":"<p>Leverage agile frameworks to provide a robust synopsis for high level overviews. Iterative approaches to corporate strategy foster collaborative thinking to further the overall value proposition. Organically grow the holistic world view of disruptive innovation via workplace diversity and empowerment.<\/p>\n","protected":false},"author":1,"featured_media":0,"parent":14453,"menu_order":0,"comment_status":"closed","ping_status":"closed","template":"page-vc.php","meta":{"footnotes":""},"class_list":["post-14062","page","type-page","status-publish","hentry"],"yoast_head":"<!-- This site is optimized with the Yoast SEO plugin v23.5 - https:\/\/yoast.com\/wordpress\/plugins\/seo\/ -->\n<title>Kraftstoffanalysen - MFT Mikrofiltertechnik GmbH<\/title>\n<meta name=\"description\" content=\"MFT aus Geesthacht bietet Laboruntersuchung von Kraftstoffen auf Bakterien, Wasser, Gesamtverschmutzung, Lagerf\u00e4higkeit und vielen mehr.\" \/>\n<meta name=\"robots\" content=\"index, follow, max-snippet:-1, max-image-preview:large, max-video-preview:-1\" \/>\n<link rel=\"canonical\" href=\"https:\/\/mikrofiltertechnik.de\/de\/tankservice\/kraftstoffanlysen\/\" \/>\n<meta property=\"og:locale\" content=\"de_DE\" \/>\n<meta property=\"og:type\" content=\"article\" \/>\n<meta property=\"og:title\" content=\"Kraftstoffanalysen - MFT Mikrofiltertechnik GmbH\" \/>\n<meta property=\"og:description\" content=\"MFT aus Geesthacht bietet Laboruntersuchung von Kraftstoffen auf Bakterien, Wasser, Gesamtverschmutzung, Lagerf\u00e4higkeit und vielen mehr.\" \/>\n<meta property=\"og:url\" content=\"https:\/\/mikrofiltertechnik.de\/de\/tankservice\/kraftstoffanlysen\/\" \/>\n<meta property=\"og:site_name\" content=\"MFT Mikrofiltertechnik GmbH\" \/>\n<meta property=\"article:modified_time\" content=\"2023-03-09T06:17:15+00:00\" \/>\n<meta property=\"og:image\" content=\"https:\/\/mikrofiltertechnik.de\/wp-content\/uploads\/2021\/04\/cropped-logo_vaficon.png\" \/>\n\t<meta property=\"og:image:width\" content=\"512\" \/>\n\t<meta property=\"og:image:height\" content=\"512\" \/>\n\t<meta property=\"og:image:type\" content=\"image\/png\" \/>\n<meta name=\"twitter:card\" content=\"summary_large_image\" \/>\n<meta name=\"twitter:label1\" content=\"Gesch\u00e4tzte Lesezeit\" \/>\n\t<meta name=\"twitter:data1\" content=\"3\u00a0Minuten\" \/>\n<script type=\"application\/ld+json\" class=\"yoast-schema-graph\">{\"@context\":\"https:\/\/schema.org\",\"@graph\":[{\"@type\":\"WebPage\",\"@id\":\"https:\/\/mikrofiltertechnik.de\/tankservice\/kraftstoffanlysen\",\"url\":\"https:\/\/mikrofiltertechnik.de\/tankservice\/kraftstoffanlysen\",\"name\":\"Kraftstoffanalysen - MFT Mikrofiltertechnik GmbH\",\"isPartOf\":{\"@id\":\"http:\/\/mikrofiltertechnik.de\/de\/#website\"},\"datePublished\":\"2021-04-23T08:44:57+00:00\",\"dateModified\":\"2023-03-09T06:17:15+00:00\",\"description\":\"MFT aus Geesthacht bietet Laboruntersuchung von Kraftstoffen auf Bakterien, Wasser, Gesamtverschmutzung, Lagerf\u00e4higkeit und vielen mehr.\",\"breadcrumb\":{\"@id\":\"https:\/\/mikrofiltertechnik.de\/tankservice\/kraftstoffanlysen#breadcrumb\"},\"inLanguage\":\"de\",\"potentialAction\":[{\"@type\":\"ReadAction\",\"target\":[\"https:\/\/mikrofiltertechnik.de\/tankservice\/kraftstoffanlysen\"]}]},{\"@type\":\"BreadcrumbList\",\"@id\":\"https:\/\/mikrofiltertechnik.de\/tankservice\/kraftstoffanlysen#breadcrumb\",\"itemListElement\":[{\"@type\":\"ListItem\",\"position\":1,\"name\":\"Startseite\",\"item\":\"https:\/\/mikrofiltertechnik.de\/\"},{\"@type\":\"ListItem\",\"position\":2,\"name\":\"Tankservice\",\"item\":\"http:\/\/mikrofiltertechnik.de\/de\/tankservice\"},{\"@type\":\"ListItem\",\"position\":3,\"name\":\"Analysen\"}]},{\"@type\":\"WebSite\",\"@id\":\"http:\/\/mikrofiltertechnik.de\/de\/#website\",\"url\":\"http:\/\/mikrofiltertechnik.de\/de\/\",\"name\":\"MFT Mikrofiltertechnik GmbH\",\"description\":\"Kompetenz in Diesel\",\"publisher\":{\"@id\":\"http:\/\/mikrofiltertechnik.de\/de\/#organization\"},\"potentialAction\":[{\"@type\":\"SearchAction\",\"target\":{\"@type\":\"EntryPoint\",\"urlTemplate\":\"http:\/\/mikrofiltertechnik.de\/de\/?s={search_term_string}\"},\"query-input\":{\"@type\":\"PropertyValueSpecification\",\"valueRequired\":true,\"valueName\":\"search_term_string\"}}],\"inLanguage\":\"de\"},{\"@type\":\"Organization\",\"@id\":\"http:\/\/mikrofiltertechnik.de\/de\/#organization\",\"name\":\"MFT Mikrofiltertechnik GmbH\",\"url\":\"http:\/\/mikrofiltertechnik.de\/de\/\",\"logo\":{\"@type\":\"ImageObject\",\"inLanguage\":\"de\",\"@id\":\"http:\/\/mikrofiltertechnik.de\/de\/#\/schema\/logo\/image\/\",\"url\":\"https:\/\/mikrofiltertechnik.de\/wp-content\/uploads\/2021\/04\/cropped-logo_vaficon.png\",\"contentUrl\":\"https:\/\/mikrofiltertechnik.de\/wp-content\/uploads\/2021\/04\/cropped-logo_vaficon.png\",\"width\":512,\"height\":512,\"caption\":\"MFT Mikrofiltertechnik GmbH\"},\"image\":{\"@id\":\"http:\/\/mikrofiltertechnik.de\/de\/#\/schema\/logo\/image\/\"}}]}<\/script>\n<!-- \/ Yoast SEO plugin. -->","yoast_head_json":{"title":"Kraftstoffanalysen - MFT Mikrofiltertechnik GmbH","description":"MFT aus Geesthacht bietet Laboruntersuchung von Kraftstoffen auf Bakterien, Wasser, Gesamtverschmutzung, Lagerf\u00e4higkeit und vielen mehr.","robots":{"index":"index","follow":"follow","max-snippet":"max-snippet:-1","max-image-preview":"max-image-preview:large","max-video-preview":"max-video-preview:-1"},"canonical":"https:\/\/mikrofiltertechnik.de\/de\/tankservice\/kraftstoffanlysen\/","og_locale":"de_DE","og_type":"article","og_title":"Kraftstoffanalysen - MFT Mikrofiltertechnik GmbH","og_description":"MFT aus Geesthacht bietet Laboruntersuchung von Kraftstoffen auf Bakterien, Wasser, Gesamtverschmutzung, Lagerf\u00e4higkeit und vielen mehr.","og_url":"https:\/\/mikrofiltertechnik.de\/de\/tankservice\/kraftstoffanlysen\/","og_site_name":"MFT Mikrofiltertechnik GmbH","article_modified_time":"2023-03-09T06:17:15+00:00","og_image":[{"width":512,"height":512,"url":"https:\/\/mikrofiltertechnik.de\/wp-content\/uploads\/2021\/04\/cropped-logo_vaficon.png","type":"image\/png"}],"twitter_card":"summary_large_image","twitter_misc":{"Gesch\u00e4tzte Lesezeit":"3\u00a0Minuten"},"schema":{"@context":"https:\/\/schema.org","@graph":[{"@type":"WebPage","@id":"https:\/\/mikrofiltertechnik.de\/tankservice\/kraftstoffanlysen","url":"https:\/\/mikrofiltertechnik.de\/tankservice\/kraftstoffanlysen","name":"Kraftstoffanalysen - MFT Mikrofiltertechnik GmbH","isPartOf":{"@id":"http:\/\/mikrofiltertechnik.de\/de\/#website"},"datePublished":"2021-04-23T08:44:57+00:00","dateModified":"2023-03-09T06:17:15+00:00","description":"MFT aus Geesthacht bietet Laboruntersuchung von Kraftstoffen auf Bakterien, Wasser, Gesamtverschmutzung, Lagerf\u00e4higkeit und vielen mehr.","breadcrumb":{"@id":"https:\/\/mikrofiltertechnik.de\/tankservice\/kraftstoffanlysen#breadcrumb"},"inLanguage":"de","potentialAction":[{"@type":"ReadAction","target":["https:\/\/mikrofiltertechnik.de\/tankservice\/kraftstoffanlysen"]}]},{"@type":"BreadcrumbList","@id":"https:\/\/mikrofiltertechnik.de\/tankservice\/kraftstoffanlysen#breadcrumb","itemListElement":[{"@type":"ListItem","position":1,"name":"Startseite","item":"https:\/\/mikrofiltertechnik.de\/"},{"@type":"ListItem","position":2,"name":"Tankservice","item":"http:\/\/mikrofiltertechnik.de\/de\/tankservice"},{"@type":"ListItem","position":3,"name":"Analysen"}]},{"@type":"WebSite","@id":"http:\/\/mikrofiltertechnik.de\/de\/#website","url":"http:\/\/mikrofiltertechnik.de\/de\/","name":"MFT Mikrofiltertechnik GmbH","description":"Kompetenz in Diesel","publisher":{"@id":"http:\/\/mikrofiltertechnik.de\/de\/#organization"},"potentialAction":[{"@type":"SearchAction","target":{"@type":"EntryPoint","urlTemplate":"http:\/\/mikrofiltertechnik.de\/de\/?s={search_term_string}"},"query-input":{"@type":"PropertyValueSpecification","valueRequired":true,"valueName":"search_term_string"}}],"inLanguage":"de"},{"@type":"Organization","@id":"http:\/\/mikrofiltertechnik.de\/de\/#organization","name":"MFT Mikrofiltertechnik GmbH","url":"http:\/\/mikrofiltertechnik.de\/de\/","logo":{"@type":"ImageObject","inLanguage":"de","@id":"http:\/\/mikrofiltertechnik.de\/de\/#\/schema\/logo\/image\/","url":"https:\/\/mikrofiltertechnik.de\/wp-content\/uploads\/2021\/04\/cropped-logo_vaficon.png","contentUrl":"https:\/\/mikrofiltertechnik.de\/wp-content\/uploads\/2021\/04\/cropped-logo_vaficon.png","width":512,"height":512,"caption":"MFT Mikrofiltertechnik GmbH"},"image":{"@id":"http:\/\/mikrofiltertechnik.de\/de\/#\/schema\/logo\/image\/"}}]}},"_links":{"self":[{"href":"https:\/\/mikrofiltertechnik.de\/de\/wp-json\/wp\/v2\/pages\/14062","targetHints":{"allow":["GET"]}}],"collection":[{"href":"https:\/\/mikrofiltertechnik.de\/de\/wp-json\/wp\/v2\/pages"}],"about":[{"href":"https:\/\/mikrofiltertechnik.de\/de\/wp-json\/wp\/v2\/types\/page"}],"author":[{"embeddable":true,"href":"https:\/\/mikrofiltertechnik.de\/de\/wp-json\/wp\/v2\/users\/1"}],"replies":[{"embeddable":true,"href":"https:\/\/mikrofiltertechnik.de\/de\/wp-json\/wp\/v2\/comments?post=14062"}],"version-history":[{"count":3,"href":"https:\/\/mikrofiltertechnik.de\/de\/wp-json\/wp\/v2\/pages\/14062\/revisions"}],"predecessor-version":[{"id":15630,"href":"https:\/\/mikrofiltertechnik.de\/de\/wp-json\/wp\/v2\/pages\/14062\/revisions\/15630"}],"up":[{"embeddable":true,"href":"https:\/\/mikrofiltertechnik.de\/de\/wp-json\/wp\/v2\/pages\/14453"}],"wp:attachment":[{"href":"https:\/\/mikrofiltertechnik.de\/de\/wp-json\/wp\/v2\/media?parent=14062"}],"curies":[{"name":"wp","href":"https:\/\/api.w.org\/{rel}","templated":true}]}}