{"id":14197,"date":"2021-04-26T20:49:06","date_gmt":"2021-04-26T20:49:06","guid":{"rendered":"http:\/\/mikrofiltertechnik.de\/?page_id=14197"},"modified":"2021-09-29T21:17:43","modified_gmt":"2021-09-29T19:17:43","slug":"entstehung","status":"publish","type":"page","link":"https:\/\/mikrofiltertechnik.de\/de\/dieselbakterien\/entstehung","title":{"rendered":"Entstehung"},"content":{"rendered":"<section class=\"vc_section\"><div class=\"vc_row wpb_row vc_row-fluid vc_column-gap-24 vc-container\"><div data-animation-delay=\"0\" data-parallax-speed=\"1.5\" class=\"wpb_column vc_column_container vc_col-sm-6\"><div class=\"vc_column-inner \" ><div class=\"wpb_wrapper\"><h1 id=\"et-animated-title-1\" class=\"et-animated-title et-clearfix  words-direct\" data-mobile-font=\"24px\" data-tablet-font=\"32px\" data-delay=\"0\" style=\"font-size:48px;font-weight:700;color:#212121;\"><span class=\"text-wrapper\"><span class=\"text\">Dieselbakterien im Tank<\/span><\/span><\/h1><div class=\"gap et-clearfix \" style=\"height:2px\"><\/div><h3 id=\"et-animated-title-2\" class=\"et-animated-title et-clearfix  letter-direct\" data-mobile-font=\"inherit\" data-tablet-font=\"inherit\" data-delay=\"0\" style=\"font-size:24px;font-weight:700;line-height:36px;color:#c73737;\"><span class=\"text-wrapper\"><span class=\"text\">MFT Mikrofiltertechnik GmbH<\/span><\/span><\/h3><div class=\"gap et-clearfix \" style=\"height:32px\"><\/div><div class=\"et-simple-braket-block-wrapper\"><style>#et-simple-braket-block-1 .braket-text {font-size:18px;font-weight:400;}#et-simple-braket-block-1 .braket > div  {background-color:#c73737;}<\/style><div id=\"et-simple-braket-block-1\" class=\"et-simple-braket-block \"><div class=\"braket\"><div><\/div><div><\/div><div><\/div><\/div><div class=\"braket-text\" data-mobile-font=\"inherit\" data-tablet-font=\"inherit\">Viele Kunden wenden sich an die MFT Mikrofiltertechnik GmbH aus Geesthacht bei Hamburg, da Ihr Kraftstofffilter verstopft ist, Motoren ausfallen oder Tanks verunreinigt sind. Verantwortlich daf\u00fcr sind Mikroorganismen, sogenannte Dieselbakterien.<\/p>\n<p>Aufgrund der Brisanz des Themas hat Ihnen die MFT Mikrofiltertechnik GmbH aus Geesthacht bei Hamburg Wissenswertes zur Entstehung von Dieselbakterien sowie M\u00f6glichkeiten der Bek\u00e4mpfung und Vorbeugung zusammengestellt. Jahrelange Erfahrung machen uns zu einem professionellen Ansprechpartner.<\/div><\/div><\/div><\/div><\/div><\/div><div data-animation-delay=\"0\" data-parallax-speed=\"1.5\" class=\"wpb_column vc_column_container vc_col-sm-6\"><div class=\"vc_column-inner \" ><div class=\"wpb_wrapper\"><div class=\"gap et-clearfix \" style=\"height:140px\"><\/div><div class=\"wpb_gallery wpb_content_element vc_clearfix\" ><div class=\"wpb_wrapper\"><div class=\"wpb_gallery_slides wpb_flexslider flexslider_fade flexslider\" data-interval=\"3\" data-flex_fx=\"fade\"><ul class=\"slides\"><li><a class=\"prettyphoto\" href=\"https:\/\/mikrofiltertechnik.de\/wp-content\/uploads\/2021\/09\/Entstehung-1.jpg\" data-rel=\"prettyPhoto[rel-14197-564174066]\"><img loading=\"lazy\" decoding=\"async\" width=\"911\" height=\"486\" src=\"https:\/\/mikrofiltertechnik.de\/wp-content\/uploads\/2021\/09\/Entstehung-1.jpg\" class=\"attachment-full\" alt=\"\" data-responsive-images=\"false\" \/><\/a><\/li><li><a class=\"prettyphoto\" href=\"https:\/\/mikrofiltertechnik.de\/wp-content\/uploads\/2021\/09\/Entstehung-2.jpg\" data-rel=\"prettyPhoto[rel-14197-564174066]\"><img loading=\"lazy\" decoding=\"async\" width=\"932\" height=\"516\" src=\"https:\/\/mikrofiltertechnik.de\/wp-content\/uploads\/2021\/09\/Entstehung-2.jpg\" class=\"attachment-full\" alt=\"\" data-responsive-images=\"false\" \/><\/a><\/li><li><a class=\"prettyphoto\" href=\"https:\/\/mikrofiltertechnik.de\/wp-content\/uploads\/2021\/09\/Entstehung-3.jpg\" data-rel=\"prettyPhoto[rel-14197-564174066]\"><img loading=\"lazy\" decoding=\"async\" width=\"904\" height=\"546\" src=\"https:\/\/mikrofiltertechnik.de\/wp-content\/uploads\/2021\/09\/Entstehung-3.jpg\" class=\"attachment-full\" alt=\"\" data-responsive-images=\"false\" \/><\/a><\/li><\/ul><\/div><\/div><\/div><\/div><\/div><\/div><\/div><div class=\"vc_row wpb_row vc_row-fluid vc_column-gap-24 vc-container\"><div data-animation-delay=\"0\" data-parallax-speed=\"1.5\" class=\"wpb_column vc_column_container vc_col-sm-12\"><div class=\"vc_column-inner \" ><div class=\"wpb_wrapper\"><div class=\"sep-wrap left   et-clearfix\" data-delay=\"0\"><div class=\"et-separator solid\" style=\"margin-top:24px;margin-bottom:10px;height:1px;width:100%;border-bottom-width:1px;border-bottom-style:solid;border-bottom-color:#e0e0e0;\"><\/div><\/div><\/div><\/div><\/div><\/div><div class=\"vc_row wpb_row vc_row-fluid vc_column-gap-16 vc-container\"><div data-animation-delay=\"0\" data-parallax-speed=\"1.5\" class=\"wpb_column vc_column_container vc_col-sm-6\"><div class=\"vc_column-inner \" ><div class=\"wpb_wrapper\"><div class=\"gap et-clearfix \" style=\"height:20px\"><\/div><h3 id=\"et-animated-title-3\" class=\"et-animated-title et-clearfix  letter-direct\" data-mobile-font=\"inherit\" data-tablet-font=\"inherit\" data-delay=\"200\" style=\"font-size:24px;font-weight:700;line-height:32px;color:#c73737;\"><span class=\"text-wrapper\"><span class=\"text\">Entstehung von Dieselbakterien im Tank<\/span><\/span><\/h3><div class=\"gap et-clearfix \" style=\"height:20px\"><\/div>\n\t<div class=\"wpb_text_column wpb_content_element \" >\n\t\t<div class=\"wpb_wrapper\">\n\t\t\t<p>F\u00fcr alles Leben auf der Erde sind Mikroorganismen von existenzieller Bedeutung. Sie geh\u00f6ren zu den ersten Lebewesen unseres Planeten und decken 70 Prozent der gesamten Biomasse ab. Eine herausragende Eigenschaft von Mikroorganismen ist, dass sie sich an alle Umgebungen, egal ob Hitze, K\u00e4lte, Strahlung oder Druck, anpassen und beinahe \u00fcberall lebensf\u00e4hig sind. F\u00fcr ein Wachstum sowie eine Vermehrung von Dieselbakterien sind der Wassergehalt im Tank, die vorherrschende Temperatur sowie die Nahrungsquelle entscheidend. Unter g\u00fcnstigen Bedingungen k\u00f6nnen sich Pilze, Bakterien und Hefen in Dieselkraftstoffen und Schmier\u00f6len vermehren. Kondenswasser sammelt sich durch Tag\/ Nacht-Atmung des Tanks am Tankboden und ist im Kraftstoff verteilt.<\/p>\n\n\t\t<\/div>\n\t<\/div>\n<h4 id=\"et-animated-title-4\" class=\"et-animated-title et-clearfix  letter-direct\" data-mobile-font=\"inherit\" data-tablet-font=\"inherit\" data-delay=\"200\" style=\"font-size:24px;font-weight:700;line-height:32px;color:#c73737;\"><span class=\"text-wrapper\"><span class=\"text\">Weitere Themen<\/span><\/span><\/h4><div class=\"gap et-clearfix \" style=\"height:20px\"><\/div><div class=\"vc_row wpb_row vc_inner vc_row-fluid vc_column-gap-0\"><div class=\"wpb_column vc_column_container vc_col-sm-6\"><div class=\"vc_column-inner\"><div class=\"wpb_wrapper\">\n\t<div class=\"wpb_text_column wpb_content_element \" >\n\t\t<div class=\"wpb_wrapper\">\n\t\t\t<div class=\"et-el-icon small \" style=\"color:#C73737;\"><span class=\"el-icon fa fa-arrow-circle-right animate-false\"><\/span><\/div> <a href=\"\/dieselbakterien\/erkennung\"><strong>Bakterien im Tank erkennen<\/strong><\/a><\/p>\n\n\t\t<\/div>\n\t<\/div>\n\n\t<div class=\"wpb_text_column wpb_content_element \" >\n\t\t<div class=\"wpb_wrapper\">\n\t\t\t<div class=\"et-el-icon small \" style=\"color:#C73737;\"><span class=\"el-icon fa fa-arrow-circle-right animate-false\"><\/span><\/div> <a href=\"\/dieselbakterien\/bekaempfung\"><strong>Bakterien im Tank bek\u00e4mpfen<\/strong><\/a><\/p>\n\n\t\t<\/div>\n\t<\/div>\n<\/div><\/div><\/div><div class=\"wpb_column vc_column_container vc_col-sm-6\"><div class=\"vc_column-inner\"><div class=\"wpb_wrapper\">\n\t<div class=\"wpb_text_column wpb_content_element \" >\n\t\t<div class=\"wpb_wrapper\">\n\t\t\t<div class=\"et-el-icon small \" style=\"color:#C73737;\"><span class=\"el-icon fa fa-arrow-circle-right animate-false\"><\/span><\/div> <a href=\"\/dieselbakterien\/entstehung\"><strong>Bakterien im Tank<\/strong><\/a><\/p>\n\n\t\t<\/div>\n\t<\/div>\n\n\t<div class=\"wpb_text_column wpb_content_element \" >\n\t\t<div class=\"wpb_wrapper\">\n\t\t\t<div class=\"et-el-icon small \" style=\"color:#C73737;\"><span class=\"el-icon fa fa-arrow-circle-right animate-false\"><\/span><\/div> <a href=\"http:\/\/mikrofiltertechnik.de\/tankreinigung\"><strong>Tankreinigung<\/strong><\/a><\/p>\n\n\t\t<\/div>\n\t<\/div>\n<\/div><\/div><\/div><\/div><\/div><\/div><\/div><div data-animation-delay=\"0\" data-parallax-speed=\"1.5\" class=\"wpb_column vc_column_container vc_col-sm-6\"><div class=\"vc_column-inner \" ><div class=\"wpb_wrapper\"><div class=\"gap et-clearfix \" style=\"height:70px\"><\/div>\n\t<div class=\"wpb_text_column wpb_content_element \" >\n\t\t<div class=\"wpb_wrapper\">\n\t\t\t<p>Dar\u00fcber hinaus sind chemisch gebundene Elemente wie Schwefel, Phosphor und Spurenelemente im Diesel ma\u00dfgeblich f\u00fcr das Wachstum.<\/p>\n<p>Die Ursache f\u00fcr das Vorhandensein der Dieselbakterien im Tank ist nicht eindeutig nachweisbar. Es besteht einerseits die M\u00f6glichkeit, sie beim Tanken aufzunehmen. Andererseits k\u00f6nnen sie auch erst hinzutreten, wenn sich der Kraftstoff bereits in Ihrem Tank befindet. Gelangen Mikroorganismen an die Grenzschicht von Dieselkraftstoff\/Wasser oder \u00d6l\/Wasser, ist es ihnen m\u00f6glich zu oxidieren, Keime zu bilden sowie zu wachsen.<\/p>\n<p>Sollte ihr Tank wasserfrei sein, werden Sie kein Problem mit Dieselbakterien bekommen.<\/p>\n\n\t\t<\/div>\n\t<\/div>\n\n\t<div class=\"wpb_text_column wpb_content_element \" >\n\t\t<div class=\"wpb_wrapper\">\n\t\t\t<p>Wenn Sie Ihren Kunden eine Adresse f\u00fcr Tankreinigung anbieten m\u00f6chten, gibt es im Downloadbereich einen Flyer zum ausdrucken.<\/p>\n\n\t\t<\/div>\n\t<\/div>\n<div class=\"vc_row wpb_row vc_inner vc_row-fluid vc_column-gap-0\"><div class=\"wpb_column vc_column_container vc_col-sm-6\"><div class=\"vc_column-inner\"><div class=\"wpb_wrapper\"><style>.vc_btn3-style-gradient-custom.vc_btn-gradient-btn-69e8cdb94e43b:hover{color: #ffffff;background-color: #c73737;border: none;background-position: 100% 0;}<\/style><style>.vc_btn3-style-gradient-custom.vc_btn-gradient-btn-69e8cdb94e43b{color: #ffffff;border: none;background-color: #c73737;background-image: -webkit-linear-gradient(left, #c73737 0%, #c73737 50%,#c73737 100%);background-image: linear-gradient(to right, #c73737 0%, #c73737 50%,#c73737 100%);-webkit-transition: all .2s ease-in-out;transition: all .2s ease-in-out;background-size: 200% 100%;}<\/style><div class=\"vc_btn3-container vc_btn3-inline\" ><a data-vc-gradient-1=\"#c73737\" data-vc-gradient-2=\"#c73737\" class=\"vc_general vc_btn3 vc_btn3-size-md vc_btn3-shape-rounded vc_btn3-style-gradient-custom vc_btn-gradient-btn-69e8cdb94e43b\" href=\"http:\/\/mikrofiltertechnik.de\/download\" title=\"Download\">Zu den Downlads<\/a><\/div><\/div><\/div><\/div><\/div><\/div><\/div><\/div><\/div><\/section><div id=\"background-position-75\" class=\"vc_row wpb_row vc_row-fluid vc_custom_1619096112336 vc_row-has-fill\"><div class=\"vc-container et-clearfix\"><div data-animation-delay=\"0\" data-parallax-speed=\"1.5\" class=\"wpb_column vc_column_container vc_col-sm-12\"><div class=\"vc_column-inner \" ><div class=\"wpb_wrapper\"><div class=\"gap et-clearfix hide767\" style=\"height:104px\"><\/div><div class=\"gap et-clearfix hide768\" style=\"height:24px\"><\/div><div class=\"et-ghost-title-wrapper\"><style>#et-ghost-title-1 {min-height:256px;padding-top:128px;}#et-ghost-title-1 .ghost-title {font-size:256px;line-height:256px;font-weight:700;color:rgba(0,0,0,0.1);left:-4px;}<\/style><div id=\"et-ghost-title-1\" class=\"et-ghost-title et-clearfix \" data-mobile-font=\"96px\" data-tablet-font=\"inherit\"><div class=\"ghost-title\">Shop<\/div><div class=\"ghost-content et-clearfix\"><h3 style=\"font-size: 70px;color: #ffffff;line-height: 70px;text-align: left\" class=\"vc_custom_heading\"  data-mobile-font=\"32px\" data-tablet-font=\"inherit\" >Hochwertige Kraftstoffzus\u00e4tze, Motor\u00f6le, Filtertechnik & vieles mehr.<\/h3><a target=\"_self\" href=\"#link\" id=\"et-inline-button-1\" style=\"color:#ffffff;\" class=\"et-inline-button inline-button-font-size has-icon  icon-position-right modal-false false\" data-color=\"#ffffff\" data-colorhover=\"#212121\"><span class=\"text\">Zu unserem Online Shop<span class=\"text-hover\" style=\"background:#212121;\"><\/span><\/span><span class=\"icon fa fa-angle-right\"><\/span><\/a><span class=\"et-gap-inline et-clearfix hide767\" style=\"width:40px\"><\/span><div class=\"gap et-clearfix hide768\" style=\"height:8px\"><\/div><\/div><\/div><\/div><div class=\"gap et-clearfix hide768\" style=\"height:48px\"><\/div><div class=\"gap et-clearfix hide767\" style=\"height:150px\"><\/div><\/div><\/div><\/div><\/div><\/div>\n","protected":false},"excerpt":{"rendered":"<p>Leverage agile frameworks to provide a robust synopsis for high level overviews. Iterative approaches to corporate strategy foster collaborative thinking to further the overall value proposition. Organically grow the holistic world view of disruptive innovation via workplace diversity and empowerment.<\/p>\n","protected":false},"author":1,"featured_media":0,"parent":14256,"menu_order":0,"comment_status":"closed","ping_status":"closed","template":"page-vc.php","meta":{"footnotes":""},"class_list":["post-14197","page","type-page","status-publish","hentry"],"yoast_head":"<!-- This site is optimized with the Yoast SEO plugin v23.5 - https:\/\/yoast.com\/wordpress\/plugins\/seo\/ -->\n<title>Entstehung von Dieselbakterien und Dieselpest - MFT Mikrofiltertechnik<\/title>\n<meta name=\"description\" content=\"Verstopfte Kraftstofffilter, ausfallende Motoren und Schlammablagerungen im Dieseltank sind Folgen von Bakterien - doch wie entstehen Sie?\" \/>\n<meta name=\"robots\" content=\"index, follow, max-snippet:-1, max-image-preview:large, max-video-preview:-1\" \/>\n<link rel=\"canonical\" href=\"https:\/\/mikrofiltertechnik.de\/de\/dieselbakterien\/entstehung\" \/>\n<meta property=\"og:locale\" content=\"de_DE\" \/>\n<meta property=\"og:type\" content=\"article\" \/>\n<meta property=\"og:title\" content=\"Entstehung von Dieselbakterien und Dieselpest - MFT Mikrofiltertechnik\" \/>\n<meta property=\"og:description\" content=\"Verstopfte Kraftstofffilter, ausfallende Motoren und Schlammablagerungen im Dieseltank sind Folgen von Bakterien - doch wie entstehen Sie?\" \/>\n<meta property=\"og:url\" content=\"https:\/\/mikrofiltertechnik.de\/de\/dieselbakterien\/entstehung\" \/>\n<meta property=\"og:site_name\" content=\"MFT Mikrofiltertechnik GmbH\" \/>\n<meta property=\"article:modified_time\" content=\"2021-09-29T19:17:43+00:00\" \/>\n<meta property=\"og:image\" content=\"https:\/\/mikrofiltertechnik.de\/wp-content\/uploads\/2021\/04\/cropped-logo_vaficon.png\" \/>\n\t<meta property=\"og:image:width\" content=\"512\" \/>\n\t<meta property=\"og:image:height\" content=\"512\" \/>\n\t<meta property=\"og:image:type\" content=\"image\/png\" \/>\n<meta name=\"twitter:card\" content=\"summary_large_image\" \/>\n<meta name=\"twitter:label1\" content=\"Gesch\u00e4tzte Lesezeit\" \/>\n\t<meta name=\"twitter:data1\" content=\"4\u00a0Minuten\" \/>\n<script type=\"application\/ld+json\" class=\"yoast-schema-graph\">{\"@context\":\"https:\/\/schema.org\",\"@graph\":[{\"@type\":\"WebPage\",\"@id\":\"https:\/\/mikrofiltertechnik.de\/de\/dieselbakterien\/entstehung\",\"url\":\"https:\/\/mikrofiltertechnik.de\/de\/dieselbakterien\/entstehung\",\"name\":\"Entstehung von Dieselbakterien und Dieselpest - MFT Mikrofiltertechnik\",\"isPartOf\":{\"@id\":\"http:\/\/mikrofiltertechnik.de\/de\/#website\"},\"datePublished\":\"2021-04-26T20:49:06+00:00\",\"dateModified\":\"2021-09-29T19:17:43+00:00\",\"description\":\"Verstopfte Kraftstofffilter, ausfallende Motoren und Schlammablagerungen im Dieseltank sind Folgen von Bakterien - doch wie entstehen Sie?\",\"breadcrumb\":{\"@id\":\"https:\/\/mikrofiltertechnik.de\/de\/dieselbakterien\/entstehung#breadcrumb\"},\"inLanguage\":\"de\",\"potentialAction\":[{\"@type\":\"ReadAction\",\"target\":[\"https:\/\/mikrofiltertechnik.de\/de\/dieselbakterien\/entstehung\"]}]},{\"@type\":\"BreadcrumbList\",\"@id\":\"https:\/\/mikrofiltertechnik.de\/de\/dieselbakterien\/entstehung#breadcrumb\",\"itemListElement\":[{\"@type\":\"ListItem\",\"position\":1,\"name\":\"Startseite\",\"item\":\"https:\/\/mikrofiltertechnik.de\/\"},{\"@type\":\"ListItem\",\"position\":2,\"name\":\"Dieselbakterien\",\"item\":\"https:\/\/mikrofiltertechnik.de\/de\/dieselbakterien\"},{\"@type\":\"ListItem\",\"position\":3,\"name\":\"Entstehung\"}]},{\"@type\":\"WebSite\",\"@id\":\"http:\/\/mikrofiltertechnik.de\/de\/#website\",\"url\":\"http:\/\/mikrofiltertechnik.de\/de\/\",\"name\":\"MFT Mikrofiltertechnik GmbH\",\"description\":\"Kompetenz in Diesel\",\"publisher\":{\"@id\":\"http:\/\/mikrofiltertechnik.de\/de\/#organization\"},\"potentialAction\":[{\"@type\":\"SearchAction\",\"target\":{\"@type\":\"EntryPoint\",\"urlTemplate\":\"http:\/\/mikrofiltertechnik.de\/de\/?s={search_term_string}\"},\"query-input\":{\"@type\":\"PropertyValueSpecification\",\"valueRequired\":true,\"valueName\":\"search_term_string\"}}],\"inLanguage\":\"de\"},{\"@type\":\"Organization\",\"@id\":\"http:\/\/mikrofiltertechnik.de\/de\/#organization\",\"name\":\"MFT Mikrofiltertechnik GmbH\",\"url\":\"http:\/\/mikrofiltertechnik.de\/de\/\",\"logo\":{\"@type\":\"ImageObject\",\"inLanguage\":\"de\",\"@id\":\"http:\/\/mikrofiltertechnik.de\/de\/#\/schema\/logo\/image\/\",\"url\":\"https:\/\/mikrofiltertechnik.de\/wp-content\/uploads\/2021\/04\/cropped-logo_vaficon.png\",\"contentUrl\":\"https:\/\/mikrofiltertechnik.de\/wp-content\/uploads\/2021\/04\/cropped-logo_vaficon.png\",\"width\":512,\"height\":512,\"caption\":\"MFT Mikrofiltertechnik GmbH\"},\"image\":{\"@id\":\"http:\/\/mikrofiltertechnik.de\/de\/#\/schema\/logo\/image\/\"}}]}<\/script>\n<!-- \/ Yoast SEO plugin. -->","yoast_head_json":{"title":"Entstehung von Dieselbakterien und Dieselpest - MFT Mikrofiltertechnik","description":"Verstopfte Kraftstofffilter, ausfallende Motoren und Schlammablagerungen im Dieseltank sind Folgen von Bakterien - doch wie entstehen Sie?","robots":{"index":"index","follow":"follow","max-snippet":"max-snippet:-1","max-image-preview":"max-image-preview:large","max-video-preview":"max-video-preview:-1"},"canonical":"https:\/\/mikrofiltertechnik.de\/de\/dieselbakterien\/entstehung","og_locale":"de_DE","og_type":"article","og_title":"Entstehung von Dieselbakterien und Dieselpest - MFT Mikrofiltertechnik","og_description":"Verstopfte Kraftstofffilter, ausfallende Motoren und Schlammablagerungen im Dieseltank sind Folgen von Bakterien - doch wie entstehen Sie?","og_url":"https:\/\/mikrofiltertechnik.de\/de\/dieselbakterien\/entstehung","og_site_name":"MFT Mikrofiltertechnik GmbH","article_modified_time":"2021-09-29T19:17:43+00:00","og_image":[{"width":512,"height":512,"url":"https:\/\/mikrofiltertechnik.de\/wp-content\/uploads\/2021\/04\/cropped-logo_vaficon.png","type":"image\/png"}],"twitter_card":"summary_large_image","twitter_misc":{"Gesch\u00e4tzte Lesezeit":"4\u00a0Minuten"},"schema":{"@context":"https:\/\/schema.org","@graph":[{"@type":"WebPage","@id":"https:\/\/mikrofiltertechnik.de\/de\/dieselbakterien\/entstehung","url":"https:\/\/mikrofiltertechnik.de\/de\/dieselbakterien\/entstehung","name":"Entstehung von Dieselbakterien und Dieselpest - MFT Mikrofiltertechnik","isPartOf":{"@id":"http:\/\/mikrofiltertechnik.de\/de\/#website"},"datePublished":"2021-04-26T20:49:06+00:00","dateModified":"2021-09-29T19:17:43+00:00","description":"Verstopfte Kraftstofffilter, ausfallende Motoren und Schlammablagerungen im Dieseltank sind Folgen von Bakterien - doch wie entstehen Sie?","breadcrumb":{"@id":"https:\/\/mikrofiltertechnik.de\/de\/dieselbakterien\/entstehung#breadcrumb"},"inLanguage":"de","potentialAction":[{"@type":"ReadAction","target":["https:\/\/mikrofiltertechnik.de\/de\/dieselbakterien\/entstehung"]}]},{"@type":"BreadcrumbList","@id":"https:\/\/mikrofiltertechnik.de\/de\/dieselbakterien\/entstehung#breadcrumb","itemListElement":[{"@type":"ListItem","position":1,"name":"Startseite","item":"https:\/\/mikrofiltertechnik.de\/"},{"@type":"ListItem","position":2,"name":"Dieselbakterien","item":"https:\/\/mikrofiltertechnik.de\/de\/dieselbakterien"},{"@type":"ListItem","position":3,"name":"Entstehung"}]},{"@type":"WebSite","@id":"http:\/\/mikrofiltertechnik.de\/de\/#website","url":"http:\/\/mikrofiltertechnik.de\/de\/","name":"MFT Mikrofiltertechnik GmbH","description":"Kompetenz in Diesel","publisher":{"@id":"http:\/\/mikrofiltertechnik.de\/de\/#organization"},"potentialAction":[{"@type":"SearchAction","target":{"@type":"EntryPoint","urlTemplate":"http:\/\/mikrofiltertechnik.de\/de\/?s={search_term_string}"},"query-input":{"@type":"PropertyValueSpecification","valueRequired":true,"valueName":"search_term_string"}}],"inLanguage":"de"},{"@type":"Organization","@id":"http:\/\/mikrofiltertechnik.de\/de\/#organization","name":"MFT Mikrofiltertechnik GmbH","url":"http:\/\/mikrofiltertechnik.de\/de\/","logo":{"@type":"ImageObject","inLanguage":"de","@id":"http:\/\/mikrofiltertechnik.de\/de\/#\/schema\/logo\/image\/","url":"https:\/\/mikrofiltertechnik.de\/wp-content\/uploads\/2021\/04\/cropped-logo_vaficon.png","contentUrl":"https:\/\/mikrofiltertechnik.de\/wp-content\/uploads\/2021\/04\/cropped-logo_vaficon.png","width":512,"height":512,"caption":"MFT Mikrofiltertechnik GmbH"},"image":{"@id":"http:\/\/mikrofiltertechnik.de\/de\/#\/schema\/logo\/image\/"}}]}},"_links":{"self":[{"href":"https:\/\/mikrofiltertechnik.de\/de\/wp-json\/wp\/v2\/pages\/14197","targetHints":{"allow":["GET"]}}],"collection":[{"href":"https:\/\/mikrofiltertechnik.de\/de\/wp-json\/wp\/v2\/pages"}],"about":[{"href":"https:\/\/mikrofiltertechnik.de\/de\/wp-json\/wp\/v2\/types\/page"}],"author":[{"embeddable":true,"href":"https:\/\/mikrofiltertechnik.de\/de\/wp-json\/wp\/v2\/users\/1"}],"replies":[{"embeddable":true,"href":"https:\/\/mikrofiltertechnik.de\/de\/wp-json\/wp\/v2\/comments?post=14197"}],"version-history":[{"count":0,"href":"https:\/\/mikrofiltertechnik.de\/de\/wp-json\/wp\/v2\/pages\/14197\/revisions"}],"up":[{"embeddable":true,"href":"https:\/\/mikrofiltertechnik.de\/de\/wp-json\/wp\/v2\/pages\/14256"}],"wp:attachment":[{"href":"https:\/\/mikrofiltertechnik.de\/de\/wp-json\/wp\/v2\/media?parent=14197"}],"curies":[{"name":"wp","href":"https:\/\/api.w.org\/{rel}","templated":true}]}}