{"id":14219,"date":"2021-04-26T21:33:10","date_gmt":"2021-04-26T21:33:10","guid":{"rendered":"http:\/\/mikrofiltertechnik.de\/?page_id=14219"},"modified":"2021-09-29T21:23:13","modified_gmt":"2021-09-29T19:23:13","slug":"erkennung","status":"publish","type":"page","link":"https:\/\/mikrofiltertechnik.de\/de\/dieselbakterien\/erkennung","title":{"rendered":"Erkennung"},"content":{"rendered":"<section class=\"vc_section\"><div class=\"vc_row wpb_row vc_row-fluid vc_column-gap-24 vc-container\"><div data-animation-delay=\"0\" data-parallax-speed=\"1.5\" class=\"wpb_column vc_column_container vc_col-sm-6\"><div class=\"vc_column-inner \" ><div class=\"wpb_wrapper\"><h1 id=\"et-animated-title-1\" class=\"et-animated-title et-clearfix  words-direct\" data-mobile-font=\"24px\" data-tablet-font=\"32px\" data-delay=\"0\" style=\"font-size:48px;font-weight:700;color:#212121;\"><span class=\"text-wrapper\"><span class=\"text\">Bakterien im Tank erkennen<\/span><\/span><\/h1><div class=\"gap et-clearfix \" style=\"height:2px\"><\/div><h3 id=\"et-animated-title-2\" class=\"et-animated-title et-clearfix  letter-direct\" data-mobile-font=\"inherit\" data-tablet-font=\"inherit\" data-delay=\"0\" style=\"font-size:24px;font-weight:700;line-height:36px;color:#c73737;\"><span class=\"text-wrapper\"><span class=\"text\">Mikrofiltertechnik Hamburg<\/span><\/span><\/h3><div class=\"gap et-clearfix \" style=\"height:32px\"><\/div><div class=\"et-simple-braket-block-wrapper\"><style>#et-simple-braket-block-1 .braket-text {font-size:18px;font-weight:400;}#et-simple-braket-block-1 .braket > div  {background-color:#c73737;}<\/style><div id=\"et-simple-braket-block-1\" class=\"et-simple-braket-block \"><div class=\"braket\"><div><\/div><div><\/div><div><\/div><\/div><div class=\"braket-text\" data-mobile-font=\"inherit\" data-tablet-font=\"inherit\">Die Voraussetzungen f\u00fcr einen gut funktionierenden Motor sind bekannt: K\u00fchlwasser, Motor\u00f6l, Elektrizit\u00e4t, Luft und Kraftstoff. Ist eine dieser Komponenten beeintr\u00e4chtigt, kann es zum Ausfallen des Motors kommen. In den meisten F\u00e4llen l\u00e4sst sich die Ursache f\u00fcr einen Motorenausfall relativ leicht bestimmen: Verstopfung des Kraftstofffilters. Diese kann infolge anorganischer Masse auftreten: Am Boden des Tanks setzen sich Staub, R\u00fcckst\u00e4nde aus Schl\u00e4uchen durch Biodieseleinwirkung, Alterungsr\u00fcckst\u00e4nde aus chemischen Prozessen, Rost oder Fremdstoffe ab. Auch organische Masse wie Bakterien im Diesel f\u00fchren zu Motorausf\u00e4llen.<\/div><\/div><\/div><\/div><\/div><\/div><div data-animation-delay=\"0\" data-parallax-speed=\"1.5\" class=\"wpb_column vc_column_container vc_col-sm-6\"><div class=\"vc_column-inner \" ><div class=\"wpb_wrapper\"><div class=\"gap et-clearfix \" style=\"height:140px\"><\/div><div class=\"wpb_gallery wpb_content_element vc_clearfix\" ><div class=\"wpb_wrapper\"><div class=\"wpb_gallery_slides wpb_flexslider flexslider_fade flexslider\" data-interval=\"3\" data-flex_fx=\"fade\"><ul class=\"slides\"><li><a class=\"prettyphoto\" href=\"https:\/\/mikrofiltertechnik.de\/wp-content\/uploads\/2021\/09\/Erkennen-1-1024x768.jpg\" data-rel=\"prettyPhoto[rel-14219-4082588907]\"><img loading=\"lazy\" decoding=\"async\" width=\"2560\" height=\"1920\" src=\"https:\/\/mikrofiltertechnik.de\/wp-content\/uploads\/2021\/09\/Erkennen-1-scaled.jpg\" class=\"attachment-full\" alt=\"\" data-responsive-images=\"false\" \/><\/a><\/li><li><a class=\"prettyphoto\" href=\"https:\/\/mikrofiltertechnik.de\/wp-content\/uploads\/2021\/09\/Tankinspektion-e1632469439988.jpg\" data-rel=\"prettyPhoto[rel-14219-4082588907]\"><img loading=\"lazy\" decoding=\"async\" width=\"719\" height=\"540\" src=\"https:\/\/mikrofiltertechnik.de\/wp-content\/uploads\/2021\/09\/Tankinspektion-e1632469439988.jpg\" class=\"attachment-full\" alt=\"\" data-responsive-images=\"false\" \/><\/a><\/li><\/ul><\/div><\/div><\/div><\/div><\/div><\/div><\/div><div class=\"vc_row wpb_row vc_row-fluid vc_column-gap-24 vc-container\"><div data-animation-delay=\"0\" data-parallax-speed=\"1.5\" class=\"wpb_column vc_column_container vc_col-sm-12\"><div class=\"vc_column-inner \" ><div class=\"wpb_wrapper\"><div class=\"sep-wrap left   et-clearfix\" data-delay=\"0\"><div class=\"et-separator solid\" style=\"margin-top:24px;margin-bottom:10px;height:1px;width:100%;border-bottom-width:1px;border-bottom-style:solid;border-bottom-color:#e0e0e0;\"><\/div><\/div><\/div><\/div><\/div><\/div><div class=\"vc_row wpb_row vc_row-fluid vc_column-gap-16 vc-container\"><div data-animation-delay=\"0\" data-parallax-speed=\"1.5\" class=\"wpb_column vc_column_container vc_col-sm-6\"><div class=\"vc_column-inner \" ><div class=\"wpb_wrapper\"><div class=\"gap et-clearfix \" style=\"height:20px\"><\/div><h3 id=\"et-animated-title-3\" class=\"et-animated-title et-clearfix  letter-direct\" data-mobile-font=\"inherit\" data-tablet-font=\"inherit\" data-delay=\"200\" style=\"font-size:24px;font-weight:700;line-height:32px;color:#c73737;\"><span class=\"text-wrapper\"><span class=\"text\">Anzeichen f\u00fcr von Bakterien im Tank<\/span><\/span><\/h3><div class=\"gap et-clearfix \" style=\"height:20px\"><\/div>\n\t<div class=\"wpb_text_column wpb_content_element \" >\n\t\t<div class=\"wpb_wrapper\">\n\t\t\t<p>Wenn im Filter schwarzer, brauner oder vereinzelt wei\u00dfer Schleim zu sehen ist, haben Sie die Best\u00e4tigung, dass sich in Ihrem Tank Bakterien bereits als zusammenh\u00e4ngende Strukturen befinden. Handelt es sich um kleine, einzelne Kr\u00fcmel, ist dies meist kein Hinweis auf einen Bakterienbefall. Im Einzelfall handelt es sich um abgestorbene Mikroorganismen und Bakterien.<\/p>\n<p>Mit dem Hinzugeben von gegenw\u00e4rtig sieben Prozent Biodiesel kann ein h\u00f6herer Wasseranteil im Diesel erreicht werden, da sich Wasser und Diesel langsamer voneinander trennen. Dies erh\u00f6ht die Wahrscheinlichkeit einer Verkeimung durch Bakterien im Tank. Einige wenige Mikroorganismen werden dadurch in den Filter transportiert, der seinerseits feucht wird und den Bakterien einen g\u00fcnstigen Lebensraum bietet.<br \/>\nEine spontane Filterverstopfung hat allerdings nicht zwangsl\u00e4ufig etwas mit Dreck im Tank zu tun.<\/p>\n\n\t\t<\/div>\n\t<\/div>\n<h4 id=\"et-animated-title-4\" class=\"et-animated-title et-clearfix  letter-direct\" data-mobile-font=\"inherit\" data-tablet-font=\"inherit\" data-delay=\"200\" style=\"font-size:24px;font-weight:700;line-height:32px;color:#c73737;\"><span class=\"text-wrapper\"><span class=\"text\">Weitere Themen<\/span><\/span><\/h4><div class=\"gap et-clearfix \" style=\"height:20px\"><\/div><div class=\"vc_row wpb_row vc_inner vc_row-fluid vc_column-gap-0\"><div class=\"wpb_column vc_column_container vc_col-sm-6\"><div class=\"vc_column-inner\"><div class=\"wpb_wrapper\">\n\t<div class=\"wpb_text_column wpb_content_element \" >\n\t\t<div class=\"wpb_wrapper\">\n\t\t\t<div class=\"et-el-icon small \" style=\"color:#C73737;\"><span class=\"el-icon fa fa-arrow-circle-right animate-false\"><\/span><\/div> <a href=\"\/dieselbakterien\/erkennung\"><strong>Bakterien im Tank erkennen<\/strong><\/a><\/p>\n\n\t\t<\/div>\n\t<\/div>\n\n\t<div class=\"wpb_text_column wpb_content_element \" >\n\t\t<div class=\"wpb_wrapper\">\n\t\t\t<div class=\"et-el-icon small \" style=\"color:#C73737;\"><span class=\"el-icon fa fa-arrow-circle-right animate-false\"><\/span><\/div> <a href=\"\/dieselbakterien\/bekaempfung\"><strong>Bakterien im Tank bek\u00e4mpfen<\/strong><\/a><\/p>\n\n\t\t<\/div>\n\t<\/div>\n<\/div><\/div><\/div><div class=\"wpb_column vc_column_container vc_col-sm-6\"><div class=\"vc_column-inner\"><div class=\"wpb_wrapper\">\n\t<div class=\"wpb_text_column wpb_content_element \" >\n\t\t<div class=\"wpb_wrapper\">\n\t\t\t<div class=\"et-el-icon small \" style=\"color:#C73737;\"><span class=\"el-icon fa fa-arrow-circle-right animate-false\"><\/span><\/div> <a href=\"\/dieselbakterien\/entstehung\"><strong>Bakterien im Tank<\/strong><\/a><\/p>\n\n\t\t<\/div>\n\t<\/div>\n\n\t<div class=\"wpb_text_column wpb_content_element \" >\n\t\t<div class=\"wpb_wrapper\">\n\t\t\t<div class=\"et-el-icon small \" style=\"color:#C73737;\"><span class=\"el-icon fa fa-arrow-circle-right animate-false\"><\/span><\/div> <a href=\"http:\/\/mikrofiltertechnik.de\/tankreinigung\"><strong>Tankreinigung<\/strong><\/a><\/p>\n\n\t\t<\/div>\n\t<\/div>\n<\/div><\/div><\/div><\/div><\/div><\/div><\/div><div data-animation-delay=\"0\" data-parallax-speed=\"1.5\" class=\"wpb_column vc_column_container vc_col-sm-6\"><div class=\"vc_column-inner \" ><div class=\"wpb_wrapper\"><div class=\"gap et-clearfix \" style=\"height:70px\"><\/div>\n\t<div class=\"wpb_text_column wpb_content_element \" >\n\t\t<div class=\"wpb_wrapper\">\n\t\t\t<p>Unabh\u00e4ngig von den Ursachen ist es n\u00f6tig, mittels einer \u00d6ffnung direkt in den Tank zu schauen. Zu diesem Zweck f\u00fchrt die MFT Mikrofiltertechnik GmbH aus Hamburg sogenannte Kamerainspektion durch. Eine kleine Kamera wird in den Tank gef\u00fchrt und liefert Bilder an ein mobiles Ger\u00e4t. Auf diesem k\u00f6nnen Sie sehen, ob sich die Bakterien bereits am Grund des Tanks abgelagert haben.<\/p>\n<p>N\u00e4here Informationen zur <a href=\"http:\/\/mikrofiltertechnik.de\/tankservice\/tankinspektion\">Tankinspektion<\/a> finden Sie auf unserer Webseite oder wenden Sie sich an die Ansprechpartner der MFT Mikrofiltertechnik GmbH aus Geesthacht nahe Hamburg.<\/p>\n<p>Einfach und zuverl\u00e4ssig k\u00f6nnen Sie Dieselkraftstoff auch mit mikrocount\u00ae fuel testen. Das Produkt finden Sie im <a href=\"http:\/\/mikrofiltertechnik.de\/produkt\/micro-monitor-gmf\">Online-Shop<\/a> der MFT Mikrofiltertechnik GmbH nahe Hamburg.<\/p>\n\n\t\t<\/div>\n\t<\/div>\n<\/div><\/div><\/div><\/div><\/section><div id=\"background-position-75\" class=\"vc_row wpb_row vc_row-fluid vc_custom_1619096112336 vc_row-has-fill\"><div class=\"vc-container et-clearfix\"><div data-animation-delay=\"0\" data-parallax-speed=\"1.5\" class=\"wpb_column vc_column_container vc_col-sm-12\"><div class=\"vc_column-inner \" ><div class=\"wpb_wrapper\"><div class=\"gap et-clearfix hide767\" style=\"height:104px\"><\/div><div class=\"gap et-clearfix hide768\" style=\"height:24px\"><\/div><div class=\"et-ghost-title-wrapper\"><style>#et-ghost-title-1 {min-height:256px;padding-top:128px;}#et-ghost-title-1 .ghost-title {font-size:256px;line-height:256px;font-weight:700;color:rgba(0,0,0,0.1);left:-4px;}<\/style><div id=\"et-ghost-title-1\" class=\"et-ghost-title et-clearfix \" data-mobile-font=\"96px\" data-tablet-font=\"inherit\"><div class=\"ghost-title\">Shop<\/div><div class=\"ghost-content et-clearfix\"><h3 style=\"font-size: 70px;color: #ffffff;line-height: 70px;text-align: left\" class=\"vc_custom_heading\"  data-mobile-font=\"32px\" data-tablet-font=\"inherit\" >Hochwertige Kraftstoffzus\u00e4tze, Motor\u00f6le, Filtertechnik & vieles mehr.<\/h3><a target=\"_self\" href=\"#link\" id=\"et-inline-button-1\" style=\"color:#ffffff;\" class=\"et-inline-button inline-button-font-size has-icon  icon-position-right modal-false false\" data-color=\"#ffffff\" data-colorhover=\"#212121\"><span class=\"text\">Zu unserem Online Shop<span class=\"text-hover\" style=\"background:#212121;\"><\/span><\/span><span class=\"icon fa fa-angle-right\"><\/span><\/a><span class=\"et-gap-inline et-clearfix hide767\" style=\"width:40px\"><\/span><div class=\"gap et-clearfix hide768\" style=\"height:8px\"><\/div><\/div><\/div><\/div><div class=\"gap et-clearfix hide768\" style=\"height:48px\"><\/div><div class=\"gap et-clearfix hide767\" style=\"height:150px\"><\/div><\/div><\/div><\/div><\/div><\/div>\n","protected":false},"excerpt":{"rendered":"<p>Leverage agile frameworks to provide a robust synopsis for high level overviews. Iterative approaches to corporate strategy foster collaborative thinking to further the overall value proposition. Organically grow the holistic world view of disruptive innovation via workplace diversity and empowerment.<\/p>\n","protected":false},"author":1,"featured_media":0,"parent":14256,"menu_order":0,"comment_status":"closed","ping_status":"closed","template":"page-vc.php","meta":{"footnotes":""},"class_list":["post-14219","page","type-page","status-publish","hentry"],"yoast_head":"<!-- This site is optimized with the Yoast SEO plugin v23.5 - https:\/\/yoast.com\/wordpress\/plugins\/seo\/ -->\n<title>Bakterien im Dieseltank erkennen - MFT Mikrofiltertechnik GmbH<\/title>\n<meta name=\"description\" content=\"Schwarzer, brauner oder vereinzelt wei\u00dfer Schlamm im Kraftstofffilter ist die Best\u00e4tigung das Bakterien im Dieseltank vorhanden sind.\" \/>\n<meta name=\"robots\" content=\"index, follow, max-snippet:-1, max-image-preview:large, max-video-preview:-1\" \/>\n<link rel=\"canonical\" href=\"https:\/\/mikrofiltertechnik.de\/de\/dieselbakterien\/erkennung\" \/>\n<meta property=\"og:locale\" content=\"de_DE\" \/>\n<meta property=\"og:type\" content=\"article\" \/>\n<meta property=\"og:title\" content=\"Bakterien im Dieseltank erkennen - MFT Mikrofiltertechnik GmbH\" \/>\n<meta property=\"og:description\" content=\"Schwarzer, brauner oder vereinzelt wei\u00dfer Schlamm im Kraftstofffilter ist die Best\u00e4tigung das Bakterien im Dieseltank vorhanden sind.\" \/>\n<meta property=\"og:url\" content=\"https:\/\/mikrofiltertechnik.de\/de\/dieselbakterien\/erkennung\" \/>\n<meta property=\"og:site_name\" content=\"MFT Mikrofiltertechnik GmbH\" \/>\n<meta property=\"article:modified_time\" content=\"2021-09-29T19:23:13+00:00\" \/>\n<meta property=\"og:image\" content=\"https:\/\/mikrofiltertechnik.de\/wp-content\/uploads\/2021\/04\/cropped-logo_vaficon.png\" \/>\n\t<meta property=\"og:image:width\" content=\"512\" \/>\n\t<meta property=\"og:image:height\" content=\"512\" \/>\n\t<meta property=\"og:image:type\" content=\"image\/png\" \/>\n<meta name=\"twitter:card\" content=\"summary_large_image\" \/>\n<meta name=\"twitter:label1\" content=\"Gesch\u00e4tzte Lesezeit\" \/>\n\t<meta name=\"twitter:data1\" content=\"4\u00a0Minuten\" \/>\n<script type=\"application\/ld+json\" class=\"yoast-schema-graph\">{\"@context\":\"https:\/\/schema.org\",\"@graph\":[{\"@type\":\"WebPage\",\"@id\":\"https:\/\/mikrofiltertechnik.de\/de\/dieselbakterien\/erkennung\",\"url\":\"https:\/\/mikrofiltertechnik.de\/de\/dieselbakterien\/erkennung\",\"name\":\"Bakterien im Dieseltank erkennen - MFT Mikrofiltertechnik GmbH\",\"isPartOf\":{\"@id\":\"http:\/\/mikrofiltertechnik.de\/de\/#website\"},\"datePublished\":\"2021-04-26T21:33:10+00:00\",\"dateModified\":\"2021-09-29T19:23:13+00:00\",\"description\":\"Schwarzer, brauner oder vereinzelt wei\u00dfer Schlamm im Kraftstofffilter ist die Best\u00e4tigung das Bakterien im Dieseltank vorhanden sind.\",\"breadcrumb\":{\"@id\":\"https:\/\/mikrofiltertechnik.de\/de\/dieselbakterien\/erkennung#breadcrumb\"},\"inLanguage\":\"de\",\"potentialAction\":[{\"@type\":\"ReadAction\",\"target\":[\"https:\/\/mikrofiltertechnik.de\/de\/dieselbakterien\/erkennung\"]}]},{\"@type\":\"BreadcrumbList\",\"@id\":\"https:\/\/mikrofiltertechnik.de\/de\/dieselbakterien\/erkennung#breadcrumb\",\"itemListElement\":[{\"@type\":\"ListItem\",\"position\":1,\"name\":\"Startseite\",\"item\":\"https:\/\/mikrofiltertechnik.de\/\"},{\"@type\":\"ListItem\",\"position\":2,\"name\":\"Dieselbakterien\",\"item\":\"https:\/\/mikrofiltertechnik.de\/de\/dieselbakterien\"},{\"@type\":\"ListItem\",\"position\":3,\"name\":\"Erkennung\"}]},{\"@type\":\"WebSite\",\"@id\":\"http:\/\/mikrofiltertechnik.de\/de\/#website\",\"url\":\"http:\/\/mikrofiltertechnik.de\/de\/\",\"name\":\"MFT Mikrofiltertechnik GmbH\",\"description\":\"Kompetenz in Diesel\",\"publisher\":{\"@id\":\"http:\/\/mikrofiltertechnik.de\/de\/#organization\"},\"potentialAction\":[{\"@type\":\"SearchAction\",\"target\":{\"@type\":\"EntryPoint\",\"urlTemplate\":\"http:\/\/mikrofiltertechnik.de\/de\/?s={search_term_string}\"},\"query-input\":{\"@type\":\"PropertyValueSpecification\",\"valueRequired\":true,\"valueName\":\"search_term_string\"}}],\"inLanguage\":\"de\"},{\"@type\":\"Organization\",\"@id\":\"http:\/\/mikrofiltertechnik.de\/de\/#organization\",\"name\":\"MFT Mikrofiltertechnik GmbH\",\"url\":\"http:\/\/mikrofiltertechnik.de\/de\/\",\"logo\":{\"@type\":\"ImageObject\",\"inLanguage\":\"de\",\"@id\":\"http:\/\/mikrofiltertechnik.de\/de\/#\/schema\/logo\/image\/\",\"url\":\"https:\/\/mikrofiltertechnik.de\/wp-content\/uploads\/2021\/04\/cropped-logo_vaficon.png\",\"contentUrl\":\"https:\/\/mikrofiltertechnik.de\/wp-content\/uploads\/2021\/04\/cropped-logo_vaficon.png\",\"width\":512,\"height\":512,\"caption\":\"MFT Mikrofiltertechnik GmbH\"},\"image\":{\"@id\":\"http:\/\/mikrofiltertechnik.de\/de\/#\/schema\/logo\/image\/\"}}]}<\/script>\n<!-- \/ Yoast SEO plugin. -->","yoast_head_json":{"title":"Bakterien im Dieseltank erkennen - MFT Mikrofiltertechnik GmbH","description":"Schwarzer, brauner oder vereinzelt wei\u00dfer Schlamm im Kraftstofffilter ist die Best\u00e4tigung das Bakterien im Dieseltank vorhanden sind.","robots":{"index":"index","follow":"follow","max-snippet":"max-snippet:-1","max-image-preview":"max-image-preview:large","max-video-preview":"max-video-preview:-1"},"canonical":"https:\/\/mikrofiltertechnik.de\/de\/dieselbakterien\/erkennung","og_locale":"de_DE","og_type":"article","og_title":"Bakterien im Dieseltank erkennen - MFT Mikrofiltertechnik GmbH","og_description":"Schwarzer, brauner oder vereinzelt wei\u00dfer Schlamm im Kraftstofffilter ist die Best\u00e4tigung das Bakterien im Dieseltank vorhanden sind.","og_url":"https:\/\/mikrofiltertechnik.de\/de\/dieselbakterien\/erkennung","og_site_name":"MFT Mikrofiltertechnik GmbH","article_modified_time":"2021-09-29T19:23:13+00:00","og_image":[{"width":512,"height":512,"url":"https:\/\/mikrofiltertechnik.de\/wp-content\/uploads\/2021\/04\/cropped-logo_vaficon.png","type":"image\/png"}],"twitter_card":"summary_large_image","twitter_misc":{"Gesch\u00e4tzte Lesezeit":"4\u00a0Minuten"},"schema":{"@context":"https:\/\/schema.org","@graph":[{"@type":"WebPage","@id":"https:\/\/mikrofiltertechnik.de\/de\/dieselbakterien\/erkennung","url":"https:\/\/mikrofiltertechnik.de\/de\/dieselbakterien\/erkennung","name":"Bakterien im Dieseltank erkennen - MFT Mikrofiltertechnik GmbH","isPartOf":{"@id":"http:\/\/mikrofiltertechnik.de\/de\/#website"},"datePublished":"2021-04-26T21:33:10+00:00","dateModified":"2021-09-29T19:23:13+00:00","description":"Schwarzer, brauner oder vereinzelt wei\u00dfer Schlamm im Kraftstofffilter ist die Best\u00e4tigung das Bakterien im Dieseltank vorhanden sind.","breadcrumb":{"@id":"https:\/\/mikrofiltertechnik.de\/de\/dieselbakterien\/erkennung#breadcrumb"},"inLanguage":"de","potentialAction":[{"@type":"ReadAction","target":["https:\/\/mikrofiltertechnik.de\/de\/dieselbakterien\/erkennung"]}]},{"@type":"BreadcrumbList","@id":"https:\/\/mikrofiltertechnik.de\/de\/dieselbakterien\/erkennung#breadcrumb","itemListElement":[{"@type":"ListItem","position":1,"name":"Startseite","item":"https:\/\/mikrofiltertechnik.de\/"},{"@type":"ListItem","position":2,"name":"Dieselbakterien","item":"https:\/\/mikrofiltertechnik.de\/de\/dieselbakterien"},{"@type":"ListItem","position":3,"name":"Erkennung"}]},{"@type":"WebSite","@id":"http:\/\/mikrofiltertechnik.de\/de\/#website","url":"http:\/\/mikrofiltertechnik.de\/de\/","name":"MFT Mikrofiltertechnik GmbH","description":"Kompetenz in Diesel","publisher":{"@id":"http:\/\/mikrofiltertechnik.de\/de\/#organization"},"potentialAction":[{"@type":"SearchAction","target":{"@type":"EntryPoint","urlTemplate":"http:\/\/mikrofiltertechnik.de\/de\/?s={search_term_string}"},"query-input":{"@type":"PropertyValueSpecification","valueRequired":true,"valueName":"search_term_string"}}],"inLanguage":"de"},{"@type":"Organization","@id":"http:\/\/mikrofiltertechnik.de\/de\/#organization","name":"MFT Mikrofiltertechnik GmbH","url":"http:\/\/mikrofiltertechnik.de\/de\/","logo":{"@type":"ImageObject","inLanguage":"de","@id":"http:\/\/mikrofiltertechnik.de\/de\/#\/schema\/logo\/image\/","url":"https:\/\/mikrofiltertechnik.de\/wp-content\/uploads\/2021\/04\/cropped-logo_vaficon.png","contentUrl":"https:\/\/mikrofiltertechnik.de\/wp-content\/uploads\/2021\/04\/cropped-logo_vaficon.png","width":512,"height":512,"caption":"MFT Mikrofiltertechnik GmbH"},"image":{"@id":"http:\/\/mikrofiltertechnik.de\/de\/#\/schema\/logo\/image\/"}}]}},"_links":{"self":[{"href":"https:\/\/mikrofiltertechnik.de\/de\/wp-json\/wp\/v2\/pages\/14219","targetHints":{"allow":["GET"]}}],"collection":[{"href":"https:\/\/mikrofiltertechnik.de\/de\/wp-json\/wp\/v2\/pages"}],"about":[{"href":"https:\/\/mikrofiltertechnik.de\/de\/wp-json\/wp\/v2\/types\/page"}],"author":[{"embeddable":true,"href":"https:\/\/mikrofiltertechnik.de\/de\/wp-json\/wp\/v2\/users\/1"}],"replies":[{"embeddable":true,"href":"https:\/\/mikrofiltertechnik.de\/de\/wp-json\/wp\/v2\/comments?post=14219"}],"version-history":[{"count":0,"href":"https:\/\/mikrofiltertechnik.de\/de\/wp-json\/wp\/v2\/pages\/14219\/revisions"}],"up":[{"embeddable":true,"href":"https:\/\/mikrofiltertechnik.de\/de\/wp-json\/wp\/v2\/pages\/14256"}],"wp:attachment":[{"href":"https:\/\/mikrofiltertechnik.de\/de\/wp-json\/wp\/v2\/media?parent=14219"}],"curies":[{"name":"wp","href":"https:\/\/api.w.org\/{rel}","templated":true}]}}