{"id":14260,"date":"2021-04-27T15:53:57","date_gmt":"2021-04-27T15:53:57","guid":{"rendered":"http:\/\/mikrofiltertechnik.de\/?page_id=14260"},"modified":"2021-10-14T22:41:42","modified_gmt":"2021-10-14T20:41:42","slug":"grotamar-82","status":"publish","type":"page","link":"https:\/\/mikrofiltertechnik.de\/de\/produkte\/kraftstoffe\/grotamar-82","title":{"rendered":"Grotamar-82"},"content":{"rendered":"<section class=\"vc_section\"><div class=\"vc_row wpb_row vc_row-fluid vc_column-gap-24 vc-container\"><div data-animation-delay=\"0\" data-parallax-speed=\"1.5\" class=\"wpb_column vc_column_container vc_col-sm-6\"><div class=\"vc_column-inner \" ><div class=\"wpb_wrapper\"><h1 id=\"et-animated-title-1\" class=\"et-animated-title et-clearfix  words-direct\" data-mobile-font=\"24px\" data-tablet-font=\"32px\" data-delay=\"0\" style=\"font-size:48px;font-weight:700;color:#212121;\"><span class=\"text-wrapper\"><span class=\"text\">grotamar 82<\/span><\/span><\/h1><div class=\"gap et-clearfix \" style=\"height:2px\"><\/div><h2 class=\"et-highlight-title \" style=\"font-size:18px;font-weight:700;color:#c73737;\" data-mobile-font=\"inherit\" data-tablet-font=\"inherit\"><span class=\"title-inner\">Diesel-Additiv Vertrieb durch MFT GmbH aus Geesthacht<span class=\"highlight-line\" style=\"background-color:#c73737;\"><\/span><\/span><\/h2><div class=\"gap et-clearfix \" style=\"height:32px\"><\/div><div class=\"et-simple-braket-block-wrapper\"><style>#et-simple-braket-block-1 .braket-text {font-size:18px;font-weight:400;}#et-simple-braket-block-1 .braket > div  {background-color:#c73737;}<\/style><div id=\"et-simple-braket-block-1\" class=\"et-simple-braket-block \"><div class=\"braket\"><div><\/div><div><\/div><div><\/div><\/div><div class=\"braket-text\" data-mobile-font=\"inherit\" data-tablet-font=\"inherit\">Bio-Diesel ist gut f\u00fcr die Umwelt, aber auch mikrobielle Sch\u00e4dlinge finden hier einen idealen N\u00e4hrboden. Dieselpest oder Dieselbakterien sind die Folgen eines Befalls von Kraftstoff durch diese Mikroorganismen. Das Wachstum von Pilzen, Hefen und Bakterien wird durch W\u00e4rme, Kondenswasser im Tank und Wasser im Diesel gef\u00f6rdert. Ohne zus\u00e4tzliche Schutzmittel wie Diesel-Additive ist der Bio-Diesel anf\u00e4llig f\u00fcr Verunreinigungen und \u00d6lalterung. Die Zahl der Mikroorganismen steigt. Es bildet sich Bioschlamm, der den Filter verstopft und zu Motorausfall f\u00fchrt.<\/div><\/div><\/div><div class=\"gap et-clearfix \" style=\"height:32px\"><\/div><\/div><\/div><\/div><div data-animation-delay=\"0\" data-parallax-speed=\"1.5\" class=\"wpb_column vc_column_container vc_col-sm-6\"><div class=\"vc_column-inner \" ><div class=\"wpb_wrapper\"><div class=\"gap et-clearfix \" style=\"height:165px\"><\/div><div class=\"wpb_gallery wpb_content_element vc_clearfix\" ><div class=\"wpb_wrapper\"><div class=\"wpb_gallery_slides wpb_flexslider flexslider_fade flexslider\" data-interval=\"3\" data-flex_fx=\"fade\"><ul class=\"slides\"><li><a class=\"prettyphoto\" href=\"https:\/\/mikrofiltertechnik.de\/wp-content\/uploads\/2021\/04\/Vink-Grotamar_transparent-e1632400303908-1024x675.png\" data-rel=\"prettyPhoto[rel-14260-3762778396]\"><img loading=\"lazy\" decoding=\"async\" width=\"1419\" height=\"936\" src=\"https:\/\/mikrofiltertechnik.de\/wp-content\/uploads\/2021\/04\/Vink-Grotamar_transparent-e1632400303908.png\" class=\"attachment-full\" alt=\"Grotamar 82 Dieseladditiv\" data-responsive-images=\"false\" \/><\/a><\/li><li><a class=\"prettyphoto\" href=\"https:\/\/mikrofiltertechnik.de\/wp-content\/uploads\/2021\/09\/Dosierungstabelle-neu.jpg\" data-rel=\"prettyPhoto[rel-14260-3762778396]\"><img loading=\"lazy\" decoding=\"async\" width=\"224\" height=\"264\" src=\"https:\/\/mikrofiltertechnik.de\/wp-content\/uploads\/2021\/09\/Dosierungstabelle-neu.jpg\" class=\"attachment-full\" alt=\"\" data-responsive-images=\"false\" \/><\/a><\/li><\/ul><\/div><\/div><\/div><\/div><\/div><\/div><\/div><div class=\"vc_row wpb_row vc_row-fluid vc_column-gap-24 vc-container\"><div data-animation-delay=\"0\" data-parallax-speed=\"1.5\" class=\"wpb_column vc_column_container vc_col-sm-12\"><div class=\"vc_column-inner \" ><div class=\"wpb_wrapper\"><div class=\"vc_message_box vc_message_box-standard vc_message_box-rounded vc_color-info\" ><div class=\"vc_message_box-icon\"><i class=\"fas fa-exclamation-triangle\"><\/i><\/div><p>Grotamar82 ist ein Biozidprodukt. Bitte vorsichtig verwenden. Vor Gebrauch stets Etikett und Produktinformationen lesen.<\/p>\n<\/div><div class=\"vc_message_box vc_message_box-standard vc_message_box-rounded vc_color-info\" ><div class=\"vc_message_box-icon\"><i class=\"fas fa-info-circle\"><\/i><\/div><p>Chemikalien-Verbots-Verordnung: Nur f\u00fcr gewerbliche Nutzer.<\/p>\n<p>Nach Erstellung eines Gesch\u00e4ftskundenkontos und dem ausgef\u00fcllten R\u00fcckantwortschreiben kann Grotamar \u00fcber den Online-Shop erworben werden.<\/p>\n<\/div><a target=\"_self\" href=\"http:\/\/mikrofiltertechnik.de\/wp-content\/uploads\/2021\/04\/Ru\u0308ckantwortschreiben-Grotamar82.pdf\" id=\"et-button-1\" style=\"color:#ffffff;font-weight:700 !important;\" class=\"et-button  has-icon  icon-position-left modal-false medium hover-none false click-none\" data-color=\"#ffffff\" ><span style=\"\" class=\"hover\"><\/span><span style=\"background-color:#c73737;\" class=\"regular\"><\/span><span class=\"icon fa fa-file-download\"><\/span><span class=\"text\">R\u00fcckantwortschreiben downloaden<\/span><\/a><\/div><\/div><\/div><\/div><div class=\"vc_row wpb_row vc_row-fluid vc_column-gap-24 vc-container\"><div data-animation-delay=\"0\" data-parallax-speed=\"1.5\" class=\"wpb_column vc_column_container vc_col-sm-12\"><div class=\"vc_column-inner \" ><div class=\"wpb_wrapper\"><div class=\"sep-wrap left   et-clearfix\" data-delay=\"0\"><div class=\"et-separator solid\" style=\"margin-top:24px;margin-bottom:10px;height:1px;width:100%;border-bottom-width:1px;border-bottom-style:solid;border-bottom-color:#e0e0e0;\"><\/div><\/div><\/div><\/div><\/div><\/div><div class=\"vc_row wpb_row vc_row-fluid vc_column-gap-16 vc-container\"><div data-animation-delay=\"0\" data-parallax-speed=\"1.5\" class=\"wpb_column vc_column_container vc_col-sm-6\"><div class=\"vc_column-inner \" ><div class=\"wpb_wrapper\"><div class=\"gap et-clearfix \" style=\"height:20px\"><\/div><h3 id=\"et-animated-title-2\" class=\"et-animated-title et-clearfix  letter-direct\" data-mobile-font=\"inherit\" data-tablet-font=\"inherit\" data-delay=\"200\" style=\"font-size:24px;font-weight:700;line-height:32px;color:#c73737;\"><span class=\"text-wrapper\"><span class=\"text\">Bio-Diesel ist gut f\u00fcr die Umwelt<\/span><\/span><\/h3><div class=\"gap et-clearfix \" style=\"height:20px\"><\/div>\n\t<div class=\"wpb_text_column wpb_content_element \" >\n\t\t<div class=\"wpb_wrapper\">\n\t\t\t<p>Mikrobielle Sch\u00e4dlinge finden hier einen idealen N\u00e4hrboden. Dieselpest oder Dieselbakterien sind die Folgen eines Befalls von Kraftstoff durch diese Mikroorganismen. Das Wachstum von Pilzen, Hefen und Bakterien wird durch W\u00e4rme, Kondenswasser im Tank und Wasser im Diesel gef\u00f6rdert. Ohne zus\u00e4tzliche Schutzmittel wie Diesel-Additive ist der Bio-Diesel anf\u00e4llig f\u00fcr Verunreinigungen und \u00d6lalterung. Die Zahl der Mikroorganismen steigt. Es bildet sich Bioschlamm, der den Filter verstopft und zu Motorausfall f\u00fchrt. Um die Betriebssicherheit des Tank- und Kraftstoffsystems wieder herzustellen, bietet die MFT Mikrofiltertechnik GmbH aus Geesthacht<\/p>\n\n\t\t<\/div>\n\t<\/div>\n<\/div><\/div><\/div><div data-animation-delay=\"0\" data-parallax-speed=\"1.5\" class=\"wpb_column vc_column_container vc_col-sm-6\"><div class=\"vc_column-inner \" ><div class=\"wpb_wrapper\"><div class=\"gap et-clearfix \" style=\"height:70px\"><\/div>\n\t<div class=\"wpb_text_column wpb_content_element \" >\n\t\t<div class=\"wpb_wrapper\">\n\t\t\t<p>das wirksame Diesel-Additiv grotamar 82. Grotamar 82 wurde speziell f\u00fcr moderne Diesel-Kraftstoffe mit Bio-Dieselanteil und Heiz\u00f6le entwickelt, um Schutz vor vorzeitiger \u00d6lalterung zu bieten. Es ist hoch-l\u00f6slich, wirkt besonders schnell und bietet einen ausgezeichneten Langzeitschutz f\u00fcr den Tank, Leitungen und Motoren.<br \/>\nAuch Stahl, Aluminium, Kupfer und Buntmetalle werden effektiv vor Korrosion gesch\u00fctzt. Das Diesel-Additiv wirkt, ohne korrosive Verbrennungsprodukte auszul\u00f6sen.<\/p>\n\n\t\t<\/div>\n\t<\/div>\n<\/div><\/div><\/div><\/div><div class=\"vc_row wpb_row vc_row-fluid vc_column-gap-24 vc-container\"><div data-animation-delay=\"0\" data-parallax-speed=\"1.5\" class=\"wpb_column vc_column_container vc_col-sm-12\"><div class=\"vc_column-inner \" ><div class=\"wpb_wrapper\"><div class=\"sep-wrap left   et-clearfix\" data-delay=\"0\"><div class=\"et-separator solid\" style=\"margin-top:24px;margin-bottom:10px;height:1px;width:100%;border-bottom-width:1px;border-bottom-style:solid;border-bottom-color:#e0e0e0;\"><\/div><\/div><\/div><\/div><\/div><\/div><div class=\"vc_row wpb_row vc_row-fluid vc_column-gap-24 vc-container\"><div data-animation-delay=\"0\" data-parallax-speed=\"1.5\" class=\"wpb_column vc_column_container vc_col-sm-12\"><div class=\"vc_column-inner \" ><div class=\"wpb_wrapper\"><\/div><\/div><\/div><\/div><div class=\"vc_row wpb_row vc_row-fluid vc_column-gap-24 vc-container\"><div data-animation-delay=\"0\" data-parallax-speed=\"1.5\" class=\"wpb_column vc_column_container vc_col-sm-6\"><div class=\"vc_column-inner \" ><div class=\"wpb_wrapper\"><h4 id=\"et-animated-title-3\" class=\"et-animated-title et-clearfix  letter-direct\" data-mobile-font=\"inherit\" data-tablet-font=\"inherit\" data-delay=\"200\" style=\"font-size:24px;font-weight:700;line-height:32px;color:#c73737;\"><span class=\"text-wrapper\"><span class=\"text\">Dosierung von grotamar 82 \u2013 MFT Mikrofiltertechnik GmbH Geesthacht<\/span><\/span><\/h4><div class=\"gap et-clearfix \" style=\"height:20px\"><\/div><h3 id=\"et-animated-title-4\" class=\"et-animated-title et-clearfix  letter-direct\" data-mobile-font=\"inherit\" data-tablet-font=\"inherit\" data-delay=\"0\" style=\"font-size:18px;font-weight:700;line-height:36px;color:#020000;\"><span class=\"text-wrapper\"><span class=\"text\">Dosierung 1 Liter<br \/>\n<\/span><\/span><\/h3><div class=\"gap et-clearfix \" style=\"height:20px\"><\/div>\n\t<div class=\"wpb_text_column wpb_content_element \" >\n\t\t<div class=\"wpb_wrapper\">\n\t\t\t<p style=\"text-align: left;\"><div class=\"et-el-icon small \" style=\"color:#C73737;\"><span class=\"el-icon fa fa-arrow-circle-right animate-false\"><\/span><\/div>Schockdosierung: Eine Flasche grotamar 82 (1 Liter) pro 1000 Liter Kraftstoff<\/p>\n\n\t\t<\/div>\n\t<\/div>\n\n\t<div class=\"wpb_text_column wpb_content_element \" >\n\t\t<div class=\"wpb_wrapper\">\n\t\t\t<p style=\"text-align: left;\"><div class=\"et-el-icon small \" style=\"color:#C73737;\"><span class=\"el-icon fa fa-arrow-circle-right animate-false\"><\/span><\/div>Vorbeugend: 1\/4 Flasche Diesel-Additiv (250 Milliliter) pro 1000 Liter Kraftstoff jeder neuen Tankf\u00fcllung zugeben<\/p>\n\n\t\t<\/div>\n\t<\/div>\n<\/div><\/div><\/div><\/div><div class=\"vc_row wpb_row vc_row-fluid vc_column-gap-24 vc-container\"><div data-animation-delay=\"0\" data-parallax-speed=\"1.5\" class=\"wpb_column vc_column_container vc_col-sm-12\"><div class=\"vc_column-inner \" ><div class=\"wpb_wrapper\"><div class=\"sep-wrap left   et-clearfix\" data-delay=\"0\"><div class=\"et-separator solid\" style=\"margin-top:24px;margin-bottom:10px;height:1px;width:100%;border-bottom-width:1px;border-bottom-style:solid;border-bottom-color:#e0e0e0;\"><\/div><\/div><\/div><\/div><\/div><\/div><div class=\"vc_row wpb_row vc_row-fluid vc_column-gap-24 vc-container\"><div data-animation-delay=\"0\" data-parallax-speed=\"1.5\" class=\"wpb_column vc_column_container vc_col-sm-6\"><div class=\"vc_column-inner \" ><div class=\"wpb_wrapper\"><h4 id=\"et-animated-title-5\" class=\"et-animated-title et-clearfix  letter-direct\" data-mobile-font=\"inherit\" data-tablet-font=\"inherit\" data-delay=\"200\" style=\"font-size:24px;font-weight:700;line-height:32px;color:#c73737;\"><span class=\"text-wrapper\"><span class=\"text\">Anwendung von grotamar 82 \u2013 Mikrofiltertechnik GmbH Geesthacht<\/span><\/span><\/h4><div class=\"gap et-clearfix \" style=\"height:20px\"><\/div>\n\t<div class=\"wpb_text_column wpb_content_element \" >\n\t\t<div class=\"wpb_wrapper\">\n\t\t\t<p>Grotamar 82 wird in den entw\u00e4sserten Tank gef\u00fcllt. Eine vorhergehende L\u00f6sung oder Durchmischung des Diesel-Additivs ist nicht erforderlich. Das Mittel verteilt sich zuverl\u00e4ssig und z\u00fcgig im Kraftstoff. Bei Auff\u00e4lligkeiten wie einer Verstopfung des Filters, ist die Schockdosierung zu w\u00e4hlen. F\u00fcr eine erfolgreiche Tanksanierung sollte der Tank im Anschluss mit vorkonserviertem Diesel gef\u00fcllt werden.<br \/>\nNach der Anwendung des Diesel-Additivs kann es zu einer Verstopfung des Filters durch abgestorbene Bakterien kommen.<\/p>\n\n\t\t<\/div>\n\t<\/div>\n<\/div><\/div><\/div><div data-animation-delay=\"0\" data-parallax-speed=\"1.5\" class=\"wpb_column vc_column_container vc_col-sm-6\"><div class=\"vc_column-inner \" ><div class=\"wpb_wrapper\"><div class=\"gap et-clearfix \" style=\"height:83px\"><\/div>\n\t<div class=\"wpb_text_column wpb_content_element \" >\n\t\t<div class=\"wpb_wrapper\">\n\t\t\t<p>Die MFT Mikrofiltertechnik GmbH aus Geesthacht empfiehlt dann einen Filterwechsel.<br \/>\nWenn der Tank bereits Verschlammungen aufweist, sollte vor der Behandlung mit grotamar 82 eine Reinigung von Tank, Leitungen und Filter erfolgen, damit hartn\u00e4ckige Ablagerungen entfernt werden und keine weitere Kontamination eintritt.<\/p>\n<p>Weitere technische Informationen sowie das Sicherheitsdatenblatt zum Diesel-Additiv grotamar 82 finden Sie <a href=\"http:\/\/mikrofiltertechnik.de\/download\">hier<\/a>. In unserem <a href=\"http:\/\/mikrofiltertechnik.de\/produkt\/grotamar-82-1-liter-dieselkonservierung\">Online-Shop<\/a> ist grotamar 82 in verschiedenen Gebindegr\u00f6\u00dfen verf\u00fcgbar.<\/p>\n\n\t\t<\/div>\n\t<\/div>\n<\/div><\/div><\/div><\/div><\/section><div id=\"background-position-75\" class=\"vc_row wpb_row vc_row-fluid vc_custom_1619096112336 vc_row-has-fill\"><div class=\"vc-container et-clearfix\"><div data-animation-delay=\"0\" data-parallax-speed=\"1.5\" class=\"wpb_column vc_column_container vc_col-sm-12\"><div class=\"vc_column-inner \" ><div class=\"wpb_wrapper\"><div class=\"gap et-clearfix hide767\" style=\"height:104px\"><\/div><div class=\"gap et-clearfix hide768\" style=\"height:24px\"><\/div><div class=\"et-ghost-title-wrapper\"><style>#et-ghost-title-1 {min-height:256px;padding-top:128px;}#et-ghost-title-1 .ghost-title {font-size:256px;line-height:256px;font-weight:700;color:rgba(0,0,0,0.1);left:-4px;}<\/style><div id=\"et-ghost-title-1\" class=\"et-ghost-title et-clearfix \" data-mobile-font=\"96px\" data-tablet-font=\"inherit\"><div class=\"ghost-title\">Shop<\/div><div class=\"ghost-content et-clearfix\"><h3 style=\"font-size: 70px;color: #ffffff;line-height: 70px;text-align: left\" class=\"vc_custom_heading\"  data-mobile-font=\"32px\" data-tablet-font=\"inherit\" >Hochwertige Kraftstoffzus\u00e4tze, Motor\u00f6le, Filtertechnik & vieles mehr.<\/h3><a target=\"_self\" href=\"#link\" id=\"et-inline-button-1\" style=\"color:#ffffff;\" class=\"et-inline-button inline-button-font-size has-icon  icon-position-right modal-false false\" data-color=\"#ffffff\" data-colorhover=\"#212121\"><span class=\"text\">Zu unserem Online Shop<span class=\"text-hover\" style=\"background:#212121;\"><\/span><\/span><span class=\"icon fa fa-angle-right\"><\/span><\/a><span class=\"et-gap-inline et-clearfix hide767\" style=\"width:40px\"><\/span><div class=\"gap et-clearfix hide768\" style=\"height:8px\"><\/div><\/div><\/div><\/div><div class=\"gap et-clearfix hide768\" style=\"height:48px\"><\/div><div class=\"gap et-clearfix hide767\" style=\"height:150px\"><\/div><\/div><\/div><\/div><\/div><\/div>\n","protected":false},"excerpt":{"rendered":"<p>Leverage agile frameworks to provide a robust synopsis for high level overviews. Iterative approaches to corporate strategy foster collaborative thinking to further the overall value proposition. Organically grow the holistic world view of disruptive innovation via workplace diversity and empowerment.<\/p>\n","protected":false},"author":1,"featured_media":0,"parent":14376,"menu_order":0,"comment_status":"closed","ping_status":"closed","template":"page-vc.php","meta":{"footnotes":""},"class_list":["post-14260","page","type-page","status-publish","hentry"],"yoast_head":"<!-- This site is optimized with the Yoast SEO plugin v23.5 - https:\/\/yoast.com\/wordpress\/plugins\/seo\/ -->\n<title>Grotamar 82 Dieseladditiv - MFT Mikrofiltertechnik GmbH<\/title>\n<meta name=\"description\" content=\"Grotamar 82 ist ein speziell entwickeltes Dieseladditiv um Dieselbakterien, Dieselpest, Motorausfall und Filterverstopfung vorzubeugen.\" \/>\n<meta name=\"robots\" content=\"index, follow, max-snippet:-1, max-image-preview:large, max-video-preview:-1\" \/>\n<link rel=\"canonical\" href=\"https:\/\/mikrofiltertechnik.de\/de\/produkte\/kraftstoffe\/grotamar-82\" \/>\n<meta property=\"og:locale\" content=\"de_DE\" \/>\n<meta property=\"og:type\" content=\"article\" \/>\n<meta property=\"og:title\" content=\"Grotamar 82 Dieseladditiv - MFT Mikrofiltertechnik GmbH\" \/>\n<meta property=\"og:description\" content=\"Grotamar 82 ist ein speziell entwickeltes Dieseladditiv um Dieselbakterien, Dieselpest, Motorausfall und Filterverstopfung vorzubeugen.\" \/>\n<meta property=\"og:url\" content=\"https:\/\/mikrofiltertechnik.de\/de\/produkte\/kraftstoffe\/grotamar-82\" \/>\n<meta property=\"og:site_name\" content=\"MFT Mikrofiltertechnik GmbH\" \/>\n<meta property=\"article:modified_time\" content=\"2021-10-14T20:41:42+00:00\" \/>\n<meta property=\"og:image\" content=\"https:\/\/mikrofiltertechnik.de\/wp-content\/uploads\/2021\/04\/cropped-logo_vaficon.png\" \/>\n\t<meta property=\"og:image:width\" content=\"512\" \/>\n\t<meta property=\"og:image:height\" content=\"512\" \/>\n\t<meta property=\"og:image:type\" content=\"image\/png\" \/>\n<meta name=\"twitter:card\" content=\"summary_large_image\" \/>\n<meta name=\"twitter:label1\" content=\"Gesch\u00e4tzte Lesezeit\" \/>\n\t<meta name=\"twitter:data1\" content=\"5\u00a0Minuten\" \/>\n<script type=\"application\/ld+json\" class=\"yoast-schema-graph\">{\"@context\":\"https:\/\/schema.org\",\"@graph\":[{\"@type\":\"WebPage\",\"@id\":\"https:\/\/mikrofiltertechnik.de\/de\/produkte\/kraftstoffe\/grotamar-82\",\"url\":\"https:\/\/mikrofiltertechnik.de\/de\/produkte\/kraftstoffe\/grotamar-82\",\"name\":\"Grotamar 82 Dieseladditiv - MFT Mikrofiltertechnik GmbH\",\"isPartOf\":{\"@id\":\"http:\/\/mikrofiltertechnik.de\/de\/#website\"},\"datePublished\":\"2021-04-27T15:53:57+00:00\",\"dateModified\":\"2021-10-14T20:41:42+00:00\",\"description\":\"Grotamar 82 ist ein speziell entwickeltes Dieseladditiv um Dieselbakterien, Dieselpest, Motorausfall und Filterverstopfung vorzubeugen.\",\"breadcrumb\":{\"@id\":\"https:\/\/mikrofiltertechnik.de\/de\/produkte\/kraftstoffe\/grotamar-82#breadcrumb\"},\"inLanguage\":\"de\",\"potentialAction\":[{\"@type\":\"ReadAction\",\"target\":[\"https:\/\/mikrofiltertechnik.de\/de\/produkte\/kraftstoffe\/grotamar-82\"]}]},{\"@type\":\"BreadcrumbList\",\"@id\":\"https:\/\/mikrofiltertechnik.de\/de\/produkte\/kraftstoffe\/grotamar-82#breadcrumb\",\"itemListElement\":[{\"@type\":\"ListItem\",\"position\":1,\"name\":\"Startseite\",\"item\":\"https:\/\/mikrofiltertechnik.de\/\"},{\"@type\":\"ListItem\",\"position\":2,\"name\":\"Produkte\",\"item\":\"http:\/\/mikrofiltertechnik.de\/de\/produkte\"},{\"@type\":\"ListItem\",\"position\":3,\"name\":\"Kraftstoffe\",\"item\":\"https:\/\/mikrofiltertechnik.de\/de\/produkte\/kraftstoffe\"},{\"@type\":\"ListItem\",\"position\":4,\"name\":\"Grotamar-82\"}]},{\"@type\":\"WebSite\",\"@id\":\"http:\/\/mikrofiltertechnik.de\/de\/#website\",\"url\":\"http:\/\/mikrofiltertechnik.de\/de\/\",\"name\":\"MFT Mikrofiltertechnik GmbH\",\"description\":\"Kompetenz in Diesel\",\"publisher\":{\"@id\":\"http:\/\/mikrofiltertechnik.de\/de\/#organization\"},\"potentialAction\":[{\"@type\":\"SearchAction\",\"target\":{\"@type\":\"EntryPoint\",\"urlTemplate\":\"http:\/\/mikrofiltertechnik.de\/de\/?s={search_term_string}\"},\"query-input\":{\"@type\":\"PropertyValueSpecification\",\"valueRequired\":true,\"valueName\":\"search_term_string\"}}],\"inLanguage\":\"de\"},{\"@type\":\"Organization\",\"@id\":\"http:\/\/mikrofiltertechnik.de\/de\/#organization\",\"name\":\"MFT Mikrofiltertechnik GmbH\",\"url\":\"http:\/\/mikrofiltertechnik.de\/de\/\",\"logo\":{\"@type\":\"ImageObject\",\"inLanguage\":\"de\",\"@id\":\"http:\/\/mikrofiltertechnik.de\/de\/#\/schema\/logo\/image\/\",\"url\":\"https:\/\/mikrofiltertechnik.de\/wp-content\/uploads\/2021\/04\/cropped-logo_vaficon.png\",\"contentUrl\":\"https:\/\/mikrofiltertechnik.de\/wp-content\/uploads\/2021\/04\/cropped-logo_vaficon.png\",\"width\":512,\"height\":512,\"caption\":\"MFT Mikrofiltertechnik GmbH\"},\"image\":{\"@id\":\"http:\/\/mikrofiltertechnik.de\/de\/#\/schema\/logo\/image\/\"}}]}<\/script>\n<!-- \/ Yoast SEO plugin. -->","yoast_head_json":{"title":"Grotamar 82 Dieseladditiv - MFT Mikrofiltertechnik GmbH","description":"Grotamar 82 ist ein speziell entwickeltes Dieseladditiv um Dieselbakterien, Dieselpest, Motorausfall und Filterverstopfung vorzubeugen.","robots":{"index":"index","follow":"follow","max-snippet":"max-snippet:-1","max-image-preview":"max-image-preview:large","max-video-preview":"max-video-preview:-1"},"canonical":"https:\/\/mikrofiltertechnik.de\/de\/produkte\/kraftstoffe\/grotamar-82","og_locale":"de_DE","og_type":"article","og_title":"Grotamar 82 Dieseladditiv - MFT Mikrofiltertechnik GmbH","og_description":"Grotamar 82 ist ein speziell entwickeltes Dieseladditiv um Dieselbakterien, Dieselpest, Motorausfall und Filterverstopfung vorzubeugen.","og_url":"https:\/\/mikrofiltertechnik.de\/de\/produkte\/kraftstoffe\/grotamar-82","og_site_name":"MFT Mikrofiltertechnik GmbH","article_modified_time":"2021-10-14T20:41:42+00:00","og_image":[{"width":512,"height":512,"url":"https:\/\/mikrofiltertechnik.de\/wp-content\/uploads\/2021\/04\/cropped-logo_vaficon.png","type":"image\/png"}],"twitter_card":"summary_large_image","twitter_misc":{"Gesch\u00e4tzte Lesezeit":"5\u00a0Minuten"},"schema":{"@context":"https:\/\/schema.org","@graph":[{"@type":"WebPage","@id":"https:\/\/mikrofiltertechnik.de\/de\/produkte\/kraftstoffe\/grotamar-82","url":"https:\/\/mikrofiltertechnik.de\/de\/produkte\/kraftstoffe\/grotamar-82","name":"Grotamar 82 Dieseladditiv - MFT Mikrofiltertechnik GmbH","isPartOf":{"@id":"http:\/\/mikrofiltertechnik.de\/de\/#website"},"datePublished":"2021-04-27T15:53:57+00:00","dateModified":"2021-10-14T20:41:42+00:00","description":"Grotamar 82 ist ein speziell entwickeltes Dieseladditiv um Dieselbakterien, Dieselpest, Motorausfall und Filterverstopfung vorzubeugen.","breadcrumb":{"@id":"https:\/\/mikrofiltertechnik.de\/de\/produkte\/kraftstoffe\/grotamar-82#breadcrumb"},"inLanguage":"de","potentialAction":[{"@type":"ReadAction","target":["https:\/\/mikrofiltertechnik.de\/de\/produkte\/kraftstoffe\/grotamar-82"]}]},{"@type":"BreadcrumbList","@id":"https:\/\/mikrofiltertechnik.de\/de\/produkte\/kraftstoffe\/grotamar-82#breadcrumb","itemListElement":[{"@type":"ListItem","position":1,"name":"Startseite","item":"https:\/\/mikrofiltertechnik.de\/"},{"@type":"ListItem","position":2,"name":"Produkte","item":"http:\/\/mikrofiltertechnik.de\/de\/produkte"},{"@type":"ListItem","position":3,"name":"Kraftstoffe","item":"https:\/\/mikrofiltertechnik.de\/de\/produkte\/kraftstoffe"},{"@type":"ListItem","position":4,"name":"Grotamar-82"}]},{"@type":"WebSite","@id":"http:\/\/mikrofiltertechnik.de\/de\/#website","url":"http:\/\/mikrofiltertechnik.de\/de\/","name":"MFT Mikrofiltertechnik GmbH","description":"Kompetenz in Diesel","publisher":{"@id":"http:\/\/mikrofiltertechnik.de\/de\/#organization"},"potentialAction":[{"@type":"SearchAction","target":{"@type":"EntryPoint","urlTemplate":"http:\/\/mikrofiltertechnik.de\/de\/?s={search_term_string}"},"query-input":{"@type":"PropertyValueSpecification","valueRequired":true,"valueName":"search_term_string"}}],"inLanguage":"de"},{"@type":"Organization","@id":"http:\/\/mikrofiltertechnik.de\/de\/#organization","name":"MFT Mikrofiltertechnik GmbH","url":"http:\/\/mikrofiltertechnik.de\/de\/","logo":{"@type":"ImageObject","inLanguage":"de","@id":"http:\/\/mikrofiltertechnik.de\/de\/#\/schema\/logo\/image\/","url":"https:\/\/mikrofiltertechnik.de\/wp-content\/uploads\/2021\/04\/cropped-logo_vaficon.png","contentUrl":"https:\/\/mikrofiltertechnik.de\/wp-content\/uploads\/2021\/04\/cropped-logo_vaficon.png","width":512,"height":512,"caption":"MFT Mikrofiltertechnik GmbH"},"image":{"@id":"http:\/\/mikrofiltertechnik.de\/de\/#\/schema\/logo\/image\/"}}]}},"_links":{"self":[{"href":"https:\/\/mikrofiltertechnik.de\/de\/wp-json\/wp\/v2\/pages\/14260","targetHints":{"allow":["GET"]}}],"collection":[{"href":"https:\/\/mikrofiltertechnik.de\/de\/wp-json\/wp\/v2\/pages"}],"about":[{"href":"https:\/\/mikrofiltertechnik.de\/de\/wp-json\/wp\/v2\/types\/page"}],"author":[{"embeddable":true,"href":"https:\/\/mikrofiltertechnik.de\/de\/wp-json\/wp\/v2\/users\/1"}],"replies":[{"embeddable":true,"href":"https:\/\/mikrofiltertechnik.de\/de\/wp-json\/wp\/v2\/comments?post=14260"}],"version-history":[{"count":0,"href":"https:\/\/mikrofiltertechnik.de\/de\/wp-json\/wp\/v2\/pages\/14260\/revisions"}],"up":[{"embeddable":true,"href":"https:\/\/mikrofiltertechnik.de\/de\/wp-json\/wp\/v2\/pages\/14376"}],"wp:attachment":[{"href":"https:\/\/mikrofiltertechnik.de\/de\/wp-json\/wp\/v2\/media?parent=14260"}],"curies":[{"name":"wp","href":"https:\/\/api.w.org\/{rel}","templated":true}]}}