{"id":14290,"date":"2021-04-27T17:18:14","date_gmt":"2021-04-27T17:18:14","guid":{"rendered":"http:\/\/mikrofiltertechnik.de\/?page_id=14290"},"modified":"2021-10-14T22:43:21","modified_gmt":"2021-10-14T20:43:21","slug":"deutz-insypro","status":"publish","type":"page","link":"https:\/\/mikrofiltertechnik.de\/de\/produkte\/kraftstoffe\/deutz-insypro","title":{"rendered":"Deutz-Insypro"},"content":{"rendered":"<section class=\"vc_section\"><div class=\"vc_row wpb_row vc_row-fluid vc_column-gap-24 vc-container\"><div data-animation-delay=\"0\" data-parallax-speed=\"1.5\" class=\"wpb_column vc_column_container vc_col-sm-6\"><div class=\"vc_column-inner \" ><div class=\"wpb_wrapper\"><h1 id=\"et-animated-title-1\" class=\"et-animated-title et-clearfix  words-direct\" data-mobile-font=\"24px\" data-tablet-font=\"32px\" data-delay=\"0\" style=\"font-size:48px;font-weight:700;color:#212121;\"><span class=\"text-wrapper\"><span class=\"text\">Diesel Additiv Clean-Diesel InSyPro\u00ae<\/span><\/span><\/h1><div class=\"gap et-clearfix \" style=\"height:2px\"><\/div><h2 class=\"et-highlight-title \" style=\"font-size:18px;font-weight:700;color:#c73737;\" data-mobile-font=\"inherit\" data-tablet-font=\"inherit\"><span class=\"title-inner\">Mikrofiltertechnik GmbH aus Geesthacht<span class=\"highlight-line\" style=\"background-color:#c73737;\"><\/span><\/span><\/h2><div class=\"gap et-clearfix \" style=\"height:32px\"><\/div><div class=\"et-simple-braket-block-wrapper\"><style>#et-simple-braket-block-1 .braket-text {font-size:18px;font-weight:400;}#et-simple-braket-block-1 .braket > div  {background-color:#c73737;}<\/style><div id=\"et-simple-braket-block-1\" class=\"et-simple-braket-block \"><div class=\"braket\"><div><\/div><div><\/div><div><\/div><\/div><div class=\"braket-text\" data-mobile-font=\"inherit\" data-tablet-font=\"inherit\">Speziell f\u00fcr Diesel-Motoren und das Common-Rail-System DCR\u00ae von Deutz bietet die MFT Mikrofiltertechnik GmbH aus Geesthacht bei Hamburg das 2 in 1 Diesel Additiv Clean-Diesel InSyPro\u00ae. Versch\u00e4rfte Abgasgesetze sowie Verordnungen zur Beimischung von Bio-Diesel stellen besondere Anforderungen an Diesel-Motoren aller Art. Je nach H\u00f6he und Art des Bio-Dieselanteils, wie Raps\u00f6l oder Palm\u00f6l, sowie in Abh\u00e4ngigkeit von Temperatur und Sauerstoffgehalt bauen sich die Zus\u00e4tze ab, oxidieren und bilden Ablagerungen. Bei vielen Einspritzsystemen k\u00f6nnen dadurch Injektoren und Filter verstopfen.<\/div><\/div><\/div><\/div><\/div><\/div><div data-animation-delay=\"0\" data-parallax-speed=\"1.5\" class=\"wpb_column vc_column_container vc_col-sm-6\"><div class=\"vc_column-inner \" ><div class=\"wpb_wrapper\"><div class=\"gap et-clearfix \" style=\"height:140px\"><\/div><div class=\"wpb_gallery wpb_content_element vc_clearfix\" ><div class=\"wpb_wrapper\"><div class=\"wpb_gallery_slides wpb_flexslider flexslider_fade flexslider\" data-interval=\"3\" data-flex_fx=\"fade\"><ul class=\"slides\"><li><a class=\"prettyphoto\" href=\"https:\/\/mikrofiltertechnik.de\/wp-content\/uploads\/2021\/04\/insypro.jpg\" data-rel=\"prettyPhoto[rel-14290-1300353336]\"><img loading=\"lazy\" decoding=\"async\" width=\"720\" height=\"480\" src=\"https:\/\/mikrofiltertechnik.de\/wp-content\/uploads\/2021\/04\/insypro.jpg\" class=\"attachment-full\" alt=\"\" data-responsive-images=\"false\" \/><\/a><\/li><li><a class=\"prettyphoto\" href=\"https:\/\/mikrofiltertechnik.de\/wp-content\/uploads\/2021\/04\/insypro-zwei.jpg\" data-rel=\"prettyPhoto[rel-14290-1300353336]\"><img loading=\"lazy\" decoding=\"async\" width=\"720\" height=\"480\" src=\"https:\/\/mikrofiltertechnik.de\/wp-content\/uploads\/2021\/04\/insypro-zwei.jpg\" class=\"attachment-full\" alt=\"\" data-responsive-images=\"false\" \/><\/a><\/li><li><a class=\"prettyphoto\" href=\"https:\/\/mikrofiltertechnik.de\/wp-content\/uploads\/2021\/04\/insypro-drei.jpg\" data-rel=\"prettyPhoto[rel-14290-1300353336]\"><img loading=\"lazy\" decoding=\"async\" width=\"720\" height=\"480\" src=\"https:\/\/mikrofiltertechnik.de\/wp-content\/uploads\/2021\/04\/insypro-drei.jpg\" class=\"attachment-full\" alt=\"\" data-responsive-images=\"false\" \/><\/a><\/li><\/ul><\/div><\/div><\/div><\/div><\/div><\/div><\/div><div class=\"vc_row wpb_row vc_row-fluid vc_column-gap-24 vc-container\"><div data-animation-delay=\"0\" data-parallax-speed=\"1.5\" class=\"wpb_column vc_column_container vc_col-sm-12\"><div class=\"vc_column-inner \" ><div class=\"wpb_wrapper\">\n\t<div class=\"wpb_text_column wpb_content_element \" >\n\t\t<div class=\"wpb_wrapper\">\n\t\t\t<p>Motorausfall, kostspielige Stillstandszeiten und aufwendige Wartungen sind die Folge. Als Probleml\u00f6sung hat sich das Diesel Additiv Clean-Diesel InSyPro\u00ae von Deutz bew\u00e4hrt. Hochwertige Inhaltsstoffe und eine unkomplizierte Anwendung z\u00e4hlen neben der geringen Umweltbelastung zu den Merkmalen dieser Beimischung f\u00fcr Dieselkraftstoffe.<\/p>\n\n\t\t<\/div>\n\t<\/div>\n<\/div><\/div><\/div><\/div><div class=\"vc_row wpb_row vc_row-fluid vc_column-gap-24 vc-container\"><div data-animation-delay=\"0\" data-parallax-speed=\"1.5\" class=\"wpb_column vc_column_container vc_col-sm-12\"><div class=\"vc_column-inner \" ><div class=\"wpb_wrapper\"><div class=\"sep-wrap left   et-clearfix\" data-delay=\"0\"><div class=\"et-separator solid\" style=\"margin-top:10px;margin-bottom:10px;height:1px;width:100%;border-bottom-width:1px;border-bottom-style:solid;border-bottom-color:#e0e0e0;\"><\/div><\/div><\/div><\/div><\/div><\/div><div class=\"vc_row wpb_row vc_row-fluid vc_column-gap-24 vc-container\"><div data-animation-delay=\"0\" data-parallax-speed=\"1.5\" class=\"wpb_column vc_column_container vc_col-sm-6\"><div class=\"vc_column-inner \" ><div class=\"wpb_wrapper\"><h4 id=\"et-animated-title-2\" class=\"et-animated-title et-clearfix  letter-direct\" data-mobile-font=\"inherit\" data-tablet-font=\"inherit\" data-delay=\"200\" style=\"font-size:24px;font-weight:700;line-height:32px;color:#c73737;\"><span class=\"text-wrapper\"><span class=\"text\">Das Diesel-Additiv Clean-Diesel InSyPro\u00ae ist freigegeben f\u00fcr:<\/span><\/span><\/h4><div class=\"gap et-clearfix \" style=\"height:40px\"><\/div><div class=\"vc_row wpb_row vc_inner vc_row-fluid vc_column-gap-0\"><div class=\"wpb_column vc_column_container vc_col-sm-12\"><div class=\"vc_column-inner\"><div class=\"wpb_wrapper\">\n\t<div class=\"wpb_text_column wpb_content_element \" >\n\t\t<div class=\"wpb_wrapper\">\n\t\t\t<div class=\"et-el-icon small \" style=\"color:#C73737;\"><span class=\"el-icon fa fa-arrow-circle-right animate-false\"><\/span><\/div> DEUTZ Motoren<\/p>\n\n\t\t<\/div>\n\t<\/div>\n\n\t<div class=\"wpb_text_column wpb_content_element \" >\n\t\t<div class=\"wpb_wrapper\">\n\t\t\t<div class=\"et-el-icon small \" style=\"color:#C73737;\"><span class=\"el-icon fa fa-arrow-circle-right animate-false\"><\/span><\/div>alle von DEUTZ zugelassenen Diesel- und Bio-Dieselkraftstoffe<\/p>\n\n\t\t<\/div>\n\t<\/div>\n\n\t<div class=\"wpb_text_column wpb_content_element \" >\n\t\t<div class=\"wpb_wrapper\">\n\t\t\t<div class=\"et-el-icon small \" style=\"color:#C73737;\"><span class=\"el-icon fa fa-arrow-circle-right animate-false\"><\/span><\/div>Blends<\/p>\n\n\t\t<\/div>\n\t<\/div>\n\n\t<div class=\"wpb_text_column wpb_content_element \" >\n\t\t<div class=\"wpb_wrapper\">\n\t\t\t<p>Neben einer effektiven Reinigung verspricht das original DEUTZ Clean-Diesel InSyPro\u00ae auch eine Langzeitwirkung. Die urspr\u00fcngliche Motorleistung kann stabilisiert und zuk\u00fcnftigen Verunreinigungen vorgebeugt werden.<\/p>\n\n\t\t<\/div>\n\t<\/div>\n<\/div><\/div><\/div><\/div><\/div><\/div><\/div><div data-animation-delay=\"0\" data-parallax-speed=\"1.5\" class=\"wpb_column vc_column_container vc_col-sm-6\"><div class=\"vc_column-inner \" ><div class=\"wpb_wrapper\"><h4 id=\"et-animated-title-3\" class=\"et-animated-title et-clearfix  letter-direct\" data-mobile-font=\"inherit\" data-tablet-font=\"inherit\" data-delay=\"200\" style=\"font-size:24px;font-weight:700;line-height:32px;color:#c73737;\"><span class=\"text-wrapper\"><span class=\"text\">Wirkung des Diesel Additivs Clean-Diesel InSyPro\u00ae:<\/span><\/span><\/h4><div class=\"gap et-clearfix \" style=\"height:45px\"><\/div>\n\t<div class=\"wpb_text_column wpb_content_element \" >\n\t\t<div class=\"wpb_wrapper\">\n\t\t\t<div class=\"et-el-icon small \" style=\"color:#C73737;\"><span class=\"el-icon fa fa-arrow-circle-right animate-false\"><\/span><\/div>Ablagerungen im Einspritzsystem werden gel\u00f6st<\/p>\n\n\t\t<\/div>\n\t<\/div>\n\n\t<div class=\"wpb_text_column wpb_content_element \" >\n\t\t<div class=\"wpb_wrapper\">\n\t\t\t<div class=\"et-el-icon small \" style=\"color:#C73737;\"><span class=\"el-icon fa fa-arrow-circle-right animate-false\"><\/span><\/div>Rauchwerte k\u00f6nnen normalisiert werden<\/p>\n\n\t\t<\/div>\n\t<\/div>\n\n\t<div class=\"wpb_text_column wpb_content_element \" >\n\t\t<div class=\"wpb_wrapper\">\n\t\t\t<div class=\"et-el-icon small \" style=\"color:#C73737;\"><span class=\"el-icon fa fa-arrow-circle-right animate-false\"><\/span><\/div>Schutz vor Korrosion und optimierte Schmierung<\/p>\n\n\t\t<\/div>\n\t<\/div>\n\n\t<div class=\"wpb_text_column wpb_content_element \" >\n\t\t<div class=\"wpb_wrapper\">\n\t\t\t<div class=\"et-el-icon small \" style=\"color:#C73737;\"><span class=\"el-icon fa fa-arrow-circle-right animate-false\"><\/span><\/div>Verringerung des Kraftstoffverbrauchs<\/p>\n\n\t\t<\/div>\n\t<\/div>\n\n\t<div class=\"wpb_text_column wpb_content_element \" >\n\t\t<div class=\"wpb_wrapper\">\n\t\t\t<div class=\"et-el-icon small \" style=\"color:#C73737;\"><span class=\"el-icon fa fa-arrow-circle-right animate-false\"><\/span><\/div>Oxidationsstabilit\u00e4t wird gef\u00f6rdert<\/p>\n\n\t\t<\/div>\n\t<\/div>\n\n\t<div class=\"wpb_text_column wpb_content_element \" >\n\t\t<div class=\"wpb_wrapper\">\n\t\t\t<div class=\"et-el-icon small \" style=\"color:#C73737;\"><span class=\"el-icon fa fa-arrow-circle-right animate-false\"><\/span><\/div>Filterverschmutzungen k\u00f6nnen reduziert werden<\/p>\n\n\t\t<\/div>\n\t<\/div>\n\n\t<div class=\"wpb_text_column wpb_content_element \" >\n\t\t<div class=\"wpb_wrapper\">\n\t\t\t<div class=\"et-el-icon small \" style=\"color:#C73737;\"><span class=\"el-icon fa fa-arrow-circle-right animate-false\"><\/span><\/div>Lagerungszeit f\u00fcr Kraftstoffe wird verl\u00e4ngert<\/p>\n\n\t\t<\/div>\n\t<\/div>\n\n\t<div class=\"wpb_text_column wpb_content_element \" >\n\t\t<div class=\"wpb_wrapper\">\n\t\t\t<div class=\"et-el-icon small \" style=\"color:#C73737;\"><span class=\"el-icon fa fa-arrow-circle-right animate-false\"><\/span><\/div>sicherer Start des Motors nach Betriebspause<\/p>\n\n\t\t<\/div>\n\t<\/div>\n<\/div><\/div><\/div><\/div><div class=\"vc_row wpb_row vc_row-fluid vc_column-gap-24 vc-container\"><div data-animation-delay=\"0\" data-parallax-speed=\"1.5\" class=\"wpb_column vc_column_container vc_col-sm-12\"><div class=\"vc_column-inner \" ><div class=\"wpb_wrapper\"><div class=\"sep-wrap left   et-clearfix\" data-delay=\"0\"><div class=\"et-separator solid\" style=\"margin-top:24px;margin-bottom:10px;height:1px;width:100%;border-bottom-width:1px;border-bottom-style:solid;border-bottom-color:#e0e0e0;\"><\/div><\/div><\/div><\/div><\/div><\/div><div class=\"vc_row wpb_row vc_row-fluid vc_column-gap-24 vc-container\"><div data-animation-delay=\"0\" data-parallax-speed=\"1.5\" class=\"wpb_column vc_column_container vc_col-sm-12\"><div class=\"vc_column-inner \" ><div class=\"wpb_wrapper\"><h4 class=\"et-highlight-title \" style=\"font-size:24px;font-weight:700;line-height:32px;color:#c73737;\" data-mobile-font=\"inherit\" data-tablet-font=\"inherit\"><span class=\"title-inner\">Bei Neuger\u00e4ten wie auch bei Anlagen, die sich in Betrieb befinden, lohnt sich die Anwendung des Diesel Additivs f\u00fcr folgende Einsatzbereiche:<span class=\"highlight-line\" style=\"\"><\/span><\/span><\/h4><div class=\"gap et-clearfix \" style=\"height:20px\"><\/div><\/div><\/div><\/div><\/div><div class=\"vc_row wpb_row vc_row-fluid vc_column-gap-24 vc-container\"><div data-animation-delay=\"0\" data-parallax-speed=\"1.5\" class=\"wpb_column vc_column_container vc_col-sm-6\"><div class=\"vc_column-inner \" ><div class=\"wpb_wrapper\">\n\t<div class=\"wpb_text_column wpb_content_element \" >\n\t\t<div class=\"wpb_wrapper\">\n\t\t\t<div class=\"et-el-icon small \" style=\"color:#C73737;\"><span class=\"el-icon fa fa-arrow-circle-right animate-false\"><\/span><\/div>Startprobleme und erh\u00f6hte Rauchwerte<\/p>\n\n\t\t<\/div>\n\t<\/div>\n\n\t<div class=\"wpb_text_column wpb_content_element \" >\n\t\t<div class=\"wpb_wrapper\">\n\t\t\t<div class=\"et-el-icon small \" style=\"color:#C73737;\"><span class=\"el-icon fa fa-arrow-circle-right animate-false\"><\/span><\/div>Hohe Ger\u00e4teauslastung<\/p>\n\n\t\t<\/div>\n\t<\/div>\n\n\t<div class=\"wpb_text_column wpb_content_element \" >\n\t\t<div class=\"wpb_wrapper\">\n\t\t\t<div class=\"et-el-icon small \" style=\"color:#C73737;\"><span class=\"el-icon fa fa-arrow-circle-right animate-false\"><\/span><\/div>Minderwertige Kraftstoffqualit\u00e4ten<\/p>\n\n\t\t<\/div>\n\t<\/div>\n\n\t<div class=\"wpb_text_column wpb_content_element \" >\n\t\t<div class=\"wpb_wrapper\">\n\t\t\t<div class=\"et-el-icon small \" style=\"color:#C73737;\"><span class=\"el-icon fa fa-arrow-circle-right animate-false\"><\/span><\/div>Motorkonservierung<\/p>\n\n\t\t<\/div>\n\t<\/div>\n\n\t<div class=\"wpb_text_column wpb_content_element \" >\n\t\t<div class=\"wpb_wrapper\">\n\t\t\t<div class=\"et-el-icon small \" style=\"color:#C73737;\"><span class=\"el-icon fa fa-arrow-circle-right animate-false\"><\/span><\/div>Stand-by-Betrieb<\/p>\n\n\t\t<\/div>\n\t<\/div>\n\n\t<div class=\"wpb_text_column wpb_content_element \" >\n\t\t<div class=\"wpb_wrapper\">\n\t\t\t<div class=\"et-el-icon small \" style=\"color:#C73737;\"><span class=\"el-icon fa fa-arrow-circle-right animate-false\"><\/span><\/div>Betrieb mit Bio-Diesel und Kraftstoffen mit Bio-Dieselanteil<\/p>\n\n\t\t<\/div>\n\t<\/div>\n<\/div><\/div><\/div><div data-animation-delay=\"0\" data-parallax-speed=\"1.5\" class=\"wpb_column vc_column_container vc_col-sm-6\"><div class=\"vc_column-inner \" ><div class=\"wpb_wrapper\">\n\t<div class=\"wpb_text_column wpb_content_element \" >\n\t\t<div class=\"wpb_wrapper\">\n\t\t\t<p>Nicht nur bei vorhandenen Auff\u00e4lligkeiten, auch pr\u00e4ventiv ist die wiederholte Anwendung des Diesel Additivs m\u00f6glich. Zus\u00e4tzliche Sicherheit gibt neben der Reinigung mit Clean-Diesel InSyPro\u00ae auch ein Schmier\u00f6laustausch.<\/p>\n<p>Die MFT Mikrofiltertechnik GmbH aus Geesthacht nahe Hamburg hat Ihnen weitere Informationen und Hinweise zur Anwendung des Diesel Additivs im <a title=\"Downloads\" href=\"http:\/\/mikrofiltertechnik.de\/download\" target=\"_self\" rel=\"noopener\">Download-Bereich<\/a> zusammengestellt. Bei Fragen steht Ihnen unser Team telefonisch oder <a title=\"zum Kontaktformular\" href=\"http:\/\/mikrofiltertechnik.de\/kontakt\" target=\"_self\" rel=\"noopener\">per E-Mail<\/a> zur Verf\u00fcgung.<\/p>\n<p>Besuchen Sie unseren <a href=\"http:\/\/mikrofiltertechnik.de\/produkte\/kraftstoffe\/deutz-insypro\" target=\"_blank\" rel=\"noopener\">Online-Shop<\/a> und w\u00e4hlen Sie das Diesel Additiv Clean-Diesel InSyPro\u00ae in der Ausf\u00fchrung Ihrer Wahl.<\/p>\n\n\t\t<\/div>\n\t<\/div>\n<\/div><\/div><\/div><\/div><\/section><div id=\"background-position-75\" class=\"vc_row wpb_row vc_row-fluid vc_custom_1619096112336 vc_row-has-fill\"><div class=\"vc-container et-clearfix\"><div data-animation-delay=\"0\" data-parallax-speed=\"1.5\" class=\"wpb_column vc_column_container vc_col-sm-12\"><div class=\"vc_column-inner \" ><div class=\"wpb_wrapper\"><div class=\"gap et-clearfix hide767\" style=\"height:104px\"><\/div><div class=\"gap et-clearfix hide768\" style=\"height:24px\"><\/div><div class=\"et-ghost-title-wrapper\"><style>#et-ghost-title-1 {min-height:256px;padding-top:128px;}#et-ghost-title-1 .ghost-title {font-size:256px;line-height:256px;font-weight:700;color:rgba(0,0,0,0.1);left:-4px;}<\/style><div id=\"et-ghost-title-1\" class=\"et-ghost-title et-clearfix \" data-mobile-font=\"96px\" data-tablet-font=\"inherit\"><div class=\"ghost-title\">Shop<\/div><div class=\"ghost-content et-clearfix\"><h3 style=\"font-size: 70px;color: #ffffff;line-height: 70px;text-align: left\" class=\"vc_custom_heading\"  data-mobile-font=\"32px\" data-tablet-font=\"inherit\" >Hochwertige Kraftstoffzus\u00e4tze, Motor\u00f6le, Filtertechnik & vieles mehr.<\/h3><a target=\"_self\" href=\"#link\" id=\"et-inline-button-1\" style=\"color:#ffffff;\" class=\"et-inline-button inline-button-font-size has-icon  icon-position-right modal-false false\" data-color=\"#ffffff\" data-colorhover=\"#212121\"><span class=\"text\">Zu unserem Online Shop<span class=\"text-hover\" style=\"background:#212121;\"><\/span><\/span><span class=\"icon fa fa-angle-right\"><\/span><\/a><span class=\"et-gap-inline et-clearfix hide767\" style=\"width:40px\"><\/span><div class=\"gap et-clearfix hide768\" style=\"height:8px\"><\/div><\/div><\/div><\/div><div class=\"gap et-clearfix hide768\" style=\"height:48px\"><\/div><div class=\"gap et-clearfix hide767\" style=\"height:150px\"><\/div><\/div><\/div><\/div><\/div><\/div>\n","protected":false},"excerpt":{"rendered":"<p>Leverage agile frameworks to provide a robust synopsis for high level overviews. Iterative approaches to corporate strategy foster collaborative thinking to further the overall value proposition. Organically grow the holistic world view of disruptive innovation via workplace diversity and empowerment.<\/p>\n","protected":false},"author":1,"featured_media":0,"parent":14376,"menu_order":0,"comment_status":"closed","ping_status":"closed","template":"page-vc.php","meta":{"footnotes":""},"class_list":["post-14290","page","type-page","status-publish","hentry"],"yoast_head":"<!-- This site is optimized with the Yoast SEO plugin v23.5 - https:\/\/yoast.com\/wordpress\/plugins\/seo\/ -->\n<title>Deutz InSyPro gegen Dieselalterung - MFT Mikrofiltertechnik GmbH<\/title>\n<meta name=\"description\" content=\"Das Diesel Additiv Clean-Diesel InSyPro von Deutz wirkt gegen Dieselalterung und verl\u00e4ngert die Lagerf\u00e4higkeit. Die Mikrofiltertechnik GmbH aus Geesthacht ber\u00e4t Sie gerne.\" \/>\n<meta name=\"robots\" content=\"index, follow, max-snippet:-1, max-image-preview:large, max-video-preview:-1\" \/>\n<link rel=\"canonical\" href=\"https:\/\/mikrofiltertechnik.de\/de\/produkte\/kraftstoffe\/deutz-insypro\" \/>\n<meta property=\"og:locale\" content=\"de_DE\" \/>\n<meta property=\"og:type\" content=\"article\" \/>\n<meta property=\"og:title\" content=\"Deutz InSyPro gegen Dieselalterung - MFT Mikrofiltertechnik GmbH\" \/>\n<meta property=\"og:description\" content=\"Das Diesel Additiv Clean-Diesel InSyPro von Deutz wirkt gegen Dieselalterung und verl\u00e4ngert die Lagerf\u00e4higkeit. Die Mikrofiltertechnik GmbH aus Geesthacht ber\u00e4t Sie gerne.\" \/>\n<meta property=\"og:url\" content=\"https:\/\/mikrofiltertechnik.de\/de\/produkte\/kraftstoffe\/deutz-insypro\" \/>\n<meta property=\"og:site_name\" content=\"MFT Mikrofiltertechnik GmbH\" \/>\n<meta property=\"article:modified_time\" content=\"2021-10-14T20:43:21+00:00\" \/>\n<meta property=\"og:image\" content=\"https:\/\/mikrofiltertechnik.de\/wp-content\/uploads\/2021\/04\/cropped-logo_vaficon.png\" \/>\n\t<meta property=\"og:image:width\" content=\"512\" \/>\n\t<meta property=\"og:image:height\" content=\"512\" \/>\n\t<meta property=\"og:image:type\" content=\"image\/png\" \/>\n<meta name=\"twitter:card\" content=\"summary_large_image\" \/>\n<meta name=\"twitter:label1\" content=\"Gesch\u00e4tzte Lesezeit\" \/>\n\t<meta name=\"twitter:data1\" content=\"6\u00a0Minuten\" \/>\n<script type=\"application\/ld+json\" class=\"yoast-schema-graph\">{\"@context\":\"https:\/\/schema.org\",\"@graph\":[{\"@type\":\"WebPage\",\"@id\":\"https:\/\/mikrofiltertechnik.de\/de\/produkte\/kraftstoffe\/deutz-insypro\",\"url\":\"https:\/\/mikrofiltertechnik.de\/de\/produkte\/kraftstoffe\/deutz-insypro\",\"name\":\"Deutz InSyPro gegen Dieselalterung - MFT Mikrofiltertechnik GmbH\",\"isPartOf\":{\"@id\":\"http:\/\/mikrofiltertechnik.de\/de\/#website\"},\"datePublished\":\"2021-04-27T17:18:14+00:00\",\"dateModified\":\"2021-10-14T20:43:21+00:00\",\"description\":\"Das Diesel Additiv Clean-Diesel InSyPro von Deutz wirkt gegen Dieselalterung und verl\u00e4ngert die Lagerf\u00e4higkeit. Die Mikrofiltertechnik GmbH aus Geesthacht ber\u00e4t Sie gerne.\",\"breadcrumb\":{\"@id\":\"https:\/\/mikrofiltertechnik.de\/de\/produkte\/kraftstoffe\/deutz-insypro#breadcrumb\"},\"inLanguage\":\"de\",\"potentialAction\":[{\"@type\":\"ReadAction\",\"target\":[\"https:\/\/mikrofiltertechnik.de\/de\/produkte\/kraftstoffe\/deutz-insypro\"]}]},{\"@type\":\"BreadcrumbList\",\"@id\":\"https:\/\/mikrofiltertechnik.de\/de\/produkte\/kraftstoffe\/deutz-insypro#breadcrumb\",\"itemListElement\":[{\"@type\":\"ListItem\",\"position\":1,\"name\":\"Startseite\",\"item\":\"https:\/\/mikrofiltertechnik.de\/\"},{\"@type\":\"ListItem\",\"position\":2,\"name\":\"Produkte\",\"item\":\"http:\/\/mikrofiltertechnik.de\/de\/produkte\"},{\"@type\":\"ListItem\",\"position\":3,\"name\":\"Kraftstoffe\",\"item\":\"https:\/\/mikrofiltertechnik.de\/de\/produkte\/kraftstoffe\"},{\"@type\":\"ListItem\",\"position\":4,\"name\":\"Deutz-Insypro\"}]},{\"@type\":\"WebSite\",\"@id\":\"http:\/\/mikrofiltertechnik.de\/de\/#website\",\"url\":\"http:\/\/mikrofiltertechnik.de\/de\/\",\"name\":\"MFT Mikrofiltertechnik GmbH\",\"description\":\"Kompetenz in Diesel\",\"publisher\":{\"@id\":\"http:\/\/mikrofiltertechnik.de\/de\/#organization\"},\"potentialAction\":[{\"@type\":\"SearchAction\",\"target\":{\"@type\":\"EntryPoint\",\"urlTemplate\":\"http:\/\/mikrofiltertechnik.de\/de\/?s={search_term_string}\"},\"query-input\":{\"@type\":\"PropertyValueSpecification\",\"valueRequired\":true,\"valueName\":\"search_term_string\"}}],\"inLanguage\":\"de\"},{\"@type\":\"Organization\",\"@id\":\"http:\/\/mikrofiltertechnik.de\/de\/#organization\",\"name\":\"MFT Mikrofiltertechnik GmbH\",\"url\":\"http:\/\/mikrofiltertechnik.de\/de\/\",\"logo\":{\"@type\":\"ImageObject\",\"inLanguage\":\"de\",\"@id\":\"http:\/\/mikrofiltertechnik.de\/de\/#\/schema\/logo\/image\/\",\"url\":\"https:\/\/mikrofiltertechnik.de\/wp-content\/uploads\/2021\/04\/cropped-logo_vaficon.png\",\"contentUrl\":\"https:\/\/mikrofiltertechnik.de\/wp-content\/uploads\/2021\/04\/cropped-logo_vaficon.png\",\"width\":512,\"height\":512,\"caption\":\"MFT Mikrofiltertechnik GmbH\"},\"image\":{\"@id\":\"http:\/\/mikrofiltertechnik.de\/de\/#\/schema\/logo\/image\/\"}}]}<\/script>\n<!-- \/ Yoast SEO plugin. -->","yoast_head_json":{"title":"Deutz InSyPro gegen Dieselalterung - MFT Mikrofiltertechnik GmbH","description":"Das Diesel Additiv Clean-Diesel InSyPro von Deutz wirkt gegen Dieselalterung und verl\u00e4ngert die Lagerf\u00e4higkeit. Die Mikrofiltertechnik GmbH aus Geesthacht ber\u00e4t Sie gerne.","robots":{"index":"index","follow":"follow","max-snippet":"max-snippet:-1","max-image-preview":"max-image-preview:large","max-video-preview":"max-video-preview:-1"},"canonical":"https:\/\/mikrofiltertechnik.de\/de\/produkte\/kraftstoffe\/deutz-insypro","og_locale":"de_DE","og_type":"article","og_title":"Deutz InSyPro gegen Dieselalterung - MFT Mikrofiltertechnik GmbH","og_description":"Das Diesel Additiv Clean-Diesel InSyPro von Deutz wirkt gegen Dieselalterung und verl\u00e4ngert die Lagerf\u00e4higkeit. Die Mikrofiltertechnik GmbH aus Geesthacht ber\u00e4t Sie gerne.","og_url":"https:\/\/mikrofiltertechnik.de\/de\/produkte\/kraftstoffe\/deutz-insypro","og_site_name":"MFT Mikrofiltertechnik GmbH","article_modified_time":"2021-10-14T20:43:21+00:00","og_image":[{"width":512,"height":512,"url":"https:\/\/mikrofiltertechnik.de\/wp-content\/uploads\/2021\/04\/cropped-logo_vaficon.png","type":"image\/png"}],"twitter_card":"summary_large_image","twitter_misc":{"Gesch\u00e4tzte Lesezeit":"6\u00a0Minuten"},"schema":{"@context":"https:\/\/schema.org","@graph":[{"@type":"WebPage","@id":"https:\/\/mikrofiltertechnik.de\/de\/produkte\/kraftstoffe\/deutz-insypro","url":"https:\/\/mikrofiltertechnik.de\/de\/produkte\/kraftstoffe\/deutz-insypro","name":"Deutz InSyPro gegen Dieselalterung - MFT Mikrofiltertechnik GmbH","isPartOf":{"@id":"http:\/\/mikrofiltertechnik.de\/de\/#website"},"datePublished":"2021-04-27T17:18:14+00:00","dateModified":"2021-10-14T20:43:21+00:00","description":"Das Diesel Additiv Clean-Diesel InSyPro von Deutz wirkt gegen Dieselalterung und verl\u00e4ngert die Lagerf\u00e4higkeit. Die Mikrofiltertechnik GmbH aus Geesthacht ber\u00e4t Sie gerne.","breadcrumb":{"@id":"https:\/\/mikrofiltertechnik.de\/de\/produkte\/kraftstoffe\/deutz-insypro#breadcrumb"},"inLanguage":"de","potentialAction":[{"@type":"ReadAction","target":["https:\/\/mikrofiltertechnik.de\/de\/produkte\/kraftstoffe\/deutz-insypro"]}]},{"@type":"BreadcrumbList","@id":"https:\/\/mikrofiltertechnik.de\/de\/produkte\/kraftstoffe\/deutz-insypro#breadcrumb","itemListElement":[{"@type":"ListItem","position":1,"name":"Startseite","item":"https:\/\/mikrofiltertechnik.de\/"},{"@type":"ListItem","position":2,"name":"Produkte","item":"http:\/\/mikrofiltertechnik.de\/de\/produkte"},{"@type":"ListItem","position":3,"name":"Kraftstoffe","item":"https:\/\/mikrofiltertechnik.de\/de\/produkte\/kraftstoffe"},{"@type":"ListItem","position":4,"name":"Deutz-Insypro"}]},{"@type":"WebSite","@id":"http:\/\/mikrofiltertechnik.de\/de\/#website","url":"http:\/\/mikrofiltertechnik.de\/de\/","name":"MFT Mikrofiltertechnik GmbH","description":"Kompetenz in Diesel","publisher":{"@id":"http:\/\/mikrofiltertechnik.de\/de\/#organization"},"potentialAction":[{"@type":"SearchAction","target":{"@type":"EntryPoint","urlTemplate":"http:\/\/mikrofiltertechnik.de\/de\/?s={search_term_string}"},"query-input":{"@type":"PropertyValueSpecification","valueRequired":true,"valueName":"search_term_string"}}],"inLanguage":"de"},{"@type":"Organization","@id":"http:\/\/mikrofiltertechnik.de\/de\/#organization","name":"MFT Mikrofiltertechnik GmbH","url":"http:\/\/mikrofiltertechnik.de\/de\/","logo":{"@type":"ImageObject","inLanguage":"de","@id":"http:\/\/mikrofiltertechnik.de\/de\/#\/schema\/logo\/image\/","url":"https:\/\/mikrofiltertechnik.de\/wp-content\/uploads\/2021\/04\/cropped-logo_vaficon.png","contentUrl":"https:\/\/mikrofiltertechnik.de\/wp-content\/uploads\/2021\/04\/cropped-logo_vaficon.png","width":512,"height":512,"caption":"MFT Mikrofiltertechnik GmbH"},"image":{"@id":"http:\/\/mikrofiltertechnik.de\/de\/#\/schema\/logo\/image\/"}}]}},"_links":{"self":[{"href":"https:\/\/mikrofiltertechnik.de\/de\/wp-json\/wp\/v2\/pages\/14290","targetHints":{"allow":["GET"]}}],"collection":[{"href":"https:\/\/mikrofiltertechnik.de\/de\/wp-json\/wp\/v2\/pages"}],"about":[{"href":"https:\/\/mikrofiltertechnik.de\/de\/wp-json\/wp\/v2\/types\/page"}],"author":[{"embeddable":true,"href":"https:\/\/mikrofiltertechnik.de\/de\/wp-json\/wp\/v2\/users\/1"}],"replies":[{"embeddable":true,"href":"https:\/\/mikrofiltertechnik.de\/de\/wp-json\/wp\/v2\/comments?post=14290"}],"version-history":[{"count":0,"href":"https:\/\/mikrofiltertechnik.de\/de\/wp-json\/wp\/v2\/pages\/14290\/revisions"}],"up":[{"embeddable":true,"href":"https:\/\/mikrofiltertechnik.de\/de\/wp-json\/wp\/v2\/pages\/14376"}],"wp:attachment":[{"href":"https:\/\/mikrofiltertechnik.de\/de\/wp-json\/wp\/v2\/media?parent=14290"}],"curies":[{"name":"wp","href":"https:\/\/api.w.org\/{rel}","templated":true}]}}