{"id":14322,"date":"2021-04-27T19:12:31","date_gmt":"2021-04-27T19:12:31","guid":{"rendered":"http:\/\/mikrofiltertechnik.de\/?page_id=14322"},"modified":"2021-10-14T22:44:27","modified_gmt":"2021-10-14T20:44:27","slug":"microb-monitor-gmf","status":"publish","type":"page","link":"https:\/\/mikrofiltertechnik.de\/de\/produkte\/kraftstoffe\/microb-monitor-gmf","title":{"rendered":"Microb-Monitor GMF"},"content":{"rendered":"<section class=\"vc_section\"><div class=\"vc_row wpb_row vc_row-fluid vc_column-gap-16 vc-container\"><div data-animation-delay=\"0\" data-parallax-speed=\"1.5\" class=\"wpb_column vc_column_container vc_col-sm-6\"><div class=\"vc_column-inner \" ><div class=\"wpb_wrapper\"><h1 id=\"et-animated-title-1\" class=\"et-animated-title et-clearfix  words-direct\" data-mobile-font=\"24px\" data-tablet-font=\"32px\" data-delay=\"0\" style=\"font-size:48px;font-weight:700;color:#212121;\"><span class=\"text-wrapper\"><span class=\"text\">Microb-Monitor GMF<\/span><\/span><\/h1><div class=\"gap et-clearfix \" style=\"height:20px\"><\/div><h2 class=\"et-highlight-title \" style=\"font-size:18px;font-weight:700;color:#c73737;\" data-mobile-font=\"inherit\" data-tablet-font=\"inherit\"><span class=\"title-inner\">Diesel-Test Microb-Monitor GMF \u2013 MFT Mikrofiltertechnik Geesthacht<span class=\"highlight-line\" style=\"background-color:#c73737;\"><\/span><\/span><\/h2><div class=\"gap et-clearfix \" style=\"height:20px\"><\/div>\n\t<div class=\"wpb_text_column wpb_content_element \" >\n\t\t<div class=\"wpb_wrapper\">\n\t\t\t<p>Kraftstofftanks bilden einen hervorragenden N\u00e4hrboden f\u00fcr Mikroorganismen wie Hefen und Dieselbakterien. Vor allem umweltschonender Bio-Diesel ist vom Bakterienbefall betroffen. Motorausfall, Filterverschmutzung und -Verstopfung sind die Folge.<\/p>\n<p>Lassen Sie Ihren Kraftstofftank fr\u00fchzeitige untersuchen. Mit Microb-Monitor GMF (fr\u00fcher mikrocount\u00ae fuel) l\u00e4sst sich zuverl\u00e4ssig, schnell und pr\u00e4zise bestimmen, ob ein Kraftstoff bereits belastet und wie hoch die Gesamtkeimzahl im Tank ist. Die MFT Mikrofiltertechnik GmbH aus Geesthacht bei Hamburg f\u00fchrt eine Analyse auch bei Ihnen vor Ort durch. Sprechen Sie uns einfach an.<\/p>\n\n\t\t<\/div>\n\t<\/div>\n<\/div><\/div><\/div><div data-animation-delay=\"0\" data-parallax-speed=\"1.5\" class=\"wpb_column vc_column_container vc_col-sm-6\"><div class=\"vc_column-inner \" ><div class=\"wpb_wrapper\"><div class=\"gap et-clearfix \" style=\"height:165px\"><\/div><div class=\"wpb_gallery wpb_content_element vc_clearfix\" ><div class=\"wpb_wrapper\"><div class=\"wpb_gallery_slides wpb_flexslider flexslider_fade flexslider\" data-interval=\"3\" data-flex_fx=\"fade\"><ul class=\"slides\"><li><a class=\"prettyphoto\" href=\"https:\/\/mikrofiltertechnik.de\/wp-content\/uploads\/2021\/09\/IMG_0917-scaled-e1632403311498-1024x675.jpg\" data-rel=\"prettyPhoto[rel-14322-56305152]\"><img loading=\"lazy\" decoding=\"async\" width=\"2124\" height=\"1401\" src=\"https:\/\/mikrofiltertechnik.de\/wp-content\/uploads\/2021\/09\/IMG_0917-scaled-e1632403311498.jpg\" class=\"attachment-full\" alt=\"\" data-responsive-images=\"false\" \/><\/a><\/li><li><a class=\"prettyphoto\" href=\"https:\/\/mikrofiltertechnik.de\/wp-content\/uploads\/2021\/09\/IMG_0921-scaled-e1632403696679-1024x675.jpg\" data-rel=\"prettyPhoto[rel-14322-56305152]\"><img loading=\"lazy\" decoding=\"async\" width=\"1708\" height=\"1126\" src=\"https:\/\/mikrofiltertechnik.de\/wp-content\/uploads\/2021\/09\/IMG_0921-scaled-e1632403696679.jpg\" class=\"attachment-full\" alt=\"\" data-responsive-images=\"false\" \/><\/a><\/li><\/ul><\/div><\/div><\/div><\/div><\/div><\/div><\/div><div class=\"vc_row wpb_row vc_row-fluid vc_column-gap-16 vc-container\"><div data-animation-delay=\"0\" data-parallax-speed=\"1.5\" class=\"wpb_column vc_column_container vc_col-sm-12\"><div class=\"vc_column-inner \" ><div class=\"wpb_wrapper\">\n\t<div class=\"wpb_text_column wpb_content_element \" >\n\t\t<div class=\"wpb_wrapper\">\n\t\t\t<p>Der Diesel-Test Microb-Monitor GMF (fr\u00fcher mikrocount\u00ae fuel) ist f\u00fcr alle Diesel-Arten sowie f\u00fcr Bio-Diesel geeignet.<\/p>\n<p>Weitere Produktinformationen und Anwendungshinweise stellt Ihnen die MFT Mikrofiltertechnik GmbH aus Geesthacht bei Hamburg als <a title=\"Downloads\" href=\"http:\/\/mikrofiltertechnik.de\/download\">Download<\/a> zur Verf\u00fcgung. Bitte beachten Sie bei der Durchf\u00fchrung des Diesel-Tests die Sicherheitsvorschriften im Umgang mit Kraftstoffen und gehen Sie genau wie in der Anleitung beschrieben vor.<\/p>\n<p>Der Diesel-Test Mikrob-Monitor GMF ist auch im <a href=\"http:\/\/mikrofiltertechnik.de\/produkte\/kraftstoffe\/microcount-fuel\" target=\"_blank\" rel=\"noopener\">Online-Shop<\/a> der MFT Mikrofiltertechnik GmbH aus Geesthacht bei Hamburg verf\u00fcgbar.<\/p>\n\n\t\t<\/div>\n\t<\/div>\n<\/div><\/div><\/div><\/div><\/section><div id=\"background-position-75\" class=\"vc_row wpb_row vc_row-fluid vc_custom_1619096112336 vc_row-has-fill\"><div class=\"vc-container et-clearfix\"><div data-animation-delay=\"0\" data-parallax-speed=\"1.5\" class=\"wpb_column vc_column_container vc_col-sm-12\"><div class=\"vc_column-inner \" ><div class=\"wpb_wrapper\"><div class=\"gap et-clearfix hide767\" style=\"height:104px\"><\/div><div class=\"gap et-clearfix hide768\" style=\"height:24px\"><\/div><div class=\"et-ghost-title-wrapper\"><style>#et-ghost-title-1 {min-height:256px;padding-top:128px;}#et-ghost-title-1 .ghost-title {font-size:256px;line-height:256px;font-weight:700;color:rgba(0,0,0,0.1);left:-4px;}<\/style><div id=\"et-ghost-title-1\" class=\"et-ghost-title et-clearfix \" data-mobile-font=\"96px\" data-tablet-font=\"inherit\"><div class=\"ghost-title\">Shop<\/div><div class=\"ghost-content et-clearfix\"><h3 style=\"font-size: 70px;color: #ffffff;line-height: 70px;text-align: left\" class=\"vc_custom_heading\"  data-mobile-font=\"32px\" data-tablet-font=\"inherit\" >Hochwertige Kraftstoffzus\u00e4tze, Motor\u00f6le, Filtertechnik & vieles mehr.<\/h3><a target=\"_self\" href=\"#link\" id=\"et-inline-button-1\" style=\"color:#ffffff;\" class=\"et-inline-button inline-button-font-size has-icon  icon-position-right modal-false false\" data-color=\"#ffffff\" data-colorhover=\"#212121\"><span class=\"text\">Zu unserem Online Shop<span class=\"text-hover\" style=\"background:#212121;\"><\/span><\/span><span class=\"icon fa fa-angle-right\"><\/span><\/a><span class=\"et-gap-inline et-clearfix hide767\" style=\"width:40px\"><\/span><div class=\"gap et-clearfix hide768\" style=\"height:8px\"><\/div><\/div><\/div><\/div><div class=\"gap et-clearfix hide768\" style=\"height:48px\"><\/div><div class=\"gap et-clearfix hide767\" style=\"height:150px\"><\/div><\/div><\/div><\/div><\/div><\/div>\n","protected":false},"excerpt":{"rendered":"<p>Leverage agile frameworks to provide a robust synopsis for high level overviews. Iterative approaches to corporate strategy foster collaborative thinking to further the overall value proposition. Organically grow the holistic world view of disruptive innovation via workplace diversity and empowerment.<\/p>\n","protected":false},"author":1,"featured_media":0,"parent":14376,"menu_order":0,"comment_status":"closed","ping_status":"closed","template":"page-vc.php","meta":{"footnotes":""},"class_list":["post-14322","page","type-page","status-publish","hentry"],"yoast_head":"<!-- This site is optimized with the Yoast SEO plugin v23.5 - https:\/\/yoast.com\/wordpress\/plugins\/seo\/ -->\n<title>Microb-Monitor GMF - MFT Mikrofiltertechnik GmbH<\/title>\n<meta name=\"description\" content=\"Mit dem Nachfolger von mikrocount fuel ist es m\u00f6glich eigenst\u00e4ndig Dieselkraftstoff auf Bakterien zu untersuchen.\" \/>\n<meta name=\"robots\" content=\"index, follow, max-snippet:-1, max-image-preview:large, max-video-preview:-1\" \/>\n<link rel=\"canonical\" href=\"https:\/\/mikrofiltertechnik.de\/de\/produkte\/kraftstoffe\/microb-monitor-gmf\" \/>\n<meta property=\"og:locale\" content=\"de_DE\" \/>\n<meta property=\"og:type\" content=\"article\" \/>\n<meta property=\"og:title\" content=\"Microb-Monitor GMF - MFT Mikrofiltertechnik GmbH\" \/>\n<meta property=\"og:description\" content=\"Mit dem Nachfolger von mikrocount fuel ist es m\u00f6glich eigenst\u00e4ndig Dieselkraftstoff auf Bakterien zu untersuchen.\" \/>\n<meta property=\"og:url\" content=\"https:\/\/mikrofiltertechnik.de\/de\/produkte\/kraftstoffe\/microb-monitor-gmf\" \/>\n<meta property=\"og:site_name\" content=\"MFT Mikrofiltertechnik GmbH\" \/>\n<meta property=\"article:modified_time\" content=\"2021-10-14T20:44:27+00:00\" \/>\n<meta property=\"og:image\" content=\"https:\/\/mikrofiltertechnik.de\/wp-content\/uploads\/2021\/04\/cropped-logo_vaficon.png\" \/>\n\t<meta property=\"og:image:width\" content=\"512\" \/>\n\t<meta property=\"og:image:height\" content=\"512\" \/>\n\t<meta property=\"og:image:type\" content=\"image\/png\" \/>\n<meta name=\"twitter:card\" content=\"summary_large_image\" \/>\n<meta name=\"twitter:label1\" content=\"Gesch\u00e4tzte Lesezeit\" \/>\n\t<meta name=\"twitter:data1\" content=\"2\u00a0Minuten\" \/>\n<script type=\"application\/ld+json\" class=\"yoast-schema-graph\">{\"@context\":\"https:\/\/schema.org\",\"@graph\":[{\"@type\":\"WebPage\",\"@id\":\"https:\/\/mikrofiltertechnik.de\/de\/produkte\/kraftstoffe\/microb-monitor-gmf\",\"url\":\"https:\/\/mikrofiltertechnik.de\/de\/produkte\/kraftstoffe\/microb-monitor-gmf\",\"name\":\"Microb-Monitor GMF - MFT Mikrofiltertechnik GmbH\",\"isPartOf\":{\"@id\":\"http:\/\/mikrofiltertechnik.de\/de\/#website\"},\"datePublished\":\"2021-04-27T19:12:31+00:00\",\"dateModified\":\"2021-10-14T20:44:27+00:00\",\"description\":\"Mit dem Nachfolger von mikrocount fuel ist es m\u00f6glich eigenst\u00e4ndig Dieselkraftstoff auf Bakterien zu untersuchen.\",\"breadcrumb\":{\"@id\":\"https:\/\/mikrofiltertechnik.de\/de\/produkte\/kraftstoffe\/microb-monitor-gmf#breadcrumb\"},\"inLanguage\":\"de\",\"potentialAction\":[{\"@type\":\"ReadAction\",\"target\":[\"https:\/\/mikrofiltertechnik.de\/de\/produkte\/kraftstoffe\/microb-monitor-gmf\"]}]},{\"@type\":\"BreadcrumbList\",\"@id\":\"https:\/\/mikrofiltertechnik.de\/de\/produkte\/kraftstoffe\/microb-monitor-gmf#breadcrumb\",\"itemListElement\":[{\"@type\":\"ListItem\",\"position\":1,\"name\":\"Startseite\",\"item\":\"https:\/\/mikrofiltertechnik.de\/\"},{\"@type\":\"ListItem\",\"position\":2,\"name\":\"Produkte\",\"item\":\"http:\/\/mikrofiltertechnik.de\/de\/produkte\"},{\"@type\":\"ListItem\",\"position\":3,\"name\":\"Kraftstoffe\",\"item\":\"https:\/\/mikrofiltertechnik.de\/de\/produkte\/kraftstoffe\"},{\"@type\":\"ListItem\",\"position\":4,\"name\":\"Microb-Monitor GMF\"}]},{\"@type\":\"WebSite\",\"@id\":\"http:\/\/mikrofiltertechnik.de\/de\/#website\",\"url\":\"http:\/\/mikrofiltertechnik.de\/de\/\",\"name\":\"MFT Mikrofiltertechnik GmbH\",\"description\":\"Kompetenz in Diesel\",\"publisher\":{\"@id\":\"http:\/\/mikrofiltertechnik.de\/de\/#organization\"},\"potentialAction\":[{\"@type\":\"SearchAction\",\"target\":{\"@type\":\"EntryPoint\",\"urlTemplate\":\"http:\/\/mikrofiltertechnik.de\/de\/?s={search_term_string}\"},\"query-input\":{\"@type\":\"PropertyValueSpecification\",\"valueRequired\":true,\"valueName\":\"search_term_string\"}}],\"inLanguage\":\"de\"},{\"@type\":\"Organization\",\"@id\":\"http:\/\/mikrofiltertechnik.de\/de\/#organization\",\"name\":\"MFT Mikrofiltertechnik GmbH\",\"url\":\"http:\/\/mikrofiltertechnik.de\/de\/\",\"logo\":{\"@type\":\"ImageObject\",\"inLanguage\":\"de\",\"@id\":\"http:\/\/mikrofiltertechnik.de\/de\/#\/schema\/logo\/image\/\",\"url\":\"https:\/\/mikrofiltertechnik.de\/wp-content\/uploads\/2021\/04\/cropped-logo_vaficon.png\",\"contentUrl\":\"https:\/\/mikrofiltertechnik.de\/wp-content\/uploads\/2021\/04\/cropped-logo_vaficon.png\",\"width\":512,\"height\":512,\"caption\":\"MFT Mikrofiltertechnik GmbH\"},\"image\":{\"@id\":\"http:\/\/mikrofiltertechnik.de\/de\/#\/schema\/logo\/image\/\"}}]}<\/script>\n<!-- \/ Yoast SEO plugin. -->","yoast_head_json":{"title":"Microb-Monitor GMF - MFT Mikrofiltertechnik GmbH","description":"Mit dem Nachfolger von mikrocount fuel ist es m\u00f6glich eigenst\u00e4ndig Dieselkraftstoff auf Bakterien zu untersuchen.","robots":{"index":"index","follow":"follow","max-snippet":"max-snippet:-1","max-image-preview":"max-image-preview:large","max-video-preview":"max-video-preview:-1"},"canonical":"https:\/\/mikrofiltertechnik.de\/de\/produkte\/kraftstoffe\/microb-monitor-gmf","og_locale":"de_DE","og_type":"article","og_title":"Microb-Monitor GMF - MFT Mikrofiltertechnik GmbH","og_description":"Mit dem Nachfolger von mikrocount fuel ist es m\u00f6glich eigenst\u00e4ndig Dieselkraftstoff auf Bakterien zu untersuchen.","og_url":"https:\/\/mikrofiltertechnik.de\/de\/produkte\/kraftstoffe\/microb-monitor-gmf","og_site_name":"MFT Mikrofiltertechnik GmbH","article_modified_time":"2021-10-14T20:44:27+00:00","og_image":[{"width":512,"height":512,"url":"https:\/\/mikrofiltertechnik.de\/wp-content\/uploads\/2021\/04\/cropped-logo_vaficon.png","type":"image\/png"}],"twitter_card":"summary_large_image","twitter_misc":{"Gesch\u00e4tzte Lesezeit":"2\u00a0Minuten"},"schema":{"@context":"https:\/\/schema.org","@graph":[{"@type":"WebPage","@id":"https:\/\/mikrofiltertechnik.de\/de\/produkte\/kraftstoffe\/microb-monitor-gmf","url":"https:\/\/mikrofiltertechnik.de\/de\/produkte\/kraftstoffe\/microb-monitor-gmf","name":"Microb-Monitor GMF - MFT Mikrofiltertechnik GmbH","isPartOf":{"@id":"http:\/\/mikrofiltertechnik.de\/de\/#website"},"datePublished":"2021-04-27T19:12:31+00:00","dateModified":"2021-10-14T20:44:27+00:00","description":"Mit dem Nachfolger von mikrocount fuel ist es m\u00f6glich eigenst\u00e4ndig Dieselkraftstoff auf Bakterien zu untersuchen.","breadcrumb":{"@id":"https:\/\/mikrofiltertechnik.de\/de\/produkte\/kraftstoffe\/microb-monitor-gmf#breadcrumb"},"inLanguage":"de","potentialAction":[{"@type":"ReadAction","target":["https:\/\/mikrofiltertechnik.de\/de\/produkte\/kraftstoffe\/microb-monitor-gmf"]}]},{"@type":"BreadcrumbList","@id":"https:\/\/mikrofiltertechnik.de\/de\/produkte\/kraftstoffe\/microb-monitor-gmf#breadcrumb","itemListElement":[{"@type":"ListItem","position":1,"name":"Startseite","item":"https:\/\/mikrofiltertechnik.de\/"},{"@type":"ListItem","position":2,"name":"Produkte","item":"http:\/\/mikrofiltertechnik.de\/de\/produkte"},{"@type":"ListItem","position":3,"name":"Kraftstoffe","item":"https:\/\/mikrofiltertechnik.de\/de\/produkte\/kraftstoffe"},{"@type":"ListItem","position":4,"name":"Microb-Monitor GMF"}]},{"@type":"WebSite","@id":"http:\/\/mikrofiltertechnik.de\/de\/#website","url":"http:\/\/mikrofiltertechnik.de\/de\/","name":"MFT Mikrofiltertechnik GmbH","description":"Kompetenz in Diesel","publisher":{"@id":"http:\/\/mikrofiltertechnik.de\/de\/#organization"},"potentialAction":[{"@type":"SearchAction","target":{"@type":"EntryPoint","urlTemplate":"http:\/\/mikrofiltertechnik.de\/de\/?s={search_term_string}"},"query-input":{"@type":"PropertyValueSpecification","valueRequired":true,"valueName":"search_term_string"}}],"inLanguage":"de"},{"@type":"Organization","@id":"http:\/\/mikrofiltertechnik.de\/de\/#organization","name":"MFT Mikrofiltertechnik GmbH","url":"http:\/\/mikrofiltertechnik.de\/de\/","logo":{"@type":"ImageObject","inLanguage":"de","@id":"http:\/\/mikrofiltertechnik.de\/de\/#\/schema\/logo\/image\/","url":"https:\/\/mikrofiltertechnik.de\/wp-content\/uploads\/2021\/04\/cropped-logo_vaficon.png","contentUrl":"https:\/\/mikrofiltertechnik.de\/wp-content\/uploads\/2021\/04\/cropped-logo_vaficon.png","width":512,"height":512,"caption":"MFT Mikrofiltertechnik GmbH"},"image":{"@id":"http:\/\/mikrofiltertechnik.de\/de\/#\/schema\/logo\/image\/"}}]}},"_links":{"self":[{"href":"https:\/\/mikrofiltertechnik.de\/de\/wp-json\/wp\/v2\/pages\/14322","targetHints":{"allow":["GET"]}}],"collection":[{"href":"https:\/\/mikrofiltertechnik.de\/de\/wp-json\/wp\/v2\/pages"}],"about":[{"href":"https:\/\/mikrofiltertechnik.de\/de\/wp-json\/wp\/v2\/types\/page"}],"author":[{"embeddable":true,"href":"https:\/\/mikrofiltertechnik.de\/de\/wp-json\/wp\/v2\/users\/1"}],"replies":[{"embeddable":true,"href":"https:\/\/mikrofiltertechnik.de\/de\/wp-json\/wp\/v2\/comments?post=14322"}],"version-history":[{"count":0,"href":"https:\/\/mikrofiltertechnik.de\/de\/wp-json\/wp\/v2\/pages\/14322\/revisions"}],"up":[{"embeddable":true,"href":"https:\/\/mikrofiltertechnik.de\/de\/wp-json\/wp\/v2\/pages\/14376"}],"wp:attachment":[{"href":"https:\/\/mikrofiltertechnik.de\/de\/wp-json\/wp\/v2\/media?parent=14322"}],"curies":[{"name":"wp","href":"https:\/\/api.w.org\/{rel}","templated":true}]}}