{"id":14433,"date":"2021-04-27T23:46:40","date_gmt":"2021-04-27T23:46:40","guid":{"rendered":"http:\/\/mikrofiltertechnik.de\/?page_id=14433"},"modified":"2021-05-15T12:16:33","modified_gmt":"2021-05-15T12:16:33","slug":"luftentfeuchter","status":"publish","type":"page","link":"https:\/\/mikrofiltertechnik.de\/de\/produkte\/luft\/luftentfeuchter","title":{"rendered":"luftentfeuchter"},"content":{"rendered":"<section class=\"vc_section\"><div class=\"vc_row wpb_row vc_row-fluid vc_column-gap-24 vc-container\"><div data-animation-delay=\"0\" data-parallax-speed=\"1.5\" class=\"wpb_column vc_column_container vc_col-sm-6\"><div class=\"vc_column-inner \" ><div class=\"wpb_wrapper\"><h1 id=\"et-animated-title-1\" class=\"et-animated-title et-clearfix  words-direct\" data-mobile-font=\"24px\" data-tablet-font=\"32px\" data-delay=\"0\" style=\"font-size:48px;font-weight:700;color:#212121;\"><span class=\"text-wrapper\"><span class=\"text\">Adsorber<\/span><\/span><\/h1><div class=\"gap et-clearfix \" style=\"height:2px\"><\/div><h3 id=\"et-animated-title-2\" class=\"et-animated-title et-clearfix  letter-direct\" data-mobile-font=\"inherit\" data-tablet-font=\"inherit\" data-delay=\"0\" style=\"font-size:24px;font-weight:700;line-height:36px;color:#c73737;\"><span class=\"text-wrapper\"><span class=\"text\">von der MFT Mikrofiltertechnik GmbH aus Geesthacht<\/span><\/span><\/h3><div class=\"gap et-clearfix \" style=\"height:32px\"><\/div><div class=\"et-simple-braket-block-wrapper\"><style>#et-simple-braket-block-1 .braket-text {font-size:18px;font-weight:400;}#et-simple-braket-block-1 .braket > div  {background-color:#c73737;}<\/style><div id=\"et-simple-braket-block-1\" class=\"et-simple-braket-block \"><div class=\"braket\"><div><\/div><div><\/div><div><\/div><\/div><div class=\"braket-text\" data-mobile-font=\"inherit\" data-tablet-font=\"inherit\">Damit die Qualit\u00e4t des gelagerten Kraftstoffs gewahrt und bakterielles Wachstum in Lagertanks wirksam unterbunden werden kann, empfiehlt die MFT Mikrofiltertechnik GmbH aus Geesthacht bei Hamburg den Einsatz hochwertiger Adsorber und Luftentfeuchter. Speziell f\u00fcr die Installation auf Be- und Entl\u00fcftungsleitungen von Lagertanks eignet sich der Adsorber DUO-VARIO BD5. Gelangt Luftfeuchtigkeit in den Tank, bildet sich Wasser. Lufteintrag und Wasser bilden die Grundlage f\u00fcr das Wachstum von Bakterien im Tank. Insbesondere in Tanks mit biologischen Brenn- und Kraftstoffen bildet sich zudem Schl\u00e4mme, die die Qualit\u00e4t des Kraftstoffs erheblich beeintr\u00e4chtigen. Bei vielen Kunden konnte die MFT Mikrofiltertechnik GmbH aus Geesthacht infolge dessen Motorausf\u00e4lle und kostspielige Funktionsst\u00f6rungen feststellen. Der Einsatz eines Adsorbers bewirkt einen Lufteintrag, der die Bildung von Mikroorganismen behindern.<\/div><\/div><\/div><\/div><\/div><\/div><div data-animation-delay=\"0\" data-parallax-speed=\"1.5\" class=\"wpb_column vc_column_container vc_col-sm-6\"><div class=\"vc_column-inner \" ><div class=\"wpb_wrapper\"><div class=\"gap et-clearfix \" style=\"height:140px\"><\/div><div class=\"wpb_gallery wpb_content_element vc_clearfix\" ><div class=\"wpb_wrapper\"><div class=\"wpb_gallery_slides wpb_flexslider flexslider_fade flexslider\" data-interval=\"3\" data-flex_fx=\"fade\"><ul class=\"slides\"><li><a class=\"prettyphoto\" href=\"https:\/\/mikrofiltertechnik.de\/wp-content\/uploads\/2021\/04\/Luftentfeuchter.jpg\" data-rel=\"prettyPhoto[rel-14433-2456369779]\"><img loading=\"lazy\" decoding=\"async\" width=\"720\" height=\"480\" src=\"https:\/\/mikrofiltertechnik.de\/wp-content\/uploads\/2021\/04\/Luftentfeuchter.jpg\" class=\"attachment-full\" alt=\"\" data-responsive-images=\"false\" \/><\/a><\/li><li><a class=\"prettyphoto\" href=\"https:\/\/mikrofiltertechnik.de\/wp-content\/uploads\/2021\/04\/Luftentfeuchter-drei.jpg\" data-rel=\"prettyPhoto[rel-14433-2456369779]\"><img loading=\"lazy\" decoding=\"async\" width=\"720\" height=\"480\" src=\"https:\/\/mikrofiltertechnik.de\/wp-content\/uploads\/2021\/04\/Luftentfeuchter-drei.jpg\" class=\"attachment-full\" alt=\"\" data-responsive-images=\"false\" \/><\/a><\/li><li><a class=\"prettyphoto\" href=\"https:\/\/mikrofiltertechnik.de\/wp-content\/uploads\/2021\/04\/Luftentfeuchter-vier.jpg\" data-rel=\"prettyPhoto[rel-14433-2456369779]\"><img loading=\"lazy\" decoding=\"async\" width=\"720\" height=\"480\" src=\"https:\/\/mikrofiltertechnik.de\/wp-content\/uploads\/2021\/04\/Luftentfeuchter-vier.jpg\" class=\"attachment-full\" alt=\"\" data-responsive-images=\"false\" \/><\/a><\/li><li><a class=\"prettyphoto\" href=\"https:\/\/mikrofiltertechnik.de\/wp-content\/uploads\/2021\/04\/Luftentfeuchter-Zwei.jpg\" data-rel=\"prettyPhoto[rel-14433-2456369779]\"><img loading=\"lazy\" decoding=\"async\" width=\"720\" height=\"480\" src=\"https:\/\/mikrofiltertechnik.de\/wp-content\/uploads\/2021\/04\/Luftentfeuchter-Zwei.jpg\" class=\"attachment-full\" alt=\"\" data-responsive-images=\"false\" \/><\/a><\/li><\/ul><\/div><\/div><\/div><\/div><\/div><\/div><\/div><div class=\"vc_row wpb_row vc_row-fluid vc_column-gap-24 vc-container\"><div data-animation-delay=\"0\" data-parallax-speed=\"1.5\" class=\"wpb_column vc_column_container vc_col-sm-12\"><div class=\"vc_column-inner \" ><div class=\"wpb_wrapper\"><div class=\"sep-wrap left   et-clearfix\" data-delay=\"0\"><div class=\"et-separator solid\" style=\"margin-top:10px;margin-bottom:10px;height:1px;width:100%;border-bottom-width:1px;border-bottom-style:solid;border-bottom-color:#e0e0e0;\"><\/div><\/div><\/div><\/div><\/div><\/div><div class=\"vc_row wpb_row vc_row-fluid vc_column-gap-24 vc-container\"><div data-animation-delay=\"0\" data-parallax-speed=\"1.5\" class=\"wpb_column vc_column_container vc_col-sm-8\"><div class=\"vc_column-inner \" ><div class=\"wpb_wrapper\"><h4 class=\"et-highlight-title \" style=\"font-size:24px;font-weight:700;line-height:32px;color:#c73737;\" data-mobile-font=\"inherit\" data-tablet-font=\"inherit\"><span class=\"title-inner\">Einsatzgebiete der Adsorber zur Be- und Entl\u00fcftung von:<span class=\"highlight-line\" style=\"\"><\/span><\/span><\/h4><div class=\"gap et-clearfix \" style=\"height:20px\"><\/div><\/div><\/div><\/div><div data-animation-delay=\"0\" data-parallax-speed=\"1.5\" class=\"wpb_column vc_column_container vc_col-sm-4\"><div class=\"vc_column-inner \" ><div class=\"wpb_wrapper\"><\/div><\/div><\/div><\/div><div class=\"vc_row wpb_row vc_row-fluid vc_column-gap-24 vc-container\"><div data-animation-delay=\"0\" data-parallax-speed=\"1.5\" class=\"wpb_column vc_column_container vc_col-sm-6\"><div class=\"vc_column-inner \" ><div class=\"wpb_wrapper\">\n\t<div class=\"wpb_text_column wpb_content_element \" >\n\t\t<div class=\"wpb_wrapper\">\n\t\t\t<div class=\"et-el-icon small \" style=\"color:#C73737;\"><span class=\"el-icon fa fa-arrow-circle-right animate-false\"><\/span><\/div>biologischen Kraftstoffen wie Raps\u00f6l, Soja\u00f6l und Palm\u00f6l<\/p>\n\n\t\t<\/div>\n\t<\/div>\n\n\t<div class=\"wpb_text_column wpb_content_element \" >\n\t\t<div class=\"wpb_wrapper\">\n\t\t\t<div class=\"et-el-icon small \" style=\"color:#C73737;\"><span class=\"el-icon fa fa-arrow-circle-right animate-false\"><\/span><\/div>Mineralkraftstoffen<\/p>\n\n\t\t<\/div>\n\t<\/div>\n<\/div><\/div><\/div><div data-animation-delay=\"0\" data-parallax-speed=\"1.5\" class=\"wpb_column vc_column_container vc_col-sm-6\"><div class=\"vc_column-inner \" ><div class=\"wpb_wrapper\">\n\t<div class=\"wpb_text_column wpb_content_element \" >\n\t\t<div class=\"wpb_wrapper\">\n\t\t\t<div class=\"et-el-icon small \" style=\"color:#C73737;\"><span class=\"el-icon fa fa-arrow-circle-right animate-false\"><\/span><\/div>Brennstoffen f\u00fcr Blockheizkraftwerke<\/p>\n\n\t\t<\/div>\n\t<\/div>\n\n\t<div class=\"wpb_text_column wpb_content_element \" >\n\t\t<div class=\"wpb_wrapper\">\n\t\t\t<div class=\"et-el-icon small \" style=\"color:#C73737;\"><span class=\"el-icon fa fa-arrow-circle-right animate-false\"><\/span><\/div>Wasserempfindlichen Stoffen wie Ethanol, Methanol oder Heptan<\/p>\n\n\t\t<\/div>\n\t<\/div>\n<\/div><\/div><\/div><\/div><div class=\"vc_row wpb_row vc_row-fluid vc_column-gap-24 vc-container\"><div data-animation-delay=\"0\" data-parallax-speed=\"1.5\" class=\"wpb_column vc_column_container vc_col-sm-12\"><div class=\"vc_column-inner \" ><div class=\"wpb_wrapper\"><div class=\"sep-wrap left   et-clearfix\" data-delay=\"0\"><div class=\"et-separator solid\" style=\"margin-top:10px;margin-bottom:10px;height:1px;width:100%;border-bottom-width:1px;border-bottom-style:solid;border-bottom-color:#e0e0e0;\"><\/div><\/div><\/div><\/div><\/div><\/div><\/section><div class=\"vc_row wpb_row vc_row-fluid vc_column-gap-24 vc-container\"><div data-animation-delay=\"0\" data-parallax-speed=\"1.5\" class=\"wpb_column vc_column_container vc_col-sm-8\"><div class=\"vc_column-inner \" ><div class=\"wpb_wrapper\"><h4 class=\"et-highlight-title \" style=\"font-size:24px;font-weight:700;line-height:32px;color:#c73737;\" data-mobile-font=\"inherit\" data-tablet-font=\"inherit\"><span class=\"title-inner\">Verfahren des DUO-VARIO BD 5 der MFT Mikrofiltertechnik GmbH aus Geesthacht<span class=\"highlight-line\" style=\"\"><\/span><\/span><\/h4><div class=\"gap et-clearfix \" style=\"height:20px\"><\/div><\/div><\/div><\/div><div data-animation-delay=\"0\" data-parallax-speed=\"1.5\" class=\"wpb_column vc_column_container vc_col-sm-4\"><div class=\"vc_column-inner \" ><div class=\"wpb_wrapper\"><\/div><\/div><\/div><\/div><div class=\"vc_row wpb_row vc_row-fluid vc_column-gap-24 vc-container\"><div data-animation-delay=\"0\" data-parallax-speed=\"1.5\" class=\"wpb_column vc_column_container vc_col-sm-6\"><div class=\"vc_column-inner \" ><div class=\"wpb_wrapper\">\n\t<div class=\"wpb_text_column wpb_content_element \" >\n\t\t<div class=\"wpb_wrapper\">\n\t\t\t<p>Wenn Luft ben\u00f6tigt wird, nimmt der Adsorber seine Arbeit auf und trocknet die Zuluft aus dem Tank. Der gr\u00f6\u00dfte Teil der Abluft entweicht \u00fcber R\u00fcckschlagventile zwischen dem Lagertank und dem Adsorber. Damit kein Wasser aus der Umgebungsluft in den Tank gelangt, arbeitet ein integriertes Ventilsystem.<\/p>\n\n\t\t<\/div>\n\t<\/div>\n<\/div><\/div><\/div><div data-animation-delay=\"0\" data-parallax-speed=\"1.5\" class=\"wpb_column vc_column_container vc_col-sm-6\"><div class=\"vc_column-inner \" ><div class=\"wpb_wrapper\">\n\t<div class=\"wpb_text_column wpb_content_element \" >\n\t\t<div class=\"wpb_wrapper\">\n\t\t\t<p>Eine spezielle Aktivkohleschicht nimmt au\u00dferdem Kraftstoff- und \u00d6ld\u00e4mpfe aus der Luft auf, ohne die Kapazit\u00e4t des Adsorbers zur Wasseraufnahme zu beeintr\u00e4chtigen.<\/p>\n<p>Weitere Fragen beantwortet Ihnen gerne das erfahrene Team der MFT Mikrofiltertechnik GmbH aus Geesthacht bei Hamburg.<<br \/>\n<a title=\"Downloads\" href=\"http:\/\/mikrofiltertechnik.de\/download\">Hier<\/a> gelangen Sie zu unseren Downloads.<\/p>\n\n\t\t<\/div>\n\t<\/div>\n<\/div><\/div><\/div><\/div><div id=\"background-position-75\" class=\"vc_row wpb_row vc_row-fluid vc_custom_1619096112336 vc_row-has-fill\"><div class=\"vc-container et-clearfix\"><div data-animation-delay=\"0\" data-parallax-speed=\"1.5\" class=\"wpb_column vc_column_container vc_col-sm-12\"><div class=\"vc_column-inner \" ><div class=\"wpb_wrapper\"><div class=\"gap et-clearfix hide767\" style=\"height:104px\"><\/div><div class=\"gap et-clearfix hide768\" style=\"height:24px\"><\/div><div class=\"et-ghost-title-wrapper\"><style>#et-ghost-title-1 {min-height:256px;padding-top:128px;}#et-ghost-title-1 .ghost-title {font-size:256px;line-height:256px;font-weight:700;color:rgba(0,0,0,0.1);left:-4px;}<\/style><div id=\"et-ghost-title-1\" class=\"et-ghost-title et-clearfix \" data-mobile-font=\"96px\" data-tablet-font=\"inherit\"><div class=\"ghost-title\">Shop<\/div><div class=\"ghost-content et-clearfix\"><h3 style=\"font-size: 70px;color: #ffffff;line-height: 70px;text-align: left\" class=\"vc_custom_heading\"  data-mobile-font=\"32px\" data-tablet-font=\"inherit\" >Hochwertige Kraftstoffzus\u00e4tze, Motor\u00f6le, Filtertechnik & vieles mehr.<\/h3><a target=\"_self\" href=\"#link\" id=\"et-inline-button-1\" style=\"color:#ffffff;\" class=\"et-inline-button inline-button-font-size has-icon  icon-position-right modal-false false\" data-color=\"#ffffff\" data-colorhover=\"#212121\"><span class=\"text\">Zu unserem Online Shop<span class=\"text-hover\" style=\"background:#212121;\"><\/span><\/span><span class=\"icon fa fa-angle-right\"><\/span><\/a><span class=\"et-gap-inline et-clearfix hide767\" style=\"width:40px\"><\/span><div class=\"gap et-clearfix hide768\" style=\"height:8px\"><\/div><\/div><\/div><\/div><div class=\"gap et-clearfix hide768\" style=\"height:48px\"><\/div><div class=\"gap et-clearfix hide767\" style=\"height:150px\"><\/div><\/div><\/div><\/div><\/div><\/div>\n","protected":false},"excerpt":{"rendered":"<p>Leverage agile frameworks to provide a robust synopsis for high level overviews. Iterative approaches to corporate strategy foster collaborative thinking to further the overall value proposition. Organically grow the holistic world view of disruptive innovation via workplace diversity and empowerment.<\/p>\n","protected":false},"author":1,"featured_media":0,"parent":14430,"menu_order":0,"comment_status":"closed","ping_status":"closed","template":"page-vc.php","meta":{"footnotes":""},"class_list":["post-14433","page","type-page","status-publish","hentry"],"yoast_head":"<!-- This site is optimized with the Yoast SEO plugin v23.5 - https:\/\/yoast.com\/wordpress\/plugins\/seo\/ -->\n<title>luftentfeuchter - MFT Mikrofiltertechnik GmbH<\/title>\n<meta name=\"robots\" content=\"index, follow, max-snippet:-1, max-image-preview:large, max-video-preview:-1\" \/>\n<link rel=\"canonical\" href=\"https:\/\/mikrofiltertechnik.de\/de\/produkte\/luft\/luftentfeuchter\" \/>\n<meta property=\"og:locale\" content=\"de_DE\" \/>\n<meta property=\"og:type\" content=\"article\" \/>\n<meta property=\"og:title\" content=\"luftentfeuchter - MFT Mikrofiltertechnik GmbH\" \/>\n<meta property=\"og:description\" content=\"Leverage agile frameworks to provide a robust synopsis for high level overviews. Iterative approaches to corporate strategy foster collaborative thinking to further the overall value proposition. Organically grow the holistic world view of disruptive innovation via workplace diversity and empowerment.\" \/>\n<meta property=\"og:url\" content=\"https:\/\/mikrofiltertechnik.de\/de\/produkte\/luft\/luftentfeuchter\" \/>\n<meta property=\"og:site_name\" content=\"MFT Mikrofiltertechnik GmbH\" \/>\n<meta property=\"article:modified_time\" content=\"2021-05-15T12:16:33+00:00\" \/>\n<meta property=\"og:image\" content=\"https:\/\/mikrofiltertechnik.de\/wp-content\/uploads\/2021\/04\/cropped-logo_vaficon.png\" \/>\n\t<meta property=\"og:image:width\" content=\"512\" \/>\n\t<meta property=\"og:image:height\" content=\"512\" \/>\n\t<meta property=\"og:image:type\" content=\"image\/png\" \/>\n<meta name=\"twitter:card\" content=\"summary_large_image\" \/>\n<meta name=\"twitter:label1\" content=\"Gesch\u00e4tzte Lesezeit\" \/>\n\t<meta name=\"twitter:data1\" content=\"4\u00a0Minuten\" \/>\n<script type=\"application\/ld+json\" class=\"yoast-schema-graph\">{\"@context\":\"https:\/\/schema.org\",\"@graph\":[{\"@type\":\"WebPage\",\"@id\":\"https:\/\/mikrofiltertechnik.de\/de\/produkte\/luft\/luftentfeuchter\",\"url\":\"https:\/\/mikrofiltertechnik.de\/de\/produkte\/luft\/luftentfeuchter\",\"name\":\"luftentfeuchter - MFT Mikrofiltertechnik GmbH\",\"isPartOf\":{\"@id\":\"http:\/\/mikrofiltertechnik.de\/de\/#website\"},\"datePublished\":\"2021-04-27T23:46:40+00:00\",\"dateModified\":\"2021-05-15T12:16:33+00:00\",\"breadcrumb\":{\"@id\":\"https:\/\/mikrofiltertechnik.de\/de\/produkte\/luft\/luftentfeuchter#breadcrumb\"},\"inLanguage\":\"de\",\"potentialAction\":[{\"@type\":\"ReadAction\",\"target\":[\"https:\/\/mikrofiltertechnik.de\/de\/produkte\/luft\/luftentfeuchter\"]}]},{\"@type\":\"BreadcrumbList\",\"@id\":\"https:\/\/mikrofiltertechnik.de\/de\/produkte\/luft\/luftentfeuchter#breadcrumb\",\"itemListElement\":[{\"@type\":\"ListItem\",\"position\":1,\"name\":\"Startseite\",\"item\":\"https:\/\/mikrofiltertechnik.de\/\"},{\"@type\":\"ListItem\",\"position\":2,\"name\":\"Produkte\",\"item\":\"http:\/\/mikrofiltertechnik.de\/de\/produkte\"},{\"@type\":\"ListItem\",\"position\":3,\"name\":\"Luft\",\"item\":\"https:\/\/mikrofiltertechnik.de\/de\/?page_id=14430\"},{\"@type\":\"ListItem\",\"position\":4,\"name\":\"luftentfeuchter\"}]},{\"@type\":\"WebSite\",\"@id\":\"http:\/\/mikrofiltertechnik.de\/de\/#website\",\"url\":\"http:\/\/mikrofiltertechnik.de\/de\/\",\"name\":\"MFT Mikrofiltertechnik GmbH\",\"description\":\"Kompetenz in Diesel\",\"publisher\":{\"@id\":\"http:\/\/mikrofiltertechnik.de\/de\/#organization\"},\"potentialAction\":[{\"@type\":\"SearchAction\",\"target\":{\"@type\":\"EntryPoint\",\"urlTemplate\":\"http:\/\/mikrofiltertechnik.de\/de\/?s={search_term_string}\"},\"query-input\":{\"@type\":\"PropertyValueSpecification\",\"valueRequired\":true,\"valueName\":\"search_term_string\"}}],\"inLanguage\":\"de\"},{\"@type\":\"Organization\",\"@id\":\"http:\/\/mikrofiltertechnik.de\/de\/#organization\",\"name\":\"MFT Mikrofiltertechnik GmbH\",\"url\":\"http:\/\/mikrofiltertechnik.de\/de\/\",\"logo\":{\"@type\":\"ImageObject\",\"inLanguage\":\"de\",\"@id\":\"http:\/\/mikrofiltertechnik.de\/de\/#\/schema\/logo\/image\/\",\"url\":\"https:\/\/mikrofiltertechnik.de\/wp-content\/uploads\/2021\/04\/cropped-logo_vaficon.png\",\"contentUrl\":\"https:\/\/mikrofiltertechnik.de\/wp-content\/uploads\/2021\/04\/cropped-logo_vaficon.png\",\"width\":512,\"height\":512,\"caption\":\"MFT Mikrofiltertechnik GmbH\"},\"image\":{\"@id\":\"http:\/\/mikrofiltertechnik.de\/de\/#\/schema\/logo\/image\/\"}}]}<\/script>\n<!-- \/ Yoast SEO plugin. -->","yoast_head_json":{"title":"luftentfeuchter - MFT Mikrofiltertechnik GmbH","robots":{"index":"index","follow":"follow","max-snippet":"max-snippet:-1","max-image-preview":"max-image-preview:large","max-video-preview":"max-video-preview:-1"},"canonical":"https:\/\/mikrofiltertechnik.de\/de\/produkte\/luft\/luftentfeuchter","og_locale":"de_DE","og_type":"article","og_title":"luftentfeuchter - MFT Mikrofiltertechnik GmbH","og_description":"Leverage agile frameworks to provide a robust synopsis for high level overviews. Iterative approaches to corporate strategy foster collaborative thinking to further the overall value proposition. Organically grow the holistic world view of disruptive innovation via workplace diversity and empowerment.","og_url":"https:\/\/mikrofiltertechnik.de\/de\/produkte\/luft\/luftentfeuchter","og_site_name":"MFT Mikrofiltertechnik GmbH","article_modified_time":"2021-05-15T12:16:33+00:00","og_image":[{"width":512,"height":512,"url":"https:\/\/mikrofiltertechnik.de\/wp-content\/uploads\/2021\/04\/cropped-logo_vaficon.png","type":"image\/png"}],"twitter_card":"summary_large_image","twitter_misc":{"Gesch\u00e4tzte Lesezeit":"4\u00a0Minuten"},"schema":{"@context":"https:\/\/schema.org","@graph":[{"@type":"WebPage","@id":"https:\/\/mikrofiltertechnik.de\/de\/produkte\/luft\/luftentfeuchter","url":"https:\/\/mikrofiltertechnik.de\/de\/produkte\/luft\/luftentfeuchter","name":"luftentfeuchter - MFT Mikrofiltertechnik GmbH","isPartOf":{"@id":"http:\/\/mikrofiltertechnik.de\/de\/#website"},"datePublished":"2021-04-27T23:46:40+00:00","dateModified":"2021-05-15T12:16:33+00:00","breadcrumb":{"@id":"https:\/\/mikrofiltertechnik.de\/de\/produkte\/luft\/luftentfeuchter#breadcrumb"},"inLanguage":"de","potentialAction":[{"@type":"ReadAction","target":["https:\/\/mikrofiltertechnik.de\/de\/produkte\/luft\/luftentfeuchter"]}]},{"@type":"BreadcrumbList","@id":"https:\/\/mikrofiltertechnik.de\/de\/produkte\/luft\/luftentfeuchter#breadcrumb","itemListElement":[{"@type":"ListItem","position":1,"name":"Startseite","item":"https:\/\/mikrofiltertechnik.de\/"},{"@type":"ListItem","position":2,"name":"Produkte","item":"http:\/\/mikrofiltertechnik.de\/de\/produkte"},{"@type":"ListItem","position":3,"name":"Luft","item":"https:\/\/mikrofiltertechnik.de\/de\/?page_id=14430"},{"@type":"ListItem","position":4,"name":"luftentfeuchter"}]},{"@type":"WebSite","@id":"http:\/\/mikrofiltertechnik.de\/de\/#website","url":"http:\/\/mikrofiltertechnik.de\/de\/","name":"MFT Mikrofiltertechnik GmbH","description":"Kompetenz in Diesel","publisher":{"@id":"http:\/\/mikrofiltertechnik.de\/de\/#organization"},"potentialAction":[{"@type":"SearchAction","target":{"@type":"EntryPoint","urlTemplate":"http:\/\/mikrofiltertechnik.de\/de\/?s={search_term_string}"},"query-input":{"@type":"PropertyValueSpecification","valueRequired":true,"valueName":"search_term_string"}}],"inLanguage":"de"},{"@type":"Organization","@id":"http:\/\/mikrofiltertechnik.de\/de\/#organization","name":"MFT Mikrofiltertechnik GmbH","url":"http:\/\/mikrofiltertechnik.de\/de\/","logo":{"@type":"ImageObject","inLanguage":"de","@id":"http:\/\/mikrofiltertechnik.de\/de\/#\/schema\/logo\/image\/","url":"https:\/\/mikrofiltertechnik.de\/wp-content\/uploads\/2021\/04\/cropped-logo_vaficon.png","contentUrl":"https:\/\/mikrofiltertechnik.de\/wp-content\/uploads\/2021\/04\/cropped-logo_vaficon.png","width":512,"height":512,"caption":"MFT Mikrofiltertechnik GmbH"},"image":{"@id":"http:\/\/mikrofiltertechnik.de\/de\/#\/schema\/logo\/image\/"}}]}},"_links":{"self":[{"href":"https:\/\/mikrofiltertechnik.de\/de\/wp-json\/wp\/v2\/pages\/14433","targetHints":{"allow":["GET"]}}],"collection":[{"href":"https:\/\/mikrofiltertechnik.de\/de\/wp-json\/wp\/v2\/pages"}],"about":[{"href":"https:\/\/mikrofiltertechnik.de\/de\/wp-json\/wp\/v2\/types\/page"}],"author":[{"embeddable":true,"href":"https:\/\/mikrofiltertechnik.de\/de\/wp-json\/wp\/v2\/users\/1"}],"replies":[{"embeddable":true,"href":"https:\/\/mikrofiltertechnik.de\/de\/wp-json\/wp\/v2\/comments?post=14433"}],"version-history":[{"count":0,"href":"https:\/\/mikrofiltertechnik.de\/de\/wp-json\/wp\/v2\/pages\/14433\/revisions"}],"up":[{"embeddable":true,"href":"https:\/\/mikrofiltertechnik.de\/de\/wp-json\/wp\/v2\/pages\/14430"}],"wp:attachment":[{"href":"https:\/\/mikrofiltertechnik.de\/de\/wp-json\/wp\/v2\/media?parent=14433"}],"curies":[{"name":"wp","href":"https:\/\/api.w.org\/{rel}","templated":true}]}}