{"id":14445,"date":"2021-04-28T00:02:49","date_gmt":"2021-04-28T00:02:49","guid":{"rendered":"http:\/\/mikrofiltertechnik.de\/?page_id=14445"},"modified":"2021-09-29T20:36:40","modified_gmt":"2021-09-29T18:36:40","slug":"allgemeines","status":"publish","type":"page","link":"https:\/\/mikrofiltertechnik.de\/de\/tankservice\/allgemeines","title":{"rendered":"Allgemeines"},"content":{"rendered":"<section class=\"vc_section\"><div class=\"vc_row wpb_row vc_row-fluid vc_column-gap-24 vc-container\"><div data-animation-delay=\"0\" data-parallax-speed=\"1.5\" class=\"wpb_column vc_column_container vc_col-sm-6\"><div class=\"vc_column-inner \" ><div class=\"wpb_wrapper\"><h1 id=\"et-animated-title-1\" class=\"et-animated-title et-clearfix  words-direct\" data-mobile-font=\"24px\" data-tablet-font=\"32px\" data-delay=\"0\" style=\"font-size:48px;font-weight:700;color:#212121;\"><span class=\"text-wrapper\"><span class=\"text\">Tankreinigung, Tankinspektion und Kraftstoffanalysen<\/span><\/span><\/h1><div class=\"gap et-clearfix \" style=\"height:2px\"><\/div><div class=\"et-simple-braket-block-wrapper\"><style>#et-simple-braket-block-1 .braket-text {font-size:18px;font-weight:400;}#et-simple-braket-block-1 .braket > div  {background-color:#c73737;}<\/style><div id=\"et-simple-braket-block-1\" class=\"et-simple-braket-block \"><div class=\"braket\"><div><\/div><div><\/div><div><\/div><\/div><div class=\"braket-text\" data-mobile-font=\"inherit\" data-tablet-font=\"inherit\">Die MFT Mikrofiltertechnik GmbH aus Geesthacht ist Ihr zuverl\u00e4ssiger Partner rund um Tankreinigung, Tankinspektion und Kraftstoffanalysen.<br \/>\n- Mobile Tankreinigung europaweit<br \/>\n- Tankinspektion mittels Kamera<br \/>\n- Entnahme von Kraftstoffproben<br \/>\n- Analysen nach DIN 590<br \/>\n- Einbau von Revisions\u00f6ffnungen, ohne Schwei\u00dfen<br \/>\n- Vorher-Nachher-Dokumentation<br \/>\n- Lieferung von Kraftstoffadditiven<br \/>\n- Europaweit f\u00fcr Sie unterwegs<br \/>\n- Kompetente Beratung rund um Dieselkraftstoff und Heiz\u00f6l<\/div><\/div><\/div><\/div><\/div><\/div><div data-animation-delay=\"0\" data-parallax-speed=\"1.5\" class=\"wpb_column vc_column_container vc_col-sm-6\"><div class=\"vc_column-inner \" ><div class=\"wpb_wrapper\"><div class=\"gap et-clearfix \" style=\"height:165px\"><\/div><div data-curtain=\"false\" data-preloader=\"true\" data-decoration=\"true\" data-decoration-size=\"small\" data-animation-delay=\"0\" data-parallax=\"false\" data-coordinatex=\"0\" data-coordinatey=\"0\" data-speed=\"1\" class=\"et-custom-image  aligncenter overlay-none curtain-left\"><div class=\"overlay-hover\"><div class=\"image\"><div class=\"image-container\"><div class=\"image-loading\"><\/div><div class=\"image-preloader\"><\/div><img loading=\"lazy\" decoding=\"async\" width=\"1920\" height=\"1201\" src=\"https:\/\/mikrofiltertechnik.de\/wp-content\/uploads\/2021\/08\/IMG_8330-min.jpg\" alt=\"\"><\/div><\/div><\/div><\/div><\/div><\/div><\/div><\/div><div class=\"vc_row wpb_row vc_row-fluid vc_column-gap-24 vc-container\"><div data-animation-delay=\"0\" data-parallax-speed=\"1.5\" class=\"wpb_column vc_column_container vc_col-sm-12\"><div class=\"vc_column-inner \" ><div class=\"wpb_wrapper\">\n\t<div class=\"wpb_video_widget wpb_content_element vc_clearfix   vc_video-aspect-ratio-169 vc_video-el-width-70 vc_video-align-center\" >\n\t\t<div class=\"wpb_wrapper\">\n\t\t\t\n\t\t\t<div class=\"wpb_video_wrapper\"><iframe loading=\"lazy\" title=\"SeaHelp Livestream: Christian Burmester zum Thema Dieselpest | #FragSeaHelp\" width=\"1200\" height=\"675\" src=\"https:\/\/www.youtube.com\/embed\/5V6f0U_PFpg?start=110&feature=oembed\" frameborder=\"0\" allow=\"accelerometer; autoplay; clipboard-write; encrypted-media; gyroscope; picture-in-picture\" allowfullscreen><\/iframe><\/div>\n\t\t<\/div>\n\t<\/div>\n<div class=\"sep-wrap left   et-clearfix\" data-delay=\"0\"><div class=\"et-separator solid\" style=\"margin-top:24px;margin-bottom:10px;height:1px;width:100%;border-bottom-width:1px;border-bottom-style:solid;border-bottom-color:#e0e0e0;\"><\/div><\/div><\/div><\/div><\/div><\/div><div class=\"vc_row wpb_row vc_row-fluid vc-container\"><div data-animation-delay=\"0\" data-parallax-speed=\"1.5\" class=\"wpb_column vc_column_container vc_col-sm-6\"><div class=\"vc_column-inner \" ><div class=\"wpb_wrapper\"><div class=\"gap et-clearfix \" style=\"height:20px\"><\/div><h3 id=\"et-animated-title-2\" class=\"et-animated-title et-clearfix  letter-direct\" data-mobile-font=\"inherit\" data-tablet-font=\"inherit\" data-delay=\"200\" style=\"font-size:24px;font-weight:700;line-height:32px;color:#c73737;\"><span class=\"text-wrapper\"><span class=\"text\">Grunds\u00e4tzlich bestehen f\u00fcr die Tankreinigung und Analyse zwei M\u00f6glichkeiten:<\/span><\/span><\/h3><div class=\"gap et-clearfix \" style=\"height:20px\"><\/div>\n\t<div class=\"wpb_text_column wpb_content_element \" >\n\t\t<div class=\"wpb_wrapper\">\n\t\t\t<div class=\"et-el-icon small \" style=\"color:#C73737;\"><span class=\"el-icon fa fa-arrow-circle-right animate-false\"><\/span><\/div>Die anfallenden Arbeiten f\u00fchren die geschulten Mitarbeiter der MFT Mikrofiltertechnik GmbH aus Hamburg bei Ihnen vor Ort durch.<\/p>\n\n\t\t<\/div>\n\t<\/div>\n\n\t<div class=\"wpb_text_column wpb_content_element \" >\n\t\t<div class=\"wpb_wrapper\">\n\t\t\t<p>Sollten Sie sich f\u00fcr die erste M\u00f6glichkeit \u2013 Arbeiten bei Ihnen vor Ort \u2013 entscheiden, sind wir mit unserem Werkstattwagen komplett f\u00fcr eine Tankreinigung und den weiteren Service ausgestattet und haben notwendige Werkzeuge, Materialien und Zwischenlagertanks bis 1200 Liter parat. Die Arbeiten werden stets von zwei Mitarbeitern der MFT Mikrofiltertechnik GmbH f\u00fcr 136 Euro je Stunde ( f\u00fcr beide Mitarbeiter zusammen ) durchgef\u00fchrt. Dieser veranschlagte Stundenlohn mag auf den ersten Blick hoch erscheinen, allerdings k\u00f6nnen wir eine jahrelange Erfahrung vorweisen, anhand dieser wir unsere T\u00e4tigkeiten perfektionieren konnten.<\/p>\n\n\t\t<\/div>\n\t<\/div>\n<\/div><\/div><\/div><div data-animation-delay=\"0\" data-parallax-speed=\"1.5\" class=\"wpb_column vc_column_container vc_col-sm-6\"><div class=\"vc_column-inner \" ><div class=\"wpb_wrapper\"><div class=\"gap et-clearfix \" style=\"height:103px\"><\/div>\n\t<div class=\"wpb_text_column wpb_content_element \" >\n\t\t<div class=\"wpb_wrapper\">\n\t\t\t<div class=\"et-el-icon small \" style=\"color:#C73737;\"><span class=\"el-icon fa fa-arrow-circle-right animate-false\"><\/span><\/div>Sie k\u00f6nnen uns auch auf unserem Betriebsgel\u00e4nde in Geesthacht bei Hamburg besuchen.<\/p>\n\n\t\t<\/div>\n\t<\/div>\n\n\t<div class=\"wpb_text_column wpb_content_element \" >\n\t\t<div class=\"wpb_wrapper\">\n\t\t\t<p>Im Vergleich zu anderen Anbietern f\u00fcr Tankreinigungen z\u00e4hlen wir zu den Besten auf diesem Gebiet. Neben dem Stundenlohn berechnen wir ein Kilometergeld von 1,10 Euro je gefahrenen Kilometer. Vor diesem Hintergrund empfiehlt es sich, sich mit anderen Interessenten f\u00fcr eine Tankreinigung zusammenzuschlie\u00dfen. Auf diese Weise lassen sich mehrere Termine koordinieren und die anfallenden Fahrtkosten reduzieren.<\/p>\n<p>Auf den folgenden Seiten erfahren Sie mehr zu den umfangreichen Leistungen rund um Tankinspektion und Tankreinigung der MFT Mikrofiltertechnik GmbH aus Geesthacht. Fragen beantworten wir Ihnen gerne pers\u00f6nlich oder \u00fcber uns <a title=\"zum Kontaktformular\" href=\"http:\/\/mikrofiltertechnik.de\/kontakt\">Kontaktformular<\/a>.<\/p>\n<p><a title=\"Downloads\" href=\"http:\/\/mikrofiltertechnik.de\/download\">Hier<\/a> gelangen Sie zu unseren Downloads.<\/p>\n\n\t\t<\/div>\n\t<\/div>\n<\/div><\/div><\/div><\/div><\/section><div id=\"background-position-75\" class=\"vc_row wpb_row vc_row-fluid vc_custom_1619096112336 vc_row-has-fill\"><div class=\"vc-container et-clearfix\"><div data-animation-delay=\"0\" data-parallax-speed=\"1.5\" class=\"wpb_column vc_column_container vc_col-sm-12\"><div class=\"vc_column-inner \" ><div class=\"wpb_wrapper\"><div class=\"gap et-clearfix hide767\" style=\"height:104px\"><\/div><div class=\"gap et-clearfix hide768\" style=\"height:24px\"><\/div><div class=\"et-ghost-title-wrapper\"><style>#et-ghost-title-1 {min-height:256px;padding-top:128px;}#et-ghost-title-1 .ghost-title {font-size:256px;line-height:256px;font-weight:700;color:rgba(0,0,0,0.1);left:-4px;}<\/style><div id=\"et-ghost-title-1\" class=\"et-ghost-title et-clearfix \" data-mobile-font=\"96px\" data-tablet-font=\"inherit\"><div class=\"ghost-title\">Shop<\/div><div class=\"ghost-content et-clearfix\"><h3 style=\"font-size: 70px;color: #ffffff;line-height: 70px;text-align: left\" class=\"vc_custom_heading\"  data-mobile-font=\"32px\" data-tablet-font=\"inherit\" >Hochwertige Kraftstoffzus\u00e4tze, Motor\u00f6le, Filtertechnik & vieles mehr.<\/h3><a target=\"_self\" href=\"#link\" id=\"et-inline-button-1\" style=\"color:#ffffff;\" class=\"et-inline-button inline-button-font-size has-icon  icon-position-right modal-false false\" data-color=\"#ffffff\" data-colorhover=\"#212121\"><span class=\"text\">Zu unserem Online Shop<span class=\"text-hover\" style=\"background:#212121;\"><\/span><\/span><span class=\"icon fa fa-angle-right\"><\/span><\/a><span class=\"et-gap-inline et-clearfix hide767\" style=\"width:40px\"><\/span><div class=\"gap et-clearfix hide768\" style=\"height:8px\"><\/div><\/div><\/div><\/div><div class=\"gap et-clearfix hide768\" style=\"height:48px\"><\/div><div class=\"gap et-clearfix hide767\" style=\"height:150px\"><\/div><\/div><\/div><\/div><\/div><\/div>\n","protected":false},"excerpt":{"rendered":"<p>Leverage agile frameworks to provide a robust synopsis for high level overviews. Iterative approaches to corporate strategy foster collaborative thinking to further the overall value proposition. Organically grow the holistic world view of disruptive innovation via workplace diversity and empowerment.<\/p>\n","protected":false},"author":1,"featured_media":0,"parent":14453,"menu_order":0,"comment_status":"closed","ping_status":"closed","template":"page-vc.php","meta":{"footnotes":""},"class_list":["post-14445","page","type-page","status-publish","hentry"],"yoast_head":"<!-- This site is optimized with the Yoast SEO plugin v23.5 - https:\/\/yoast.com\/wordpress\/plugins\/seo\/ -->\n<title>Allgemeines zur Tankreinigung und Tankinspektion aus Geesthacht<\/title>\n<meta name=\"description\" content=\"Die MFT Mikrofiltertechnik GmbH aus ist Ihr zuverl\u00e4ssiger Partner rund um Tankreinigung, Tankinspektion, Dieseladditive und Kraftstoffanalysen.\" \/>\n<meta name=\"robots\" content=\"index, follow, max-snippet:-1, max-image-preview:large, max-video-preview:-1\" \/>\n<link rel=\"canonical\" href=\"http:\/\/mikrofiltertechnik.de\/de\/tankservice\/allgemeines\" \/>\n<meta property=\"og:locale\" content=\"de_DE\" \/>\n<meta property=\"og:type\" content=\"article\" \/>\n<meta property=\"og:title\" content=\"Allgemeines zur Tankreinigung und Tankinspektion aus Geesthacht\" \/>\n<meta property=\"og:description\" content=\"Die MFT Mikrofiltertechnik GmbH aus ist Ihr zuverl\u00e4ssiger Partner rund um Tankreinigung, Tankinspektion, Dieseladditive und Kraftstoffanalysen.\" \/>\n<meta property=\"og:url\" content=\"http:\/\/mikrofiltertechnik.de\/de\/tankservice\/allgemeines\" \/>\n<meta property=\"og:site_name\" content=\"MFT Mikrofiltertechnik GmbH\" \/>\n<meta property=\"article:modified_time\" content=\"2021-09-29T18:36:40+00:00\" \/>\n<meta property=\"og:image\" content=\"https:\/\/mikrofiltertechnik.de\/wp-content\/uploads\/2021\/04\/cropped-logo_vaficon.png\" \/>\n\t<meta property=\"og:image:width\" content=\"512\" \/>\n\t<meta property=\"og:image:height\" content=\"512\" \/>\n\t<meta property=\"og:image:type\" content=\"image\/png\" \/>\n<meta name=\"twitter:card\" content=\"summary_large_image\" \/>\n<meta name=\"twitter:label1\" content=\"Gesch\u00e4tzte Lesezeit\" \/>\n\t<meta name=\"twitter:data1\" content=\"3\u00a0Minuten\" \/>\n<script type=\"application\/ld+json\" class=\"yoast-schema-graph\">{\"@context\":\"https:\/\/schema.org\",\"@graph\":[{\"@type\":\"WebPage\",\"@id\":\"http:\/\/mikrofiltertechnik.de\/de\/tankservice\/allgemeines\",\"url\":\"http:\/\/mikrofiltertechnik.de\/de\/tankservice\/allgemeines\",\"name\":\"Allgemeines zur Tankreinigung und Tankinspektion aus Geesthacht\",\"isPartOf\":{\"@id\":\"http:\/\/mikrofiltertechnik.de\/de\/#website\"},\"datePublished\":\"2021-04-28T00:02:49+00:00\",\"dateModified\":\"2021-09-29T18:36:40+00:00\",\"description\":\"Die MFT Mikrofiltertechnik GmbH aus ist Ihr zuverl\u00e4ssiger Partner rund um Tankreinigung, Tankinspektion, Dieseladditive und Kraftstoffanalysen.\",\"breadcrumb\":{\"@id\":\"http:\/\/mikrofiltertechnik.de\/de\/tankservice\/allgemeines#breadcrumb\"},\"inLanguage\":\"de\",\"potentialAction\":[{\"@type\":\"ReadAction\",\"target\":[\"http:\/\/mikrofiltertechnik.de\/de\/tankservice\/allgemeines\"]}]},{\"@type\":\"BreadcrumbList\",\"@id\":\"http:\/\/mikrofiltertechnik.de\/de\/tankservice\/allgemeines#breadcrumb\",\"itemListElement\":[{\"@type\":\"ListItem\",\"position\":1,\"name\":\"Startseite\",\"item\":\"https:\/\/mikrofiltertechnik.de\/\"},{\"@type\":\"ListItem\",\"position\":2,\"name\":\"Tankservice\",\"item\":\"http:\/\/mikrofiltertechnik.de\/de\/tankservice\"},{\"@type\":\"ListItem\",\"position\":3,\"name\":\"Allgemeines\"}]},{\"@type\":\"WebSite\",\"@id\":\"http:\/\/mikrofiltertechnik.de\/de\/#website\",\"url\":\"http:\/\/mikrofiltertechnik.de\/de\/\",\"name\":\"MFT Mikrofiltertechnik GmbH\",\"description\":\"Kompetenz in Diesel\",\"publisher\":{\"@id\":\"http:\/\/mikrofiltertechnik.de\/de\/#organization\"},\"potentialAction\":[{\"@type\":\"SearchAction\",\"target\":{\"@type\":\"EntryPoint\",\"urlTemplate\":\"http:\/\/mikrofiltertechnik.de\/de\/?s={search_term_string}\"},\"query-input\":{\"@type\":\"PropertyValueSpecification\",\"valueRequired\":true,\"valueName\":\"search_term_string\"}}],\"inLanguage\":\"de\"},{\"@type\":\"Organization\",\"@id\":\"http:\/\/mikrofiltertechnik.de\/de\/#organization\",\"name\":\"MFT Mikrofiltertechnik GmbH\",\"url\":\"http:\/\/mikrofiltertechnik.de\/de\/\",\"logo\":{\"@type\":\"ImageObject\",\"inLanguage\":\"de\",\"@id\":\"http:\/\/mikrofiltertechnik.de\/de\/#\/schema\/logo\/image\/\",\"url\":\"https:\/\/mikrofiltertechnik.de\/wp-content\/uploads\/2021\/04\/cropped-logo_vaficon.png\",\"contentUrl\":\"https:\/\/mikrofiltertechnik.de\/wp-content\/uploads\/2021\/04\/cropped-logo_vaficon.png\",\"width\":512,\"height\":512,\"caption\":\"MFT Mikrofiltertechnik GmbH\"},\"image\":{\"@id\":\"http:\/\/mikrofiltertechnik.de\/de\/#\/schema\/logo\/image\/\"}}]}<\/script>\n<!-- \/ Yoast SEO plugin. -->","yoast_head_json":{"title":"Allgemeines zur Tankreinigung und Tankinspektion aus Geesthacht","description":"Die MFT Mikrofiltertechnik GmbH aus ist Ihr zuverl\u00e4ssiger Partner rund um Tankreinigung, Tankinspektion, Dieseladditive und Kraftstoffanalysen.","robots":{"index":"index","follow":"follow","max-snippet":"max-snippet:-1","max-image-preview":"max-image-preview:large","max-video-preview":"max-video-preview:-1"},"canonical":"http:\/\/mikrofiltertechnik.de\/de\/tankservice\/allgemeines","og_locale":"de_DE","og_type":"article","og_title":"Allgemeines zur Tankreinigung und Tankinspektion aus Geesthacht","og_description":"Die MFT Mikrofiltertechnik GmbH aus ist Ihr zuverl\u00e4ssiger Partner rund um Tankreinigung, Tankinspektion, Dieseladditive und Kraftstoffanalysen.","og_url":"http:\/\/mikrofiltertechnik.de\/de\/tankservice\/allgemeines","og_site_name":"MFT Mikrofiltertechnik GmbH","article_modified_time":"2021-09-29T18:36:40+00:00","og_image":[{"width":512,"height":512,"url":"https:\/\/mikrofiltertechnik.de\/wp-content\/uploads\/2021\/04\/cropped-logo_vaficon.png","type":"image\/png"}],"twitter_card":"summary_large_image","twitter_misc":{"Gesch\u00e4tzte Lesezeit":"3\u00a0Minuten"},"schema":{"@context":"https:\/\/schema.org","@graph":[{"@type":"WebPage","@id":"http:\/\/mikrofiltertechnik.de\/de\/tankservice\/allgemeines","url":"http:\/\/mikrofiltertechnik.de\/de\/tankservice\/allgemeines","name":"Allgemeines zur Tankreinigung und Tankinspektion aus Geesthacht","isPartOf":{"@id":"http:\/\/mikrofiltertechnik.de\/de\/#website"},"datePublished":"2021-04-28T00:02:49+00:00","dateModified":"2021-09-29T18:36:40+00:00","description":"Die MFT Mikrofiltertechnik GmbH aus ist Ihr zuverl\u00e4ssiger Partner rund um Tankreinigung, Tankinspektion, Dieseladditive und Kraftstoffanalysen.","breadcrumb":{"@id":"http:\/\/mikrofiltertechnik.de\/de\/tankservice\/allgemeines#breadcrumb"},"inLanguage":"de","potentialAction":[{"@type":"ReadAction","target":["http:\/\/mikrofiltertechnik.de\/de\/tankservice\/allgemeines"]}]},{"@type":"BreadcrumbList","@id":"http:\/\/mikrofiltertechnik.de\/de\/tankservice\/allgemeines#breadcrumb","itemListElement":[{"@type":"ListItem","position":1,"name":"Startseite","item":"https:\/\/mikrofiltertechnik.de\/"},{"@type":"ListItem","position":2,"name":"Tankservice","item":"http:\/\/mikrofiltertechnik.de\/de\/tankservice"},{"@type":"ListItem","position":3,"name":"Allgemeines"}]},{"@type":"WebSite","@id":"http:\/\/mikrofiltertechnik.de\/de\/#website","url":"http:\/\/mikrofiltertechnik.de\/de\/","name":"MFT Mikrofiltertechnik GmbH","description":"Kompetenz in Diesel","publisher":{"@id":"http:\/\/mikrofiltertechnik.de\/de\/#organization"},"potentialAction":[{"@type":"SearchAction","target":{"@type":"EntryPoint","urlTemplate":"http:\/\/mikrofiltertechnik.de\/de\/?s={search_term_string}"},"query-input":{"@type":"PropertyValueSpecification","valueRequired":true,"valueName":"search_term_string"}}],"inLanguage":"de"},{"@type":"Organization","@id":"http:\/\/mikrofiltertechnik.de\/de\/#organization","name":"MFT Mikrofiltertechnik GmbH","url":"http:\/\/mikrofiltertechnik.de\/de\/","logo":{"@type":"ImageObject","inLanguage":"de","@id":"http:\/\/mikrofiltertechnik.de\/de\/#\/schema\/logo\/image\/","url":"https:\/\/mikrofiltertechnik.de\/wp-content\/uploads\/2021\/04\/cropped-logo_vaficon.png","contentUrl":"https:\/\/mikrofiltertechnik.de\/wp-content\/uploads\/2021\/04\/cropped-logo_vaficon.png","width":512,"height":512,"caption":"MFT Mikrofiltertechnik GmbH"},"image":{"@id":"http:\/\/mikrofiltertechnik.de\/de\/#\/schema\/logo\/image\/"}}]}},"_links":{"self":[{"href":"https:\/\/mikrofiltertechnik.de\/de\/wp-json\/wp\/v2\/pages\/14445","targetHints":{"allow":["GET"]}}],"collection":[{"href":"https:\/\/mikrofiltertechnik.de\/de\/wp-json\/wp\/v2\/pages"}],"about":[{"href":"https:\/\/mikrofiltertechnik.de\/de\/wp-json\/wp\/v2\/types\/page"}],"author":[{"embeddable":true,"href":"https:\/\/mikrofiltertechnik.de\/de\/wp-json\/wp\/v2\/users\/1"}],"replies":[{"embeddable":true,"href":"https:\/\/mikrofiltertechnik.de\/de\/wp-json\/wp\/v2\/comments?post=14445"}],"version-history":[{"count":0,"href":"https:\/\/mikrofiltertechnik.de\/de\/wp-json\/wp\/v2\/pages\/14445\/revisions"}],"up":[{"embeddable":true,"href":"https:\/\/mikrofiltertechnik.de\/de\/wp-json\/wp\/v2\/pages\/14453"}],"wp:attachment":[{"href":"https:\/\/mikrofiltertechnik.de\/de\/wp-json\/wp\/v2\/media?parent=14445"}],"curies":[{"name":"wp","href":"https:\/\/api.w.org\/{rel}","templated":true}]}}