{"id":14113,"date":"2021-04-25T10:00:55","date_gmt":"2021-04-25T10:00:55","guid":{"rendered":"http:\/\/mikrofiltertechnik.de\/?post_type=product&#038;p=14113"},"modified":"2021-09-24T20:56:22","modified_gmt":"2021-09-24T18:56:22","slug":"radial-feinstfilter-mo3","status":"publish","type":"product","link":"https:\/\/mikrofiltertechnik.de\/de\/produkt\/radial-feinstfilter-mo3","title":{"rendered":"Radial-Feinstfilter MO3"},"content":{"rendered":"<p>Gr\u00f6\u00dfe 3 (d120x315mm), Filterfeinheit 1 bzw. 5\u00b5, bestehend aus: Filtergeh\u00e4use mit Halterung, Anschl\u00fcsse Filterseitig M16x1,5 f\u00fcr Schlauch 10mm, Filterpatrone EMO3<\/p>\n<p>Der Betrieb vieler Lkw-Motoren verursacht h\u00e4ufig Standzeiteinschr\u00e4nkungen bei den Original-Kraftstofffiltern von CommonRail-Motoren, speziell beim Betrieb mit Biodiesel. Der MO-Filter mit seiner Filterfeinheit von 5\u03bc (wahlweise 1\u03bc) lund seiner enormen Schmutzaufnahmef\u00e4higkeit eignet sich hier hervorragend als Vorfilter.<\/p>\n<p>Original-Kraftstofffilter k\u00f6nnen Schmutz, Ablagerungen und Partikel nicht immer ausreichend aufnehmen. Vor allem Bio-Dieselbeimischungen und unterschiedliche Qualit\u00e4ten des Kraftstoffs k\u00f6nnen zu Standzeiteinschr\u00e4nkungen bis hin zum Motorausfall f\u00fchren.<\/p>\n<p>Mit dem MO-Filter hat die MFT Mikrofiltertechnik GmbH einen Vorfilter entwickelt, der durch eine Feinheit von f\u00fcnf beziehungsweise einen Mikrometer eine sehr hohe Schmutzaufnahmef\u00e4higkeit aufweist.<\/p>\n<p>Weitere Informationen finden Sie <a href=\"http:\/\/mikrofiltertechnik.de\/produkte\/kraftstoffe\/mo-feinstfilter\">HIER<\/a>.<\/p>\n","protected":false},"excerpt":{"rendered":"<p>Gr\u00f6\u00dfe 3 (d120x315mm), Filterfeinheit 1 bzw. 5\u00b5, bestehend aus: Filtergeh\u00e4use mit Halterung, Anschl\u00fcsse Filterseitig M16x1,5 f\u00fcr Schlauch 10mm, Filterpatrone EMO3<\/p>\n","protected":false},"featured_media":14114,"comment_status":"open","ping_status":"closed","template":"","meta":[],"product_cat":[91,92],"product_tag":[],"class_list":{"0":"post-14113","1":"product","2":"type-product","3":"status-publish","4":"has-post-thumbnail","6":"product_cat-kraftstoff-filter","7":"product_cat-feinstfilter-mo","9":"first","10":"instock","11":"taxable","12":"shipping-taxable","13":"purchasable","14":"product-type-simple"},"yoast_head":"<!-- This site is optimized with the Yoast SEO plugin v23.5 - https:\/\/yoast.com\/wordpress\/plugins\/seo\/ -->\n<title>Radial-Feinstfilter MO3 - MFT Mikrofiltertechnik GmbH<\/title>\n<meta name=\"robots\" content=\"index, follow, max-snippet:-1, max-image-preview:large, max-video-preview:-1\" \/>\n<link rel=\"canonical\" href=\"https:\/\/mikrofiltertechnik.de\/de\/produkt\/radial-feinstfilter-mo3\" \/>\n<meta property=\"og:locale\" content=\"de_DE\" \/>\n<meta property=\"og:type\" content=\"article\" \/>\n<meta property=\"og:title\" content=\"Radial-Feinstfilter MO3 - MFT Mikrofiltertechnik GmbH\" \/>\n<meta property=\"og:description\" content=\"Gr\u00f6\u00dfe 3 (d120x315mm), Filterfeinheit 1 bzw. 5\u00b5, bestehend aus: Filtergeh\u00e4use mit Halterung, Anschl\u00fcsse Filterseitig M16x1,5 f\u00fcr Schlauch 10mm, Filterpatrone EMO3\" \/>\n<meta property=\"og:url\" content=\"https:\/\/mikrofiltertechnik.de\/de\/produkt\/radial-feinstfilter-mo3\" \/>\n<meta property=\"og:site_name\" content=\"MFT Mikrofiltertechnik GmbH\" \/>\n<meta property=\"article:modified_time\" content=\"2021-09-24T18:56:22+00:00\" \/>\n<meta property=\"og:image\" content=\"https:\/\/mikrofiltertechnik.de\/wp-content\/uploads\/2021\/04\/Radial-Feinstfilter-MO3.png\" \/>\n\t<meta property=\"og:image:width\" content=\"900\" \/>\n\t<meta property=\"og:image:height\" content=\"600\" \/>\n\t<meta property=\"og:image:type\" content=\"image\/png\" \/>\n<meta name=\"twitter:card\" content=\"summary_large_image\" \/>\n<meta name=\"twitter:label1\" content=\"Gesch\u00e4tzte Lesezeit\" \/>\n\t<meta name=\"twitter:data1\" content=\"1\u00a0Minute\" \/>\n<script type=\"application\/ld+json\" class=\"yoast-schema-graph\">{\"@context\":\"https:\/\/schema.org\",\"@graph\":[{\"@type\":\"WebPage\",\"@id\":\"https:\/\/mikrofiltertechnik.de\/de\/produkt\/radial-feinstfilter-mo3\",\"url\":\"https:\/\/mikrofiltertechnik.de\/de\/produkt\/radial-feinstfilter-mo3\",\"name\":\"Radial-Feinstfilter MO3 - MFT Mikrofiltertechnik GmbH\",\"isPartOf\":{\"@id\":\"http:\/\/mikrofiltertechnik.de\/de\/#website\"},\"primaryImageOfPage\":{\"@id\":\"https:\/\/mikrofiltertechnik.de\/de\/produkt\/radial-feinstfilter-mo3#primaryimage\"},\"image\":{\"@id\":\"https:\/\/mikrofiltertechnik.de\/de\/produkt\/radial-feinstfilter-mo3#primaryimage\"},\"thumbnailUrl\":\"https:\/\/mikrofiltertechnik.de\/wp-content\/uploads\/2021\/04\/Radial-Feinstfilter-MO3.png\",\"datePublished\":\"2021-04-25T10:00:55+00:00\",\"dateModified\":\"2021-09-24T18:56:22+00:00\",\"breadcrumb\":{\"@id\":\"https:\/\/mikrofiltertechnik.de\/de\/produkt\/radial-feinstfilter-mo3#breadcrumb\"},\"inLanguage\":\"de\",\"potentialAction\":[{\"@type\":\"ReadAction\",\"target\":[\"https:\/\/mikrofiltertechnik.de\/de\/produkt\/radial-feinstfilter-mo3\"]}]},{\"@type\":\"ImageObject\",\"inLanguage\":\"de\",\"@id\":\"https:\/\/mikrofiltertechnik.de\/de\/produkt\/radial-feinstfilter-mo3#primaryimage\",\"url\":\"https:\/\/mikrofiltertechnik.de\/wp-content\/uploads\/2021\/04\/Radial-Feinstfilter-MO3.png\",\"contentUrl\":\"https:\/\/mikrofiltertechnik.de\/wp-content\/uploads\/2021\/04\/Radial-Feinstfilter-MO3.png\",\"width\":900,\"height\":600},{\"@type\":\"BreadcrumbList\",\"@id\":\"https:\/\/mikrofiltertechnik.de\/de\/produkt\/radial-feinstfilter-mo3#breadcrumb\",\"itemListElement\":[{\"@type\":\"ListItem\",\"position\":1,\"name\":\"Startseite\",\"item\":\"https:\/\/mikrofiltertechnik.de\/\"},{\"@type\":\"ListItem\",\"position\":2,\"name\":\"Shop\",\"item\":\"https:\/\/mikrofiltertechnik.de\/en\/shop\"},{\"@type\":\"ListItem\",\"position\":3,\"name\":\"Radial-Feinstfilter MO3\"}]},{\"@type\":\"WebSite\",\"@id\":\"http:\/\/mikrofiltertechnik.de\/de\/#website\",\"url\":\"http:\/\/mikrofiltertechnik.de\/de\/\",\"name\":\"MFT Mikrofiltertechnik GmbH\",\"description\":\"Kompetenz in Diesel\",\"publisher\":{\"@id\":\"http:\/\/mikrofiltertechnik.de\/de\/#organization\"},\"potentialAction\":[{\"@type\":\"SearchAction\",\"target\":{\"@type\":\"EntryPoint\",\"urlTemplate\":\"http:\/\/mikrofiltertechnik.de\/de\/?s={search_term_string}\"},\"query-input\":{\"@type\":\"PropertyValueSpecification\",\"valueRequired\":true,\"valueName\":\"search_term_string\"}}],\"inLanguage\":\"de\"},{\"@type\":\"Organization\",\"@id\":\"http:\/\/mikrofiltertechnik.de\/de\/#organization\",\"name\":\"MFT Mikrofiltertechnik GmbH\",\"url\":\"http:\/\/mikrofiltertechnik.de\/de\/\",\"logo\":{\"@type\":\"ImageObject\",\"inLanguage\":\"de\",\"@id\":\"http:\/\/mikrofiltertechnik.de\/de\/#\/schema\/logo\/image\/\",\"url\":\"https:\/\/mikrofiltertechnik.de\/wp-content\/uploads\/2021\/04\/cropped-logo_vaficon.png\",\"contentUrl\":\"https:\/\/mikrofiltertechnik.de\/wp-content\/uploads\/2021\/04\/cropped-logo_vaficon.png\",\"width\":512,\"height\":512,\"caption\":\"MFT Mikrofiltertechnik GmbH\"},\"image\":{\"@id\":\"http:\/\/mikrofiltertechnik.de\/de\/#\/schema\/logo\/image\/\"}}]}<\/script>\n<!-- \/ Yoast SEO plugin. -->","yoast_head_json":{"title":"Radial-Feinstfilter MO3 - MFT Mikrofiltertechnik GmbH","robots":{"index":"index","follow":"follow","max-snippet":"max-snippet:-1","max-image-preview":"max-image-preview:large","max-video-preview":"max-video-preview:-1"},"canonical":"https:\/\/mikrofiltertechnik.de\/de\/produkt\/radial-feinstfilter-mo3","og_locale":"de_DE","og_type":"article","og_title":"Radial-Feinstfilter MO3 - MFT Mikrofiltertechnik GmbH","og_description":"Gr\u00f6\u00dfe 3 (d120x315mm), Filterfeinheit 1 bzw. 5\u00b5, bestehend aus: Filtergeh\u00e4use mit Halterung, Anschl\u00fcsse Filterseitig M16x1,5 f\u00fcr Schlauch 10mm, Filterpatrone EMO3","og_url":"https:\/\/mikrofiltertechnik.de\/de\/produkt\/radial-feinstfilter-mo3","og_site_name":"MFT Mikrofiltertechnik GmbH","article_modified_time":"2021-09-24T18:56:22+00:00","og_image":[{"width":900,"height":600,"url":"https:\/\/mikrofiltertechnik.de\/wp-content\/uploads\/2021\/04\/Radial-Feinstfilter-MO3.png","type":"image\/png"}],"twitter_card":"summary_large_image","twitter_misc":{"Gesch\u00e4tzte Lesezeit":"1\u00a0Minute"},"schema":{"@context":"https:\/\/schema.org","@graph":[{"@type":"WebPage","@id":"https:\/\/mikrofiltertechnik.de\/de\/produkt\/radial-feinstfilter-mo3","url":"https:\/\/mikrofiltertechnik.de\/de\/produkt\/radial-feinstfilter-mo3","name":"Radial-Feinstfilter MO3 - MFT Mikrofiltertechnik GmbH","isPartOf":{"@id":"http:\/\/mikrofiltertechnik.de\/de\/#website"},"primaryImageOfPage":{"@id":"https:\/\/mikrofiltertechnik.de\/de\/produkt\/radial-feinstfilter-mo3#primaryimage"},"image":{"@id":"https:\/\/mikrofiltertechnik.de\/de\/produkt\/radial-feinstfilter-mo3#primaryimage"},"thumbnailUrl":"https:\/\/mikrofiltertechnik.de\/wp-content\/uploads\/2021\/04\/Radial-Feinstfilter-MO3.png","datePublished":"2021-04-25T10:00:55+00:00","dateModified":"2021-09-24T18:56:22+00:00","breadcrumb":{"@id":"https:\/\/mikrofiltertechnik.de\/de\/produkt\/radial-feinstfilter-mo3#breadcrumb"},"inLanguage":"de","potentialAction":[{"@type":"ReadAction","target":["https:\/\/mikrofiltertechnik.de\/de\/produkt\/radial-feinstfilter-mo3"]}]},{"@type":"ImageObject","inLanguage":"de","@id":"https:\/\/mikrofiltertechnik.de\/de\/produkt\/radial-feinstfilter-mo3#primaryimage","url":"https:\/\/mikrofiltertechnik.de\/wp-content\/uploads\/2021\/04\/Radial-Feinstfilter-MO3.png","contentUrl":"https:\/\/mikrofiltertechnik.de\/wp-content\/uploads\/2021\/04\/Radial-Feinstfilter-MO3.png","width":900,"height":600},{"@type":"BreadcrumbList","@id":"https:\/\/mikrofiltertechnik.de\/de\/produkt\/radial-feinstfilter-mo3#breadcrumb","itemListElement":[{"@type":"ListItem","position":1,"name":"Startseite","item":"https:\/\/mikrofiltertechnik.de\/"},{"@type":"ListItem","position":2,"name":"Shop","item":"https:\/\/mikrofiltertechnik.de\/en\/shop"},{"@type":"ListItem","position":3,"name":"Radial-Feinstfilter MO3"}]},{"@type":"WebSite","@id":"http:\/\/mikrofiltertechnik.de\/de\/#website","url":"http:\/\/mikrofiltertechnik.de\/de\/","name":"MFT Mikrofiltertechnik GmbH","description":"Kompetenz in Diesel","publisher":{"@id":"http:\/\/mikrofiltertechnik.de\/de\/#organization"},"potentialAction":[{"@type":"SearchAction","target":{"@type":"EntryPoint","urlTemplate":"http:\/\/mikrofiltertechnik.de\/de\/?s={search_term_string}"},"query-input":{"@type":"PropertyValueSpecification","valueRequired":true,"valueName":"search_term_string"}}],"inLanguage":"de"},{"@type":"Organization","@id":"http:\/\/mikrofiltertechnik.de\/de\/#organization","name":"MFT Mikrofiltertechnik GmbH","url":"http:\/\/mikrofiltertechnik.de\/de\/","logo":{"@type":"ImageObject","inLanguage":"de","@id":"http:\/\/mikrofiltertechnik.de\/de\/#\/schema\/logo\/image\/","url":"https:\/\/mikrofiltertechnik.de\/wp-content\/uploads\/2021\/04\/cropped-logo_vaficon.png","contentUrl":"https:\/\/mikrofiltertechnik.de\/wp-content\/uploads\/2021\/04\/cropped-logo_vaficon.png","width":512,"height":512,"caption":"MFT Mikrofiltertechnik GmbH"},"image":{"@id":"http:\/\/mikrofiltertechnik.de\/de\/#\/schema\/logo\/image\/"}}]}},"_links":{"self":[{"href":"https:\/\/mikrofiltertechnik.de\/de\/wp-json\/wp\/v2\/product\/14113","targetHints":{"allow":["GET"]}}],"collection":[{"href":"https:\/\/mikrofiltertechnik.de\/de\/wp-json\/wp\/v2\/product"}],"about":[{"href":"https:\/\/mikrofiltertechnik.de\/de\/wp-json\/wp\/v2\/types\/product"}],"replies":[{"embeddable":true,"href":"https:\/\/mikrofiltertechnik.de\/de\/wp-json\/wp\/v2\/comments?post=14113"}],"wp:featuredmedia":[{"embeddable":true,"href":"https:\/\/mikrofiltertechnik.de\/de\/wp-json\/wp\/v2\/media\/14114"}],"wp:attachment":[{"href":"https:\/\/mikrofiltertechnik.de\/de\/wp-json\/wp\/v2\/media?parent=14113"}],"wp:term":[{"taxonomy":"product_cat","embeddable":true,"href":"https:\/\/mikrofiltertechnik.de\/de\/wp-json\/wp\/v2\/product_cat?post=14113"},{"taxonomy":"product_tag","embeddable":true,"href":"https:\/\/mikrofiltertechnik.de\/de\/wp-json\/wp\/v2\/product_tag?post=14113"}],"curies":[{"name":"wp","href":"https:\/\/api.w.org\/{rel}","templated":true}]}}