{"id":14128,"date":"2021-04-25T10:39:59","date_gmt":"2021-04-25T10:39:59","guid":{"rendered":"http:\/\/mikrofiltertechnik.de\/?post_type=product&#038;p=14128"},"modified":"2024-11-09T11:07:28","modified_gmt":"2024-11-09T10:07:28","slug":"t-plus-8l-oelvol-synth-09l","status":"publish","type":"product","link":"https:\/\/mikrofiltertechnik.de\/de\/produkt\/t-plus-8l-oelvol-synth-09l","title":{"rendered":"T-Plus (8l \u00f6lvol.\/synth.) (0,9l)"},"content":{"rendered":"<p>Teflon-Gleitbeschichtung zur Reduzierung des (Kaltstart-) Verschlei\u00dfes. Sch\u00fctzt den Motor und verl\u00e4ngert seine Lebensdauer. F\u00fcr synthetische \u00d6l 900ml, f\u00fcr bis zu 8l \u00d6lvolumen.<\/p>\n<p>Feinste Teflon-Partikel (0,05 Mikron) werden in einem hochwertigen Tr\u00e4ger\u00f6l aufgel\u00f6st und unter den \u00e4u\u00dferen Bedingungen Druck, Hitze und Reibung an die extrem belasteten Stellen im Motor transportiert und angelagert.<\/p>\n<p>Die hervorragenden Eigenschaften von T-PLUS bewirken:<br \/>\n&#8211; Schutz des Motors beim Kaltstart<br \/>\n&#8211; dauerhafte Verschlei\u00dfreduzierung<br \/>\n&#8211; Lebensdauerverl\u00e4ngerung des Motors<br \/>\n&#8211; Erlangung von Notlaufeigenschaften<br \/>\n&#8211; Erh\u00f6hung der Motorleistung bzw.<br \/>\n&#8211; Senkung des Kraftstoffverbrauchs<\/p>\n<p>T-PLUS wird dem Motor\u00f6l nach einer Motorinnenreinigung und \u00d6lwechsel zugegeben.<\/p>\n<p>Weitere Informationen finden Sie <a href=\"http:\/\/mikrofiltertechnik.de\/produkte\/oele\/gleitbeschichtung\">HIER<\/a>.<\/p>\n","protected":false},"excerpt":{"rendered":"<p>Teflon-Gleitbeschichtung zur Reduzierung des (Kaltstart-) Verschlei\u00dfes. Sch\u00fctzt den Motor und verl\u00e4ngert seine Lebensdauer. F\u00fcr synthetische \u00d6l 900ml, f\u00fcr bis zu 8l \u00d6lvolumen<\/p>\n","protected":false},"featured_media":14131,"comment_status":"open","ping_status":"closed","template":"","meta":[],"product_cat":[94],"product_tag":[],"class_list":{"0":"post-14128","1":"product","2":"type-product","3":"status-publish","4":"has-post-thumbnail","6":"product_cat-motoroel-zusaetze","8":"first","9":"instock","10":"taxable","11":"shipping-taxable","12":"purchasable","13":"product-type-simple"},"yoast_head":"<!-- This site is optimized with the Yoast SEO plugin v23.5 - https:\/\/yoast.com\/wordpress\/plugins\/seo\/ -->\n<title>T-Plus (8l \u00f6lvol.\/synth.) (0,9l) - MFT Mikrofiltertechnik GmbH<\/title>\n<meta name=\"robots\" content=\"index, follow, max-snippet:-1, max-image-preview:large, max-video-preview:-1\" \/>\n<link rel=\"canonical\" href=\"http:\/\/mikrofiltertechnik.de\/de\/produkt\/t-plus-8l-oelvol-synth-09l\" \/>\n<meta property=\"og:locale\" content=\"de_DE\" \/>\n<meta property=\"og:type\" content=\"article\" \/>\n<meta property=\"og:title\" content=\"T-Plus (8l \u00f6lvol.\/synth.) (0,9l) - MFT Mikrofiltertechnik GmbH\" \/>\n<meta property=\"og:description\" content=\"Teflon-Gleitbeschichtung zur Reduzierung des (Kaltstart-) Verschlei\u00dfes. Sch\u00fctzt den Motor und verl\u00e4ngert seine Lebensdauer. F\u00fcr synthetische \u00d6l 900ml, f\u00fcr bis zu 8l \u00d6lvolumen\" \/>\n<meta property=\"og:url\" content=\"http:\/\/mikrofiltertechnik.de\/de\/produkt\/t-plus-8l-oelvol-synth-09l\" \/>\n<meta property=\"og:site_name\" content=\"MFT Mikrofiltertechnik GmbH\" \/>\n<meta property=\"article:modified_time\" content=\"2024-11-09T10:07:28+00:00\" \/>\n<meta property=\"og:image\" content=\"https:\/\/mikrofiltertechnik.de\/wp-content\/uploads\/2021\/04\/T-Plus-8ol-synth.png\" \/>\n\t<meta property=\"og:image:width\" content=\"900\" \/>\n\t<meta property=\"og:image:height\" content=\"600\" \/>\n\t<meta property=\"og:image:type\" content=\"image\/png\" \/>\n<meta name=\"twitter:card\" content=\"summary_large_image\" \/>\n<meta name=\"twitter:label1\" content=\"Gesch\u00e4tzte Lesezeit\" \/>\n\t<meta name=\"twitter:data1\" content=\"1\u00a0Minute\" \/>\n<script type=\"application\/ld+json\" class=\"yoast-schema-graph\">{\"@context\":\"https:\/\/schema.org\",\"@graph\":[{\"@type\":\"WebPage\",\"@id\":\"http:\/\/mikrofiltertechnik.de\/de\/produkt\/t-plus-8l-oelvol-synth-09l\",\"url\":\"http:\/\/mikrofiltertechnik.de\/de\/produkt\/t-plus-8l-oelvol-synth-09l\",\"name\":\"T-Plus (8l \u00f6lvol.\/synth.) (0,9l) - MFT Mikrofiltertechnik GmbH\",\"isPartOf\":{\"@id\":\"http:\/\/mikrofiltertechnik.de\/de\/#website\"},\"primaryImageOfPage\":{\"@id\":\"http:\/\/mikrofiltertechnik.de\/de\/produkt\/t-plus-8l-oelvol-synth-09l#primaryimage\"},\"image\":{\"@id\":\"http:\/\/mikrofiltertechnik.de\/de\/produkt\/t-plus-8l-oelvol-synth-09l#primaryimage\"},\"thumbnailUrl\":\"https:\/\/mikrofiltertechnik.de\/wp-content\/uploads\/2021\/04\/T-Plus-8ol-synth.png\",\"datePublished\":\"2021-04-25T10:39:59+00:00\",\"dateModified\":\"2024-11-09T10:07:28+00:00\",\"breadcrumb\":{\"@id\":\"http:\/\/mikrofiltertechnik.de\/de\/produkt\/t-plus-8l-oelvol-synth-09l#breadcrumb\"},\"inLanguage\":\"de\",\"potentialAction\":[{\"@type\":\"ReadAction\",\"target\":[\"http:\/\/mikrofiltertechnik.de\/de\/produkt\/t-plus-8l-oelvol-synth-09l\"]}]},{\"@type\":\"ImageObject\",\"inLanguage\":\"de\",\"@id\":\"http:\/\/mikrofiltertechnik.de\/de\/produkt\/t-plus-8l-oelvol-synth-09l#primaryimage\",\"url\":\"https:\/\/mikrofiltertechnik.de\/wp-content\/uploads\/2021\/04\/T-Plus-8ol-synth.png\",\"contentUrl\":\"https:\/\/mikrofiltertechnik.de\/wp-content\/uploads\/2021\/04\/T-Plus-8ol-synth.png\",\"width\":900,\"height\":600},{\"@type\":\"BreadcrumbList\",\"@id\":\"http:\/\/mikrofiltertechnik.de\/de\/produkt\/t-plus-8l-oelvol-synth-09l#breadcrumb\",\"itemListElement\":[{\"@type\":\"ListItem\",\"position\":1,\"name\":\"Startseite\",\"item\":\"https:\/\/mikrofiltertechnik.de\/\"},{\"@type\":\"ListItem\",\"position\":2,\"name\":\"Shop\",\"item\":\"https:\/\/mikrofiltertechnik.de\/en\/shop\"},{\"@type\":\"ListItem\",\"position\":3,\"name\":\"T-Plus (8l \u00f6lvol.\/synth.) (0,9l)\"}]},{\"@type\":\"WebSite\",\"@id\":\"http:\/\/mikrofiltertechnik.de\/de\/#website\",\"url\":\"http:\/\/mikrofiltertechnik.de\/de\/\",\"name\":\"MFT Mikrofiltertechnik GmbH\",\"description\":\"Kompetenz in Diesel\",\"publisher\":{\"@id\":\"http:\/\/mikrofiltertechnik.de\/de\/#organization\"},\"potentialAction\":[{\"@type\":\"SearchAction\",\"target\":{\"@type\":\"EntryPoint\",\"urlTemplate\":\"http:\/\/mikrofiltertechnik.de\/de\/?s={search_term_string}\"},\"query-input\":{\"@type\":\"PropertyValueSpecification\",\"valueRequired\":true,\"valueName\":\"search_term_string\"}}],\"inLanguage\":\"de\"},{\"@type\":\"Organization\",\"@id\":\"http:\/\/mikrofiltertechnik.de\/de\/#organization\",\"name\":\"MFT Mikrofiltertechnik GmbH\",\"url\":\"http:\/\/mikrofiltertechnik.de\/de\/\",\"logo\":{\"@type\":\"ImageObject\",\"inLanguage\":\"de\",\"@id\":\"http:\/\/mikrofiltertechnik.de\/de\/#\/schema\/logo\/image\/\",\"url\":\"https:\/\/mikrofiltertechnik.de\/wp-content\/uploads\/2021\/04\/cropped-logo_vaficon.png\",\"contentUrl\":\"https:\/\/mikrofiltertechnik.de\/wp-content\/uploads\/2021\/04\/cropped-logo_vaficon.png\",\"width\":512,\"height\":512,\"caption\":\"MFT Mikrofiltertechnik GmbH\"},\"image\":{\"@id\":\"http:\/\/mikrofiltertechnik.de\/de\/#\/schema\/logo\/image\/\"}}]}<\/script>\n<!-- \/ Yoast SEO plugin. -->","yoast_head_json":{"title":"T-Plus (8l \u00f6lvol.\/synth.) (0,9l) - MFT Mikrofiltertechnik GmbH","robots":{"index":"index","follow":"follow","max-snippet":"max-snippet:-1","max-image-preview":"max-image-preview:large","max-video-preview":"max-video-preview:-1"},"canonical":"http:\/\/mikrofiltertechnik.de\/de\/produkt\/t-plus-8l-oelvol-synth-09l","og_locale":"de_DE","og_type":"article","og_title":"T-Plus (8l \u00f6lvol.\/synth.) (0,9l) - MFT Mikrofiltertechnik GmbH","og_description":"Teflon-Gleitbeschichtung zur Reduzierung des (Kaltstart-) Verschlei\u00dfes. Sch\u00fctzt den Motor und verl\u00e4ngert seine Lebensdauer. F\u00fcr synthetische \u00d6l 900ml, f\u00fcr bis zu 8l \u00d6lvolumen","og_url":"http:\/\/mikrofiltertechnik.de\/de\/produkt\/t-plus-8l-oelvol-synth-09l","og_site_name":"MFT Mikrofiltertechnik GmbH","article_modified_time":"2024-11-09T10:07:28+00:00","og_image":[{"width":900,"height":600,"url":"https:\/\/mikrofiltertechnik.de\/wp-content\/uploads\/2021\/04\/T-Plus-8ol-synth.png","type":"image\/png"}],"twitter_card":"summary_large_image","twitter_misc":{"Gesch\u00e4tzte Lesezeit":"1\u00a0Minute"},"schema":{"@context":"https:\/\/schema.org","@graph":[{"@type":"WebPage","@id":"http:\/\/mikrofiltertechnik.de\/de\/produkt\/t-plus-8l-oelvol-synth-09l","url":"http:\/\/mikrofiltertechnik.de\/de\/produkt\/t-plus-8l-oelvol-synth-09l","name":"T-Plus (8l \u00f6lvol.\/synth.) (0,9l) - MFT Mikrofiltertechnik GmbH","isPartOf":{"@id":"http:\/\/mikrofiltertechnik.de\/de\/#website"},"primaryImageOfPage":{"@id":"http:\/\/mikrofiltertechnik.de\/de\/produkt\/t-plus-8l-oelvol-synth-09l#primaryimage"},"image":{"@id":"http:\/\/mikrofiltertechnik.de\/de\/produkt\/t-plus-8l-oelvol-synth-09l#primaryimage"},"thumbnailUrl":"https:\/\/mikrofiltertechnik.de\/wp-content\/uploads\/2021\/04\/T-Plus-8ol-synth.png","datePublished":"2021-04-25T10:39:59+00:00","dateModified":"2024-11-09T10:07:28+00:00","breadcrumb":{"@id":"http:\/\/mikrofiltertechnik.de\/de\/produkt\/t-plus-8l-oelvol-synth-09l#breadcrumb"},"inLanguage":"de","potentialAction":[{"@type":"ReadAction","target":["http:\/\/mikrofiltertechnik.de\/de\/produkt\/t-plus-8l-oelvol-synth-09l"]}]},{"@type":"ImageObject","inLanguage":"de","@id":"http:\/\/mikrofiltertechnik.de\/de\/produkt\/t-plus-8l-oelvol-synth-09l#primaryimage","url":"https:\/\/mikrofiltertechnik.de\/wp-content\/uploads\/2021\/04\/T-Plus-8ol-synth.png","contentUrl":"https:\/\/mikrofiltertechnik.de\/wp-content\/uploads\/2021\/04\/T-Plus-8ol-synth.png","width":900,"height":600},{"@type":"BreadcrumbList","@id":"http:\/\/mikrofiltertechnik.de\/de\/produkt\/t-plus-8l-oelvol-synth-09l#breadcrumb","itemListElement":[{"@type":"ListItem","position":1,"name":"Startseite","item":"https:\/\/mikrofiltertechnik.de\/"},{"@type":"ListItem","position":2,"name":"Shop","item":"https:\/\/mikrofiltertechnik.de\/en\/shop"},{"@type":"ListItem","position":3,"name":"T-Plus (8l \u00f6lvol.\/synth.) (0,9l)"}]},{"@type":"WebSite","@id":"http:\/\/mikrofiltertechnik.de\/de\/#website","url":"http:\/\/mikrofiltertechnik.de\/de\/","name":"MFT Mikrofiltertechnik GmbH","description":"Kompetenz in Diesel","publisher":{"@id":"http:\/\/mikrofiltertechnik.de\/de\/#organization"},"potentialAction":[{"@type":"SearchAction","target":{"@type":"EntryPoint","urlTemplate":"http:\/\/mikrofiltertechnik.de\/de\/?s={search_term_string}"},"query-input":{"@type":"PropertyValueSpecification","valueRequired":true,"valueName":"search_term_string"}}],"inLanguage":"de"},{"@type":"Organization","@id":"http:\/\/mikrofiltertechnik.de\/de\/#organization","name":"MFT Mikrofiltertechnik GmbH","url":"http:\/\/mikrofiltertechnik.de\/de\/","logo":{"@type":"ImageObject","inLanguage":"de","@id":"http:\/\/mikrofiltertechnik.de\/de\/#\/schema\/logo\/image\/","url":"https:\/\/mikrofiltertechnik.de\/wp-content\/uploads\/2021\/04\/cropped-logo_vaficon.png","contentUrl":"https:\/\/mikrofiltertechnik.de\/wp-content\/uploads\/2021\/04\/cropped-logo_vaficon.png","width":512,"height":512,"caption":"MFT Mikrofiltertechnik GmbH"},"image":{"@id":"http:\/\/mikrofiltertechnik.de\/de\/#\/schema\/logo\/image\/"}}]}},"_links":{"self":[{"href":"https:\/\/mikrofiltertechnik.de\/de\/wp-json\/wp\/v2\/product\/14128","targetHints":{"allow":["GET"]}}],"collection":[{"href":"https:\/\/mikrofiltertechnik.de\/de\/wp-json\/wp\/v2\/product"}],"about":[{"href":"https:\/\/mikrofiltertechnik.de\/de\/wp-json\/wp\/v2\/types\/product"}],"replies":[{"embeddable":true,"href":"https:\/\/mikrofiltertechnik.de\/de\/wp-json\/wp\/v2\/comments?post=14128"}],"wp:featuredmedia":[{"embeddable":true,"href":"https:\/\/mikrofiltertechnik.de\/de\/wp-json\/wp\/v2\/media\/14131"}],"wp:attachment":[{"href":"https:\/\/mikrofiltertechnik.de\/de\/wp-json\/wp\/v2\/media?parent=14128"}],"wp:term":[{"taxonomy":"product_cat","embeddable":true,"href":"https:\/\/mikrofiltertechnik.de\/de\/wp-json\/wp\/v2\/product_cat?post=14128"},{"taxonomy":"product_tag","embeddable":true,"href":"https:\/\/mikrofiltertechnik.de\/de\/wp-json\/wp\/v2\/product_tag?post=14128"}],"curies":[{"name":"wp","href":"https:\/\/api.w.org\/{rel}","templated":true}]}}