{"id":14154,"date":"2021-04-25T12:09:15","date_gmt":"2021-04-25T12:09:15","guid":{"rendered":"http:\/\/mikrofiltertechnik.de\/?post_type=product&#038;p=14154"},"modified":"2024-01-02T11:16:55","modified_gmt":"2024-01-02T10:16:55","slug":"radial-feinstfilter-sr20-nur-gehaeuse","status":"publish","type":"product","link":"https:\/\/mikrofiltertechnik.de\/de\/produkt\/radial-feinstfilter-sr20-nur-gehaeuse","title":{"rendered":"Radial-Feinstfilter SR20 (nur Geh\u00e4use)"},"content":{"rendered":"<p>(ab 12l \u00d6lvolumen), bestehend aus:<\/p>\n<p>Filtersystem inklusive einer Patrone und Schnellverschlusskupplungen.<\/p>\n<p>Durch die Filterfeinheit von 1\u00b5 entfernt der SR alle abrasiv wirkenden Partikel sowie sonstige Verunreinigungen und Wasser aus dem Motor\u00f6l. Dies f\u00fchrt zu einer Verschlei\u00dfreduzierung im Motor und einer l\u00e4ngeren Verwendbarkeit des \u00d6les \u2013 und das bis zu 100.000 km!<\/p>\n<p>Weitere Informationen finden Sie <a href=\"http:\/\/mikrofiltertechnik.de\/produkte\/oele\/sr-feinstfilter\">HIER<\/a>.<\/p>\n","protected":false},"excerpt":{"rendered":"<p>(ab 12l \u00d6lvolumen), bestehend aus: Filtersystem inklusive einer Patrone und Schnellverschlusskupplungen<\/p>\n","protected":false},"featured_media":14155,"comment_status":"open","ping_status":"closed","template":"","meta":[],"product_cat":[95,96],"product_tag":[],"class_list":{"0":"post-14154","1":"product","2":"type-product","3":"status-publish","4":"has-post-thumbnail","6":"product_cat-nebenstrom-feinstfilter-sr","7":"product_cat-feinstfilter-sr-gehaeuse","9":"first","10":"instock","11":"taxable","12":"shipping-taxable","13":"purchasable","14":"product-type-simple"},"yoast_head":"<!-- This site is optimized with the Yoast SEO plugin v23.5 - https:\/\/yoast.com\/wordpress\/plugins\/seo\/ -->\n<title>Radial-Feinstfilter SR20 (nur Geh\u00e4use) - MFT Mikrofiltertechnik GmbH<\/title>\n<meta name=\"robots\" content=\"index, follow, max-snippet:-1, max-image-preview:large, max-video-preview:-1\" \/>\n<link rel=\"canonical\" href=\"https:\/\/mikrofiltertechnik.de\/de\/produkt\/radial-feinstfilter-sr20-nur-gehaeuse\/\" \/>\n<meta property=\"og:locale\" content=\"de_DE\" \/>\n<meta property=\"og:type\" content=\"article\" \/>\n<meta property=\"og:title\" content=\"Radial-Feinstfilter SR20 (nur Geh\u00e4use) - MFT Mikrofiltertechnik GmbH\" \/>\n<meta property=\"og:description\" content=\"(ab 12l \u00d6lvolumen), bestehend aus: Filtersystem inklusive einer Patrone und Schnellverschlusskupplungen\" \/>\n<meta property=\"og:url\" content=\"https:\/\/mikrofiltertechnik.de\/de\/produkt\/radial-feinstfilter-sr20-nur-gehaeuse\/\" \/>\n<meta property=\"og:site_name\" content=\"MFT Mikrofiltertechnik GmbH\" \/>\n<meta property=\"article:modified_time\" content=\"2024-01-02T10:16:55+00:00\" \/>\n<meta property=\"og:image\" content=\"https:\/\/mikrofiltertechnik.de\/wp-content\/uploads\/2021\/04\/Radial-Feinstfilter-SR20-nur-Geha\u0308use.png\" \/>\n\t<meta property=\"og:image:width\" content=\"900\" \/>\n\t<meta property=\"og:image:height\" content=\"600\" \/>\n\t<meta property=\"og:image:type\" content=\"image\/png\" \/>\n<meta name=\"twitter:card\" content=\"summary_large_image\" \/>\n<meta name=\"twitter:label1\" content=\"Gesch\u00e4tzte Lesezeit\" \/>\n\t<meta name=\"twitter:data1\" content=\"1\u00a0Minute\" \/>\n<script type=\"application\/ld+json\" class=\"yoast-schema-graph\">{\"@context\":\"https:\/\/schema.org\",\"@graph\":[{\"@type\":\"WebPage\",\"@id\":\"https:\/\/mikrofiltertechnik.de\/produkt\/radial-feinstfilter-sr20-nur-gehaeuse\",\"url\":\"https:\/\/mikrofiltertechnik.de\/produkt\/radial-feinstfilter-sr20-nur-gehaeuse\",\"name\":\"Radial-Feinstfilter SR20 (nur Geh\u00e4use) - MFT Mikrofiltertechnik GmbH\",\"isPartOf\":{\"@id\":\"http:\/\/mikrofiltertechnik.de\/de\/#website\"},\"primaryImageOfPage\":{\"@id\":\"https:\/\/mikrofiltertechnik.de\/produkt\/radial-feinstfilter-sr20-nur-gehaeuse#primaryimage\"},\"image\":{\"@id\":\"https:\/\/mikrofiltertechnik.de\/produkt\/radial-feinstfilter-sr20-nur-gehaeuse#primaryimage\"},\"thumbnailUrl\":\"https:\/\/mikrofiltertechnik.de\/wp-content\/uploads\/2021\/04\/Radial-Feinstfilter-SR20-nur-Geha\u0308use.png\",\"datePublished\":\"2021-04-25T12:09:15+00:00\",\"dateModified\":\"2024-01-02T10:16:55+00:00\",\"breadcrumb\":{\"@id\":\"https:\/\/mikrofiltertechnik.de\/produkt\/radial-feinstfilter-sr20-nur-gehaeuse#breadcrumb\"},\"inLanguage\":\"de\",\"potentialAction\":[{\"@type\":\"ReadAction\",\"target\":[\"https:\/\/mikrofiltertechnik.de\/produkt\/radial-feinstfilter-sr20-nur-gehaeuse\"]}]},{\"@type\":\"ImageObject\",\"inLanguage\":\"de\",\"@id\":\"https:\/\/mikrofiltertechnik.de\/produkt\/radial-feinstfilter-sr20-nur-gehaeuse#primaryimage\",\"url\":\"https:\/\/mikrofiltertechnik.de\/wp-content\/uploads\/2021\/04\/Radial-Feinstfilter-SR20-nur-Geha\u0308use.png\",\"contentUrl\":\"https:\/\/mikrofiltertechnik.de\/wp-content\/uploads\/2021\/04\/Radial-Feinstfilter-SR20-nur-Geha\u0308use.png\",\"width\":900,\"height\":600},{\"@type\":\"BreadcrumbList\",\"@id\":\"https:\/\/mikrofiltertechnik.de\/produkt\/radial-feinstfilter-sr20-nur-gehaeuse#breadcrumb\",\"itemListElement\":[{\"@type\":\"ListItem\",\"position\":1,\"name\":\"Startseite\",\"item\":\"https:\/\/mikrofiltertechnik.de\/\"},{\"@type\":\"ListItem\",\"position\":2,\"name\":\"Shop\",\"item\":\"https:\/\/mikrofiltertechnik.de\/en\/shop\"},{\"@type\":\"ListItem\",\"position\":3,\"name\":\"Radial-Feinstfilter SR20 (nur Geh\u00e4use)\"}]},{\"@type\":\"WebSite\",\"@id\":\"http:\/\/mikrofiltertechnik.de\/de\/#website\",\"url\":\"http:\/\/mikrofiltertechnik.de\/de\/\",\"name\":\"MFT Mikrofiltertechnik GmbH\",\"description\":\"Kompetenz in Diesel\",\"publisher\":{\"@id\":\"http:\/\/mikrofiltertechnik.de\/de\/#organization\"},\"potentialAction\":[{\"@type\":\"SearchAction\",\"target\":{\"@type\":\"EntryPoint\",\"urlTemplate\":\"http:\/\/mikrofiltertechnik.de\/de\/?s={search_term_string}\"},\"query-input\":{\"@type\":\"PropertyValueSpecification\",\"valueRequired\":true,\"valueName\":\"search_term_string\"}}],\"inLanguage\":\"de\"},{\"@type\":\"Organization\",\"@id\":\"http:\/\/mikrofiltertechnik.de\/de\/#organization\",\"name\":\"MFT Mikrofiltertechnik GmbH\",\"url\":\"http:\/\/mikrofiltertechnik.de\/de\/\",\"logo\":{\"@type\":\"ImageObject\",\"inLanguage\":\"de\",\"@id\":\"http:\/\/mikrofiltertechnik.de\/de\/#\/schema\/logo\/image\/\",\"url\":\"https:\/\/mikrofiltertechnik.de\/wp-content\/uploads\/2021\/04\/cropped-logo_vaficon.png\",\"contentUrl\":\"https:\/\/mikrofiltertechnik.de\/wp-content\/uploads\/2021\/04\/cropped-logo_vaficon.png\",\"width\":512,\"height\":512,\"caption\":\"MFT Mikrofiltertechnik GmbH\"},\"image\":{\"@id\":\"http:\/\/mikrofiltertechnik.de\/de\/#\/schema\/logo\/image\/\"}}]}<\/script>\n<!-- \/ Yoast SEO plugin. -->","yoast_head_json":{"title":"Radial-Feinstfilter SR20 (nur Geh\u00e4use) - MFT Mikrofiltertechnik GmbH","robots":{"index":"index","follow":"follow","max-snippet":"max-snippet:-1","max-image-preview":"max-image-preview:large","max-video-preview":"max-video-preview:-1"},"canonical":"https:\/\/mikrofiltertechnik.de\/de\/produkt\/radial-feinstfilter-sr20-nur-gehaeuse\/","og_locale":"de_DE","og_type":"article","og_title":"Radial-Feinstfilter SR20 (nur Geh\u00e4use) - MFT Mikrofiltertechnik GmbH","og_description":"(ab 12l \u00d6lvolumen), bestehend aus: Filtersystem inklusive einer Patrone und Schnellverschlusskupplungen","og_url":"https:\/\/mikrofiltertechnik.de\/de\/produkt\/radial-feinstfilter-sr20-nur-gehaeuse\/","og_site_name":"MFT Mikrofiltertechnik GmbH","article_modified_time":"2024-01-02T10:16:55+00:00","og_image":[{"width":900,"height":600,"url":"https:\/\/mikrofiltertechnik.de\/wp-content\/uploads\/2021\/04\/Radial-Feinstfilter-SR20-nur-Geha\u0308use.png","type":"image\/png"}],"twitter_card":"summary_large_image","twitter_misc":{"Gesch\u00e4tzte Lesezeit":"1\u00a0Minute"},"schema":{"@context":"https:\/\/schema.org","@graph":[{"@type":"WebPage","@id":"https:\/\/mikrofiltertechnik.de\/produkt\/radial-feinstfilter-sr20-nur-gehaeuse","url":"https:\/\/mikrofiltertechnik.de\/produkt\/radial-feinstfilter-sr20-nur-gehaeuse","name":"Radial-Feinstfilter SR20 (nur Geh\u00e4use) - MFT Mikrofiltertechnik GmbH","isPartOf":{"@id":"http:\/\/mikrofiltertechnik.de\/de\/#website"},"primaryImageOfPage":{"@id":"https:\/\/mikrofiltertechnik.de\/produkt\/radial-feinstfilter-sr20-nur-gehaeuse#primaryimage"},"image":{"@id":"https:\/\/mikrofiltertechnik.de\/produkt\/radial-feinstfilter-sr20-nur-gehaeuse#primaryimage"},"thumbnailUrl":"https:\/\/mikrofiltertechnik.de\/wp-content\/uploads\/2021\/04\/Radial-Feinstfilter-SR20-nur-Geha\u0308use.png","datePublished":"2021-04-25T12:09:15+00:00","dateModified":"2024-01-02T10:16:55+00:00","breadcrumb":{"@id":"https:\/\/mikrofiltertechnik.de\/produkt\/radial-feinstfilter-sr20-nur-gehaeuse#breadcrumb"},"inLanguage":"de","potentialAction":[{"@type":"ReadAction","target":["https:\/\/mikrofiltertechnik.de\/produkt\/radial-feinstfilter-sr20-nur-gehaeuse"]}]},{"@type":"ImageObject","inLanguage":"de","@id":"https:\/\/mikrofiltertechnik.de\/produkt\/radial-feinstfilter-sr20-nur-gehaeuse#primaryimage","url":"https:\/\/mikrofiltertechnik.de\/wp-content\/uploads\/2021\/04\/Radial-Feinstfilter-SR20-nur-Geha\u0308use.png","contentUrl":"https:\/\/mikrofiltertechnik.de\/wp-content\/uploads\/2021\/04\/Radial-Feinstfilter-SR20-nur-Geha\u0308use.png","width":900,"height":600},{"@type":"BreadcrumbList","@id":"https:\/\/mikrofiltertechnik.de\/produkt\/radial-feinstfilter-sr20-nur-gehaeuse#breadcrumb","itemListElement":[{"@type":"ListItem","position":1,"name":"Startseite","item":"https:\/\/mikrofiltertechnik.de\/"},{"@type":"ListItem","position":2,"name":"Shop","item":"https:\/\/mikrofiltertechnik.de\/en\/shop"},{"@type":"ListItem","position":3,"name":"Radial-Feinstfilter SR20 (nur Geh\u00e4use)"}]},{"@type":"WebSite","@id":"http:\/\/mikrofiltertechnik.de\/de\/#website","url":"http:\/\/mikrofiltertechnik.de\/de\/","name":"MFT Mikrofiltertechnik GmbH","description":"Kompetenz in Diesel","publisher":{"@id":"http:\/\/mikrofiltertechnik.de\/de\/#organization"},"potentialAction":[{"@type":"SearchAction","target":{"@type":"EntryPoint","urlTemplate":"http:\/\/mikrofiltertechnik.de\/de\/?s={search_term_string}"},"query-input":{"@type":"PropertyValueSpecification","valueRequired":true,"valueName":"search_term_string"}}],"inLanguage":"de"},{"@type":"Organization","@id":"http:\/\/mikrofiltertechnik.de\/de\/#organization","name":"MFT Mikrofiltertechnik GmbH","url":"http:\/\/mikrofiltertechnik.de\/de\/","logo":{"@type":"ImageObject","inLanguage":"de","@id":"http:\/\/mikrofiltertechnik.de\/de\/#\/schema\/logo\/image\/","url":"https:\/\/mikrofiltertechnik.de\/wp-content\/uploads\/2021\/04\/cropped-logo_vaficon.png","contentUrl":"https:\/\/mikrofiltertechnik.de\/wp-content\/uploads\/2021\/04\/cropped-logo_vaficon.png","width":512,"height":512,"caption":"MFT Mikrofiltertechnik GmbH"},"image":{"@id":"http:\/\/mikrofiltertechnik.de\/de\/#\/schema\/logo\/image\/"}}]}},"_links":{"self":[{"href":"https:\/\/mikrofiltertechnik.de\/de\/wp-json\/wp\/v2\/product\/14154","targetHints":{"allow":["GET"]}}],"collection":[{"href":"https:\/\/mikrofiltertechnik.de\/de\/wp-json\/wp\/v2\/product"}],"about":[{"href":"https:\/\/mikrofiltertechnik.de\/de\/wp-json\/wp\/v2\/types\/product"}],"replies":[{"embeddable":true,"href":"https:\/\/mikrofiltertechnik.de\/de\/wp-json\/wp\/v2\/comments?post=14154"}],"wp:featuredmedia":[{"embeddable":true,"href":"https:\/\/mikrofiltertechnik.de\/de\/wp-json\/wp\/v2\/media\/14155"}],"wp:attachment":[{"href":"https:\/\/mikrofiltertechnik.de\/de\/wp-json\/wp\/v2\/media?parent=14154"}],"wp:term":[{"taxonomy":"product_cat","embeddable":true,"href":"https:\/\/mikrofiltertechnik.de\/de\/wp-json\/wp\/v2\/product_cat?post=14154"},{"taxonomy":"product_tag","embeddable":true,"href":"https:\/\/mikrofiltertechnik.de\/de\/wp-json\/wp\/v2\/product_tag?post=14154"}],"curies":[{"name":"wp","href":"https:\/\/api.w.org\/{rel}","templated":true}]}}