{"id":14167,"date":"2021-04-25T12:48:54","date_gmt":"2021-04-25T12:48:54","guid":{"rendered":"http:\/\/mikrofiltertechnik.de\/?post_type=product&#038;p=14167"},"modified":"2026-01-15T10:30:58","modified_gmt":"2026-01-15T09:30:58","slug":"inspektionsdeckel-mit-gegenrahmen-va","status":"publish","type":"product","link":"https:\/\/mikrofiltertechnik.de\/de\/produkt\/inspektionsdeckel-mit-gegenrahmen-va","title":{"rendered":"Inspektionsdeckel mit Gegenrahmen (VA)"},"content":{"rendered":"<p>Dieser Inspektionsdeckel ist f\u00fcr die seitliche Tankmontage gedacht (kann aber auch von oben montiert werden).<\/p>\n<p>Er besteht aus einem geteielten Gegenrahmen aus 8mm VA, mit 8 eingeschweisten Stehbolzen, sowie einem 5mm VA-Deckel, 2 Dichtungen und 8 selbstsichernden M8 Muttern.<\/p>\n<p>Wenn Sie diesen Deckel selber montieren ist es ratsam den Deckel als Schablone zu benutzen und folgenderma\u00dfen vorzugehen:<\/p>\n<p>1. Durch den Deckel die \u00e4u\u00dferen 8 Bohrungen makieren und bohren<\/p>\n<p>2. Gegenrahmen von au\u00dfen durchstecken und den Innenkreis anzeichen<\/p>\n<p>3. Innenbohrung (115mm) herstellen<\/p>\n<p>4. Deckel komplett montieren<\/p>\n<p><strong>Bohrungsdurchmesser 115 mm<\/strong><\/p>\n<p><strong>Aussendurchmesser 152 mm<\/strong><\/p>\n<p>Weitere Informationen finden Sie <a href=\"http:\/\/mikrofiltertechnik.de\/tankservice\/tankreinigung\">HIER<\/a>.<\/p>\n","protected":false},"excerpt":{"rendered":"<p>Inspektionsdeckel mit Gegenrahmen (VA)<\/p>\n<p>Dieser Inspektionsdeckel ist f\u00fcr die seitliche Tankmontage gedacht (kann aber auch von oben montiert werden). Er besteht aus einem geteielten Gegenrahmen aus 8mm VA, mit 8 eingeschweisten Stehbolzen, sowie einem 5mm VA-Deckel, 2 Dichtungen und 8 selbstsichernden M8 Muttern.<\/p>\n<p><strong>Bohrungsdurchmesser 115mm<\/strong><\/p>\n<p><strong>Aussendurchmesser 152mm<\/strong><\/p>\n","protected":false},"featured_media":14169,"comment_status":"open","ping_status":"closed","template":"","meta":[],"product_cat":[98],"product_tag":[],"class_list":{"0":"post-14167","1":"product","2":"type-product","3":"status-publish","4":"has-post-thumbnail","6":"product_cat-tankreinigung","8":"first","9":"instock","10":"taxable","11":"shipping-taxable","12":"purchasable","13":"product-type-simple"},"yoast_head":"<!-- This site is optimized with the Yoast SEO plugin v23.5 - https:\/\/yoast.com\/wordpress\/plugins\/seo\/ -->\n<title>Inspektionsdeckel aus Edelstahl -MFT Mikrofiltertechnik GmbH<\/title>\n<meta name=\"description\" content=\"Reinigungs\u00f6ffnung und Inspektionsdeckel zum nachtr\u00e4glichen Einbau ohne schwei\u00dfen. Einbau von oben und der Seite m\u00f6glich. Einfache Montage.\" \/>\n<meta name=\"robots\" content=\"index, follow, max-snippet:-1, max-image-preview:large, max-video-preview:-1\" \/>\n<link rel=\"canonical\" href=\"https:\/\/mikrofiltertechnik.de\/de\/produkt\/inspektionsdeckel-mit-gegenrahmen-va\/\" \/>\n<meta property=\"og:locale\" content=\"de_DE\" \/>\n<meta property=\"og:type\" content=\"article\" \/>\n<meta property=\"og:title\" content=\"Inspektionsdeckel aus Edelstahl -MFT Mikrofiltertechnik GmbH\" \/>\n<meta property=\"og:description\" content=\"Reinigungs\u00f6ffnung und Inspektionsdeckel zum nachtr\u00e4glichen Einbau ohne schwei\u00dfen. Einbau von oben und der Seite m\u00f6glich. Einfache Montage.\" \/>\n<meta property=\"og:url\" content=\"https:\/\/mikrofiltertechnik.de\/de\/produkt\/inspektionsdeckel-mit-gegenrahmen-va\/\" \/>\n<meta property=\"og:site_name\" content=\"MFT Mikrofiltertechnik GmbH\" \/>\n<meta property=\"article:modified_time\" content=\"2026-01-15T09:30:58+00:00\" \/>\n<meta property=\"og:image\" content=\"https:\/\/mikrofiltertechnik.de\/wp-content\/uploads\/2021\/04\/VA-Deckel.png\" \/>\n\t<meta property=\"og:image:width\" content=\"900\" \/>\n\t<meta property=\"og:image:height\" content=\"600\" \/>\n\t<meta property=\"og:image:type\" content=\"image\/png\" \/>\n<meta name=\"twitter:card\" content=\"summary_large_image\" \/>\n<meta name=\"twitter:label1\" content=\"Gesch\u00e4tzte Lesezeit\" \/>\n\t<meta name=\"twitter:data1\" content=\"1\u00a0Minute\" \/>\n<script type=\"application\/ld+json\" class=\"yoast-schema-graph\">{\"@context\":\"https:\/\/schema.org\",\"@graph\":[{\"@type\":\"WebPage\",\"@id\":\"https:\/\/mikrofiltertechnik.de\/produkt\/inspektionsdeckel-mit-gegenrahmen-va\",\"url\":\"https:\/\/mikrofiltertechnik.de\/produkt\/inspektionsdeckel-mit-gegenrahmen-va\",\"name\":\"Inspektionsdeckel aus Edelstahl -MFT Mikrofiltertechnik GmbH\",\"isPartOf\":{\"@id\":\"http:\/\/mikrofiltertechnik.de\/de\/#website\"},\"primaryImageOfPage\":{\"@id\":\"https:\/\/mikrofiltertechnik.de\/produkt\/inspektionsdeckel-mit-gegenrahmen-va#primaryimage\"},\"image\":{\"@id\":\"https:\/\/mikrofiltertechnik.de\/produkt\/inspektionsdeckel-mit-gegenrahmen-va#primaryimage\"},\"thumbnailUrl\":\"https:\/\/mikrofiltertechnik.de\/wp-content\/uploads\/2021\/04\/VA-Deckel.png\",\"datePublished\":\"2021-04-25T12:48:54+00:00\",\"dateModified\":\"2026-01-15T09:30:58+00:00\",\"description\":\"Reinigungs\u00f6ffnung und Inspektionsdeckel zum nachtr\u00e4glichen Einbau ohne schwei\u00dfen. Einbau von oben und der Seite m\u00f6glich. Einfache Montage.\",\"breadcrumb\":{\"@id\":\"https:\/\/mikrofiltertechnik.de\/produkt\/inspektionsdeckel-mit-gegenrahmen-va#breadcrumb\"},\"inLanguage\":\"de\",\"potentialAction\":[{\"@type\":\"ReadAction\",\"target\":[\"https:\/\/mikrofiltertechnik.de\/produkt\/inspektionsdeckel-mit-gegenrahmen-va\"]}]},{\"@type\":\"ImageObject\",\"inLanguage\":\"de\",\"@id\":\"https:\/\/mikrofiltertechnik.de\/produkt\/inspektionsdeckel-mit-gegenrahmen-va#primaryimage\",\"url\":\"https:\/\/mikrofiltertechnik.de\/wp-content\/uploads\/2021\/04\/VA-Deckel.png\",\"contentUrl\":\"https:\/\/mikrofiltertechnik.de\/wp-content\/uploads\/2021\/04\/VA-Deckel.png\",\"width\":900,\"height\":600},{\"@type\":\"BreadcrumbList\",\"@id\":\"https:\/\/mikrofiltertechnik.de\/produkt\/inspektionsdeckel-mit-gegenrahmen-va#breadcrumb\",\"itemListElement\":[{\"@type\":\"ListItem\",\"position\":1,\"name\":\"Startseite\",\"item\":\"https:\/\/mikrofiltertechnik.de\/\"},{\"@type\":\"ListItem\",\"position\":2,\"name\":\"Shop\",\"item\":\"https:\/\/mikrofiltertechnik.de\/en\/shop\"},{\"@type\":\"ListItem\",\"position\":3,\"name\":\"Inspektionsdeckel mit Gegenrahmen (VA)\"}]},{\"@type\":\"WebSite\",\"@id\":\"http:\/\/mikrofiltertechnik.de\/de\/#website\",\"url\":\"http:\/\/mikrofiltertechnik.de\/de\/\",\"name\":\"MFT Mikrofiltertechnik GmbH\",\"description\":\"Kompetenz in Diesel\",\"publisher\":{\"@id\":\"http:\/\/mikrofiltertechnik.de\/de\/#organization\"},\"potentialAction\":[{\"@type\":\"SearchAction\",\"target\":{\"@type\":\"EntryPoint\",\"urlTemplate\":\"http:\/\/mikrofiltertechnik.de\/de\/?s={search_term_string}\"},\"query-input\":{\"@type\":\"PropertyValueSpecification\",\"valueRequired\":true,\"valueName\":\"search_term_string\"}}],\"inLanguage\":\"de\"},{\"@type\":\"Organization\",\"@id\":\"http:\/\/mikrofiltertechnik.de\/de\/#organization\",\"name\":\"MFT Mikrofiltertechnik GmbH\",\"url\":\"http:\/\/mikrofiltertechnik.de\/de\/\",\"logo\":{\"@type\":\"ImageObject\",\"inLanguage\":\"de\",\"@id\":\"http:\/\/mikrofiltertechnik.de\/de\/#\/schema\/logo\/image\/\",\"url\":\"https:\/\/mikrofiltertechnik.de\/wp-content\/uploads\/2021\/04\/cropped-logo_vaficon.png\",\"contentUrl\":\"https:\/\/mikrofiltertechnik.de\/wp-content\/uploads\/2021\/04\/cropped-logo_vaficon.png\",\"width\":512,\"height\":512,\"caption\":\"MFT Mikrofiltertechnik GmbH\"},\"image\":{\"@id\":\"http:\/\/mikrofiltertechnik.de\/de\/#\/schema\/logo\/image\/\"}}]}<\/script>\n<!-- \/ Yoast SEO plugin. -->","yoast_head_json":{"title":"Inspektionsdeckel aus Edelstahl -MFT Mikrofiltertechnik GmbH","description":"Reinigungs\u00f6ffnung und Inspektionsdeckel zum nachtr\u00e4glichen Einbau ohne schwei\u00dfen. Einbau von oben und der Seite m\u00f6glich. Einfache Montage.","robots":{"index":"index","follow":"follow","max-snippet":"max-snippet:-1","max-image-preview":"max-image-preview:large","max-video-preview":"max-video-preview:-1"},"canonical":"https:\/\/mikrofiltertechnik.de\/de\/produkt\/inspektionsdeckel-mit-gegenrahmen-va\/","og_locale":"de_DE","og_type":"article","og_title":"Inspektionsdeckel aus Edelstahl -MFT Mikrofiltertechnik GmbH","og_description":"Reinigungs\u00f6ffnung und Inspektionsdeckel zum nachtr\u00e4glichen Einbau ohne schwei\u00dfen. Einbau von oben und der Seite m\u00f6glich. Einfache Montage.","og_url":"https:\/\/mikrofiltertechnik.de\/de\/produkt\/inspektionsdeckel-mit-gegenrahmen-va\/","og_site_name":"MFT Mikrofiltertechnik GmbH","article_modified_time":"2026-01-15T09:30:58+00:00","og_image":[{"width":900,"height":600,"url":"https:\/\/mikrofiltertechnik.de\/wp-content\/uploads\/2021\/04\/VA-Deckel.png","type":"image\/png"}],"twitter_card":"summary_large_image","twitter_misc":{"Gesch\u00e4tzte Lesezeit":"1\u00a0Minute"},"schema":{"@context":"https:\/\/schema.org","@graph":[{"@type":"WebPage","@id":"https:\/\/mikrofiltertechnik.de\/produkt\/inspektionsdeckel-mit-gegenrahmen-va","url":"https:\/\/mikrofiltertechnik.de\/produkt\/inspektionsdeckel-mit-gegenrahmen-va","name":"Inspektionsdeckel aus Edelstahl -MFT Mikrofiltertechnik GmbH","isPartOf":{"@id":"http:\/\/mikrofiltertechnik.de\/de\/#website"},"primaryImageOfPage":{"@id":"https:\/\/mikrofiltertechnik.de\/produkt\/inspektionsdeckel-mit-gegenrahmen-va#primaryimage"},"image":{"@id":"https:\/\/mikrofiltertechnik.de\/produkt\/inspektionsdeckel-mit-gegenrahmen-va#primaryimage"},"thumbnailUrl":"https:\/\/mikrofiltertechnik.de\/wp-content\/uploads\/2021\/04\/VA-Deckel.png","datePublished":"2021-04-25T12:48:54+00:00","dateModified":"2026-01-15T09:30:58+00:00","description":"Reinigungs\u00f6ffnung und Inspektionsdeckel zum nachtr\u00e4glichen Einbau ohne schwei\u00dfen. Einbau von oben und der Seite m\u00f6glich. Einfache Montage.","breadcrumb":{"@id":"https:\/\/mikrofiltertechnik.de\/produkt\/inspektionsdeckel-mit-gegenrahmen-va#breadcrumb"},"inLanguage":"de","potentialAction":[{"@type":"ReadAction","target":["https:\/\/mikrofiltertechnik.de\/produkt\/inspektionsdeckel-mit-gegenrahmen-va"]}]},{"@type":"ImageObject","inLanguage":"de","@id":"https:\/\/mikrofiltertechnik.de\/produkt\/inspektionsdeckel-mit-gegenrahmen-va#primaryimage","url":"https:\/\/mikrofiltertechnik.de\/wp-content\/uploads\/2021\/04\/VA-Deckel.png","contentUrl":"https:\/\/mikrofiltertechnik.de\/wp-content\/uploads\/2021\/04\/VA-Deckel.png","width":900,"height":600},{"@type":"BreadcrumbList","@id":"https:\/\/mikrofiltertechnik.de\/produkt\/inspektionsdeckel-mit-gegenrahmen-va#breadcrumb","itemListElement":[{"@type":"ListItem","position":1,"name":"Startseite","item":"https:\/\/mikrofiltertechnik.de\/"},{"@type":"ListItem","position":2,"name":"Shop","item":"https:\/\/mikrofiltertechnik.de\/en\/shop"},{"@type":"ListItem","position":3,"name":"Inspektionsdeckel mit Gegenrahmen (VA)"}]},{"@type":"WebSite","@id":"http:\/\/mikrofiltertechnik.de\/de\/#website","url":"http:\/\/mikrofiltertechnik.de\/de\/","name":"MFT Mikrofiltertechnik GmbH","description":"Kompetenz in Diesel","publisher":{"@id":"http:\/\/mikrofiltertechnik.de\/de\/#organization"},"potentialAction":[{"@type":"SearchAction","target":{"@type":"EntryPoint","urlTemplate":"http:\/\/mikrofiltertechnik.de\/de\/?s={search_term_string}"},"query-input":{"@type":"PropertyValueSpecification","valueRequired":true,"valueName":"search_term_string"}}],"inLanguage":"de"},{"@type":"Organization","@id":"http:\/\/mikrofiltertechnik.de\/de\/#organization","name":"MFT Mikrofiltertechnik GmbH","url":"http:\/\/mikrofiltertechnik.de\/de\/","logo":{"@type":"ImageObject","inLanguage":"de","@id":"http:\/\/mikrofiltertechnik.de\/de\/#\/schema\/logo\/image\/","url":"https:\/\/mikrofiltertechnik.de\/wp-content\/uploads\/2021\/04\/cropped-logo_vaficon.png","contentUrl":"https:\/\/mikrofiltertechnik.de\/wp-content\/uploads\/2021\/04\/cropped-logo_vaficon.png","width":512,"height":512,"caption":"MFT Mikrofiltertechnik GmbH"},"image":{"@id":"http:\/\/mikrofiltertechnik.de\/de\/#\/schema\/logo\/image\/"}}]}},"_links":{"self":[{"href":"https:\/\/mikrofiltertechnik.de\/de\/wp-json\/wp\/v2\/product\/14167","targetHints":{"allow":["GET"]}}],"collection":[{"href":"https:\/\/mikrofiltertechnik.de\/de\/wp-json\/wp\/v2\/product"}],"about":[{"href":"https:\/\/mikrofiltertechnik.de\/de\/wp-json\/wp\/v2\/types\/product"}],"replies":[{"embeddable":true,"href":"https:\/\/mikrofiltertechnik.de\/de\/wp-json\/wp\/v2\/comments?post=14167"}],"wp:featuredmedia":[{"embeddable":true,"href":"https:\/\/mikrofiltertechnik.de\/de\/wp-json\/wp\/v2\/media\/14169"}],"wp:attachment":[{"href":"https:\/\/mikrofiltertechnik.de\/de\/wp-json\/wp\/v2\/media?parent=14167"}],"wp:term":[{"taxonomy":"product_cat","embeddable":true,"href":"https:\/\/mikrofiltertechnik.de\/de\/wp-json\/wp\/v2\/product_cat?post=14167"},{"taxonomy":"product_tag","embeddable":true,"href":"https:\/\/mikrofiltertechnik.de\/de\/wp-json\/wp\/v2\/product_tag?post=14167"}],"curies":[{"name":"wp","href":"https:\/\/api.w.org\/{rel}","templated":true}]}}