{"id":14172,"date":"2021-04-25T12:57:00","date_gmt":"2021-04-25T12:57:00","guid":{"rendered":"http:\/\/mikrofiltertechnik.de\/?post_type=product&#038;p=14172"},"modified":"2025-02-14T18:46:21","modified_gmt":"2025-02-14T17:46:21","slug":"tankreinigung-vor-ort","status":"publish","type":"product","link":"https:\/\/mikrofiltertechnik.de\/de\/produkt\/tankreinigung-vor-ort","title":{"rendered":"Tankreinigung vor Ort"},"content":{"rendered":"<p>Tankreinigungen werden auf Grund von Dieselbakterien oder Wassergehalt immer h\u00e4ufiger notwendig um den Motor am laufen zu halten.<\/p>\n<p>Wir bieten Ihnen eine Tankreinigung vor Ort womit diese Probleme der Vergangenheit angeh\u00f6ren.<\/p>\n<p>Bei Schiffen oder Yachten ist das ausbauen eines Tankes sogut wie nie m\u00f6glich. Deswegen haben wir uns darauf spezialisiert Tanks im eingebauten Zustand zu reinigen. Da dies nicht ohne Ispecktions\u00f6ffnung machbar ist, schneiden wir nachtr\u00e4glich \u00d6ffnungen in den Tank, mit den es immer wieder m\u00f6glich ist sich den Tank von Innen anzugucken.<\/p>\n<p>Die Vorgehensweise einer Tankreinigung ist folgende:<\/p>\n<p>1. Tank inspezieren und Platz f\u00fcr zus\u00e4tzliche \u00d6ffnung finden<\/p>\n<p>2. Kraftstoff abpumpen und zwischen lagern<\/p>\n<p>3. \u00d6ffnung schneiden und Tank dadurch reinigen<\/p>\n<p>4. Tank wieder verschlie\u00dfen<\/p>\n<p>5. Kraftstoff feinstgefiltert wieder in den Tank pumpen<\/p>\n<p>F\u00fcr diese Arbeiten einen Festpreis zu machen ist auf Grund der Unterschiedlichen Situationen vor Ort leider nicht m\u00f6glich.<\/p>\n<p>Wenn Sie ein Angebot f\u00fcr eine Tankreinigung bekommen m\u00f6chten bitten wir Sie uns eine E-Mail, \u00fcber das <a href=\"http:\/\/mikrofiltertechnik.de\/kontakt\">Kontaktformular<\/a>, mit folgenden Informationen zukommen zu lassen:<\/p>\n<p>1. Tankvolumen<br \/>\n2. Wie voll ist der Tank?<br \/>\n3. Aus welchem Material besteht der Tank?<br \/>\n4. Ist der Tank von oben oder von der Seite zug\u00e4nglich (f\u00fcr neue \u00d6ffnung schneiden)?<br \/>\n5. Wo liegt das Schiff?<br \/>\n6. Haben Sie schon grotamar angewendet?<\/p>\n<p>Am besten w\u00e4ren noch einigen Bilder von der Tanksituation.<\/p>\n<p>Wenn Sie uns noch Ihre Telefonnummer mitteilen rufen wir Sie auch gerne zur\u00fcck!<\/p>\n","protected":false},"excerpt":{"rendered":"<p>Tankreinigungen werden auf Grund von Dieselbakterien oder Wassergehalt immer h\u00e4ufiger notwendig um den Motor am laufen zu halten. Wir bieten Ihnen eine Tankreinigung vor Ort womit diese Probleme der Vergangenheit angeh\u00f6ren.<\/p>\n","protected":false},"featured_media":14173,"comment_status":"open","ping_status":"closed","template":"","meta":[],"product_cat":[98],"product_tag":[],"class_list":{"0":"post-14172","1":"product","2":"type-product","3":"status-publish","4":"has-post-thumbnail","6":"product_cat-tankreinigung","8":"first","9":"instock","10":"virtual","11":"taxable","12":"product-type-simple"},"yoast_head":"<!-- This site is optimized with the Yoast SEO plugin v23.5 - https:\/\/yoast.com\/wordpress\/plugins\/seo\/ -->\n<title>EuropaweiteTankreinigung vor Ort - MFT Mikrofiltertechnik GmbH<\/title>\n<meta name=\"description\" content=\"Mobile europaweite Tankreinigung. Wir kommen zu Ihnen und befreien Ihre Tanks von der Dieselpest. Wenn n\u00f6tig mit neuer Reinigungs\u00f6ffnung.\" \/>\n<meta name=\"robots\" content=\"index, follow, max-snippet:-1, max-image-preview:large, max-video-preview:-1\" \/>\n<link rel=\"canonical\" href=\"https:\/\/mikrofiltertechnik.de\/de\/produkt\/tankreinigung-vor-ort\" \/>\n<meta property=\"og:locale\" content=\"de_DE\" \/>\n<meta property=\"og:type\" content=\"article\" \/>\n<meta property=\"og:title\" content=\"EuropaweiteTankreinigung vor Ort - MFT Mikrofiltertechnik GmbH\" \/>\n<meta property=\"og:description\" content=\"Mobile europaweite Tankreinigung. Wir kommen zu Ihnen und befreien Ihre Tanks von der Dieselpest. Wenn n\u00f6tig mit neuer Reinigungs\u00f6ffnung.\" \/>\n<meta property=\"og:url\" content=\"https:\/\/mikrofiltertechnik.de\/de\/produkt\/tankreinigung-vor-ort\" \/>\n<meta property=\"og:site_name\" content=\"MFT Mikrofiltertechnik GmbH\" \/>\n<meta property=\"article:modified_time\" content=\"2025-02-14T17:46:21+00:00\" \/>\n<meta property=\"og:image\" content=\"https:\/\/mikrofiltertechnik.de\/wp-content\/uploads\/2021\/04\/Filteranlage.png\" \/>\n\t<meta property=\"og:image:width\" content=\"900\" \/>\n\t<meta property=\"og:image:height\" content=\"600\" \/>\n\t<meta property=\"og:image:type\" content=\"image\/png\" \/>\n<meta name=\"twitter:card\" content=\"summary_large_image\" \/>\n<meta name=\"twitter:label1\" content=\"Gesch\u00e4tzte Lesezeit\" \/>\n\t<meta name=\"twitter:data1\" content=\"1\u00a0Minute\" \/>\n<script type=\"application\/ld+json\" class=\"yoast-schema-graph\">{\"@context\":\"https:\/\/schema.org\",\"@graph\":[{\"@type\":\"WebPage\",\"@id\":\"https:\/\/mikrofiltertechnik.de\/de\/produkt\/tankreinigung-vor-ort\",\"url\":\"https:\/\/mikrofiltertechnik.de\/de\/produkt\/tankreinigung-vor-ort\",\"name\":\"EuropaweiteTankreinigung vor Ort - MFT Mikrofiltertechnik GmbH\",\"isPartOf\":{\"@id\":\"http:\/\/mikrofiltertechnik.de\/de\/#website\"},\"primaryImageOfPage\":{\"@id\":\"https:\/\/mikrofiltertechnik.de\/de\/produkt\/tankreinigung-vor-ort#primaryimage\"},\"image\":{\"@id\":\"https:\/\/mikrofiltertechnik.de\/de\/produkt\/tankreinigung-vor-ort#primaryimage\"},\"thumbnailUrl\":\"https:\/\/mikrofiltertechnik.de\/wp-content\/uploads\/2021\/04\/Filteranlage.png\",\"datePublished\":\"2021-04-25T12:57:00+00:00\",\"dateModified\":\"2025-02-14T17:46:21+00:00\",\"description\":\"Mobile europaweite Tankreinigung. Wir kommen zu Ihnen und befreien Ihre Tanks von der Dieselpest. Wenn n\u00f6tig mit neuer Reinigungs\u00f6ffnung.\",\"breadcrumb\":{\"@id\":\"https:\/\/mikrofiltertechnik.de\/de\/produkt\/tankreinigung-vor-ort#breadcrumb\"},\"inLanguage\":\"de\",\"potentialAction\":[{\"@type\":\"ReadAction\",\"target\":[\"https:\/\/mikrofiltertechnik.de\/de\/produkt\/tankreinigung-vor-ort\"]}]},{\"@type\":\"ImageObject\",\"inLanguage\":\"de\",\"@id\":\"https:\/\/mikrofiltertechnik.de\/de\/produkt\/tankreinigung-vor-ort#primaryimage\",\"url\":\"https:\/\/mikrofiltertechnik.de\/wp-content\/uploads\/2021\/04\/Filteranlage.png\",\"contentUrl\":\"https:\/\/mikrofiltertechnik.de\/wp-content\/uploads\/2021\/04\/Filteranlage.png\",\"width\":900,\"height\":600},{\"@type\":\"BreadcrumbList\",\"@id\":\"https:\/\/mikrofiltertechnik.de\/de\/produkt\/tankreinigung-vor-ort#breadcrumb\",\"itemListElement\":[{\"@type\":\"ListItem\",\"position\":1,\"name\":\"Startseite\",\"item\":\"https:\/\/mikrofiltertechnik.de\/\"},{\"@type\":\"ListItem\",\"position\":2,\"name\":\"Shop\",\"item\":\"https:\/\/mikrofiltertechnik.de\/en\/shop\"},{\"@type\":\"ListItem\",\"position\":3,\"name\":\"Tankreinigung vor Ort\"}]},{\"@type\":\"WebSite\",\"@id\":\"http:\/\/mikrofiltertechnik.de\/de\/#website\",\"url\":\"http:\/\/mikrofiltertechnik.de\/de\/\",\"name\":\"MFT Mikrofiltertechnik GmbH\",\"description\":\"Kompetenz in Diesel\",\"publisher\":{\"@id\":\"http:\/\/mikrofiltertechnik.de\/de\/#organization\"},\"potentialAction\":[{\"@type\":\"SearchAction\",\"target\":{\"@type\":\"EntryPoint\",\"urlTemplate\":\"http:\/\/mikrofiltertechnik.de\/de\/?s={search_term_string}\"},\"query-input\":{\"@type\":\"PropertyValueSpecification\",\"valueRequired\":true,\"valueName\":\"search_term_string\"}}],\"inLanguage\":\"de\"},{\"@type\":\"Organization\",\"@id\":\"http:\/\/mikrofiltertechnik.de\/de\/#organization\",\"name\":\"MFT Mikrofiltertechnik GmbH\",\"url\":\"http:\/\/mikrofiltertechnik.de\/de\/\",\"logo\":{\"@type\":\"ImageObject\",\"inLanguage\":\"de\",\"@id\":\"http:\/\/mikrofiltertechnik.de\/de\/#\/schema\/logo\/image\/\",\"url\":\"https:\/\/mikrofiltertechnik.de\/wp-content\/uploads\/2021\/04\/cropped-logo_vaficon.png\",\"contentUrl\":\"https:\/\/mikrofiltertechnik.de\/wp-content\/uploads\/2021\/04\/cropped-logo_vaficon.png\",\"width\":512,\"height\":512,\"caption\":\"MFT Mikrofiltertechnik GmbH\"},\"image\":{\"@id\":\"http:\/\/mikrofiltertechnik.de\/de\/#\/schema\/logo\/image\/\"}}]}<\/script>\n<!-- \/ Yoast SEO plugin. -->","yoast_head_json":{"title":"EuropaweiteTankreinigung vor Ort - MFT Mikrofiltertechnik GmbH","description":"Mobile europaweite Tankreinigung. Wir kommen zu Ihnen und befreien Ihre Tanks von der Dieselpest. Wenn n\u00f6tig mit neuer Reinigungs\u00f6ffnung.","robots":{"index":"index","follow":"follow","max-snippet":"max-snippet:-1","max-image-preview":"max-image-preview:large","max-video-preview":"max-video-preview:-1"},"canonical":"https:\/\/mikrofiltertechnik.de\/de\/produkt\/tankreinigung-vor-ort","og_locale":"de_DE","og_type":"article","og_title":"EuropaweiteTankreinigung vor Ort - MFT Mikrofiltertechnik GmbH","og_description":"Mobile europaweite Tankreinigung. Wir kommen zu Ihnen und befreien Ihre Tanks von der Dieselpest. Wenn n\u00f6tig mit neuer Reinigungs\u00f6ffnung.","og_url":"https:\/\/mikrofiltertechnik.de\/de\/produkt\/tankreinigung-vor-ort","og_site_name":"MFT Mikrofiltertechnik GmbH","article_modified_time":"2025-02-14T17:46:21+00:00","og_image":[{"width":900,"height":600,"url":"https:\/\/mikrofiltertechnik.de\/wp-content\/uploads\/2021\/04\/Filteranlage.png","type":"image\/png"}],"twitter_card":"summary_large_image","twitter_misc":{"Gesch\u00e4tzte Lesezeit":"1\u00a0Minute"},"schema":{"@context":"https:\/\/schema.org","@graph":[{"@type":"WebPage","@id":"https:\/\/mikrofiltertechnik.de\/de\/produkt\/tankreinigung-vor-ort","url":"https:\/\/mikrofiltertechnik.de\/de\/produkt\/tankreinigung-vor-ort","name":"EuropaweiteTankreinigung vor Ort - MFT Mikrofiltertechnik GmbH","isPartOf":{"@id":"http:\/\/mikrofiltertechnik.de\/de\/#website"},"primaryImageOfPage":{"@id":"https:\/\/mikrofiltertechnik.de\/de\/produkt\/tankreinigung-vor-ort#primaryimage"},"image":{"@id":"https:\/\/mikrofiltertechnik.de\/de\/produkt\/tankreinigung-vor-ort#primaryimage"},"thumbnailUrl":"https:\/\/mikrofiltertechnik.de\/wp-content\/uploads\/2021\/04\/Filteranlage.png","datePublished":"2021-04-25T12:57:00+00:00","dateModified":"2025-02-14T17:46:21+00:00","description":"Mobile europaweite Tankreinigung. Wir kommen zu Ihnen und befreien Ihre Tanks von der Dieselpest. Wenn n\u00f6tig mit neuer Reinigungs\u00f6ffnung.","breadcrumb":{"@id":"https:\/\/mikrofiltertechnik.de\/de\/produkt\/tankreinigung-vor-ort#breadcrumb"},"inLanguage":"de","potentialAction":[{"@type":"ReadAction","target":["https:\/\/mikrofiltertechnik.de\/de\/produkt\/tankreinigung-vor-ort"]}]},{"@type":"ImageObject","inLanguage":"de","@id":"https:\/\/mikrofiltertechnik.de\/de\/produkt\/tankreinigung-vor-ort#primaryimage","url":"https:\/\/mikrofiltertechnik.de\/wp-content\/uploads\/2021\/04\/Filteranlage.png","contentUrl":"https:\/\/mikrofiltertechnik.de\/wp-content\/uploads\/2021\/04\/Filteranlage.png","width":900,"height":600},{"@type":"BreadcrumbList","@id":"https:\/\/mikrofiltertechnik.de\/de\/produkt\/tankreinigung-vor-ort#breadcrumb","itemListElement":[{"@type":"ListItem","position":1,"name":"Startseite","item":"https:\/\/mikrofiltertechnik.de\/"},{"@type":"ListItem","position":2,"name":"Shop","item":"https:\/\/mikrofiltertechnik.de\/en\/shop"},{"@type":"ListItem","position":3,"name":"Tankreinigung vor Ort"}]},{"@type":"WebSite","@id":"http:\/\/mikrofiltertechnik.de\/de\/#website","url":"http:\/\/mikrofiltertechnik.de\/de\/","name":"MFT Mikrofiltertechnik GmbH","description":"Kompetenz in Diesel","publisher":{"@id":"http:\/\/mikrofiltertechnik.de\/de\/#organization"},"potentialAction":[{"@type":"SearchAction","target":{"@type":"EntryPoint","urlTemplate":"http:\/\/mikrofiltertechnik.de\/de\/?s={search_term_string}"},"query-input":{"@type":"PropertyValueSpecification","valueRequired":true,"valueName":"search_term_string"}}],"inLanguage":"de"},{"@type":"Organization","@id":"http:\/\/mikrofiltertechnik.de\/de\/#organization","name":"MFT Mikrofiltertechnik GmbH","url":"http:\/\/mikrofiltertechnik.de\/de\/","logo":{"@type":"ImageObject","inLanguage":"de","@id":"http:\/\/mikrofiltertechnik.de\/de\/#\/schema\/logo\/image\/","url":"https:\/\/mikrofiltertechnik.de\/wp-content\/uploads\/2021\/04\/cropped-logo_vaficon.png","contentUrl":"https:\/\/mikrofiltertechnik.de\/wp-content\/uploads\/2021\/04\/cropped-logo_vaficon.png","width":512,"height":512,"caption":"MFT Mikrofiltertechnik GmbH"},"image":{"@id":"http:\/\/mikrofiltertechnik.de\/de\/#\/schema\/logo\/image\/"}}]}},"_links":{"self":[{"href":"https:\/\/mikrofiltertechnik.de\/de\/wp-json\/wp\/v2\/product\/14172","targetHints":{"allow":["GET"]}}],"collection":[{"href":"https:\/\/mikrofiltertechnik.de\/de\/wp-json\/wp\/v2\/product"}],"about":[{"href":"https:\/\/mikrofiltertechnik.de\/de\/wp-json\/wp\/v2\/types\/product"}],"replies":[{"embeddable":true,"href":"https:\/\/mikrofiltertechnik.de\/de\/wp-json\/wp\/v2\/comments?post=14172"}],"wp:featuredmedia":[{"embeddable":true,"href":"https:\/\/mikrofiltertechnik.de\/de\/wp-json\/wp\/v2\/media\/14173"}],"wp:attachment":[{"href":"https:\/\/mikrofiltertechnik.de\/de\/wp-json\/wp\/v2\/media?parent=14172"}],"wp:term":[{"taxonomy":"product_cat","embeddable":true,"href":"https:\/\/mikrofiltertechnik.de\/de\/wp-json\/wp\/v2\/product_cat?post=14172"},{"taxonomy":"product_tag","embeddable":true,"href":"https:\/\/mikrofiltertechnik.de\/de\/wp-json\/wp\/v2\/product_tag?post=14172"}],"curies":[{"name":"wp","href":"https:\/\/api.w.org\/{rel}","templated":true}]}}