{"id":16336,"date":"2025-10-24T08:26:57","date_gmt":"2025-10-24T06:26:57","guid":{"rendered":"https:\/\/mikrofiltertechnik.de\/?post_type=product&#038;p=16336"},"modified":"2025-10-24T08:26:57","modified_gmt":"2025-10-24T06:26:57","slug":"liqui-moly-marine-multispray","status":"publish","type":"product","link":"https:\/\/mikrofiltertechnik.de\/de\/produkt\/liqui-moly-marine-multispray","title":{"rendered":"Liqui Moly Marine Multispray"},"content":{"rendered":"<div class=\"d-inline-block fs-9 product attribute description\">\n<p>Spezialschutz- und Pflegemittel f\u00fcr den Marinebereich. H\u00e4lt bewegliche Teile dauerhaft leichtg\u00e4ngig, sch\u00fctzt vor Korrosion und Oxidation. Verdr\u00e4ngt Feuchtigkeit und sch\u00fctzt die gesamte Bootselektrik. L\u00f6st festgerostete Schrauben und vermindert Quietschger\u00e4usche. Neutral gegen\u00fcber Kunststoffen, Lacken, Metallen und Holz.<\/p>\n<\/div>\n<p><span class=\"value\">Vielseitig einsetzbares Multifunktionsspray. F\u00fcr alle Wartungs- und Servicearbeiten. <\/span><\/p>\n<p>Anwendung<\/p>\n<div class=\"d-inline-block fs-9 product attribute application mt-2\"><span class=\"value\"> Die zu behandelnde Stelle einspr\u00fchen und einwirken lassen. <\/span><\/div>\n","protected":false},"excerpt":{"rendered":"<p>Spezialschutz- und Pflegemittel f\u00fcr den Marinebereich. H\u00e4lt bewegliche Teile dauerhaft leichtg\u00e4ngig, sch\u00fctzt vor Korrosion und Oxidation. Verdr\u00e4ngt Feuchtigkeit und sch\u00fctzt die gesamte Bootselektrik. L\u00f6st festgerostete Schrauben und vermindert Quietschger\u00e4usche. Neutral gegen\u00fcber Kunststoffen, Lacken, Metallen und Holz. Vielseitig einsetzbares Multifunktionsspray. F\u00fcr alle Wartungs- und Servicearbeiten. Anwendung Die zu behandelnde Stelle einspr\u00fchen und einwirken lassen.<\/p>\n","protected":false},"featured_media":16337,"comment_status":"open","ping_status":"closed","template":"","meta":[],"product_cat":[134],"product_tag":[],"class_list":{"0":"post-16336","1":"product","2":"type-product","3":"status-publish","4":"has-post-thumbnail","6":"product_cat-marine-produkte","8":"first","9":"instock","10":"taxable","11":"shipping-taxable","12":"purchasable","13":"product-type-simple"},"yoast_head":"<!-- This site is optimized with the Yoast SEO plugin v23.5 - https:\/\/yoast.com\/wordpress\/plugins\/seo\/ -->\n<title>Liqui Moly Marine Multispray - MFT Mikrofiltertechnik GmbH<\/title>\n<meta name=\"description\" content=\"Spezialschutz- und Pflegemittel f\u00fcr den Marinebereich. H\u00e4lt bewegliche Teile dauerhaft leichtg\u00e4ngig, sch\u00fctzt vor Korrosion und Oxidation.\" \/>\n<meta name=\"robots\" content=\"index, follow, max-snippet:-1, max-image-preview:large, max-video-preview:-1\" \/>\n<link rel=\"canonical\" href=\"https:\/\/mikrofiltertechnik.de\/de\/produkt\/liqui-moly-marine-multispray\/\" \/>\n<meta property=\"og:locale\" content=\"de_DE\" \/>\n<meta property=\"og:type\" content=\"article\" \/>\n<meta property=\"og:title\" content=\"Liqui Moly Marine Multispray - MFT Mikrofiltertechnik GmbH\" \/>\n<meta property=\"og:description\" content=\"Spezialschutz- und Pflegemittel f\u00fcr den Marinebereich. H\u00e4lt bewegliche Teile dauerhaft leichtg\u00e4ngig, sch\u00fctzt vor Korrosion und Oxidation.\" \/>\n<meta property=\"og:url\" content=\"https:\/\/mikrofiltertechnik.de\/de\/produkt\/liqui-moly-marine-multispray\/\" \/>\n<meta property=\"og:site_name\" content=\"MFT Mikrofiltertechnik GmbH\" \/>\n<meta property=\"og:image\" content=\"https:\/\/mikrofiltertechnik.de\/wp-content\/uploads\/2025\/10\/Marine-Multispray.jpg\" \/>\n\t<meta property=\"og:image:width\" content=\"915\" \/>\n\t<meta property=\"og:image:height\" content=\"1920\" \/>\n\t<meta property=\"og:image:type\" content=\"image\/jpeg\" \/>\n<meta name=\"twitter:card\" content=\"summary_large_image\" \/>\n<meta name=\"twitter:label1\" content=\"Gesch\u00e4tzte Lesezeit\" \/>\n\t<meta name=\"twitter:data1\" content=\"1\u00a0Minute\" \/>\n<script type=\"application\/ld+json\" class=\"yoast-schema-graph\">{\"@context\":\"https:\/\/schema.org\",\"@graph\":[{\"@type\":\"WebPage\",\"@id\":\"https:\/\/mikrofiltertechnik.de\/produkt\/liqui-moly-marine-multispray\",\"url\":\"https:\/\/mikrofiltertechnik.de\/produkt\/liqui-moly-marine-multispray\",\"name\":\"Liqui Moly Marine Multispray - MFT Mikrofiltertechnik GmbH\",\"isPartOf\":{\"@id\":\"http:\/\/mikrofiltertechnik.de\/de\/#website\"},\"primaryImageOfPage\":{\"@id\":\"https:\/\/mikrofiltertechnik.de\/produkt\/liqui-moly-marine-multispray#primaryimage\"},\"image\":{\"@id\":\"https:\/\/mikrofiltertechnik.de\/produkt\/liqui-moly-marine-multispray#primaryimage\"},\"thumbnailUrl\":\"https:\/\/mikrofiltertechnik.de\/wp-content\/uploads\/2025\/10\/Marine-Multispray.jpg\",\"datePublished\":\"2025-10-24T06:26:57+00:00\",\"dateModified\":\"2025-10-24T06:26:57+00:00\",\"description\":\"Spezialschutz- und Pflegemittel f\u00fcr den Marinebereich. H\u00e4lt bewegliche Teile dauerhaft leichtg\u00e4ngig, sch\u00fctzt vor Korrosion und Oxidation.\",\"breadcrumb\":{\"@id\":\"https:\/\/mikrofiltertechnik.de\/produkt\/liqui-moly-marine-multispray#breadcrumb\"},\"inLanguage\":\"de\",\"potentialAction\":[{\"@type\":\"ReadAction\",\"target\":[\"https:\/\/mikrofiltertechnik.de\/produkt\/liqui-moly-marine-multispray\"]}]},{\"@type\":\"ImageObject\",\"inLanguage\":\"de\",\"@id\":\"https:\/\/mikrofiltertechnik.de\/produkt\/liqui-moly-marine-multispray#primaryimage\",\"url\":\"https:\/\/mikrofiltertechnik.de\/wp-content\/uploads\/2025\/10\/Marine-Multispray.jpg\",\"contentUrl\":\"https:\/\/mikrofiltertechnik.de\/wp-content\/uploads\/2025\/10\/Marine-Multispray.jpg\",\"width\":915,\"height\":1920,\"caption\":\"Liqui Moly Marine Multispray\"},{\"@type\":\"BreadcrumbList\",\"@id\":\"https:\/\/mikrofiltertechnik.de\/produkt\/liqui-moly-marine-multispray#breadcrumb\",\"itemListElement\":[{\"@type\":\"ListItem\",\"position\":1,\"name\":\"Startseite\",\"item\":\"https:\/\/mikrofiltertechnik.de\/\"},{\"@type\":\"ListItem\",\"position\":2,\"name\":\"Shop\",\"item\":\"https:\/\/mikrofiltertechnik.de\/en\/shop\"},{\"@type\":\"ListItem\",\"position\":3,\"name\":\"Liqui Moly Marine Multispray\"}]},{\"@type\":\"WebSite\",\"@id\":\"http:\/\/mikrofiltertechnik.de\/de\/#website\",\"url\":\"http:\/\/mikrofiltertechnik.de\/de\/\",\"name\":\"MFT Mikrofiltertechnik GmbH\",\"description\":\"Kompetenz in Diesel\",\"publisher\":{\"@id\":\"http:\/\/mikrofiltertechnik.de\/de\/#organization\"},\"potentialAction\":[{\"@type\":\"SearchAction\",\"target\":{\"@type\":\"EntryPoint\",\"urlTemplate\":\"http:\/\/mikrofiltertechnik.de\/de\/?s={search_term_string}\"},\"query-input\":{\"@type\":\"PropertyValueSpecification\",\"valueRequired\":true,\"valueName\":\"search_term_string\"}}],\"inLanguage\":\"de\"},{\"@type\":\"Organization\",\"@id\":\"http:\/\/mikrofiltertechnik.de\/de\/#organization\",\"name\":\"MFT Mikrofiltertechnik GmbH\",\"url\":\"http:\/\/mikrofiltertechnik.de\/de\/\",\"logo\":{\"@type\":\"ImageObject\",\"inLanguage\":\"de\",\"@id\":\"http:\/\/mikrofiltertechnik.de\/de\/#\/schema\/logo\/image\/\",\"url\":\"https:\/\/mikrofiltertechnik.de\/wp-content\/uploads\/2021\/04\/cropped-logo_vaficon.png\",\"contentUrl\":\"https:\/\/mikrofiltertechnik.de\/wp-content\/uploads\/2021\/04\/cropped-logo_vaficon.png\",\"width\":512,\"height\":512,\"caption\":\"MFT Mikrofiltertechnik GmbH\"},\"image\":{\"@id\":\"http:\/\/mikrofiltertechnik.de\/de\/#\/schema\/logo\/image\/\"}}]}<\/script>\n<!-- \/ Yoast SEO plugin. -->","yoast_head_json":{"title":"Liqui Moly Marine Multispray - MFT Mikrofiltertechnik GmbH","description":"Spezialschutz- und Pflegemittel f\u00fcr den Marinebereich. H\u00e4lt bewegliche Teile dauerhaft leichtg\u00e4ngig, sch\u00fctzt vor Korrosion und Oxidation.","robots":{"index":"index","follow":"follow","max-snippet":"max-snippet:-1","max-image-preview":"max-image-preview:large","max-video-preview":"max-video-preview:-1"},"canonical":"https:\/\/mikrofiltertechnik.de\/de\/produkt\/liqui-moly-marine-multispray\/","og_locale":"de_DE","og_type":"article","og_title":"Liqui Moly Marine Multispray - MFT Mikrofiltertechnik GmbH","og_description":"Spezialschutz- und Pflegemittel f\u00fcr den Marinebereich. H\u00e4lt bewegliche Teile dauerhaft leichtg\u00e4ngig, sch\u00fctzt vor Korrosion und Oxidation.","og_url":"https:\/\/mikrofiltertechnik.de\/de\/produkt\/liqui-moly-marine-multispray\/","og_site_name":"MFT Mikrofiltertechnik GmbH","og_image":[{"width":915,"height":1920,"url":"https:\/\/mikrofiltertechnik.de\/wp-content\/uploads\/2025\/10\/Marine-Multispray.jpg","type":"image\/jpeg"}],"twitter_card":"summary_large_image","twitter_misc":{"Gesch\u00e4tzte Lesezeit":"1\u00a0Minute"},"schema":{"@context":"https:\/\/schema.org","@graph":[{"@type":"WebPage","@id":"https:\/\/mikrofiltertechnik.de\/produkt\/liqui-moly-marine-multispray","url":"https:\/\/mikrofiltertechnik.de\/produkt\/liqui-moly-marine-multispray","name":"Liqui Moly Marine Multispray - MFT Mikrofiltertechnik GmbH","isPartOf":{"@id":"http:\/\/mikrofiltertechnik.de\/de\/#website"},"primaryImageOfPage":{"@id":"https:\/\/mikrofiltertechnik.de\/produkt\/liqui-moly-marine-multispray#primaryimage"},"image":{"@id":"https:\/\/mikrofiltertechnik.de\/produkt\/liqui-moly-marine-multispray#primaryimage"},"thumbnailUrl":"https:\/\/mikrofiltertechnik.de\/wp-content\/uploads\/2025\/10\/Marine-Multispray.jpg","datePublished":"2025-10-24T06:26:57+00:00","dateModified":"2025-10-24T06:26:57+00:00","description":"Spezialschutz- und Pflegemittel f\u00fcr den Marinebereich. H\u00e4lt bewegliche Teile dauerhaft leichtg\u00e4ngig, sch\u00fctzt vor Korrosion und Oxidation.","breadcrumb":{"@id":"https:\/\/mikrofiltertechnik.de\/produkt\/liqui-moly-marine-multispray#breadcrumb"},"inLanguage":"de","potentialAction":[{"@type":"ReadAction","target":["https:\/\/mikrofiltertechnik.de\/produkt\/liqui-moly-marine-multispray"]}]},{"@type":"ImageObject","inLanguage":"de","@id":"https:\/\/mikrofiltertechnik.de\/produkt\/liqui-moly-marine-multispray#primaryimage","url":"https:\/\/mikrofiltertechnik.de\/wp-content\/uploads\/2025\/10\/Marine-Multispray.jpg","contentUrl":"https:\/\/mikrofiltertechnik.de\/wp-content\/uploads\/2025\/10\/Marine-Multispray.jpg","width":915,"height":1920,"caption":"Liqui Moly Marine Multispray"},{"@type":"BreadcrumbList","@id":"https:\/\/mikrofiltertechnik.de\/produkt\/liqui-moly-marine-multispray#breadcrumb","itemListElement":[{"@type":"ListItem","position":1,"name":"Startseite","item":"https:\/\/mikrofiltertechnik.de\/"},{"@type":"ListItem","position":2,"name":"Shop","item":"https:\/\/mikrofiltertechnik.de\/en\/shop"},{"@type":"ListItem","position":3,"name":"Liqui Moly Marine Multispray"}]},{"@type":"WebSite","@id":"http:\/\/mikrofiltertechnik.de\/de\/#website","url":"http:\/\/mikrofiltertechnik.de\/de\/","name":"MFT Mikrofiltertechnik GmbH","description":"Kompetenz in Diesel","publisher":{"@id":"http:\/\/mikrofiltertechnik.de\/de\/#organization"},"potentialAction":[{"@type":"SearchAction","target":{"@type":"EntryPoint","urlTemplate":"http:\/\/mikrofiltertechnik.de\/de\/?s={search_term_string}"},"query-input":{"@type":"PropertyValueSpecification","valueRequired":true,"valueName":"search_term_string"}}],"inLanguage":"de"},{"@type":"Organization","@id":"http:\/\/mikrofiltertechnik.de\/de\/#organization","name":"MFT Mikrofiltertechnik GmbH","url":"http:\/\/mikrofiltertechnik.de\/de\/","logo":{"@type":"ImageObject","inLanguage":"de","@id":"http:\/\/mikrofiltertechnik.de\/de\/#\/schema\/logo\/image\/","url":"https:\/\/mikrofiltertechnik.de\/wp-content\/uploads\/2021\/04\/cropped-logo_vaficon.png","contentUrl":"https:\/\/mikrofiltertechnik.de\/wp-content\/uploads\/2021\/04\/cropped-logo_vaficon.png","width":512,"height":512,"caption":"MFT Mikrofiltertechnik GmbH"},"image":{"@id":"http:\/\/mikrofiltertechnik.de\/de\/#\/schema\/logo\/image\/"}}]}},"_links":{"self":[{"href":"https:\/\/mikrofiltertechnik.de\/de\/wp-json\/wp\/v2\/product\/16336","targetHints":{"allow":["GET"]}}],"collection":[{"href":"https:\/\/mikrofiltertechnik.de\/de\/wp-json\/wp\/v2\/product"}],"about":[{"href":"https:\/\/mikrofiltertechnik.de\/de\/wp-json\/wp\/v2\/types\/product"}],"replies":[{"embeddable":true,"href":"https:\/\/mikrofiltertechnik.de\/de\/wp-json\/wp\/v2\/comments?post=16336"}],"wp:featuredmedia":[{"embeddable":true,"href":"https:\/\/mikrofiltertechnik.de\/de\/wp-json\/wp\/v2\/media\/16337"}],"wp:attachment":[{"href":"https:\/\/mikrofiltertechnik.de\/de\/wp-json\/wp\/v2\/media?parent=16336"}],"wp:term":[{"taxonomy":"product_cat","embeddable":true,"href":"https:\/\/mikrofiltertechnik.de\/de\/wp-json\/wp\/v2\/product_cat?post=16336"},{"taxonomy":"product_tag","embeddable":true,"href":"https:\/\/mikrofiltertechnik.de\/de\/wp-json\/wp\/v2\/product_tag?post=16336"}],"curies":[{"name":"wp","href":"https:\/\/api.w.org\/{rel}","templated":true}]}}