{"id":16342,"date":"2025-10-24T08:45:48","date_gmt":"2025-10-24T06:45:48","guid":{"rendered":"https:\/\/mikrofiltertechnik.de\/?post_type=product&#038;p=16342"},"modified":"2025-10-24T08:45:48","modified_gmt":"2025-10-24T06:45:48","slug":"liqui-moly-microfasertuch","status":"publish","type":"product","link":"https:\/\/mikrofiltertechnik.de\/de\/produkt\/liqui-moly-microfasertuch","title":{"rendered":"Liqui Moly Microfasertuch"},"content":{"rendered":"<div class=\"d-inline-block fs-9 product attribute description\"><span class=\"value\"> Universell einsetzbares Microfasertuch zur Reinigung und Pflege nahezu aller Oberfl\u00e4chen. Sorgt f\u00fcr streifenfreie Optik bei glatten Materialien wie Kunststoff, Glas, Edelstahl oder versiegelten Holzfl\u00e4chen. Zur Reinigung bis 95 \u00b0C ohne Weichsp\u00fcler waschbar. <\/span><\/div>\n<p><span class=\"value\">Zur Reinigung und Pflege unterschiedlichster Oberfl\u00e4chen. <\/span><\/p>\n<p><strong>Anwendung<\/strong><\/p>\n<div class=\"d-inline-block fs-9 product attribute application mt-2\"><span class=\"value\"> Je nach Einsatzzweck mit den jeweils empfohlenen Reinigern und Pflegemitteln anwenden. <\/span><\/div>\n<p><strong>Sonstige Infor\u00adma\u00adti\u00adonen<\/strong><\/p>\n<div class=\"d-inline-block fs-9 product attribute application mt-2\"><span class=\"value\"> Zur Reinigung keinen Weichsp\u00fcler verwenden. <\/span><\/div>\n","protected":false},"excerpt":{"rendered":"<p>Universell einsetzbares Microfasertuch zur Reinigung und Pflege nahezu aller Oberfl\u00e4chen. Sorgt f\u00fcr streifenfreie Optik bei glatten Materialien wie Kunststoff, Glas, Edelstahl oder versiegelten Holzfl\u00e4chen. Zur Reinigung bis 95 \u00b0C ohne Weichsp\u00fcler waschbar. Zur Reinigung und Pflege unterschiedlichster Oberfl\u00e4chen. Anwendung Je nach Einsatzzweck mit den jeweils empfohlenen Reinigern und Pflegemitteln anwenden. Sonstige Infor\u00adma\u00adti\u00adonen Zur Reinigung keinen [&hellip;]<\/p>\n","protected":false},"featured_media":16343,"comment_status":"open","ping_status":"closed","template":"","meta":[],"product_cat":[134],"product_tag":[],"class_list":{"0":"post-16342","1":"product","2":"type-product","3":"status-publish","4":"has-post-thumbnail","6":"product_cat-marine-produkte","8":"first","9":"instock","10":"taxable","11":"shipping-taxable","12":"purchasable","13":"product-type-simple"},"yoast_head":"<!-- This site is optimized with the Yoast SEO plugin v23.5 - https:\/\/yoast.com\/wordpress\/plugins\/seo\/ -->\n<title>Liqui Moly Microfasertuch - MFT Mikrofiltertechnik GmbH<\/title>\n<meta name=\"description\" content=\"Universell einsetzbares Microfasertuch zur Reinigung und Pflege nahezu aller Oberfl\u00e4chen. Sorgt f\u00fcr streifenfreie Optik bei glatten Materialien.\" \/>\n<meta name=\"robots\" content=\"index, follow, max-snippet:-1, max-image-preview:large, max-video-preview:-1\" \/>\n<link rel=\"canonical\" href=\"https:\/\/mikrofiltertechnik.de\/de\/produkt\/liqui-moly-microfasertuch\/\" \/>\n<meta property=\"og:locale\" content=\"de_DE\" \/>\n<meta property=\"og:type\" content=\"article\" \/>\n<meta property=\"og:title\" content=\"Liqui Moly Microfasertuch - MFT Mikrofiltertechnik GmbH\" \/>\n<meta property=\"og:description\" content=\"Universell einsetzbares Microfasertuch zur Reinigung und Pflege nahezu aller Oberfl\u00e4chen. Sorgt f\u00fcr streifenfreie Optik bei glatten Materialien.\" \/>\n<meta property=\"og:url\" content=\"https:\/\/mikrofiltertechnik.de\/de\/produkt\/liqui-moly-microfasertuch\/\" \/>\n<meta property=\"og:site_name\" content=\"MFT Mikrofiltertechnik GmbH\" \/>\n<meta property=\"og:image\" content=\"https:\/\/mikrofiltertechnik.de\/wp-content\/uploads\/2025\/10\/Microfasertuch.jpg\" \/>\n\t<meta property=\"og:image:width\" content=\"550\" \/>\n\t<meta property=\"og:image:height\" content=\"550\" \/>\n\t<meta property=\"og:image:type\" content=\"image\/jpeg\" \/>\n<meta name=\"twitter:card\" content=\"summary_large_image\" \/>\n<meta name=\"twitter:label1\" content=\"Gesch\u00e4tzte Lesezeit\" \/>\n\t<meta name=\"twitter:data1\" content=\"1\u00a0Minute\" \/>\n<script type=\"application\/ld+json\" class=\"yoast-schema-graph\">{\"@context\":\"https:\/\/schema.org\",\"@graph\":[{\"@type\":\"WebPage\",\"@id\":\"https:\/\/mikrofiltertechnik.de\/produkt\/liqui-moly-microfasertuch\",\"url\":\"https:\/\/mikrofiltertechnik.de\/produkt\/liqui-moly-microfasertuch\",\"name\":\"Liqui Moly Microfasertuch - MFT Mikrofiltertechnik GmbH\",\"isPartOf\":{\"@id\":\"http:\/\/mikrofiltertechnik.de\/de\/#website\"},\"primaryImageOfPage\":{\"@id\":\"https:\/\/mikrofiltertechnik.de\/produkt\/liqui-moly-microfasertuch#primaryimage\"},\"image\":{\"@id\":\"https:\/\/mikrofiltertechnik.de\/produkt\/liqui-moly-microfasertuch#primaryimage\"},\"thumbnailUrl\":\"https:\/\/mikrofiltertechnik.de\/wp-content\/uploads\/2025\/10\/Microfasertuch.jpg\",\"datePublished\":\"2025-10-24T06:45:48+00:00\",\"dateModified\":\"2025-10-24T06:45:48+00:00\",\"description\":\"Universell einsetzbares Microfasertuch zur Reinigung und Pflege nahezu aller Oberfl\u00e4chen. Sorgt f\u00fcr streifenfreie Optik bei glatten Materialien.\",\"breadcrumb\":{\"@id\":\"https:\/\/mikrofiltertechnik.de\/produkt\/liqui-moly-microfasertuch#breadcrumb\"},\"inLanguage\":\"de\",\"potentialAction\":[{\"@type\":\"ReadAction\",\"target\":[\"https:\/\/mikrofiltertechnik.de\/produkt\/liqui-moly-microfasertuch\"]}]},{\"@type\":\"ImageObject\",\"inLanguage\":\"de\",\"@id\":\"https:\/\/mikrofiltertechnik.de\/produkt\/liqui-moly-microfasertuch#primaryimage\",\"url\":\"https:\/\/mikrofiltertechnik.de\/wp-content\/uploads\/2025\/10\/Microfasertuch.jpg\",\"contentUrl\":\"https:\/\/mikrofiltertechnik.de\/wp-content\/uploads\/2025\/10\/Microfasertuch.jpg\",\"width\":550,\"height\":550,\"caption\":\"Liqui Moly Microfasertuch\"},{\"@type\":\"BreadcrumbList\",\"@id\":\"https:\/\/mikrofiltertechnik.de\/produkt\/liqui-moly-microfasertuch#breadcrumb\",\"itemListElement\":[{\"@type\":\"ListItem\",\"position\":1,\"name\":\"Startseite\",\"item\":\"https:\/\/mikrofiltertechnik.de\/\"},{\"@type\":\"ListItem\",\"position\":2,\"name\":\"Shop\",\"item\":\"https:\/\/mikrofiltertechnik.de\/en\/shop\"},{\"@type\":\"ListItem\",\"position\":3,\"name\":\"Liqui Moly Microfasertuch\"}]},{\"@type\":\"WebSite\",\"@id\":\"http:\/\/mikrofiltertechnik.de\/de\/#website\",\"url\":\"http:\/\/mikrofiltertechnik.de\/de\/\",\"name\":\"MFT Mikrofiltertechnik GmbH\",\"description\":\"Kompetenz in Diesel\",\"publisher\":{\"@id\":\"http:\/\/mikrofiltertechnik.de\/de\/#organization\"},\"potentialAction\":[{\"@type\":\"SearchAction\",\"target\":{\"@type\":\"EntryPoint\",\"urlTemplate\":\"http:\/\/mikrofiltertechnik.de\/de\/?s={search_term_string}\"},\"query-input\":{\"@type\":\"PropertyValueSpecification\",\"valueRequired\":true,\"valueName\":\"search_term_string\"}}],\"inLanguage\":\"de\"},{\"@type\":\"Organization\",\"@id\":\"http:\/\/mikrofiltertechnik.de\/de\/#organization\",\"name\":\"MFT Mikrofiltertechnik GmbH\",\"url\":\"http:\/\/mikrofiltertechnik.de\/de\/\",\"logo\":{\"@type\":\"ImageObject\",\"inLanguage\":\"de\",\"@id\":\"http:\/\/mikrofiltertechnik.de\/de\/#\/schema\/logo\/image\/\",\"url\":\"https:\/\/mikrofiltertechnik.de\/wp-content\/uploads\/2021\/04\/cropped-logo_vaficon.png\",\"contentUrl\":\"https:\/\/mikrofiltertechnik.de\/wp-content\/uploads\/2021\/04\/cropped-logo_vaficon.png\",\"width\":512,\"height\":512,\"caption\":\"MFT Mikrofiltertechnik GmbH\"},\"image\":{\"@id\":\"http:\/\/mikrofiltertechnik.de\/de\/#\/schema\/logo\/image\/\"}}]}<\/script>\n<!-- \/ Yoast SEO plugin. -->","yoast_head_json":{"title":"Liqui Moly Microfasertuch - MFT Mikrofiltertechnik GmbH","description":"Universell einsetzbares Microfasertuch zur Reinigung und Pflege nahezu aller Oberfl\u00e4chen. Sorgt f\u00fcr streifenfreie Optik bei glatten Materialien.","robots":{"index":"index","follow":"follow","max-snippet":"max-snippet:-1","max-image-preview":"max-image-preview:large","max-video-preview":"max-video-preview:-1"},"canonical":"https:\/\/mikrofiltertechnik.de\/de\/produkt\/liqui-moly-microfasertuch\/","og_locale":"de_DE","og_type":"article","og_title":"Liqui Moly Microfasertuch - MFT Mikrofiltertechnik GmbH","og_description":"Universell einsetzbares Microfasertuch zur Reinigung und Pflege nahezu aller Oberfl\u00e4chen. Sorgt f\u00fcr streifenfreie Optik bei glatten Materialien.","og_url":"https:\/\/mikrofiltertechnik.de\/de\/produkt\/liqui-moly-microfasertuch\/","og_site_name":"MFT Mikrofiltertechnik GmbH","og_image":[{"width":550,"height":550,"url":"https:\/\/mikrofiltertechnik.de\/wp-content\/uploads\/2025\/10\/Microfasertuch.jpg","type":"image\/jpeg"}],"twitter_card":"summary_large_image","twitter_misc":{"Gesch\u00e4tzte Lesezeit":"1\u00a0Minute"},"schema":{"@context":"https:\/\/schema.org","@graph":[{"@type":"WebPage","@id":"https:\/\/mikrofiltertechnik.de\/produkt\/liqui-moly-microfasertuch","url":"https:\/\/mikrofiltertechnik.de\/produkt\/liqui-moly-microfasertuch","name":"Liqui Moly Microfasertuch - MFT Mikrofiltertechnik GmbH","isPartOf":{"@id":"http:\/\/mikrofiltertechnik.de\/de\/#website"},"primaryImageOfPage":{"@id":"https:\/\/mikrofiltertechnik.de\/produkt\/liqui-moly-microfasertuch#primaryimage"},"image":{"@id":"https:\/\/mikrofiltertechnik.de\/produkt\/liqui-moly-microfasertuch#primaryimage"},"thumbnailUrl":"https:\/\/mikrofiltertechnik.de\/wp-content\/uploads\/2025\/10\/Microfasertuch.jpg","datePublished":"2025-10-24T06:45:48+00:00","dateModified":"2025-10-24T06:45:48+00:00","description":"Universell einsetzbares Microfasertuch zur Reinigung und Pflege nahezu aller Oberfl\u00e4chen. Sorgt f\u00fcr streifenfreie Optik bei glatten Materialien.","breadcrumb":{"@id":"https:\/\/mikrofiltertechnik.de\/produkt\/liqui-moly-microfasertuch#breadcrumb"},"inLanguage":"de","potentialAction":[{"@type":"ReadAction","target":["https:\/\/mikrofiltertechnik.de\/produkt\/liqui-moly-microfasertuch"]}]},{"@type":"ImageObject","inLanguage":"de","@id":"https:\/\/mikrofiltertechnik.de\/produkt\/liqui-moly-microfasertuch#primaryimage","url":"https:\/\/mikrofiltertechnik.de\/wp-content\/uploads\/2025\/10\/Microfasertuch.jpg","contentUrl":"https:\/\/mikrofiltertechnik.de\/wp-content\/uploads\/2025\/10\/Microfasertuch.jpg","width":550,"height":550,"caption":"Liqui Moly Microfasertuch"},{"@type":"BreadcrumbList","@id":"https:\/\/mikrofiltertechnik.de\/produkt\/liqui-moly-microfasertuch#breadcrumb","itemListElement":[{"@type":"ListItem","position":1,"name":"Startseite","item":"https:\/\/mikrofiltertechnik.de\/"},{"@type":"ListItem","position":2,"name":"Shop","item":"https:\/\/mikrofiltertechnik.de\/en\/shop"},{"@type":"ListItem","position":3,"name":"Liqui Moly Microfasertuch"}]},{"@type":"WebSite","@id":"http:\/\/mikrofiltertechnik.de\/de\/#website","url":"http:\/\/mikrofiltertechnik.de\/de\/","name":"MFT Mikrofiltertechnik GmbH","description":"Kompetenz in Diesel","publisher":{"@id":"http:\/\/mikrofiltertechnik.de\/de\/#organization"},"potentialAction":[{"@type":"SearchAction","target":{"@type":"EntryPoint","urlTemplate":"http:\/\/mikrofiltertechnik.de\/de\/?s={search_term_string}"},"query-input":{"@type":"PropertyValueSpecification","valueRequired":true,"valueName":"search_term_string"}}],"inLanguage":"de"},{"@type":"Organization","@id":"http:\/\/mikrofiltertechnik.de\/de\/#organization","name":"MFT Mikrofiltertechnik GmbH","url":"http:\/\/mikrofiltertechnik.de\/de\/","logo":{"@type":"ImageObject","inLanguage":"de","@id":"http:\/\/mikrofiltertechnik.de\/de\/#\/schema\/logo\/image\/","url":"https:\/\/mikrofiltertechnik.de\/wp-content\/uploads\/2021\/04\/cropped-logo_vaficon.png","contentUrl":"https:\/\/mikrofiltertechnik.de\/wp-content\/uploads\/2021\/04\/cropped-logo_vaficon.png","width":512,"height":512,"caption":"MFT Mikrofiltertechnik GmbH"},"image":{"@id":"http:\/\/mikrofiltertechnik.de\/de\/#\/schema\/logo\/image\/"}}]}},"_links":{"self":[{"href":"https:\/\/mikrofiltertechnik.de\/de\/wp-json\/wp\/v2\/product\/16342","targetHints":{"allow":["GET"]}}],"collection":[{"href":"https:\/\/mikrofiltertechnik.de\/de\/wp-json\/wp\/v2\/product"}],"about":[{"href":"https:\/\/mikrofiltertechnik.de\/de\/wp-json\/wp\/v2\/types\/product"}],"replies":[{"embeddable":true,"href":"https:\/\/mikrofiltertechnik.de\/de\/wp-json\/wp\/v2\/comments?post=16342"}],"wp:featuredmedia":[{"embeddable":true,"href":"https:\/\/mikrofiltertechnik.de\/de\/wp-json\/wp\/v2\/media\/16343"}],"wp:attachment":[{"href":"https:\/\/mikrofiltertechnik.de\/de\/wp-json\/wp\/v2\/media?parent=16342"}],"wp:term":[{"taxonomy":"product_cat","embeddable":true,"href":"https:\/\/mikrofiltertechnik.de\/de\/wp-json\/wp\/v2\/product_cat?post=16342"},{"taxonomy":"product_tag","embeddable":true,"href":"https:\/\/mikrofiltertechnik.de\/de\/wp-json\/wp\/v2\/product_tag?post=16342"}],"curies":[{"name":"wp","href":"https:\/\/api.w.org\/{rel}","templated":true}]}}