{"id":14290,"date":"2021-04-27T17:18:14","date_gmt":"2021-04-27T17:18:14","guid":{"rendered":"http:\/\/mikrofiltertechnik.de\/?page_id=14290"},"modified":"2021-10-14T22:43:21","modified_gmt":"2021-10-14T20:43:21","slug":"deutz-insypro","status":"publish","type":"page","link":"https:\/\/mikrofiltertechnik.de\/en\/produkte\/kraftstoffe\/deutz-insypro","title":{"rendered":"Deutz-Insypro"},"content":{"rendered":"<section class=\"vc_section\"><div class=\"vc_row wpb_row vc_row-fluid vc_column-gap-24 vc-container\"><div data-animation-delay=\"0\" data-parallax-speed=\"1.5\" class=\"wpb_column vc_column_container vc_col-sm-6\"><div class=\"vc_column-inner\" ><div class=\"wpb_wrapper\"><h1 id=\"et-animated-title-1\" class=\"et-animated-title et-clearfix  words-direct\" data-mobile-font=\"24px\" data-tablet-font=\"32px\" data-delay=\"0\" style=\"font-size:48px;font-weight:700;color:#212121;\"><span class=\"text-wrapper\"><span class=\"text\">Diesel Additiv Clean-Diesel InSyPro\u00ae<\/span><\/span><\/h1><div class=\"gap et-clearfix\" style=\"height:2px\"><\/div><h2 class=\"et-highlight-title\" style=\"font-size:18px;font-weight:700;color:#c73737;\" data-mobile-font=\"inherit\" data-tablet-font=\"inherit\"><span class=\"title-inner\">Mikrofiltertechnik GmbH aus Geesthacht<span class=\"highlight-line\" style=\"background-color:#c73737;\"><\/span><\/span><\/h2><div class=\"gap et-clearfix\" style=\"height:32px\"><\/div><div class=\"et-simple-braket-block-wrapper\"><style>#et-simple-braket-block-1 .braket-text {font-size:18px;font-weight:400;}#et-simple-braket-block-1 .braket > div  {background-color:#c73737;}<\/style><div id=\"et-simple-braket-block-1\" class=\"et-simple-braket-block\"><div class=\"braket\"><div><\/div><div><\/div><div><\/div><\/div><div class=\"braket-text\" data-mobile-font=\"inherit\" data-tablet-font=\"inherit\">MFT Mikrofiltertechnik GmbH from Geesthacht near Hamburg offers the 2-in-1 diesel additive Clean-Diesel InSyPro\u00ae especially for diesel engines and the DCR\u00ae common rail system from Deutz. Stricter exhaust gas laws as well as regulations on the admixture of bio-diesel place special demands on diesel engines of all types. Depending on the level and type of bio-diesel content, such as rapeseed oil or palm oil, as well as on temperature and oxygen content, the additives degrade, oxidize and form deposits. In many injection systems, this can cause injectors and filters to clog.<\/div><\/div><\/div><\/div><\/div><\/div><div data-animation-delay=\"0\" data-parallax-speed=\"1.5\" class=\"wpb_column vc_column_container vc_col-sm-6\"><div class=\"vc_column-inner\" ><div class=\"wpb_wrapper\"><div class=\"gap et-clearfix\" style=\"height:140px\"><\/div><div class=\"wpb_gallery wpb_content_element vc_clearfix\" ><div class=\"wpb_wrapper\"><div class=\"wpb_gallery_slides wpb_flexslider flexslider_fade flexslider\" data-interval=\"3\" data-flex_fx=\"fade\"><ul class=\"slides\"><li><a class=\"prettyphoto\" href=\"https:\/\/mikrofiltertechnik.de\/wp-content\/uploads\/2021\/04\/insypro.jpg\" data-rel=\"prettyPhoto[rel-14290-1334467656]\"><img loading=\"lazy\" decoding=\"async\" width=\"720\" height=\"480\" src=\"https:\/\/mikrofiltertechnik.de\/wp-content\/uploads\/2021\/04\/insypro.jpg\" class=\"attachment-full\" alt=\"\" data-responsive-images=\"false\" \/><\/a><\/li><li><a class=\"prettyphoto\" href=\"https:\/\/mikrofiltertechnik.de\/wp-content\/uploads\/2021\/04\/insypro-zwei.jpg\" data-rel=\"prettyPhoto[rel-14290-1334467656]\"><img loading=\"lazy\" decoding=\"async\" width=\"720\" height=\"480\" src=\"https:\/\/mikrofiltertechnik.de\/wp-content\/uploads\/2021\/04\/insypro-zwei.jpg\" class=\"attachment-full\" alt=\"\" data-responsive-images=\"false\" \/><\/a><\/li><li><a class=\"prettyphoto\" href=\"https:\/\/mikrofiltertechnik.de\/wp-content\/uploads\/2021\/04\/insypro-drei.jpg\" data-rel=\"prettyPhoto[rel-14290-1334467656]\"><img loading=\"lazy\" decoding=\"async\" width=\"720\" height=\"480\" src=\"https:\/\/mikrofiltertechnik.de\/wp-content\/uploads\/2021\/04\/insypro-drei.jpg\" class=\"attachment-full\" alt=\"\" data-responsive-images=\"false\" \/><\/a><\/li><\/ul><\/div><\/div><\/div><\/div><\/div><\/div><\/div><div class=\"vc_row wpb_row vc_row-fluid vc_column-gap-24 vc-container\"><div data-animation-delay=\"0\" data-parallax-speed=\"1.5\" class=\"wpb_column vc_column_container vc_col-sm-12\"><div class=\"vc_column-inner\" ><div class=\"wpb_wrapper\">\n\t<div class=\"wpb_text_column wpb_content_element\" >\n\t\t<div class=\"wpb_wrapper\">\n\t\t\t<p>Engine failure, costly downtimes and expensive maintenance are the result. The diesel additive Clean-Diesel InSyPro\u00ae from Deutz has proven itself as a solution to this problem. High-quality ingredients and uncomplicated application are among the features of this additive for diesel fuels, in addition to its low environmental impact.<\/p>\n\n\t\t<\/div>\n\t<\/div>\n<\/div><\/div><\/div><\/div><div class=\"vc_row wpb_row vc_row-fluid vc_column-gap-24 vc-container\"><div data-animation-delay=\"0\" data-parallax-speed=\"1.5\" class=\"wpb_column vc_column_container vc_col-sm-12\"><div class=\"vc_column-inner\" ><div class=\"wpb_wrapper\"><div class=\"sep-wrap left   et-clearfix\" data-delay=\"0\"><div class=\"et-separator solid\" style=\"margin-top:10px;margin-bottom:10px;height:1px;width:100%;border-bottom-width:1px;border-bottom-style:solid;border-bottom-color:#e0e0e0;\"><\/div><\/div><\/div><\/div><\/div><\/div><div class=\"vc_row wpb_row vc_row-fluid vc_column-gap-24 vc-container\"><div data-animation-delay=\"0\" data-parallax-speed=\"1.5\" class=\"wpb_column vc_column_container vc_col-sm-6\"><div class=\"vc_column-inner\" ><div class=\"wpb_wrapper\"><h4 id=\"et-animated-title-2\" class=\"et-animated-title et-clearfix  letter-direct\" data-mobile-font=\"inherit\" data-tablet-font=\"inherit\" data-delay=\"200\" style=\"font-size:24px;font-weight:700;line-height:32px;color:#c73737;\"><span class=\"text-wrapper\"><span class=\"text\">The diesel additive Clean-Diesel InSyPro\u00ae is approved for:<\/span><\/span><\/h4><div class=\"gap et-clearfix\" style=\"height:40px\"><\/div><div class=\"vc_row wpb_row vc_inner vc_row-fluid vc_column-gap-0\"><div class=\"wpb_column vc_column_container vc_col-sm-12\"><div class=\"vc_column-inner\"><div class=\"wpb_wrapper\">\n\t<div class=\"wpb_text_column wpb_content_element\" >\n\t\t<div class=\"wpb_wrapper\">\n\t\t\t<div class=\"et-el-icon small\" style=\"color:#C73737;\"><span class=\"el-icon fa fa-arrow-circle-right animate-false\"><\/span><\/div> DEUTZ engines<\/p>\n\n\t\t<\/div>\n\t<\/div>\n\n\t<div class=\"wpb_text_column wpb_content_element\" >\n\t\t<div class=\"wpb_wrapper\">\n\t\t\t<div class=\"et-el-icon small\" style=\"color:#C73737;\"><span class=\"el-icon fa fa-arrow-circle-right animate-false\"><\/span><\/div>all diesel and biodiesel fuels approved by DEUTZ<\/p>\n\n\t\t<\/div>\n\t<\/div>\n\n\t<div class=\"wpb_text_column wpb_content_element\" >\n\t\t<div class=\"wpb_wrapper\">\n\t\t\t<div class=\"et-el-icon small\" style=\"color:#C73737;\"><span class=\"el-icon fa fa-arrow-circle-right animate-false\"><\/span><\/div>Blends<\/p>\n\n\t\t<\/div>\n\t<\/div>\n\n\t<div class=\"wpb_text_column wpb_content_element\" >\n\t\t<div class=\"wpb_wrapper\">\n\t\t\t<p>In addition to effective cleaning, the original DEUTZ Clean-Diesel InSyPro\u00ae also promises a long-term effect. The original engine performance can be stabilized and future contamination prevented.<\/p>\n\n\t\t<\/div>\n\t<\/div>\n<\/div><\/div><\/div><\/div><\/div><\/div><\/div><div data-animation-delay=\"0\" data-parallax-speed=\"1.5\" class=\"wpb_column vc_column_container vc_col-sm-6\"><div class=\"vc_column-inner\" ><div class=\"wpb_wrapper\"><h4 id=\"et-animated-title-3\" class=\"et-animated-title et-clearfix  letter-direct\" data-mobile-font=\"inherit\" data-tablet-font=\"inherit\" data-delay=\"200\" style=\"font-size:24px;font-weight:700;line-height:32px;color:#c73737;\"><span class=\"text-wrapper\"><span class=\"text\">Effect of the diesel additive Clean-Diesel InSyPro\u00ae:<\/span><\/span><\/h4><div class=\"gap et-clearfix\" style=\"height:45px\"><\/div>\n\t<div class=\"wpb_text_column wpb_content_element\" >\n\t\t<div class=\"wpb_wrapper\">\n\t\t\t<div class=\"et-el-icon small\" style=\"color:#C73737;\"><span class=\"el-icon fa fa-arrow-circle-right animate-false\"><\/span><\/div>Deposits in the injection system are dissolved<\/p>\n\n\t\t<\/div>\n\t<\/div>\n\n\t<div class=\"wpb_text_column wpb_content_element\" >\n\t\t<div class=\"wpb_wrapper\">\n\t\t\t<div class=\"et-el-icon small\" style=\"color:#C73737;\"><span class=\"el-icon fa fa-arrow-circle-right animate-false\"><\/span><\/div>Smoke levels can be normalized<\/p>\n\n\t\t<\/div>\n\t<\/div>\n\n\t<div class=\"wpb_text_column wpb_content_element\" >\n\t\t<div class=\"wpb_wrapper\">\n\t\t\t<div class=\"et-el-icon small\" style=\"color:#C73737;\"><span class=\"el-icon fa fa-arrow-circle-right animate-false\"><\/span><\/div>Protection against corrosion and optimized lubrication<\/p>\n\n\t\t<\/div>\n\t<\/div>\n\n\t<div class=\"wpb_text_column wpb_content_element\" >\n\t\t<div class=\"wpb_wrapper\">\n\t\t\t<div class=\"et-el-icon small\" style=\"color:#C73737;\"><span class=\"el-icon fa fa-arrow-circle-right animate-false\"><\/span><\/div>Reduction of fuel consumption<\/p>\n\n\t\t<\/div>\n\t<\/div>\n\n\t<div class=\"wpb_text_column wpb_content_element\" >\n\t\t<div class=\"wpb_wrapper\">\n\t\t\t<div class=\"et-el-icon small\" style=\"color:#C73737;\"><span class=\"el-icon fa fa-arrow-circle-right animate-false\"><\/span><\/div>Oxidation stability is promoted<\/p>\n\n\t\t<\/div>\n\t<\/div>\n\n\t<div class=\"wpb_text_column wpb_content_element\" >\n\t\t<div class=\"wpb_wrapper\">\n\t\t\t<div class=\"et-el-icon small\" style=\"color:#C73737;\"><span class=\"el-icon fa fa-arrow-circle-right animate-false\"><\/span><\/div>Filter fouling can be reduced<\/p>\n\n\t\t<\/div>\n\t<\/div>\n\n\t<div class=\"wpb_text_column wpb_content_element\" >\n\t\t<div class=\"wpb_wrapper\">\n\t\t\t<div class=\"et-el-icon small\" style=\"color:#C73737;\"><span class=\"el-icon fa fa-arrow-circle-right animate-false\"><\/span><\/div>Storage time for fuels is extended<\/p>\n\n\t\t<\/div>\n\t<\/div>\n\n\t<div class=\"wpb_text_column wpb_content_element\" >\n\t\t<div class=\"wpb_wrapper\">\n\t\t\t<div class=\"et-el-icon small\" style=\"color:#C73737;\"><span class=\"el-icon fa fa-arrow-circle-right animate-false\"><\/span><\/div>Safe start of the engine after pause in operation<\/p>\n\n\t\t<\/div>\n\t<\/div>\n<\/div><\/div><\/div><\/div><div class=\"vc_row wpb_row vc_row-fluid vc_column-gap-24 vc-container\"><div data-animation-delay=\"0\" data-parallax-speed=\"1.5\" class=\"wpb_column vc_column_container vc_col-sm-12\"><div class=\"vc_column-inner\" ><div class=\"wpb_wrapper\"><div class=\"sep-wrap left   et-clearfix\" data-delay=\"0\"><div class=\"et-separator solid\" style=\"margin-top:24px;margin-bottom:10px;height:1px;width:100%;border-bottom-width:1px;border-bottom-style:solid;border-bottom-color:#e0e0e0;\"><\/div><\/div><\/div><\/div><\/div><\/div><div class=\"vc_row wpb_row vc_row-fluid vc_column-gap-24 vc-container\"><div data-animation-delay=\"0\" data-parallax-speed=\"1.5\" class=\"wpb_column vc_column_container vc_col-sm-12\"><div class=\"vc_column-inner\" ><div class=\"wpb_wrapper\"><h4 class=\"et-highlight-title\" style=\"font-size:24px;font-weight:700;line-height:32px;color:#c73737;\" data-mobile-font=\"inherit\" data-tablet-font=\"inherit\"><span class=\"title-inner\">For new equipment as well as for equipment in operation, the use of Diesel Additive is worthwhile for the following applications:<span class=\"highlight-line\" style=\"\"><\/span><\/span><\/h4><div class=\"gap et-clearfix\" style=\"height:20px\"><\/div><\/div><\/div><\/div><\/div><div class=\"vc_row wpb_row vc_row-fluid vc_column-gap-24 vc-container\"><div data-animation-delay=\"0\" data-parallax-speed=\"1.5\" class=\"wpb_column vc_column_container vc_col-sm-6\"><div class=\"vc_column-inner\" ><div class=\"wpb_wrapper\">\n\t<div class=\"wpb_text_column wpb_content_element\" >\n\t\t<div class=\"wpb_wrapper\">\n\t\t\t<div class=\"et-el-icon small\" style=\"color:#C73737;\"><span class=\"el-icon fa fa-arrow-circle-right animate-false\"><\/span><\/div>Launch problems and increased smoke levels<\/p>\n\n\t\t<\/div>\n\t<\/div>\n\n\t<div class=\"wpb_text_column wpb_content_element\" >\n\t\t<div class=\"wpb_wrapper\">\n\t\t\t<div class=\"et-el-icon small\" style=\"color:#C73737;\"><span class=\"el-icon fa fa-arrow-circle-right animate-false\"><\/span><\/div>High device utilization<\/p>\n\n\t\t<\/div>\n\t<\/div>\n\n\t<div class=\"wpb_text_column wpb_content_element\" >\n\t\t<div class=\"wpb_wrapper\">\n\t\t\t<div class=\"et-el-icon small\" style=\"color:#C73737;\"><span class=\"el-icon fa fa-arrow-circle-right animate-false\"><\/span><\/div>Inferior fuel qualities<\/p>\n\n\t\t<\/div>\n\t<\/div>\n\n\t<div class=\"wpb_text_column wpb_content_element\" >\n\t\t<div class=\"wpb_wrapper\">\n\t\t\t<div class=\"et-el-icon small\" style=\"color:#C73737;\"><span class=\"el-icon fa fa-arrow-circle-right animate-false\"><\/span><\/div>Engine preservation<\/p>\n\n\t\t<\/div>\n\t<\/div>\n\n\t<div class=\"wpb_text_column wpb_content_element\" >\n\t\t<div class=\"wpb_wrapper\">\n\t\t\t<div class=\"et-el-icon small\" style=\"color:#C73737;\"><span class=\"el-icon fa fa-arrow-circle-right animate-false\"><\/span><\/div>Stand-by mode<\/p>\n\n\t\t<\/div>\n\t<\/div>\n\n\t<div class=\"wpb_text_column wpb_content_element\" >\n\t\t<div class=\"wpb_wrapper\">\n\t\t\t<div class=\"et-el-icon small\" style=\"color:#C73737;\"><span class=\"el-icon fa fa-arrow-circle-right animate-false\"><\/span><\/div>Operation with biodiesel and fuels with biodiesel content<\/p>\n\n\t\t<\/div>\n\t<\/div>\n<\/div><\/div><\/div><div data-animation-delay=\"0\" data-parallax-speed=\"1.5\" class=\"wpb_column vc_column_container vc_col-sm-6\"><div class=\"vc_column-inner\" ><div class=\"wpb_wrapper\">\n\t<div class=\"wpb_text_column wpb_content_element\" >\n\t\t<div class=\"wpb_wrapper\">\n\t\t\t<p>Repeated application of the diesel additive is possible not only in the case of existing anomalies, but also as a preventive measure. In addition to cleaning with Clean-Diesel InSyPro\u00ae , lubricating oil replacement also provides additional safety.<\/p>\n<p>MFT Mikrofiltertechnik GmbH from Geesthacht near Hamburg has provided further information and advice on the application of the diesel additive in the <a title=\"Downloads\" href=\"http:\/\/mikrofiltertechnik.de\/download\" target=\"_self\" rel=\"noopener\">Download section<\/a> compiled. If you have any questions, please do not hesitate to contact our team by phone or <a title=\"to the contact form\" href=\"http:\/\/mikrofiltertechnik.de\/kontakt\" target=\"_self\" rel=\"noopener\">by e-mail<\/a> available.<\/p>\n<p>Visit our <a href=\"http:\/\/mikrofiltertechnik.de\/produkte\/kraftstoffe\/deutz-insypro\" target=\"_blank\" rel=\"noopener\">online-store<\/a> and select the diesel additive Clean-Diesel InSyPro\u00ae in the version of your choice.<\/p>\n\n\t\t<\/div>\n\t<\/div>\n<\/div><\/div><\/div><\/div><\/section><div id=\"background-position-75\" class=\"vc_row wpb_row vc_row-fluid vc_custom_1619096112336 vc_row-has-fill\"><div class=\"vc-container et-clearfix\"><div data-animation-delay=\"0\" data-parallax-speed=\"1.5\" class=\"wpb_column vc_column_container vc_col-sm-12\"><div class=\"vc_column-inner\" ><div class=\"wpb_wrapper\"><div class=\"gap et-clearfix hide767\" style=\"height:104px\"><\/div><div class=\"gap et-clearfix hide768\" style=\"height:24px\"><\/div><div class=\"et-ghost-title-wrapper\"><style>#et-ghost-title-1 {min-height:256px;padding-top:128px;}#et-ghost-title-1 .ghost-title {font-size:256px;line-height:256px;font-weight:700;color:rgba(0,0,0,0.1);left:-4px;}<\/style><div id=\"et-ghost-title-1\" class=\"et-ghost-title et-clearfix\" data-mobile-font=\"96px\" data-tablet-font=\"inherit\"><div class=\"ghost-title\">Shop<\/div><div class=\"ghost-content et-clearfix\"><h3 style=\"font-size: 70px;color: #ffffff;line-height: 70px;text-align: left\" class=\"vc_custom_heading\"  data-mobile-font=\"32px\" data-tablet-font=\"inherit\" >High quality fuel additives, engine oils, filter technology &amp; much more.<\/h3><a target=\"_self\" href=\"#link\" id=\"et-inline-button-1\" style=\"color:#ffffff;\" class=\"et-inline-button inline-button-font-size has-icon  icon-position-right modal-false false\" data-color=\"#ffffff\" data-colorhover=\"#212121\"><span class=\"text\">Go to our online store<span class=\"text-hover\" style=\"background:#212121;\"><\/span><\/span><span class=\"icon fa fa-angle-right\"><\/span><\/a><span class=\"et-gap-inline et-clearfix hide767\" style=\"width:40px\"><\/span><div class=\"gap et-clearfix hide768\" style=\"height:8px\"><\/div><\/div><\/div><\/div><div class=\"gap et-clearfix hide768\" style=\"height:48px\"><\/div><div class=\"gap et-clearfix hide767\" style=\"height:150px\"><\/div><\/div><\/div><\/div><\/div><\/div>","protected":false},"excerpt":{"rendered":"<p>Leverage agile frameworks to provide a robust synopsis for high level overviews. Iterative approaches to corporate strategy foster collaborative thinking to further the overall value proposition. Organically grow the holistic world view of disruptive innovation via workplace diversity and empowerment.<\/p>","protected":false},"author":1,"featured_media":0,"parent":14376,"menu_order":0,"comment_status":"closed","ping_status":"closed","template":"page-vc.php","meta":{"footnotes":""},"class_list":["post-14290","page","type-page","status-publish","hentry"],"yoast_head":"<!-- This site is optimized with the Yoast SEO plugin v23.5 - https:\/\/yoast.com\/wordpress\/plugins\/seo\/ -->\n<title>Deutz InSyPro gegen Dieselalterung - MFT Mikrofiltertechnik GmbH<\/title>\n<meta name=\"description\" content=\"Das Diesel Additiv Clean-Diesel InSyPro von Deutz wirkt gegen Dieselalterung und verl\u00e4ngert die Lagerf\u00e4higkeit. Die Mikrofiltertechnik GmbH aus Geesthacht ber\u00e4t Sie gerne.\" \/>\n<meta name=\"robots\" content=\"index, follow, max-snippet:-1, max-image-preview:large, max-video-preview:-1\" \/>\n<link rel=\"canonical\" href=\"https:\/\/mikrofiltertechnik.de\/en\/produkte\/kraftstoffe\/deutz-insypro\/\" \/>\n<meta property=\"og:locale\" content=\"en_GB\" \/>\n<meta property=\"og:type\" content=\"article\" \/>\n<meta property=\"og:title\" content=\"Deutz InSyPro gegen Dieselalterung - MFT Mikrofiltertechnik GmbH\" \/>\n<meta property=\"og:description\" content=\"Das Diesel Additiv Clean-Diesel InSyPro von Deutz wirkt gegen Dieselalterung und verl\u00e4ngert die Lagerf\u00e4higkeit. Die Mikrofiltertechnik GmbH aus Geesthacht ber\u00e4t Sie gerne.\" \/>\n<meta property=\"og:url\" content=\"https:\/\/mikrofiltertechnik.de\/en\/produkte\/kraftstoffe\/deutz-insypro\/\" \/>\n<meta property=\"og:site_name\" content=\"MFT Mikrofiltertechnik GmbH\" \/>\n<meta property=\"article:modified_time\" content=\"2021-10-14T20:43:21+00:00\" \/>\n<meta property=\"og:image\" content=\"https:\/\/mikrofiltertechnik.de\/wp-content\/uploads\/2021\/04\/cropped-logo_vaficon.png\" \/>\n\t<meta property=\"og:image:width\" content=\"512\" \/>\n\t<meta property=\"og:image:height\" content=\"512\" \/>\n\t<meta property=\"og:image:type\" content=\"image\/png\" \/>\n<meta name=\"twitter:card\" content=\"summary_large_image\" \/>\n<meta name=\"twitter:label1\" content=\"Estimated reading time\" \/>\n\t<meta name=\"twitter:data1\" content=\"6 minutes\" \/>\n<script type=\"application\/ld+json\" class=\"yoast-schema-graph\">{\"@context\":\"https:\/\/schema.org\",\"@graph\":[{\"@type\":\"WebPage\",\"@id\":\"https:\/\/mikrofiltertechnik.de\/de\/produkte\/kraftstoffe\/deutz-insypro\",\"url\":\"https:\/\/mikrofiltertechnik.de\/de\/produkte\/kraftstoffe\/deutz-insypro\",\"name\":\"Deutz InSyPro gegen Dieselalterung - MFT Mikrofiltertechnik GmbH\",\"isPartOf\":{\"@id\":\"http:\/\/mikrofiltertechnik.de\/de\/#website\"},\"datePublished\":\"2021-04-27T17:18:14+00:00\",\"dateModified\":\"2021-10-14T20:43:21+00:00\",\"description\":\"Das Diesel Additiv Clean-Diesel InSyPro von Deutz wirkt gegen Dieselalterung und verl\u00e4ngert die Lagerf\u00e4higkeit. Die Mikrofiltertechnik GmbH aus Geesthacht ber\u00e4t Sie gerne.\",\"breadcrumb\":{\"@id\":\"https:\/\/mikrofiltertechnik.de\/de\/produkte\/kraftstoffe\/deutz-insypro#breadcrumb\"},\"inLanguage\":\"en-GB\",\"potentialAction\":[{\"@type\":\"ReadAction\",\"target\":[\"https:\/\/mikrofiltertechnik.de\/de\/produkte\/kraftstoffe\/deutz-insypro\"]}]},{\"@type\":\"BreadcrumbList\",\"@id\":\"https:\/\/mikrofiltertechnik.de\/de\/produkte\/kraftstoffe\/deutz-insypro#breadcrumb\",\"itemListElement\":[{\"@type\":\"ListItem\",\"position\":1,\"name\":\"Startseite\",\"item\":\"https:\/\/mikrofiltertechnik.de\/\"},{\"@type\":\"ListItem\",\"position\":2,\"name\":\"Produkte\",\"item\":\"http:\/\/mikrofiltertechnik.de\/de\/produkte\"},{\"@type\":\"ListItem\",\"position\":3,\"name\":\"Kraftstoffe\",\"item\":\"https:\/\/mikrofiltertechnik.de\/de\/produkte\/kraftstoffe\"},{\"@type\":\"ListItem\",\"position\":4,\"name\":\"Deutz-Insypro\"}]},{\"@type\":\"WebSite\",\"@id\":\"http:\/\/mikrofiltertechnik.de\/de\/#website\",\"url\":\"http:\/\/mikrofiltertechnik.de\/de\/\",\"name\":\"MFT Mikrofiltertechnik GmbH\",\"description\":\"Kompetenz in Diesel\",\"publisher\":{\"@id\":\"http:\/\/mikrofiltertechnik.de\/de\/#organization\"},\"potentialAction\":[{\"@type\":\"SearchAction\",\"target\":{\"@type\":\"EntryPoint\",\"urlTemplate\":\"http:\/\/mikrofiltertechnik.de\/de\/?s={search_term_string}\"},\"query-input\":{\"@type\":\"PropertyValueSpecification\",\"valueRequired\":true,\"valueName\":\"search_term_string\"}}],\"inLanguage\":\"en-GB\"},{\"@type\":\"Organization\",\"@id\":\"http:\/\/mikrofiltertechnik.de\/de\/#organization\",\"name\":\"MFT Mikrofiltertechnik GmbH\",\"url\":\"http:\/\/mikrofiltertechnik.de\/de\/\",\"logo\":{\"@type\":\"ImageObject\",\"inLanguage\":\"en-GB\",\"@id\":\"http:\/\/mikrofiltertechnik.de\/de\/#\/schema\/logo\/image\/\",\"url\":\"https:\/\/mikrofiltertechnik.de\/wp-content\/uploads\/2021\/04\/cropped-logo_vaficon.png\",\"contentUrl\":\"https:\/\/mikrofiltertechnik.de\/wp-content\/uploads\/2021\/04\/cropped-logo_vaficon.png\",\"width\":512,\"height\":512,\"caption\":\"MFT Mikrofiltertechnik GmbH\"},\"image\":{\"@id\":\"http:\/\/mikrofiltertechnik.de\/de\/#\/schema\/logo\/image\/\"}}]}<\/script>\n<!-- \/ Yoast SEO plugin. -->","yoast_head_json":{"title":"Deutz InSyPro gegen Dieselalterung - MFT Mikrofiltertechnik GmbH","description":"Das Diesel Additiv Clean-Diesel InSyPro von Deutz wirkt gegen Dieselalterung und verl\u00e4ngert die Lagerf\u00e4higkeit. Die Mikrofiltertechnik GmbH aus Geesthacht ber\u00e4t Sie gerne.","robots":{"index":"index","follow":"follow","max-snippet":"max-snippet:-1","max-image-preview":"max-image-preview:large","max-video-preview":"max-video-preview:-1"},"canonical":"https:\/\/mikrofiltertechnik.de\/en\/produkte\/kraftstoffe\/deutz-insypro\/","og_locale":"en_GB","og_type":"article","og_title":"Deutz InSyPro gegen Dieselalterung - MFT Mikrofiltertechnik GmbH","og_description":"Das Diesel Additiv Clean-Diesel InSyPro von Deutz wirkt gegen Dieselalterung und verl\u00e4ngert die Lagerf\u00e4higkeit. Die Mikrofiltertechnik GmbH aus Geesthacht ber\u00e4t Sie gerne.","og_url":"https:\/\/mikrofiltertechnik.de\/en\/produkte\/kraftstoffe\/deutz-insypro\/","og_site_name":"MFT Mikrofiltertechnik GmbH","article_modified_time":"2021-10-14T20:43:21+00:00","og_image":[{"width":512,"height":512,"url":"https:\/\/mikrofiltertechnik.de\/wp-content\/uploads\/2021\/04\/cropped-logo_vaficon.png","type":"image\/png"}],"twitter_card":"summary_large_image","twitter_misc":{"Estimated reading time":"6 minutes"},"schema":{"@context":"https:\/\/schema.org","@graph":[{"@type":"WebPage","@id":"https:\/\/mikrofiltertechnik.de\/de\/produkte\/kraftstoffe\/deutz-insypro","url":"https:\/\/mikrofiltertechnik.de\/de\/produkte\/kraftstoffe\/deutz-insypro","name":"Deutz InSyPro gegen Dieselalterung - MFT Mikrofiltertechnik GmbH","isPartOf":{"@id":"http:\/\/mikrofiltertechnik.de\/de\/#website"},"datePublished":"2021-04-27T17:18:14+00:00","dateModified":"2021-10-14T20:43:21+00:00","description":"Das Diesel Additiv Clean-Diesel InSyPro von Deutz wirkt gegen Dieselalterung und verl\u00e4ngert die Lagerf\u00e4higkeit. Die Mikrofiltertechnik GmbH aus Geesthacht ber\u00e4t Sie gerne.","breadcrumb":{"@id":"https:\/\/mikrofiltertechnik.de\/de\/produkte\/kraftstoffe\/deutz-insypro#breadcrumb"},"inLanguage":"en-GB","potentialAction":[{"@type":"ReadAction","target":["https:\/\/mikrofiltertechnik.de\/de\/produkte\/kraftstoffe\/deutz-insypro"]}]},{"@type":"BreadcrumbList","@id":"https:\/\/mikrofiltertechnik.de\/de\/produkte\/kraftstoffe\/deutz-insypro#breadcrumb","itemListElement":[{"@type":"ListItem","position":1,"name":"Startseite","item":"https:\/\/mikrofiltertechnik.de\/"},{"@type":"ListItem","position":2,"name":"Produkte","item":"http:\/\/mikrofiltertechnik.de\/de\/produkte"},{"@type":"ListItem","position":3,"name":"Kraftstoffe","item":"https:\/\/mikrofiltertechnik.de\/de\/produkte\/kraftstoffe"},{"@type":"ListItem","position":4,"name":"Deutz-Insypro"}]},{"@type":"WebSite","@id":"http:\/\/mikrofiltertechnik.de\/de\/#website","url":"http:\/\/mikrofiltertechnik.de\/de\/","name":"MFT Mikrofiltertechnik GmbH","description":"Kompetenz in Diesel","publisher":{"@id":"http:\/\/mikrofiltertechnik.de\/de\/#organization"},"potentialAction":[{"@type":"SearchAction","target":{"@type":"EntryPoint","urlTemplate":"http:\/\/mikrofiltertechnik.de\/de\/?s={search_term_string}"},"query-input":{"@type":"PropertyValueSpecification","valueRequired":true,"valueName":"search_term_string"}}],"inLanguage":"en-GB"},{"@type":"Organization","@id":"http:\/\/mikrofiltertechnik.de\/de\/#organization","name":"MFT Mikrofiltertechnik GmbH","url":"http:\/\/mikrofiltertechnik.de\/de\/","logo":{"@type":"ImageObject","inLanguage":"en-GB","@id":"http:\/\/mikrofiltertechnik.de\/de\/#\/schema\/logo\/image\/","url":"https:\/\/mikrofiltertechnik.de\/wp-content\/uploads\/2021\/04\/cropped-logo_vaficon.png","contentUrl":"https:\/\/mikrofiltertechnik.de\/wp-content\/uploads\/2021\/04\/cropped-logo_vaficon.png","width":512,"height":512,"caption":"MFT Mikrofiltertechnik GmbH"},"image":{"@id":"http:\/\/mikrofiltertechnik.de\/de\/#\/schema\/logo\/image\/"}}]}},"_links":{"self":[{"href":"https:\/\/mikrofiltertechnik.de\/en\/wp-json\/wp\/v2\/pages\/14290","targetHints":{"allow":["GET"]}}],"collection":[{"href":"https:\/\/mikrofiltertechnik.de\/en\/wp-json\/wp\/v2\/pages"}],"about":[{"href":"https:\/\/mikrofiltertechnik.de\/en\/wp-json\/wp\/v2\/types\/page"}],"author":[{"embeddable":true,"href":"https:\/\/mikrofiltertechnik.de\/en\/wp-json\/wp\/v2\/users\/1"}],"replies":[{"embeddable":true,"href":"https:\/\/mikrofiltertechnik.de\/en\/wp-json\/wp\/v2\/comments?post=14290"}],"version-history":[{"count":0,"href":"https:\/\/mikrofiltertechnik.de\/en\/wp-json\/wp\/v2\/pages\/14290\/revisions"}],"up":[{"embeddable":true,"href":"https:\/\/mikrofiltertechnik.de\/en\/wp-json\/wp\/v2\/pages\/14376"}],"wp:attachment":[{"href":"https:\/\/mikrofiltertechnik.de\/en\/wp-json\/wp\/v2\/media?parent=14290"}],"curies":[{"name":"wp","href":"https:\/\/api.w.org\/{rel}","templated":true}]}}