{"id":3389,"date":"2018-02-20T10:47:49","date_gmt":"2018-02-20T10:47:49","guid":{"rendered":"https:\/\/enovathemes.com\/globax\/?page_id=3389"},"modified":"2025-12-17T09:22:55","modified_gmt":"2025-12-17T08:22:55","slug":"home","status":"publish","type":"page","link":"https:\/\/mikrofiltertechnik.de\/en\/","title":{"rendered":"Home"},"content":{"rendered":"<section class=\"vc_section\"><div class=\"vc_row wpb_row vc_row-fluid vc_custom_1531843586639 vc-container\"><div data-animation-delay=\"0\" data-parallax-speed=\"1.5\" class=\"wpb_column vc_column_container vc_col-sm-6 vc_col-lg-6 vc_col-md-8 vc_col-xs-12\"><div class=\"vc_column-inner\" ><div class=\"wpb_wrapper\"><h6 class=\"et-highlight-title\" style=\"font-size:12px;font-weight:700;line-height:24px;letter-spacing:0.5px;color:#9a9a9a;\" data-mobile-font=\"inherit\" data-tablet-font=\"inherit\"><span class=\"title-inner\">Mikrofiltertechnik since 1993<span class=\"highlight-line\" style=\"background-color:#c73737;\"><\/span><\/span><\/h6><h3 id=\"et-animated-title-1\" class=\"et-animated-title et-clearfix  words-direct\" data-mobile-font=\"32px\" data-tablet-font=\"inherit\" data-delay=\"100\" style=\"font-size:48px;font-weight:700;line-height:56px;color:#212121;\"><span class=\"text-wrapper\"><span class=\"text\">Europaweit f\u00fcr <span class=\"highlight\" style=\"color: #c73737;\">for<\/span> you<\/span><\/span><\/h3><\/div><\/div><\/div><\/div><div class=\"vc_row wpb_row vc_row-fluid vc_custom_1531831408148 vc-container\"><div data-animation-delay=\"0\" data-parallax-speed=\"1.5\" class=\"wpb_column vc_column_container vc_col-sm-12 vc_col-xs-12 vc_col-has-fill\"><div class=\"vc_column-inner vc_custom_1624965133780\" ><div class=\"wpb_wrapper\"><div class=\"et-content-box-wrapper\"><style>#et-content-box-1{margin-left:-40px;margin-right:-40px;}#et-content-box-1 .box-item-inner {padding:40px}<\/style><div id=\"et-content-box-1\" class=\"et-content-box et-item-set et-clearfix hover-icon-move large icon-position-top icon-alignment-left effect-type-random effect-moveUp\" data-columns=\"3\"><div class=\"box-item-wrapper et-item et-box-item\"><style>#box-item-1 .et-icon-wrap {}#box-item-1 .et-icon-wrap > .et-icon {color:#c73737;}<\/style><div id=\"box-item-1\"  class=\"box-item-inner et-item-inner\"><div class=\"box-item-content-wrapper et-clearfix\"><div class=\"et-icon-wrap\"><span class=\"box-hover\" style=\"\" ><\/span><span class=\"glint\" style=\"background-color:#c73737;\"><\/span><span class=\"et-icon globax icon-gx-delivery-truck-2\"><\/span><\/div><div class=\"clearfix\"><\/div><div class=\"box-item-content et-clearfix\"><h5 style=\"font-size: 18px;line-height: 32px;text-align: left\" class=\"vc_custom_heading letter-spacing-50 vc_custom_1619091997303\"  data-mobile-font=\"inherit\" data-tablet-font=\"inherit\" >for fuels<\/h5>\n\t<div class=\"wpb_text_column wpb_content_element  vc_custom_1632476726909\" >\n\t\t<div class=\"wpb_wrapper\">\n\t\t\t<p><a href=\"http:\/\/mikrofiltertechnik.de\/shop\">products for fuels<\/a><\/p>\n\n\t\t<\/div>\n\t<\/div>\n<\/div><\/div><\/div><\/div><div class=\"box-item-wrapper et-item et-box-item\"><style>#box-item-2 .et-icon-wrap {}#box-item-2 .et-icon-wrap > .et-icon {color:#c73737;}<\/style><div id=\"box-item-2\"  class=\"box-item-inner et-item-inner\"><div class=\"box-item-content-wrapper et-clearfix\"><div class=\"et-icon-wrap\"><span class=\"box-hover\" style=\"\" ><\/span><span class=\"glint\" style=\"background-color:#c73737;\"><\/span><span class=\"et-icon globax icon-gx-sea-ship\"><\/span><\/div><div class=\"clearfix\"><\/div><div class=\"box-item-content et-clearfix\"><h5 style=\"font-size: 18px;line-height: 32px;text-align: left\" class=\"vc_custom_heading letter-spacing-50 vc_custom_1632476858365\"  data-mobile-font=\"inherit\" data-tablet-font=\"inherit\" >Tank cleaning<\/h5>\n\t<div class=\"wpb_text_column wpb_content_element  vc_custom_1631618040443\" >\n\t\t<div class=\"wpb_wrapper\">\n\t\t\t<p><a href=\"http:\/\/mikrofiltertechnik.de\/tankservice\/tankreinigung\">Our service for tank cleaning<\/a><\/p>\n\n\t\t<\/div>\n\t<\/div>\n<\/div><\/div><\/div><\/div><div class=\"box-item-wrapper et-item et-box-item\"><style>#box-item-3 .et-icon-wrap {}#box-item-3 .et-icon-wrap > .et-icon {color:#c73737;}<\/style><div id=\"box-item-3\"  class=\"box-item-inner et-item-inner\"><div class=\"box-item-content-wrapper et-clearfix\"><div class=\"et-icon-wrap\"><span class=\"box-hover\" style=\"\" ><\/span><span class=\"glint\" style=\"background-color:#c73737;\"><\/span><span class=\"et-icon globax icon-gx-delivery-box-on-a-hand\"><\/span><\/div><div class=\"clearfix\"><\/div><div class=\"box-item-content et-clearfix\"><h5 style=\"font-size: 18px;line-height: 32px;text-align: left\" class=\"vc_custom_heading letter-spacing-50 vc_custom_1632845517204\"  data-mobile-font=\"inherit\" data-tablet-font=\"inherit\" >Tank service<\/h5>\n\t<div class=\"wpb_text_column wpb_content_element  vc_custom_1632476815878\" >\n\t\t<div class=\"wpb_wrapper\">\n\t\t\t<p><a href=\"http:\/\/mikrofiltertechnik.de\/tankservice\/tankinspektion\">Tank Inspection &amp; Tank Protection<\/a><\/p>\n\n\t\t<\/div>\n\t<\/div>\n<\/div><\/div><\/div><\/div><\/div><\/div><\/div><\/div><\/div><\/div><\/section><section class=\"vc_section\"><div class=\"vc_row wpb_row vc_row-fluid vc_custom_1531831207588 vc-container\"><div data-animation-delay=\"0\" data-parallax-speed=\"1.5\" class=\"wpb_column vc_column_container vc_col-sm-12 vc_col-lg-8 vc_col-md-8 vc_col-xs-12\"><div class=\"vc_column-inner\" ><div class=\"wpb_wrapper\"><h3 id=\"et-animated-title-2\" class=\"et-animated-title et-clearfix  words-direct\" data-mobile-font=\"32px\" data-tablet-font=\"inherit\" data-delay=\"100\" style=\"font-size:48px;font-weight:700;line-height:56px;color:#212121;\"><span class=\"text-wrapper\"><span class=\"text\">Erfahren Sie die aktuellen News<\/span><\/span><\/h3><h6 class=\"et-highlight-title\" style=\"font-size:12px;font-weight:700;line-height:24px;letter-spacing:0.5px;color:#9a9a9a;\" data-mobile-font=\"inherit\" data-tablet-font=\"inherit\"><span class=\"title-inner\">News<span class=\"highlight-line\" style=\"background-color:#c73737;\"><\/span><\/span><\/h6><div class=\"gap et-clearfix\" style=\"height:32px\"><\/div><h4 id=\"et-animated-title-3\" class=\"et-animated-title et-clearfix  words-direct\" data-mobile-font=\"32px\" data-tablet-font=\"inherit\" data-delay=\"100\" style=\"font-size:48px;font-weight:700;line-height:56px;color:#dd3333;\"><span class=\"text-wrapper\"><span class=\"text\">Messe Boot D\u00fcsseldorf 2026<\/span><\/span><\/h4>\n\t<div class=\"wpb_text_column wpb_content_element\" >\n\t\t<div class=\"wpb_wrapper\">\n\t\t\t<p>Auch 2026 werden wir wieder an der Boot D\u00fcsseldorf teilnehmen.<\/p>\n<p><strong>Sie finden uns in Halle 10 Stand 61\u00a0 ( 10A61 )!<\/strong><\/p>\n<p>Unweit der Refitb\u00fchne wo wir auch t\u00e4glich Vortr\u00e4ge zum Thema Dieselpest & Dieselalterung halten.<\/p>\n<p>\u00a0<\/p>\n\n\t\t<\/div>\n\t<\/div>\n<h4 id=\"et-animated-title-4\" class=\"et-animated-title et-clearfix  words-direct\" data-mobile-font=\"32px\" data-tablet-font=\"inherit\" data-delay=\"100\" style=\"font-size:48px;font-weight:700;line-height:56px;color:#dd3333;\"><span class=\"text-wrapper\"><span class=\"text\">Adria Tour 2026<\/span><\/span><\/h4>\n\t<div class=\"wpb_text_column wpb_content_element\" >\n\t\t<div class=\"wpb_wrapper\">\n\t\t\t<p>\u00a0Die Adria Tour 2026 wird vorraussichtlich vom 16.03. bis 29.03.2026 stattfinden!<\/p>\n<p>Wenn Sie Interesse an einer Tankinspektion oder Tankreinigung haben melden Sie sich am besten schon jetzt daf\u00fcr an.<\/p>\n<p>\u00a0<\/p>\n\n\t\t<\/div>\n\t<\/div>\n<\/div><\/div><\/div><\/div><div class=\"vc_row wpb_row vc_row-fluid vc_custom_1531832918890 vc-container\"><div data-animation-delay=\"150\" data-parallax-speed=\"1.5\" class=\"wpb_animate_when_almost_visible wpb_fadeIn fadeIn wpb_column vc_column_container vc_col-sm-12 vc_col-xs-12\"><div class=\"vc_column-inner\" ><div class=\"wpb_wrapper\"><div class=\"recent-posts-layout blog-layout-carousel carousel lazy lazy-load\"><div id=\"loop-posts-1\" data-columns=\"2\" class=\"loop-posts carousel owl-carousel recent-posts effect-none overlay-fade-zoom et-item-set et-clearfix\"><article class=\"et-item post-14567 post type-post status-publish format-aside hentry category-news post_format-post-format-aside\" data-width=\"50\" id=\"post-14567\"><div class=\"post-inner et-item-inner et-clearfix\"><div class=\"post-body et-clearfix\"><div class=\"post-body-inner-wrap\"><div class=\"post-body-inner\"><div class=\"post-meta et-clearfix\"><div class=\"post-category\"><a href=\"https:\/\/mikrofiltertechnik.de\/en\/category\/news\" rel=\"category tag\">News<\/a><\/div><div class=\"post-date-inline\">28\/10\/2022<\/div><\/div><h4 class=\"post-title entry-title\"><a href=\"https:\/\/mikrofiltertechnik.de\/en\/aktuelles\" title=\"Read more about Aktuelles\" rel=\"bookmark\">News<\/a><\/h4><a href=\"https:\/\/mikrofiltertechnik.de\/en\/aktuelles\" title=\"Read more about Aktuelles\" class=\"post-read-more et-button small stylish-button\">Read more<span class=\"screen-reader-text\">Aktuelles?><\/span><\/a><\/div><\/div><\/div><\/div><\/article><\/div><\/div><\/div><\/div><\/div><\/div><\/section><div class=\"vc_row wpb_row vc_row-fluid vc_custom_1531831275731 vc_column-gap-40 vc-container\"><div data-animation-delay=\"150\" data-parallax-speed=\"1.5\" class=\"text767-align-center wpb_animate_when_almost_visible wpb_left-to-right left-to-right wpb_column vc_column_container vc_col-sm-12 vc_col-lg-6 vc_col-md-6 vc_col-xs-12\"><div class=\"vc_column-inner\" data-over768-under-1024-padding-left=\"15%\" data-over768-under-1024-padding-right=\"15%\" ><div class=\"wpb_wrapper\"><div style=\"font-size: 18px;color: #ffffff;line-height: 32px;text-align: center;font-family:Montserrat;font-weight:700;font-style:normal\" class=\"vc_custom_heading heading-display-inline-block vc_custom_1619094279676\"  data-mobile-font=\"inherit\" data-tablet-font=\"inherit\" >About Us<\/div><div class=\"gap et-clearfix\" style=\"height:48px\"><\/div><div class=\"et-content-box-wrapper\"><style>#et-content-box-2 .et-icon-wrap {border-radius:500px;}<\/style><div id=\"et-content-box-2\" class=\"et-content-box et-item-set et-clearfix hover-none small icon-position-left icon-alignment-left effect-type-sequential effect-none\" data-columns=\"1\"><div class=\"box-item-wrapper et-item et-box-item\"><style>#box-item-4 .et-icon-wrap {box-shadow:inset 0 0 0 4px #c73737;}#box-item-4 .et-icon-wrap > .et-icon {color:#c73737;}#box-item-4:hover .et-icon-wrap {box-shadow:inset 0 0 0 4px #212121;}#box-item-4:hover .et-icon-wrap > .et-icon {color:#212121;}<\/style><div id=\"box-item-4\"  class=\"box-item-inner et-item-inner\"><div class=\"box-item-content-wrapper et-clearfix\"><div class=\"et-icon-wrap full\"><span class=\"box-hover\" style=\"width:calc(100% - 8px);height:calc(100% - 8px);\" ><\/span><span class=\"glint\" style=\"background-color:#212121;\"><\/span><span class=\"et-icon fa fa-check\"><\/span><\/div><div class=\"clearfix\"><\/div><div class=\"box-item-content et-clearfix\"><h6 style=\"font-size: 18px;color: #212121;line-height: 32px;text-align: left\" class=\"vc_custom_heading vc_custom_1632845548363\"  data-mobile-font=\"inherit\" data-tablet-font=\"inherit\" >Competent partner<\/h6><p style=\"font-size: 18px;color: #616161;line-height: 32px;text-align: left\" class=\"vc_custom_heading\"  data-mobile-font=\"inherit\" data-tablet-font=\"inherit\" >MFT Mikrofiltertechnik GmbH ist Ihr kompetenter Partner f\u00fcr Tankreinigung & Tankinspektion sowie Dieseladditiven aus Geeshacht bei Hamburg.<\/p><\/div><\/div><\/div><\/div><div class=\"box-item-wrapper et-item et-box-item\"><style>#box-item-5 .et-icon-wrap {box-shadow:inset 0 0 0 4px #c73737;}#box-item-5 .et-icon-wrap > .et-icon {color:#c73737;}#box-item-5:hover .et-icon-wrap {box-shadow:inset 0 0 0 4px #212121;}#box-item-5:hover .et-icon-wrap > .et-icon {color:#212121;}<\/style><div id=\"box-item-5\"  class=\"box-item-inner et-item-inner\"><div class=\"box-item-content-wrapper et-clearfix\"><div class=\"et-icon-wrap full\"><span class=\"box-hover\" style=\"width:calc(100% - 8px);height:calc(100% - 8px);\" ><\/span><span class=\"glint\" style=\"background-color:#212121;\"><\/span><span class=\"et-icon fa fa-check\"><\/span><\/div><div class=\"clearfix\"><\/div><div class=\"box-item-content et-clearfix\"><h6 style=\"font-size: 18px;color: #212121;line-height: 32px;text-align: left\" class=\"vc_custom_heading vc_custom_1619094141942\"  data-mobile-font=\"inherit\" data-tablet-font=\"inherit\" >For diesel engines<\/h6><p style=\"font-size: 18px;color: #616161;line-height: 32px;text-align: left\" class=\"vc_custom_heading\"  data-mobile-font=\"inherit\" data-tablet-font=\"inherit\" >For diesel engines of all types, we offer high-quality additives and ultra-fine filters.<\/p><\/div><\/div><\/div><\/div><div class=\"box-item-wrapper et-item et-box-item\"><style>#box-item-6 .et-icon-wrap {box-shadow:inset 0 0 0 4px #c73737;}#box-item-6 .et-icon-wrap > .et-icon {color:#c73737;}#box-item-6:hover .et-icon-wrap {box-shadow:inset 0 0 0 4px #212121;}#box-item-6:hover .et-icon-wrap > .et-icon {color:#212121;}<\/style><div id=\"box-item-6\"  class=\"box-item-inner et-item-inner\"><div class=\"box-item-content-wrapper et-clearfix\"><div class=\"et-icon-wrap full\"><span class=\"box-hover\" style=\"width:calc(100% - 8px);height:calc(100% - 8px);\" ><\/span><span class=\"glint\" style=\"background-color:#212121;\"><\/span><span class=\"et-icon fa fa-check\"><\/span><\/div><div class=\"clearfix\"><\/div><div class=\"box-item-content et-clearfix\"><h6 style=\"font-size: 18px;color: #212121;line-height: 32px;text-align: left\" class=\"vc_custom_heading vc_custom_1619094204695\"  data-mobile-font=\"inherit\" data-tablet-font=\"inherit\" >We will gladly assist you<\/h6><p style=\"font-size: 18px;color: #616161;line-height: 32px;text-align: left\" class=\"vc_custom_heading\"  data-mobile-font=\"inherit\" data-tablet-font=\"inherit\" >We are always at your side<\/p><\/div><\/div><\/div><\/div><\/div><\/div><\/div><\/div><\/div><div data-animation-delay=\"0\" data-parallax-speed=\"1.5\" class=\"wpb_column vc_column_container vc_col-sm-12 vc_col-lg-6 vc_col-md-6 vc_col-xs-12\"><div class=\"vc_column-inner\" ><div class=\"wpb_wrapper\"><h6 class=\"et-highlight-title\" style=\"font-size:12px;font-weight:700;line-height:24px;letter-spacing:0.5px;color:#9a9a9a;\" data-mobile-font=\"inherit\" data-tablet-font=\"inherit\"><span class=\"title-inner\">The tank doctors<span class=\"highlight-line\" style=\"background-color:#c73737;\"><\/span><\/span><\/h6><h3 id=\"et-animated-title-5\" class=\"et-animated-title et-clearfix  words-direct\" data-mobile-font=\"32px\" data-tablet-font=\"inherit\" data-delay=\"100\" style=\"font-size:42px;font-weight:700;line-height:50px;color:#212121;\"><span class=\"text-wrapper\"><span class=\"text\">MFT Mikrofiltertechnik GmbH<span class=\"highlight\" style=\"color: #c73737;\"> from Geesthacht near Hamburg<\/span><\/span><\/span><\/h3><div class=\"gap et-clearfix\" style=\"height:24px\"><\/div>\n\t<div class=\"wpb_text_column wpb_content_element\" >\n\t\t<div class=\"wpb_wrapper\">\n\t\t\t<p style=\"font-size: 24px; line-height: 32px;\">MFT Mikrofiltertechnik GmbH is your competent partner for tank cleaning and tank inspections from Geesthacht near Hamburg. For diesel engines of all kinds, we offer high-quality additives and ultra-fine filters.<\/p>\n\n\t\t<\/div>\n\t<\/div>\n\n\t<div class=\"wpb_text_column wpb_content_element\" >\n\t\t<div class=\"wpb_wrapper\">\n\t\t\t<p style=\"font-size: 18px; line-height: 32px;\">We have adapted to the changing requirements of the market. The days of alternative fuels are over for political reasons. The associated technology has worked well, as have many current products that we also develop ourselves.<\/p>\n<p>The problem of bacterial contamination of diesel fuel and its prevention by diesel additives such as grotamar 82 forms a focus of MFT Mikrofiltertechnik GmbH from Geesthacht near Hamburg. To this end, we have specifically expanded our product range to include fuel additives from renowned manufacturers, innovative filter systems and products for internal engine cleaning. Our online store offers you a large selection. MFT Mikrofiltertechnik GmbH is also active beyond the greater Hamburg area throughout Germany for a growing customer base.<\/p>\n\n\t\t<\/div>\n\t<\/div>\n<a target=\"_self\" href=\"\/ueber-uns\" id=\"et-button-1\" style=\"color:#ffffff;font-weight:700 !important;\" class=\"et-button   icon-position-left modal-false large hover-none false click-none\" data-color=\"#ffffff\" ><span style=\"\" class=\"hover\"><\/span><span style=\"background-color:#c73737;\" class=\"regular\"><\/span><span class=\"text\">About Us<\/span><\/a><\/div><\/div><\/div><\/div><div id=\"background-position-75\" class=\"vc_row wpb_row vc_row-fluid vc_custom_1619096112336 vc_row-has-fill\"><div class=\"vc-container et-clearfix\"><div data-animation-delay=\"0\" data-parallax-speed=\"1.5\" class=\"wpb_column vc_column_container vc_col-sm-12 vc_col-xs-12\"><div class=\"vc_column-inner\" ><div class=\"wpb_wrapper\"><div class=\"gap et-clearfix hide767\" style=\"height:104px\"><\/div><div class=\"gap et-clearfix hide768\" style=\"height:24px\"><\/div><div class=\"et-ghost-title-wrapper\"><style>#et-ghost-title-1 {min-height:256px;padding-top:128px;}#et-ghost-title-1 .ghost-title {font-size:256px;line-height:256px;font-weight:700;color:rgba(0,0,0,0.1);left:-4px;}<\/style><div id=\"et-ghost-title-1\" class=\"et-ghost-title et-clearfix\" data-mobile-font=\"96px\" data-tablet-font=\"inherit\"><div class=\"ghost-title\">Shop<\/div><div class=\"ghost-content et-clearfix\"><h3 style=\"font-size: 70px;color: #ffffff;line-height: 70px;text-align: left\" class=\"vc_custom_heading\"  data-mobile-font=\"32px\" data-tablet-font=\"inherit\" >High quality fuel additives, engine oils, filter technology &amp; much more.<\/h3><a target=\"_self\" href=\"\/shop\" id=\"et-inline-button-1\" style=\"color:#ffffff;\" class=\"et-inline-button inline-button-font-size has-icon  icon-position-right modal-false false\" data-color=\"#ffffff\" data-colorhover=\"#212121\"><span class=\"text\">Go to our online store<span class=\"text-hover\" style=\"background:#212121;\"><\/span><\/span><span class=\"icon fa fa-angle-right\"><\/span><\/a><span class=\"et-gap-inline et-clearfix hide767\" style=\"width:40px\"><\/span><div class=\"gap et-clearfix hide768\" style=\"height:8px\"><\/div><\/div><\/div><\/div><div class=\"gap et-clearfix hide768\" style=\"height:48px\"><\/div><div class=\"gap et-clearfix hide767\" style=\"height:150px\"><\/div><\/div><\/div><\/div><\/div><\/div>","protected":false},"excerpt":{"rendered":"<p>Leverage agile frameworks to provide a robust synopsis for high level overviews. Iterative approaches to corporate strategy foster collaborative thinking to further the overall value proposition. Organically grow the holistic world view of disruptive innovation via workplace diversity and empowerment.<\/p>","protected":false},"author":1,"featured_media":0,"parent":0,"menu_order":0,"comment_status":"closed","ping_status":"closed","template":"page-vc.php","meta":{"footnotes":""},"class_list":["post-3389","page","type-page","status-publish","hentry"],"yoast_head":"<!-- This site is optimized with the Yoast SEO plugin v23.5 - https:\/\/yoast.com\/wordpress\/plugins\/seo\/ -->\n<title>Tankreinigung, Grotamar 82, InSyPro &amp; Tankinspektion<\/title>\n<meta name=\"description\" content=\"Wir sind Ihr kompetenter Partner f\u00fcr Tankreinigung, Dieseladditiven wie Grotamar 82 &amp; InSyPro, Tankinspektion und Kraftstoffanalysen.\" \/>\n<meta name=\"robots\" content=\"index, follow, max-snippet:-1, max-image-preview:large, max-video-preview:-1\" \/>\n<link rel=\"canonical\" href=\"https:\/\/mikrofiltertechnik.de\/en\/\" \/>\n<meta property=\"og:locale\" content=\"en_GB\" \/>\n<meta property=\"og:type\" content=\"article\" \/>\n<meta property=\"og:title\" content=\"Tankreinigung, Grotamar 82, InSyPro &amp; Tankinspektion\" \/>\n<meta property=\"og:description\" content=\"Wir sind Ihr kompetenter Partner f\u00fcr Tankreinigung, Dieseladditiven wie Grotamar 82 &amp; InSyPro, Tankinspektion und Kraftstoffanalysen.\" \/>\n<meta property=\"og:url\" content=\"https:\/\/mikrofiltertechnik.de\/en\/\" \/>\n<meta property=\"og:site_name\" content=\"MFT Mikrofiltertechnik GmbH\" \/>\n<meta property=\"article:modified_time\" content=\"2025-12-17T08:22:55+00:00\" \/>\n<meta property=\"og:image\" content=\"https:\/\/mikrofiltertechnik.de\/wp-content\/uploads\/2021\/04\/cropped-logo_vaficon.png\" \/>\n\t<meta property=\"og:image:width\" content=\"512\" \/>\n\t<meta property=\"og:image:height\" content=\"512\" \/>\n\t<meta property=\"og:image:type\" content=\"image\/png\" \/>\n<meta name=\"twitter:card\" content=\"summary_large_image\" \/>\n<meta name=\"twitter:label1\" content=\"Estimated reading time\" \/>\n\t<meta name=\"twitter:data1\" content=\"4 minutes\" \/>\n<script type=\"application\/ld+json\" class=\"yoast-schema-graph\">{\"@context\":\"https:\/\/schema.org\",\"@graph\":[{\"@type\":\"WebPage\",\"@id\":\"https:\/\/mikrofiltertechnik.de\/\",\"url\":\"https:\/\/mikrofiltertechnik.de\/\",\"name\":\"Tankreinigung, Grotamar 82, InSyPro & Tankinspektion\",\"isPartOf\":{\"@id\":\"http:\/\/mikrofiltertechnik.de\/de\/#website\"},\"datePublished\":\"2018-02-20T10:47:49+00:00\",\"dateModified\":\"2025-12-17T08:22:55+00:00\",\"description\":\"Wir sind Ihr kompetenter Partner f\u00fcr Tankreinigung, Dieseladditiven wie Grotamar 82 & InSyPro, Tankinspektion und Kraftstoffanalysen.\",\"breadcrumb\":{\"@id\":\"https:\/\/mikrofiltertechnik.de\/#breadcrumb\"},\"inLanguage\":\"en-GB\",\"potentialAction\":[{\"@type\":\"ReadAction\",\"target\":[\"https:\/\/mikrofiltertechnik.de\/\"]}]},{\"@type\":\"BreadcrumbList\",\"@id\":\"https:\/\/mikrofiltertechnik.de\/#breadcrumb\",\"itemListElement\":[{\"@type\":\"ListItem\",\"position\":1,\"name\":\"Startseite\",\"item\":\"https:\/\/mikrofiltertechnik.de\/\"},{\"@type\":\"ListItem\",\"position\":2,\"name\":\"Home\"}]},{\"@type\":\"WebSite\",\"@id\":\"http:\/\/mikrofiltertechnik.de\/de\/#website\",\"url\":\"http:\/\/mikrofiltertechnik.de\/de\/\",\"name\":\"MFT Mikrofiltertechnik GmbH\",\"description\":\"Kompetenz in Diesel\",\"publisher\":{\"@id\":\"http:\/\/mikrofiltertechnik.de\/de\/#organization\"},\"potentialAction\":[{\"@type\":\"SearchAction\",\"target\":{\"@type\":\"EntryPoint\",\"urlTemplate\":\"http:\/\/mikrofiltertechnik.de\/de\/?s={search_term_string}\"},\"query-input\":{\"@type\":\"PropertyValueSpecification\",\"valueRequired\":true,\"valueName\":\"search_term_string\"}}],\"inLanguage\":\"en-GB\"},{\"@type\":\"Organization\",\"@id\":\"http:\/\/mikrofiltertechnik.de\/de\/#organization\",\"name\":\"MFT Mikrofiltertechnik GmbH\",\"url\":\"http:\/\/mikrofiltertechnik.de\/de\/\",\"logo\":{\"@type\":\"ImageObject\",\"inLanguage\":\"en-GB\",\"@id\":\"http:\/\/mikrofiltertechnik.de\/de\/#\/schema\/logo\/image\/\",\"url\":\"https:\/\/mikrofiltertechnik.de\/wp-content\/uploads\/2021\/04\/cropped-logo_vaficon.png\",\"contentUrl\":\"https:\/\/mikrofiltertechnik.de\/wp-content\/uploads\/2021\/04\/cropped-logo_vaficon.png\",\"width\":512,\"height\":512,\"caption\":\"MFT Mikrofiltertechnik GmbH\"},\"image\":{\"@id\":\"http:\/\/mikrofiltertechnik.de\/de\/#\/schema\/logo\/image\/\"}}]}<\/script>\n<!-- \/ Yoast SEO plugin. -->","yoast_head_json":{"title":"Tankreinigung, Grotamar 82, InSyPro & Tankinspektion","description":"Wir sind Ihr kompetenter Partner f\u00fcr Tankreinigung, Dieseladditiven wie Grotamar 82 & InSyPro, Tankinspektion und Kraftstoffanalysen.","robots":{"index":"index","follow":"follow","max-snippet":"max-snippet:-1","max-image-preview":"max-image-preview:large","max-video-preview":"max-video-preview:-1"},"canonical":"https:\/\/mikrofiltertechnik.de\/en\/","og_locale":"en_GB","og_type":"article","og_title":"Tankreinigung, Grotamar 82, InSyPro & Tankinspektion","og_description":"Wir sind Ihr kompetenter Partner f\u00fcr Tankreinigung, Dieseladditiven wie Grotamar 82 & InSyPro, Tankinspektion und Kraftstoffanalysen.","og_url":"https:\/\/mikrofiltertechnik.de\/en\/","og_site_name":"MFT Mikrofiltertechnik GmbH","article_modified_time":"2025-12-17T08:22:55+00:00","og_image":[{"width":512,"height":512,"url":"https:\/\/mikrofiltertechnik.de\/wp-content\/uploads\/2021\/04\/cropped-logo_vaficon.png","type":"image\/png"}],"twitter_card":"summary_large_image","twitter_misc":{"Estimated reading time":"4 minutes"},"schema":{"@context":"https:\/\/schema.org","@graph":[{"@type":"WebPage","@id":"https:\/\/mikrofiltertechnik.de\/","url":"https:\/\/mikrofiltertechnik.de\/","name":"Tankreinigung, Grotamar 82, InSyPro & Tankinspektion","isPartOf":{"@id":"http:\/\/mikrofiltertechnik.de\/de\/#website"},"datePublished":"2018-02-20T10:47:49+00:00","dateModified":"2025-12-17T08:22:55+00:00","description":"Wir sind Ihr kompetenter Partner f\u00fcr Tankreinigung, Dieseladditiven wie Grotamar 82 & InSyPro, Tankinspektion und Kraftstoffanalysen.","breadcrumb":{"@id":"https:\/\/mikrofiltertechnik.de\/#breadcrumb"},"inLanguage":"en-GB","potentialAction":[{"@type":"ReadAction","target":["https:\/\/mikrofiltertechnik.de\/"]}]},{"@type":"BreadcrumbList","@id":"https:\/\/mikrofiltertechnik.de\/#breadcrumb","itemListElement":[{"@type":"ListItem","position":1,"name":"Startseite","item":"https:\/\/mikrofiltertechnik.de\/"},{"@type":"ListItem","position":2,"name":"Home"}]},{"@type":"WebSite","@id":"http:\/\/mikrofiltertechnik.de\/de\/#website","url":"http:\/\/mikrofiltertechnik.de\/de\/","name":"MFT Mikrofiltertechnik GmbH","description":"Kompetenz in Diesel","publisher":{"@id":"http:\/\/mikrofiltertechnik.de\/de\/#organization"},"potentialAction":[{"@type":"SearchAction","target":{"@type":"EntryPoint","urlTemplate":"http:\/\/mikrofiltertechnik.de\/de\/?s={search_term_string}"},"query-input":{"@type":"PropertyValueSpecification","valueRequired":true,"valueName":"search_term_string"}}],"inLanguage":"en-GB"},{"@type":"Organization","@id":"http:\/\/mikrofiltertechnik.de\/de\/#organization","name":"MFT Mikrofiltertechnik GmbH","url":"http:\/\/mikrofiltertechnik.de\/de\/","logo":{"@type":"ImageObject","inLanguage":"en-GB","@id":"http:\/\/mikrofiltertechnik.de\/de\/#\/schema\/logo\/image\/","url":"https:\/\/mikrofiltertechnik.de\/wp-content\/uploads\/2021\/04\/cropped-logo_vaficon.png","contentUrl":"https:\/\/mikrofiltertechnik.de\/wp-content\/uploads\/2021\/04\/cropped-logo_vaficon.png","width":512,"height":512,"caption":"MFT Mikrofiltertechnik GmbH"},"image":{"@id":"http:\/\/mikrofiltertechnik.de\/de\/#\/schema\/logo\/image\/"}}]}},"_links":{"self":[{"href":"https:\/\/mikrofiltertechnik.de\/en\/wp-json\/wp\/v2\/pages\/3389","targetHints":{"allow":["GET"]}}],"collection":[{"href":"https:\/\/mikrofiltertechnik.de\/en\/wp-json\/wp\/v2\/pages"}],"about":[{"href":"https:\/\/mikrofiltertechnik.de\/en\/wp-json\/wp\/v2\/types\/page"}],"author":[{"embeddable":true,"href":"https:\/\/mikrofiltertechnik.de\/en\/wp-json\/wp\/v2\/users\/1"}],"replies":[{"embeddable":true,"href":"https:\/\/mikrofiltertechnik.de\/en\/wp-json\/wp\/v2\/comments?post=3389"}],"version-history":[{"count":8,"href":"https:\/\/mikrofiltertechnik.de\/en\/wp-json\/wp\/v2\/pages\/3389\/revisions"}],"predecessor-version":[{"id":16389,"href":"https:\/\/mikrofiltertechnik.de\/en\/wp-json\/wp\/v2\/pages\/3389\/revisions\/16389"}],"wp:attachment":[{"href":"https:\/\/mikrofiltertechnik.de\/en\/wp-json\/wp\/v2\/media?parent=3389"}],"curies":[{"name":"wp","href":"https:\/\/api.w.org\/{rel}","templated":true}]}}