{"id":14110,"date":"2021-04-25T09:49:49","date_gmt":"2021-04-25T09:49:49","guid":{"rendered":"http:\/\/mikrofiltertechnik.de\/?post_type=product&#038;p=14110"},"modified":"2024-11-04T04:42:31","modified_gmt":"2024-11-04T03:42:31","slug":"radial-feinstfilter-mo2-mit-aktivator","status":"publish","type":"product","link":"https:\/\/mikrofiltertechnik.de\/en\/product\/radial-feinstfilter-mo2-mit-aktivator","title":{"rendered":"MO2 Radial Fine Filter with activator"},"content":{"rendered":"<p>Size 2 (d120x215mm), filter rating 1 or 5\u00b5, consisting of: Filter housing with holder, connections on filter side M16x1,5 for hose 8\/10mm, filter cartridge EMO2 and activator 117mm<\/p>\n<p>The operation of many truck engines frequently causes service life restrictions for the original fuel filters of common rail engines, especially when operated with biodiesel. The MO filter with its filter fineness of 5\u03bc (optionally 1\u03bc) land its enormous dirt-holding capacity is ideally suited as a prefilter here.<\/p>\n<p>Original fuel filters cannot always sufficiently absorb dirt, deposits and particles. Especially bio-diesel mixtures and different fuel qualities can lead to service life restrictions and even engine failure.<\/p>\n<p>With the MO filter, MFT Mikrofiltertechnik GmbH has developed a prefilter with a fineness of five or one micrometer, respectively, which has a very high dirt holding capacity.<\/p>\n<p>An activator integrated into the fuel filter reduces the surface tension of the fuel, optimizes combustion and atomization in the injection system, and extends the service life of the fuel filter.<\/p>\n<p>You can find more information <a href=\"http:\/\/mikrofiltertechnik.de\/produkte\/kraftstoffe\/mo-feinstfilter\">HERE<\/a>.<\/p>","protected":false},"excerpt":{"rendered":"<p>Size 2 (d120x215mm), filter rating 1 or 5\u00b5, consisting of: Filter housing with holder, connections on filter side M16x1,5 for hose 8\/10mm, filter cartridge EMO2 and activator 117 mm<\/p>","protected":false},"featured_media":14109,"comment_status":"open","ping_status":"closed","template":"","meta":[],"product_cat":[91,92],"product_tag":[],"class_list":{"0":"post-14110","1":"product","2":"type-product","3":"status-publish","4":"has-post-thumbnail","6":"product_cat-kraftstoff-filter","7":"product_cat-feinstfilter-mo","9":"first","10":"instock","11":"taxable","12":"shipping-taxable","13":"purchasable","14":"product-type-simple"},"yoast_head":"<!-- This site is optimized with the Yoast SEO plugin v23.5 - https:\/\/yoast.com\/wordpress\/plugins\/seo\/ -->\n<title>Radial-Feinstfilter MO2 mit Aktivator - MFT Mikrofiltertechnik GmbH<\/title>\n<meta name=\"robots\" content=\"index, follow, max-snippet:-1, max-image-preview:large, max-video-preview:-1\" \/>\n<link rel=\"canonical\" href=\"https:\/\/mikrofiltertechnik.de\/en\/product\/radial-feinstfilter-mo2-mit-aktivator\/\" \/>\n<meta property=\"og:locale\" content=\"en_GB\" \/>\n<meta property=\"og:type\" content=\"article\" \/>\n<meta property=\"og:title\" content=\"Radial-Feinstfilter MO2 mit Aktivator - MFT Mikrofiltertechnik GmbH\" \/>\n<meta property=\"og:description\" content=\"Gr\u00f6\u00dfe 2 (d120x215mm), Filterfeinheit 1 bzw. 5\u00b5, bestehend aus: Filtergeh\u00e4use mit Halterung, Anschl\u00fcsse Filterseitig M16x1,5 f\u00fcr Schlauch 8\/10mm, Filterpatrone EMO2 und Aktivator 117 mm\" \/>\n<meta property=\"og:url\" content=\"https:\/\/mikrofiltertechnik.de\/en\/product\/radial-feinstfilter-mo2-mit-aktivator\/\" \/>\n<meta property=\"og:site_name\" content=\"MFT Mikrofiltertechnik GmbH\" \/>\n<meta property=\"article:modified_time\" content=\"2024-11-04T03:42:31+00:00\" \/>\n<meta property=\"og:image\" content=\"https:\/\/mikrofiltertechnik.de\/wp-content\/uploads\/2021\/04\/Radial-Feinstfilter-MO2.png\" \/>\n\t<meta property=\"og:image:width\" content=\"900\" \/>\n\t<meta property=\"og:image:height\" content=\"600\" \/>\n\t<meta property=\"og:image:type\" content=\"image\/png\" \/>\n<meta name=\"twitter:card\" content=\"summary_large_image\" \/>\n<meta name=\"twitter:label1\" content=\"Estimated reading time\" \/>\n\t<meta name=\"twitter:data1\" content=\"1 minute\" \/>\n<script type=\"application\/ld+json\" class=\"yoast-schema-graph\">{\"@context\":\"https:\/\/schema.org\",\"@graph\":[{\"@type\":\"WebPage\",\"@id\":\"https:\/\/mikrofiltertechnik.de\/de\/produkt\/radial-feinstfilter-mo2-mit-aktivator\",\"url\":\"https:\/\/mikrofiltertechnik.de\/de\/produkt\/radial-feinstfilter-mo2-mit-aktivator\",\"name\":\"Radial-Feinstfilter MO2 mit Aktivator - MFT Mikrofiltertechnik GmbH\",\"isPartOf\":{\"@id\":\"http:\/\/mikrofiltertechnik.de\/de\/#website\"},\"primaryImageOfPage\":{\"@id\":\"https:\/\/mikrofiltertechnik.de\/de\/produkt\/radial-feinstfilter-mo2-mit-aktivator#primaryimage\"},\"image\":{\"@id\":\"https:\/\/mikrofiltertechnik.de\/de\/produkt\/radial-feinstfilter-mo2-mit-aktivator#primaryimage\"},\"thumbnailUrl\":\"https:\/\/mikrofiltertechnik.de\/wp-content\/uploads\/2021\/04\/Radial-Feinstfilter-MO2.png\",\"datePublished\":\"2021-04-25T09:49:49+00:00\",\"dateModified\":\"2024-11-04T03:42:31+00:00\",\"breadcrumb\":{\"@id\":\"https:\/\/mikrofiltertechnik.de\/de\/produkt\/radial-feinstfilter-mo2-mit-aktivator#breadcrumb\"},\"inLanguage\":\"en-GB\",\"potentialAction\":[{\"@type\":\"ReadAction\",\"target\":[\"https:\/\/mikrofiltertechnik.de\/de\/produkt\/radial-feinstfilter-mo2-mit-aktivator\"]}]},{\"@type\":\"ImageObject\",\"inLanguage\":\"en-GB\",\"@id\":\"https:\/\/mikrofiltertechnik.de\/de\/produkt\/radial-feinstfilter-mo2-mit-aktivator#primaryimage\",\"url\":\"https:\/\/mikrofiltertechnik.de\/wp-content\/uploads\/2021\/04\/Radial-Feinstfilter-MO2.png\",\"contentUrl\":\"https:\/\/mikrofiltertechnik.de\/wp-content\/uploads\/2021\/04\/Radial-Feinstfilter-MO2.png\",\"width\":900,\"height\":600},{\"@type\":\"BreadcrumbList\",\"@id\":\"https:\/\/mikrofiltertechnik.de\/de\/produkt\/radial-feinstfilter-mo2-mit-aktivator#breadcrumb\",\"itemListElement\":[{\"@type\":\"ListItem\",\"position\":1,\"name\":\"Startseite\",\"item\":\"https:\/\/mikrofiltertechnik.de\/\"},{\"@type\":\"ListItem\",\"position\":2,\"name\":\"Shop\",\"item\":\"https:\/\/mikrofiltertechnik.de\/en\/shop\"},{\"@type\":\"ListItem\",\"position\":3,\"name\":\"Radial-Feinstfilter MO2 mit Aktivator\"}]},{\"@type\":\"WebSite\",\"@id\":\"http:\/\/mikrofiltertechnik.de\/de\/#website\",\"url\":\"http:\/\/mikrofiltertechnik.de\/de\/\",\"name\":\"MFT Mikrofiltertechnik GmbH\",\"description\":\"Kompetenz in Diesel\",\"publisher\":{\"@id\":\"http:\/\/mikrofiltertechnik.de\/de\/#organization\"},\"potentialAction\":[{\"@type\":\"SearchAction\",\"target\":{\"@type\":\"EntryPoint\",\"urlTemplate\":\"http:\/\/mikrofiltertechnik.de\/de\/?s={search_term_string}\"},\"query-input\":{\"@type\":\"PropertyValueSpecification\",\"valueRequired\":true,\"valueName\":\"search_term_string\"}}],\"inLanguage\":\"en-GB\"},{\"@type\":\"Organization\",\"@id\":\"http:\/\/mikrofiltertechnik.de\/de\/#organization\",\"name\":\"MFT Mikrofiltertechnik GmbH\",\"url\":\"http:\/\/mikrofiltertechnik.de\/de\/\",\"logo\":{\"@type\":\"ImageObject\",\"inLanguage\":\"en-GB\",\"@id\":\"http:\/\/mikrofiltertechnik.de\/de\/#\/schema\/logo\/image\/\",\"url\":\"https:\/\/mikrofiltertechnik.de\/wp-content\/uploads\/2021\/04\/cropped-logo_vaficon.png\",\"contentUrl\":\"https:\/\/mikrofiltertechnik.de\/wp-content\/uploads\/2021\/04\/cropped-logo_vaficon.png\",\"width\":512,\"height\":512,\"caption\":\"MFT Mikrofiltertechnik GmbH\"},\"image\":{\"@id\":\"http:\/\/mikrofiltertechnik.de\/de\/#\/schema\/logo\/image\/\"}}]}<\/script>\n<!-- \/ Yoast SEO plugin. -->","yoast_head_json":{"title":"Radial-Feinstfilter MO2 mit Aktivator - MFT Mikrofiltertechnik GmbH","robots":{"index":"index","follow":"follow","max-snippet":"max-snippet:-1","max-image-preview":"max-image-preview:large","max-video-preview":"max-video-preview:-1"},"canonical":"https:\/\/mikrofiltertechnik.de\/en\/product\/radial-feinstfilter-mo2-mit-aktivator\/","og_locale":"en_GB","og_type":"article","og_title":"Radial-Feinstfilter MO2 mit Aktivator - MFT Mikrofiltertechnik GmbH","og_description":"Gr\u00f6\u00dfe 2 (d120x215mm), Filterfeinheit 1 bzw. 5\u00b5, bestehend aus: Filtergeh\u00e4use mit Halterung, Anschl\u00fcsse Filterseitig M16x1,5 f\u00fcr Schlauch 8\/10mm, Filterpatrone EMO2 und Aktivator 117 mm","og_url":"https:\/\/mikrofiltertechnik.de\/en\/product\/radial-feinstfilter-mo2-mit-aktivator\/","og_site_name":"MFT Mikrofiltertechnik GmbH","article_modified_time":"2024-11-04T03:42:31+00:00","og_image":[{"width":900,"height":600,"url":"https:\/\/mikrofiltertechnik.de\/wp-content\/uploads\/2021\/04\/Radial-Feinstfilter-MO2.png","type":"image\/png"}],"twitter_card":"summary_large_image","twitter_misc":{"Estimated reading time":"1 minute"},"schema":{"@context":"https:\/\/schema.org","@graph":[{"@type":"WebPage","@id":"https:\/\/mikrofiltertechnik.de\/de\/produkt\/radial-feinstfilter-mo2-mit-aktivator","url":"https:\/\/mikrofiltertechnik.de\/de\/produkt\/radial-feinstfilter-mo2-mit-aktivator","name":"Radial-Feinstfilter MO2 mit Aktivator - MFT Mikrofiltertechnik GmbH","isPartOf":{"@id":"http:\/\/mikrofiltertechnik.de\/de\/#website"},"primaryImageOfPage":{"@id":"https:\/\/mikrofiltertechnik.de\/de\/produkt\/radial-feinstfilter-mo2-mit-aktivator#primaryimage"},"image":{"@id":"https:\/\/mikrofiltertechnik.de\/de\/produkt\/radial-feinstfilter-mo2-mit-aktivator#primaryimage"},"thumbnailUrl":"https:\/\/mikrofiltertechnik.de\/wp-content\/uploads\/2021\/04\/Radial-Feinstfilter-MO2.png","datePublished":"2021-04-25T09:49:49+00:00","dateModified":"2024-11-04T03:42:31+00:00","breadcrumb":{"@id":"https:\/\/mikrofiltertechnik.de\/de\/produkt\/radial-feinstfilter-mo2-mit-aktivator#breadcrumb"},"inLanguage":"en-GB","potentialAction":[{"@type":"ReadAction","target":["https:\/\/mikrofiltertechnik.de\/de\/produkt\/radial-feinstfilter-mo2-mit-aktivator"]}]},{"@type":"ImageObject","inLanguage":"en-GB","@id":"https:\/\/mikrofiltertechnik.de\/de\/produkt\/radial-feinstfilter-mo2-mit-aktivator#primaryimage","url":"https:\/\/mikrofiltertechnik.de\/wp-content\/uploads\/2021\/04\/Radial-Feinstfilter-MO2.png","contentUrl":"https:\/\/mikrofiltertechnik.de\/wp-content\/uploads\/2021\/04\/Radial-Feinstfilter-MO2.png","width":900,"height":600},{"@type":"BreadcrumbList","@id":"https:\/\/mikrofiltertechnik.de\/de\/produkt\/radial-feinstfilter-mo2-mit-aktivator#breadcrumb","itemListElement":[{"@type":"ListItem","position":1,"name":"Startseite","item":"https:\/\/mikrofiltertechnik.de\/"},{"@type":"ListItem","position":2,"name":"Shop","item":"https:\/\/mikrofiltertechnik.de\/en\/shop"},{"@type":"ListItem","position":3,"name":"Radial-Feinstfilter MO2 mit Aktivator"}]},{"@type":"WebSite","@id":"http:\/\/mikrofiltertechnik.de\/de\/#website","url":"http:\/\/mikrofiltertechnik.de\/de\/","name":"MFT Mikrofiltertechnik GmbH","description":"Kompetenz in Diesel","publisher":{"@id":"http:\/\/mikrofiltertechnik.de\/de\/#organization"},"potentialAction":[{"@type":"SearchAction","target":{"@type":"EntryPoint","urlTemplate":"http:\/\/mikrofiltertechnik.de\/de\/?s={search_term_string}"},"query-input":{"@type":"PropertyValueSpecification","valueRequired":true,"valueName":"search_term_string"}}],"inLanguage":"en-GB"},{"@type":"Organization","@id":"http:\/\/mikrofiltertechnik.de\/de\/#organization","name":"MFT Mikrofiltertechnik GmbH","url":"http:\/\/mikrofiltertechnik.de\/de\/","logo":{"@type":"ImageObject","inLanguage":"en-GB","@id":"http:\/\/mikrofiltertechnik.de\/de\/#\/schema\/logo\/image\/","url":"https:\/\/mikrofiltertechnik.de\/wp-content\/uploads\/2021\/04\/cropped-logo_vaficon.png","contentUrl":"https:\/\/mikrofiltertechnik.de\/wp-content\/uploads\/2021\/04\/cropped-logo_vaficon.png","width":512,"height":512,"caption":"MFT Mikrofiltertechnik GmbH"},"image":{"@id":"http:\/\/mikrofiltertechnik.de\/de\/#\/schema\/logo\/image\/"}}]}},"_links":{"self":[{"href":"https:\/\/mikrofiltertechnik.de\/en\/wp-json\/wp\/v2\/product\/14110","targetHints":{"allow":["GET"]}}],"collection":[{"href":"https:\/\/mikrofiltertechnik.de\/en\/wp-json\/wp\/v2\/product"}],"about":[{"href":"https:\/\/mikrofiltertechnik.de\/en\/wp-json\/wp\/v2\/types\/product"}],"replies":[{"embeddable":true,"href":"https:\/\/mikrofiltertechnik.de\/en\/wp-json\/wp\/v2\/comments?post=14110"}],"wp:featuredmedia":[{"embeddable":true,"href":"https:\/\/mikrofiltertechnik.de\/en\/wp-json\/wp\/v2\/media\/14109"}],"wp:attachment":[{"href":"https:\/\/mikrofiltertechnik.de\/en\/wp-json\/wp\/v2\/media?parent=14110"}],"wp:term":[{"taxonomy":"product_cat","embeddable":true,"href":"https:\/\/mikrofiltertechnik.de\/en\/wp-json\/wp\/v2\/product_cat?post=14110"},{"taxonomy":"product_tag","embeddable":true,"href":"https:\/\/mikrofiltertechnik.de\/en\/wp-json\/wp\/v2\/product_tag?post=14110"}],"curies":[{"name":"wp","href":"https:\/\/api.w.org\/{rel}","templated":true}]}}