{"id":14126,"date":"2021-04-25T10:33:35","date_gmt":"2021-04-25T10:33:35","guid":{"rendered":"http:\/\/mikrofiltertechnik.de\/?post_type=product&#038;p=14126"},"modified":"2021-09-24T20:52:15","modified_gmt":"2021-09-24T18:52:15","slug":"t-plus-4l-oelvol-synth-045l","status":"publish","type":"product","link":"https:\/\/mikrofiltertechnik.de\/en\/product\/t-plus-4l-oelvol-synth-045l","title":{"rendered":"T-Plus (4l oil vol.\/synth.) (0,45l)"},"content":{"rendered":"<p>Teflon sliding coating to reduce (cold start) wear. Protects the engine and extends its life. For synthetic oil 450ml, for up to 4l oil volume.<\/p>\n<p>Ultra-fine Teflon particles (0.05 microns) are dissolved in a high-quality carrier oil and transported to the extremely stressed areas in the engine and deposited under the external conditions of pressure, heat and friction.<\/p>\n<p>The outstanding properties of T-PLUS bring about:<br \/>\n- Protection of the engine during cold start<br \/>\n- permanent wear reduction<br \/>\n- Life extension of the motor<br \/>\n- Acquisition of emergency running properties<br \/>\n- Increase of the engine power resp.<br \/>\n- Reduction of fuel consumption<br \/>\nT-PLUS is added to the engine oil after an internal engine cleaning and oil change.<\/p>\n<p>You can find more information <a href=\"http:\/\/mikrofiltertechnik.de\/produkte\/oele\/gleitbeschichtung\">HERE<\/a>.<\/p>","protected":false},"excerpt":{"rendered":"<p>Teflon sliding coating to reduce (cold start) wear. Protects the engine and extends its life. For synthetic oil 450ml, for up to 4l oil volume.<\/p>","protected":false},"featured_media":14132,"comment_status":"open","ping_status":"closed","template":"","meta":[],"product_cat":[94],"product_tag":[],"class_list":{"0":"post-14126","1":"product","2":"type-product","3":"status-publish","4":"has-post-thumbnail","6":"product_cat-motoroel-zusaetze","8":"first","9":"instock","10":"taxable","11":"shipping-taxable","12":"purchasable","13":"product-type-simple"},"yoast_head":"<!-- This site is optimized with the Yoast SEO plugin v23.5 - https:\/\/yoast.com\/wordpress\/plugins\/seo\/ -->\n<title>T-Plus (4l \u00f6lvol.\/synth.) (0,45l) - MFT Mikrofiltertechnik GmbH<\/title>\n<meta name=\"robots\" content=\"index, follow, max-snippet:-1, max-image-preview:large, max-video-preview:-1\" \/>\n<link rel=\"canonical\" href=\"https:\/\/mikrofiltertechnik.de\/en\/product\/t-plus-4l-oelvol-synth-045l\/\" \/>\n<meta property=\"og:locale\" content=\"en_GB\" \/>\n<meta property=\"og:type\" content=\"article\" \/>\n<meta property=\"og:title\" content=\"T-Plus (4l \u00f6lvol.\/synth.) (0,45l) - MFT Mikrofiltertechnik GmbH\" \/>\n<meta property=\"og:description\" content=\"Teflon-Gleitbeschichtung zur Reduzierung des (Kaltstart-) Verschlei\u00dfes. Sch\u00fctzt den Motor und verl\u00e4ngert seine Lebensdauer. F\u00fcr synthetische \u00d6l 450ml, f\u00fcr bis zu 4l \u00d6lvolumen\" \/>\n<meta property=\"og:url\" content=\"https:\/\/mikrofiltertechnik.de\/en\/product\/t-plus-4l-oelvol-synth-045l\/\" \/>\n<meta property=\"og:site_name\" content=\"MFT Mikrofiltertechnik GmbH\" \/>\n<meta property=\"article:modified_time\" content=\"2021-09-24T18:52:15+00:00\" \/>\n<meta property=\"og:image\" content=\"https:\/\/mikrofiltertechnik.de\/wp-content\/uploads\/2021\/04\/T-Plus-4ol-synth.png\" \/>\n\t<meta property=\"og:image:width\" content=\"900\" \/>\n\t<meta property=\"og:image:height\" content=\"600\" \/>\n\t<meta property=\"og:image:type\" content=\"image\/png\" \/>\n<meta name=\"twitter:card\" content=\"summary_large_image\" \/>\n<meta name=\"twitter:label1\" content=\"Estimated reading time\" \/>\n\t<meta name=\"twitter:data1\" content=\"1 minute\" \/>\n<script type=\"application\/ld+json\" class=\"yoast-schema-graph\">{\"@context\":\"https:\/\/schema.org\",\"@graph\":[{\"@type\":\"WebPage\",\"@id\":\"http:\/\/mikrofiltertechnik.de\/de\/produkt\/t-plus-4l-oelvol-synth-045l\",\"url\":\"http:\/\/mikrofiltertechnik.de\/de\/produkt\/t-plus-4l-oelvol-synth-045l\",\"name\":\"T-Plus (4l \u00f6lvol.\/synth.) (0,45l) - MFT Mikrofiltertechnik GmbH\",\"isPartOf\":{\"@id\":\"http:\/\/mikrofiltertechnik.de\/de\/#website\"},\"primaryImageOfPage\":{\"@id\":\"http:\/\/mikrofiltertechnik.de\/de\/produkt\/t-plus-4l-oelvol-synth-045l#primaryimage\"},\"image\":{\"@id\":\"http:\/\/mikrofiltertechnik.de\/de\/produkt\/t-plus-4l-oelvol-synth-045l#primaryimage\"},\"thumbnailUrl\":\"https:\/\/mikrofiltertechnik.de\/wp-content\/uploads\/2021\/04\/T-Plus-4ol-synth.png\",\"datePublished\":\"2021-04-25T10:33:35+00:00\",\"dateModified\":\"2021-09-24T18:52:15+00:00\",\"breadcrumb\":{\"@id\":\"http:\/\/mikrofiltertechnik.de\/de\/produkt\/t-plus-4l-oelvol-synth-045l#breadcrumb\"},\"inLanguage\":\"en-GB\",\"potentialAction\":[{\"@type\":\"ReadAction\",\"target\":[\"http:\/\/mikrofiltertechnik.de\/de\/produkt\/t-plus-4l-oelvol-synth-045l\"]}]},{\"@type\":\"ImageObject\",\"inLanguage\":\"en-GB\",\"@id\":\"http:\/\/mikrofiltertechnik.de\/de\/produkt\/t-plus-4l-oelvol-synth-045l#primaryimage\",\"url\":\"https:\/\/mikrofiltertechnik.de\/wp-content\/uploads\/2021\/04\/T-Plus-4ol-synth.png\",\"contentUrl\":\"https:\/\/mikrofiltertechnik.de\/wp-content\/uploads\/2021\/04\/T-Plus-4ol-synth.png\",\"width\":900,\"height\":600},{\"@type\":\"BreadcrumbList\",\"@id\":\"http:\/\/mikrofiltertechnik.de\/de\/produkt\/t-plus-4l-oelvol-synth-045l#breadcrumb\",\"itemListElement\":[{\"@type\":\"ListItem\",\"position\":1,\"name\":\"Startseite\",\"item\":\"https:\/\/mikrofiltertechnik.de\/\"},{\"@type\":\"ListItem\",\"position\":2,\"name\":\"Shop\",\"item\":\"https:\/\/mikrofiltertechnik.de\/en\/shop\"},{\"@type\":\"ListItem\",\"position\":3,\"name\":\"T-Plus (4l \u00f6lvol.\/synth.) (0,45l)\"}]},{\"@type\":\"WebSite\",\"@id\":\"http:\/\/mikrofiltertechnik.de\/de\/#website\",\"url\":\"http:\/\/mikrofiltertechnik.de\/de\/\",\"name\":\"MFT Mikrofiltertechnik GmbH\",\"description\":\"Kompetenz in Diesel\",\"publisher\":{\"@id\":\"http:\/\/mikrofiltertechnik.de\/de\/#organization\"},\"potentialAction\":[{\"@type\":\"SearchAction\",\"target\":{\"@type\":\"EntryPoint\",\"urlTemplate\":\"http:\/\/mikrofiltertechnik.de\/de\/?s={search_term_string}\"},\"query-input\":{\"@type\":\"PropertyValueSpecification\",\"valueRequired\":true,\"valueName\":\"search_term_string\"}}],\"inLanguage\":\"en-GB\"},{\"@type\":\"Organization\",\"@id\":\"http:\/\/mikrofiltertechnik.de\/de\/#organization\",\"name\":\"MFT Mikrofiltertechnik GmbH\",\"url\":\"http:\/\/mikrofiltertechnik.de\/de\/\",\"logo\":{\"@type\":\"ImageObject\",\"inLanguage\":\"en-GB\",\"@id\":\"http:\/\/mikrofiltertechnik.de\/de\/#\/schema\/logo\/image\/\",\"url\":\"https:\/\/mikrofiltertechnik.de\/wp-content\/uploads\/2021\/04\/cropped-logo_vaficon.png\",\"contentUrl\":\"https:\/\/mikrofiltertechnik.de\/wp-content\/uploads\/2021\/04\/cropped-logo_vaficon.png\",\"width\":512,\"height\":512,\"caption\":\"MFT Mikrofiltertechnik GmbH\"},\"image\":{\"@id\":\"http:\/\/mikrofiltertechnik.de\/de\/#\/schema\/logo\/image\/\"}}]}<\/script>\n<!-- \/ Yoast SEO plugin. -->","yoast_head_json":{"title":"T-Plus (4l \u00f6lvol.\/synth.) (0,45l) - MFT Mikrofiltertechnik GmbH","robots":{"index":"index","follow":"follow","max-snippet":"max-snippet:-1","max-image-preview":"max-image-preview:large","max-video-preview":"max-video-preview:-1"},"canonical":"https:\/\/mikrofiltertechnik.de\/en\/product\/t-plus-4l-oelvol-synth-045l\/","og_locale":"en_GB","og_type":"article","og_title":"T-Plus (4l \u00f6lvol.\/synth.) (0,45l) - MFT Mikrofiltertechnik GmbH","og_description":"Teflon-Gleitbeschichtung zur Reduzierung des (Kaltstart-) Verschlei\u00dfes. Sch\u00fctzt den Motor und verl\u00e4ngert seine Lebensdauer. F\u00fcr synthetische \u00d6l 450ml, f\u00fcr bis zu 4l \u00d6lvolumen","og_url":"https:\/\/mikrofiltertechnik.de\/en\/product\/t-plus-4l-oelvol-synth-045l\/","og_site_name":"MFT Mikrofiltertechnik GmbH","article_modified_time":"2021-09-24T18:52:15+00:00","og_image":[{"width":900,"height":600,"url":"https:\/\/mikrofiltertechnik.de\/wp-content\/uploads\/2021\/04\/T-Plus-4ol-synth.png","type":"image\/png"}],"twitter_card":"summary_large_image","twitter_misc":{"Estimated reading time":"1 minute"},"schema":{"@context":"https:\/\/schema.org","@graph":[{"@type":"WebPage","@id":"http:\/\/mikrofiltertechnik.de\/de\/produkt\/t-plus-4l-oelvol-synth-045l","url":"http:\/\/mikrofiltertechnik.de\/de\/produkt\/t-plus-4l-oelvol-synth-045l","name":"T-Plus (4l \u00f6lvol.\/synth.) (0,45l) - MFT Mikrofiltertechnik GmbH","isPartOf":{"@id":"http:\/\/mikrofiltertechnik.de\/de\/#website"},"primaryImageOfPage":{"@id":"http:\/\/mikrofiltertechnik.de\/de\/produkt\/t-plus-4l-oelvol-synth-045l#primaryimage"},"image":{"@id":"http:\/\/mikrofiltertechnik.de\/de\/produkt\/t-plus-4l-oelvol-synth-045l#primaryimage"},"thumbnailUrl":"https:\/\/mikrofiltertechnik.de\/wp-content\/uploads\/2021\/04\/T-Plus-4ol-synth.png","datePublished":"2021-04-25T10:33:35+00:00","dateModified":"2021-09-24T18:52:15+00:00","breadcrumb":{"@id":"http:\/\/mikrofiltertechnik.de\/de\/produkt\/t-plus-4l-oelvol-synth-045l#breadcrumb"},"inLanguage":"en-GB","potentialAction":[{"@type":"ReadAction","target":["http:\/\/mikrofiltertechnik.de\/de\/produkt\/t-plus-4l-oelvol-synth-045l"]}]},{"@type":"ImageObject","inLanguage":"en-GB","@id":"http:\/\/mikrofiltertechnik.de\/de\/produkt\/t-plus-4l-oelvol-synth-045l#primaryimage","url":"https:\/\/mikrofiltertechnik.de\/wp-content\/uploads\/2021\/04\/T-Plus-4ol-synth.png","contentUrl":"https:\/\/mikrofiltertechnik.de\/wp-content\/uploads\/2021\/04\/T-Plus-4ol-synth.png","width":900,"height":600},{"@type":"BreadcrumbList","@id":"http:\/\/mikrofiltertechnik.de\/de\/produkt\/t-plus-4l-oelvol-synth-045l#breadcrumb","itemListElement":[{"@type":"ListItem","position":1,"name":"Startseite","item":"https:\/\/mikrofiltertechnik.de\/"},{"@type":"ListItem","position":2,"name":"Shop","item":"https:\/\/mikrofiltertechnik.de\/en\/shop"},{"@type":"ListItem","position":3,"name":"T-Plus (4l \u00f6lvol.\/synth.) (0,45l)"}]},{"@type":"WebSite","@id":"http:\/\/mikrofiltertechnik.de\/de\/#website","url":"http:\/\/mikrofiltertechnik.de\/de\/","name":"MFT Mikrofiltertechnik GmbH","description":"Kompetenz in Diesel","publisher":{"@id":"http:\/\/mikrofiltertechnik.de\/de\/#organization"},"potentialAction":[{"@type":"SearchAction","target":{"@type":"EntryPoint","urlTemplate":"http:\/\/mikrofiltertechnik.de\/de\/?s={search_term_string}"},"query-input":{"@type":"PropertyValueSpecification","valueRequired":true,"valueName":"search_term_string"}}],"inLanguage":"en-GB"},{"@type":"Organization","@id":"http:\/\/mikrofiltertechnik.de\/de\/#organization","name":"MFT Mikrofiltertechnik GmbH","url":"http:\/\/mikrofiltertechnik.de\/de\/","logo":{"@type":"ImageObject","inLanguage":"en-GB","@id":"http:\/\/mikrofiltertechnik.de\/de\/#\/schema\/logo\/image\/","url":"https:\/\/mikrofiltertechnik.de\/wp-content\/uploads\/2021\/04\/cropped-logo_vaficon.png","contentUrl":"https:\/\/mikrofiltertechnik.de\/wp-content\/uploads\/2021\/04\/cropped-logo_vaficon.png","width":512,"height":512,"caption":"MFT Mikrofiltertechnik GmbH"},"image":{"@id":"http:\/\/mikrofiltertechnik.de\/de\/#\/schema\/logo\/image\/"}}]}},"_links":{"self":[{"href":"https:\/\/mikrofiltertechnik.de\/en\/wp-json\/wp\/v2\/product\/14126","targetHints":{"allow":["GET"]}}],"collection":[{"href":"https:\/\/mikrofiltertechnik.de\/en\/wp-json\/wp\/v2\/product"}],"about":[{"href":"https:\/\/mikrofiltertechnik.de\/en\/wp-json\/wp\/v2\/types\/product"}],"replies":[{"embeddable":true,"href":"https:\/\/mikrofiltertechnik.de\/en\/wp-json\/wp\/v2\/comments?post=14126"}],"wp:featuredmedia":[{"embeddable":true,"href":"https:\/\/mikrofiltertechnik.de\/en\/wp-json\/wp\/v2\/media\/14132"}],"wp:attachment":[{"href":"https:\/\/mikrofiltertechnik.de\/en\/wp-json\/wp\/v2\/media?parent=14126"}],"wp:term":[{"taxonomy":"product_cat","embeddable":true,"href":"https:\/\/mikrofiltertechnik.de\/en\/wp-json\/wp\/v2\/product_cat?post=14126"},{"taxonomy":"product_tag","embeddable":true,"href":"https:\/\/mikrofiltertechnik.de\/en\/wp-json\/wp\/v2\/product_tag?post=14126"}],"curies":[{"name":"wp","href":"https:\/\/api.w.org\/{rel}","templated":true}]}}