{"id":14137,"date":"2021-04-25T10:55:39","date_gmt":"2021-04-25T10:55:39","guid":{"rendered":"http:\/\/mikrofiltertechnik.de\/?post_type=product&#038;p=14137"},"modified":"2025-04-29T11:31:18","modified_gmt":"2025-04-29T09:31:18","slug":"fit-safe-motorinnenreiniger-04l","status":"publish","type":"product","link":"https:\/\/mikrofiltertechnik.de\/en\/product\/fit-safe-motorinnenreiniger-04l","title":{"rendered":"Fit + Safe Engine Interior Cleaner (0.4l)"},"content":{"rendered":"<p>Internal engine cleaner for cleaning the oil circuit. Removes deposits, improves exhaust gas values and compression, increases engine performance. 400ml can (enough for 5l oil volume).<\/p>\n<p>MOTOR-FIT cleans the engine of oil sludge and slag and completely removes deposits, residues and dirt from all internal surfaces of the engine.<\/p>\n<p>Resulting in:<br \/>\n- up to 70% less pollutant emission<br \/>\n- up to 10% less fuel consumption<br \/>\n- secured oil supply, lubrication and oil cooling<br \/>\n- Improved oil quality<br \/>\n- Protection against insufficient lubrication and engine damage<br \/>\n\u2013 Protection of the catalyst<br \/>\n- Full engine power through optimum compression<\/p>\n<p>You can find more information <a href=\"http:\/\/mikrofiltertechnik.de\/produkte\/oele\/motorinnenreinigung\">HERE<\/a>.<\/p>","protected":false},"excerpt":{"rendered":"<p>Internal engine cleaner for cleaning the oil circuit. Removes deposits, improves exhaust gas values and compression, increases engine performance. 400ml can (enough for 5l oil volume).<\/p>","protected":false},"featured_media":14139,"comment_status":"open","ping_status":"closed","template":"","meta":[],"product_cat":[108,94],"product_tag":[],"class_list":{"0":"post-14137","1":"product","2":"type-product","3":"status-publish","4":"has-post-thumbnail","6":"product_cat-aktions-produkte","7":"product_cat-motoroel-zusaetze","9":"first","10":"outofstock","11":"sale","12":"taxable","13":"shipping-taxable","14":"purchasable","15":"product-type-simple"},"yoast_head":"<!-- This site is optimized with the Yoast SEO plugin v23.5 - https:\/\/yoast.com\/wordpress\/plugins\/seo\/ -->\n<title>Fit + Safe Motorinnenreiniger (0,4l) - MFT Mikrofiltertechnik GmbH<\/title>\n<meta name=\"robots\" content=\"index, follow, max-snippet:-1, max-image-preview:large, max-video-preview:-1\" \/>\n<link rel=\"canonical\" href=\"https:\/\/mikrofiltertechnik.de\/en\/product\/fit-safe-motorinnenreiniger-04l\/\" \/>\n<meta property=\"og:locale\" content=\"en_GB\" \/>\n<meta property=\"og:type\" content=\"article\" \/>\n<meta property=\"og:title\" content=\"Fit + Safe Motorinnenreiniger (0,4l) - MFT Mikrofiltertechnik GmbH\" \/>\n<meta property=\"og:description\" content=\"Motorinnenreiniger zur S\u00e4uberung des \u00d6lkreislaufes. Entfernt Ablagerungen, verbessert die Abgaswerte und die Kompression, erh\u00f6ht die Motorleistung. 400ml Dose (reicht f\u00fcr 5l \u00d6lvolumen)\" \/>\n<meta property=\"og:url\" content=\"https:\/\/mikrofiltertechnik.de\/en\/product\/fit-safe-motorinnenreiniger-04l\/\" \/>\n<meta property=\"og:site_name\" content=\"MFT Mikrofiltertechnik GmbH\" \/>\n<meta property=\"article:modified_time\" content=\"2025-04-29T09:31:18+00:00\" \/>\n<meta property=\"og:image\" content=\"https:\/\/mikrofiltertechnik.de\/wp-content\/uploads\/2021\/04\/Fit-Safe-Motorinnenreiniger-04l.png\" \/>\n\t<meta property=\"og:image:width\" content=\"900\" \/>\n\t<meta property=\"og:image:height\" content=\"600\" \/>\n\t<meta property=\"og:image:type\" content=\"image\/png\" \/>\n<meta name=\"twitter:card\" content=\"summary_large_image\" \/>\n<meta name=\"twitter:label1\" content=\"Estimated reading time\" \/>\n\t<meta name=\"twitter:data1\" content=\"1 minute\" \/>\n<script type=\"application\/ld+json\" class=\"yoast-schema-graph\">{\"@context\":\"https:\/\/schema.org\",\"@graph\":[{\"@type\":\"WebPage\",\"@id\":\"https:\/\/mikrofiltertechnik.de\/produkt\/fit-safe-motorinnenreiniger-04l\",\"url\":\"https:\/\/mikrofiltertechnik.de\/produkt\/fit-safe-motorinnenreiniger-04l\",\"name\":\"Fit + Safe Motorinnenreiniger (0,4l) - MFT Mikrofiltertechnik GmbH\",\"isPartOf\":{\"@id\":\"http:\/\/mikrofiltertechnik.de\/de\/#website\"},\"primaryImageOfPage\":{\"@id\":\"https:\/\/mikrofiltertechnik.de\/produkt\/fit-safe-motorinnenreiniger-04l#primaryimage\"},\"image\":{\"@id\":\"https:\/\/mikrofiltertechnik.de\/produkt\/fit-safe-motorinnenreiniger-04l#primaryimage\"},\"thumbnailUrl\":\"https:\/\/mikrofiltertechnik.de\/wp-content\/uploads\/2021\/04\/Fit-Safe-Motorinnenreiniger-04l.png\",\"datePublished\":\"2021-04-25T10:55:39+00:00\",\"dateModified\":\"2025-04-29T09:31:18+00:00\",\"breadcrumb\":{\"@id\":\"https:\/\/mikrofiltertechnik.de\/produkt\/fit-safe-motorinnenreiniger-04l#breadcrumb\"},\"inLanguage\":\"en-GB\",\"potentialAction\":[{\"@type\":\"ReadAction\",\"target\":[\"https:\/\/mikrofiltertechnik.de\/produkt\/fit-safe-motorinnenreiniger-04l\"]}]},{\"@type\":\"ImageObject\",\"inLanguage\":\"en-GB\",\"@id\":\"https:\/\/mikrofiltertechnik.de\/produkt\/fit-safe-motorinnenreiniger-04l#primaryimage\",\"url\":\"https:\/\/mikrofiltertechnik.de\/wp-content\/uploads\/2021\/04\/Fit-Safe-Motorinnenreiniger-04l.png\",\"contentUrl\":\"https:\/\/mikrofiltertechnik.de\/wp-content\/uploads\/2021\/04\/Fit-Safe-Motorinnenreiniger-04l.png\",\"width\":900,\"height\":600},{\"@type\":\"BreadcrumbList\",\"@id\":\"https:\/\/mikrofiltertechnik.de\/produkt\/fit-safe-motorinnenreiniger-04l#breadcrumb\",\"itemListElement\":[{\"@type\":\"ListItem\",\"position\":1,\"name\":\"Startseite\",\"item\":\"https:\/\/mikrofiltertechnik.de\/\"},{\"@type\":\"ListItem\",\"position\":2,\"name\":\"Shop\",\"item\":\"https:\/\/mikrofiltertechnik.de\/en\/shop\"},{\"@type\":\"ListItem\",\"position\":3,\"name\":\"Fit + Safe Motorinnenreiniger (0,4l)\"}]},{\"@type\":\"WebSite\",\"@id\":\"http:\/\/mikrofiltertechnik.de\/de\/#website\",\"url\":\"http:\/\/mikrofiltertechnik.de\/de\/\",\"name\":\"MFT Mikrofiltertechnik GmbH\",\"description\":\"Kompetenz in Diesel\",\"publisher\":{\"@id\":\"http:\/\/mikrofiltertechnik.de\/de\/#organization\"},\"potentialAction\":[{\"@type\":\"SearchAction\",\"target\":{\"@type\":\"EntryPoint\",\"urlTemplate\":\"http:\/\/mikrofiltertechnik.de\/de\/?s={search_term_string}\"},\"query-input\":{\"@type\":\"PropertyValueSpecification\",\"valueRequired\":true,\"valueName\":\"search_term_string\"}}],\"inLanguage\":\"en-GB\"},{\"@type\":\"Organization\",\"@id\":\"http:\/\/mikrofiltertechnik.de\/de\/#organization\",\"name\":\"MFT Mikrofiltertechnik GmbH\",\"url\":\"http:\/\/mikrofiltertechnik.de\/de\/\",\"logo\":{\"@type\":\"ImageObject\",\"inLanguage\":\"en-GB\",\"@id\":\"http:\/\/mikrofiltertechnik.de\/de\/#\/schema\/logo\/image\/\",\"url\":\"https:\/\/mikrofiltertechnik.de\/wp-content\/uploads\/2021\/04\/cropped-logo_vaficon.png\",\"contentUrl\":\"https:\/\/mikrofiltertechnik.de\/wp-content\/uploads\/2021\/04\/cropped-logo_vaficon.png\",\"width\":512,\"height\":512,\"caption\":\"MFT Mikrofiltertechnik GmbH\"},\"image\":{\"@id\":\"http:\/\/mikrofiltertechnik.de\/de\/#\/schema\/logo\/image\/\"}}]}<\/script>\n<!-- \/ Yoast SEO plugin. -->","yoast_head_json":{"title":"Fit + Safe Motorinnenreiniger (0,4l) - MFT Mikrofiltertechnik GmbH","robots":{"index":"index","follow":"follow","max-snippet":"max-snippet:-1","max-image-preview":"max-image-preview:large","max-video-preview":"max-video-preview:-1"},"canonical":"https:\/\/mikrofiltertechnik.de\/en\/product\/fit-safe-motorinnenreiniger-04l\/","og_locale":"en_GB","og_type":"article","og_title":"Fit + Safe Motorinnenreiniger (0,4l) - MFT Mikrofiltertechnik GmbH","og_description":"Motorinnenreiniger zur S\u00e4uberung des \u00d6lkreislaufes. Entfernt Ablagerungen, verbessert die Abgaswerte und die Kompression, erh\u00f6ht die Motorleistung. 400ml Dose (reicht f\u00fcr 5l \u00d6lvolumen)","og_url":"https:\/\/mikrofiltertechnik.de\/en\/product\/fit-safe-motorinnenreiniger-04l\/","og_site_name":"MFT Mikrofiltertechnik GmbH","article_modified_time":"2025-04-29T09:31:18+00:00","og_image":[{"width":900,"height":600,"url":"https:\/\/mikrofiltertechnik.de\/wp-content\/uploads\/2021\/04\/Fit-Safe-Motorinnenreiniger-04l.png","type":"image\/png"}],"twitter_card":"summary_large_image","twitter_misc":{"Estimated reading time":"1 minute"},"schema":{"@context":"https:\/\/schema.org","@graph":[{"@type":"WebPage","@id":"https:\/\/mikrofiltertechnik.de\/produkt\/fit-safe-motorinnenreiniger-04l","url":"https:\/\/mikrofiltertechnik.de\/produkt\/fit-safe-motorinnenreiniger-04l","name":"Fit + Safe Motorinnenreiniger (0,4l) - MFT Mikrofiltertechnik GmbH","isPartOf":{"@id":"http:\/\/mikrofiltertechnik.de\/de\/#website"},"primaryImageOfPage":{"@id":"https:\/\/mikrofiltertechnik.de\/produkt\/fit-safe-motorinnenreiniger-04l#primaryimage"},"image":{"@id":"https:\/\/mikrofiltertechnik.de\/produkt\/fit-safe-motorinnenreiniger-04l#primaryimage"},"thumbnailUrl":"https:\/\/mikrofiltertechnik.de\/wp-content\/uploads\/2021\/04\/Fit-Safe-Motorinnenreiniger-04l.png","datePublished":"2021-04-25T10:55:39+00:00","dateModified":"2025-04-29T09:31:18+00:00","breadcrumb":{"@id":"https:\/\/mikrofiltertechnik.de\/produkt\/fit-safe-motorinnenreiniger-04l#breadcrumb"},"inLanguage":"en-GB","potentialAction":[{"@type":"ReadAction","target":["https:\/\/mikrofiltertechnik.de\/produkt\/fit-safe-motorinnenreiniger-04l"]}]},{"@type":"ImageObject","inLanguage":"en-GB","@id":"https:\/\/mikrofiltertechnik.de\/produkt\/fit-safe-motorinnenreiniger-04l#primaryimage","url":"https:\/\/mikrofiltertechnik.de\/wp-content\/uploads\/2021\/04\/Fit-Safe-Motorinnenreiniger-04l.png","contentUrl":"https:\/\/mikrofiltertechnik.de\/wp-content\/uploads\/2021\/04\/Fit-Safe-Motorinnenreiniger-04l.png","width":900,"height":600},{"@type":"BreadcrumbList","@id":"https:\/\/mikrofiltertechnik.de\/produkt\/fit-safe-motorinnenreiniger-04l#breadcrumb","itemListElement":[{"@type":"ListItem","position":1,"name":"Startseite","item":"https:\/\/mikrofiltertechnik.de\/"},{"@type":"ListItem","position":2,"name":"Shop","item":"https:\/\/mikrofiltertechnik.de\/en\/shop"},{"@type":"ListItem","position":3,"name":"Fit + Safe Motorinnenreiniger (0,4l)"}]},{"@type":"WebSite","@id":"http:\/\/mikrofiltertechnik.de\/de\/#website","url":"http:\/\/mikrofiltertechnik.de\/de\/","name":"MFT Mikrofiltertechnik GmbH","description":"Kompetenz in Diesel","publisher":{"@id":"http:\/\/mikrofiltertechnik.de\/de\/#organization"},"potentialAction":[{"@type":"SearchAction","target":{"@type":"EntryPoint","urlTemplate":"http:\/\/mikrofiltertechnik.de\/de\/?s={search_term_string}"},"query-input":{"@type":"PropertyValueSpecification","valueRequired":true,"valueName":"search_term_string"}}],"inLanguage":"en-GB"},{"@type":"Organization","@id":"http:\/\/mikrofiltertechnik.de\/de\/#organization","name":"MFT Mikrofiltertechnik GmbH","url":"http:\/\/mikrofiltertechnik.de\/de\/","logo":{"@type":"ImageObject","inLanguage":"en-GB","@id":"http:\/\/mikrofiltertechnik.de\/de\/#\/schema\/logo\/image\/","url":"https:\/\/mikrofiltertechnik.de\/wp-content\/uploads\/2021\/04\/cropped-logo_vaficon.png","contentUrl":"https:\/\/mikrofiltertechnik.de\/wp-content\/uploads\/2021\/04\/cropped-logo_vaficon.png","width":512,"height":512,"caption":"MFT Mikrofiltertechnik GmbH"},"image":{"@id":"http:\/\/mikrofiltertechnik.de\/de\/#\/schema\/logo\/image\/"}}]}},"_links":{"self":[{"href":"https:\/\/mikrofiltertechnik.de\/en\/wp-json\/wp\/v2\/product\/14137","targetHints":{"allow":["GET"]}}],"collection":[{"href":"https:\/\/mikrofiltertechnik.de\/en\/wp-json\/wp\/v2\/product"}],"about":[{"href":"https:\/\/mikrofiltertechnik.de\/en\/wp-json\/wp\/v2\/types\/product"}],"replies":[{"embeddable":true,"href":"https:\/\/mikrofiltertechnik.de\/en\/wp-json\/wp\/v2\/comments?post=14137"}],"wp:featuredmedia":[{"embeddable":true,"href":"https:\/\/mikrofiltertechnik.de\/en\/wp-json\/wp\/v2\/media\/14139"}],"wp:attachment":[{"href":"https:\/\/mikrofiltertechnik.de\/en\/wp-json\/wp\/v2\/media?parent=14137"}],"wp:term":[{"taxonomy":"product_cat","embeddable":true,"href":"https:\/\/mikrofiltertechnik.de\/en\/wp-json\/wp\/v2\/product_cat?post=14137"},{"taxonomy":"product_tag","embeddable":true,"href":"https:\/\/mikrofiltertechnik.de\/en\/wp-json\/wp\/v2\/product_tag?post=14137"}],"curies":[{"name":"wp","href":"https:\/\/api.w.org\/{rel}","templated":true}]}}