{"id":14140,"date":"2021-04-25T11:08:26","date_gmt":"2021-04-25T11:08:26","guid":{"rendered":"http:\/\/mikrofiltertechnik.de\/?post_type=product&#038;p=14140"},"modified":"2021-09-24T10:21:00","modified_gmt":"2021-09-24T08:21:00","slug":"radial-feinstfilter-sr5ma-inkl-anschluesse","status":"publish","type":"product","link":"https:\/\/mikrofiltertechnik.de\/en\/product\/radial-feinstfilter-sr5ma-inkl-anschluesse","title":{"rendered":"SR5MA radial fine filter (incl. connections)"},"content":{"rendered":"<p>(up to 5l oil volume), consisting of:<\/p>\n<p>Filter system including one cartridge, Vario holder, mounting kit, quick-connect couplings, hose and connections on the engine side.<\/p>\n<p>Due to the filter fineness of 1\u00b5, the SR removes all abrasive particles as well as other impurities and water from the engine oil. This leads to a reduction in wear in the engine and a longer usability of the oil - and up to 100,000 km!<\/p>\n<p>You can find more information <a href=\"http:\/\/mikrofiltertechnik.de\/produkte\/oele\/sr-feinstfilter\">HERE<\/a>.<\/p>","protected":false},"excerpt":{"rendered":"<p>(up to 5l oil volume), consisting of: Filter system including one cartridge, Vario holder, mounting kit, quick-connect couplings, hose and connections on the engine side.<\/p>","protected":false},"featured_media":14141,"comment_status":"open","ping_status":"closed","template":"","meta":[],"product_cat":[95,96],"product_tag":[],"class_list":{"0":"post-14140","1":"product","2":"type-product","3":"status-publish","4":"has-post-thumbnail","6":"product_cat-nebenstrom-feinstfilter-sr","7":"product_cat-feinstfilter-sr-gehaeuse","9":"first","10":"outofstock","11":"taxable","12":"shipping-taxable","13":"purchasable","14":"product-type-simple"},"yoast_head":"<!-- This site is optimized with the Yoast SEO plugin v23.5 - https:\/\/yoast.com\/wordpress\/plugins\/seo\/ -->\n<title>Radial-Feinstfilter SR5MA (inkl. Anschl\u00fcsse) - MFT Mikrofiltertechnik GmbH<\/title>\n<meta name=\"robots\" content=\"index, follow, max-snippet:-1, max-image-preview:large, max-video-preview:-1\" \/>\n<link rel=\"canonical\" href=\"https:\/\/mikrofiltertechnik.de\/en\/product\/radial-feinstfilter-sr5ma-inkl-anschluesse\/\" \/>\n<meta property=\"og:locale\" content=\"en_GB\" \/>\n<meta property=\"og:type\" content=\"article\" \/>\n<meta property=\"og:title\" content=\"Radial-Feinstfilter SR5MA (inkl. Anschl\u00fcsse) - MFT Mikrofiltertechnik GmbH\" \/>\n<meta property=\"og:description\" content=\"(bis 5l \u00d6lvolumen), bestehend aus: Filtersystem inklusive einer Patrone, Variohalterung, Montagekit, Schnellverschlu\u00dfkupplungen, Schlauch und motorseitigen Anschl\u00fcssen.\" \/>\n<meta property=\"og:url\" content=\"https:\/\/mikrofiltertechnik.de\/en\/product\/radial-feinstfilter-sr5ma-inkl-anschluesse\/\" \/>\n<meta property=\"og:site_name\" content=\"MFT Mikrofiltertechnik GmbH\" \/>\n<meta property=\"article:modified_time\" content=\"2021-09-24T08:21:00+00:00\" \/>\n<meta property=\"og:image\" content=\"https:\/\/mikrofiltertechnik.de\/wp-content\/uploads\/2021\/04\/Radial-Feinstfilter-SR5MA-inkl.-Anschlu\u0308sse.png\" \/>\n\t<meta property=\"og:image:width\" content=\"900\" \/>\n\t<meta property=\"og:image:height\" content=\"600\" \/>\n\t<meta property=\"og:image:type\" content=\"image\/png\" \/>\n<meta name=\"twitter:card\" content=\"summary_large_image\" \/>\n<script type=\"application\/ld+json\" class=\"yoast-schema-graph\">{\"@context\":\"https:\/\/schema.org\",\"@graph\":[{\"@type\":\"WebPage\",\"@id\":\"http:\/\/mikrofiltertechnik.de\/de\/produkt\/radial-feinstfilter-sr5ma-inkl-anschluesse\",\"url\":\"http:\/\/mikrofiltertechnik.de\/de\/produkt\/radial-feinstfilter-sr5ma-inkl-anschluesse\",\"name\":\"Radial-Feinstfilter SR5MA (inkl. Anschl\u00fcsse) - MFT Mikrofiltertechnik GmbH\",\"isPartOf\":{\"@id\":\"http:\/\/mikrofiltertechnik.de\/de\/#website\"},\"primaryImageOfPage\":{\"@id\":\"http:\/\/mikrofiltertechnik.de\/de\/produkt\/radial-feinstfilter-sr5ma-inkl-anschluesse#primaryimage\"},\"image\":{\"@id\":\"http:\/\/mikrofiltertechnik.de\/de\/produkt\/radial-feinstfilter-sr5ma-inkl-anschluesse#primaryimage\"},\"thumbnailUrl\":\"https:\/\/mikrofiltertechnik.de\/wp-content\/uploads\/2021\/04\/Radial-Feinstfilter-SR5MA-inkl.-Anschlu\u0308sse.png\",\"datePublished\":\"2021-04-25T11:08:26+00:00\",\"dateModified\":\"2021-09-24T08:21:00+00:00\",\"breadcrumb\":{\"@id\":\"http:\/\/mikrofiltertechnik.de\/de\/produkt\/radial-feinstfilter-sr5ma-inkl-anschluesse#breadcrumb\"},\"inLanguage\":\"en-GB\",\"potentialAction\":[{\"@type\":\"ReadAction\",\"target\":[\"http:\/\/mikrofiltertechnik.de\/de\/produkt\/radial-feinstfilter-sr5ma-inkl-anschluesse\"]}]},{\"@type\":\"ImageObject\",\"inLanguage\":\"en-GB\",\"@id\":\"http:\/\/mikrofiltertechnik.de\/de\/produkt\/radial-feinstfilter-sr5ma-inkl-anschluesse#primaryimage\",\"url\":\"https:\/\/mikrofiltertechnik.de\/wp-content\/uploads\/2021\/04\/Radial-Feinstfilter-SR5MA-inkl.-Anschlu\u0308sse.png\",\"contentUrl\":\"https:\/\/mikrofiltertechnik.de\/wp-content\/uploads\/2021\/04\/Radial-Feinstfilter-SR5MA-inkl.-Anschlu\u0308sse.png\",\"width\":900,\"height\":600},{\"@type\":\"BreadcrumbList\",\"@id\":\"http:\/\/mikrofiltertechnik.de\/de\/produkt\/radial-feinstfilter-sr5ma-inkl-anschluesse#breadcrumb\",\"itemListElement\":[{\"@type\":\"ListItem\",\"position\":1,\"name\":\"Startseite\",\"item\":\"https:\/\/mikrofiltertechnik.de\/\"},{\"@type\":\"ListItem\",\"position\":2,\"name\":\"Shop\",\"item\":\"https:\/\/mikrofiltertechnik.de\/en\/shop\"},{\"@type\":\"ListItem\",\"position\":3,\"name\":\"Radial-Feinstfilter SR5MA (inkl. Anschl\u00fcsse)\"}]},{\"@type\":\"WebSite\",\"@id\":\"http:\/\/mikrofiltertechnik.de\/de\/#website\",\"url\":\"http:\/\/mikrofiltertechnik.de\/de\/\",\"name\":\"MFT Mikrofiltertechnik GmbH\",\"description\":\"Kompetenz in Diesel\",\"publisher\":{\"@id\":\"http:\/\/mikrofiltertechnik.de\/de\/#organization\"},\"potentialAction\":[{\"@type\":\"SearchAction\",\"target\":{\"@type\":\"EntryPoint\",\"urlTemplate\":\"http:\/\/mikrofiltertechnik.de\/de\/?s={search_term_string}\"},\"query-input\":{\"@type\":\"PropertyValueSpecification\",\"valueRequired\":true,\"valueName\":\"search_term_string\"}}],\"inLanguage\":\"en-GB\"},{\"@type\":\"Organization\",\"@id\":\"http:\/\/mikrofiltertechnik.de\/de\/#organization\",\"name\":\"MFT Mikrofiltertechnik GmbH\",\"url\":\"http:\/\/mikrofiltertechnik.de\/de\/\",\"logo\":{\"@type\":\"ImageObject\",\"inLanguage\":\"en-GB\",\"@id\":\"http:\/\/mikrofiltertechnik.de\/de\/#\/schema\/logo\/image\/\",\"url\":\"https:\/\/mikrofiltertechnik.de\/wp-content\/uploads\/2021\/04\/cropped-logo_vaficon.png\",\"contentUrl\":\"https:\/\/mikrofiltertechnik.de\/wp-content\/uploads\/2021\/04\/cropped-logo_vaficon.png\",\"width\":512,\"height\":512,\"caption\":\"MFT Mikrofiltertechnik GmbH\"},\"image\":{\"@id\":\"http:\/\/mikrofiltertechnik.de\/de\/#\/schema\/logo\/image\/\"}}]}<\/script>\n<!-- \/ Yoast SEO plugin. -->","yoast_head_json":{"title":"Radial-Feinstfilter SR5MA (inkl. Anschl\u00fcsse) - MFT Mikrofiltertechnik GmbH","robots":{"index":"index","follow":"follow","max-snippet":"max-snippet:-1","max-image-preview":"max-image-preview:large","max-video-preview":"max-video-preview:-1"},"canonical":"https:\/\/mikrofiltertechnik.de\/en\/product\/radial-feinstfilter-sr5ma-inkl-anschluesse\/","og_locale":"en_GB","og_type":"article","og_title":"Radial-Feinstfilter SR5MA (inkl. Anschl\u00fcsse) - MFT Mikrofiltertechnik GmbH","og_description":"(bis 5l \u00d6lvolumen), bestehend aus: Filtersystem inklusive einer Patrone, Variohalterung, Montagekit, Schnellverschlu\u00dfkupplungen, Schlauch und motorseitigen Anschl\u00fcssen.","og_url":"https:\/\/mikrofiltertechnik.de\/en\/product\/radial-feinstfilter-sr5ma-inkl-anschluesse\/","og_site_name":"MFT Mikrofiltertechnik GmbH","article_modified_time":"2021-09-24T08:21:00+00:00","og_image":[{"width":900,"height":600,"url":"https:\/\/mikrofiltertechnik.de\/wp-content\/uploads\/2021\/04\/Radial-Feinstfilter-SR5MA-inkl.-Anschlu\u0308sse.png","type":"image\/png"}],"twitter_card":"summary_large_image","schema":{"@context":"https:\/\/schema.org","@graph":[{"@type":"WebPage","@id":"http:\/\/mikrofiltertechnik.de\/de\/produkt\/radial-feinstfilter-sr5ma-inkl-anschluesse","url":"http:\/\/mikrofiltertechnik.de\/de\/produkt\/radial-feinstfilter-sr5ma-inkl-anschluesse","name":"Radial-Feinstfilter SR5MA (inkl. Anschl\u00fcsse) - MFT Mikrofiltertechnik GmbH","isPartOf":{"@id":"http:\/\/mikrofiltertechnik.de\/de\/#website"},"primaryImageOfPage":{"@id":"http:\/\/mikrofiltertechnik.de\/de\/produkt\/radial-feinstfilter-sr5ma-inkl-anschluesse#primaryimage"},"image":{"@id":"http:\/\/mikrofiltertechnik.de\/de\/produkt\/radial-feinstfilter-sr5ma-inkl-anschluesse#primaryimage"},"thumbnailUrl":"https:\/\/mikrofiltertechnik.de\/wp-content\/uploads\/2021\/04\/Radial-Feinstfilter-SR5MA-inkl.-Anschlu\u0308sse.png","datePublished":"2021-04-25T11:08:26+00:00","dateModified":"2021-09-24T08:21:00+00:00","breadcrumb":{"@id":"http:\/\/mikrofiltertechnik.de\/de\/produkt\/radial-feinstfilter-sr5ma-inkl-anschluesse#breadcrumb"},"inLanguage":"en-GB","potentialAction":[{"@type":"ReadAction","target":["http:\/\/mikrofiltertechnik.de\/de\/produkt\/radial-feinstfilter-sr5ma-inkl-anschluesse"]}]},{"@type":"ImageObject","inLanguage":"en-GB","@id":"http:\/\/mikrofiltertechnik.de\/de\/produkt\/radial-feinstfilter-sr5ma-inkl-anschluesse#primaryimage","url":"https:\/\/mikrofiltertechnik.de\/wp-content\/uploads\/2021\/04\/Radial-Feinstfilter-SR5MA-inkl.-Anschlu\u0308sse.png","contentUrl":"https:\/\/mikrofiltertechnik.de\/wp-content\/uploads\/2021\/04\/Radial-Feinstfilter-SR5MA-inkl.-Anschlu\u0308sse.png","width":900,"height":600},{"@type":"BreadcrumbList","@id":"http:\/\/mikrofiltertechnik.de\/de\/produkt\/radial-feinstfilter-sr5ma-inkl-anschluesse#breadcrumb","itemListElement":[{"@type":"ListItem","position":1,"name":"Startseite","item":"https:\/\/mikrofiltertechnik.de\/"},{"@type":"ListItem","position":2,"name":"Shop","item":"https:\/\/mikrofiltertechnik.de\/en\/shop"},{"@type":"ListItem","position":3,"name":"Radial-Feinstfilter SR5MA (inkl. Anschl\u00fcsse)"}]},{"@type":"WebSite","@id":"http:\/\/mikrofiltertechnik.de\/de\/#website","url":"http:\/\/mikrofiltertechnik.de\/de\/","name":"MFT Mikrofiltertechnik GmbH","description":"Kompetenz in Diesel","publisher":{"@id":"http:\/\/mikrofiltertechnik.de\/de\/#organization"},"potentialAction":[{"@type":"SearchAction","target":{"@type":"EntryPoint","urlTemplate":"http:\/\/mikrofiltertechnik.de\/de\/?s={search_term_string}"},"query-input":{"@type":"PropertyValueSpecification","valueRequired":true,"valueName":"search_term_string"}}],"inLanguage":"en-GB"},{"@type":"Organization","@id":"http:\/\/mikrofiltertechnik.de\/de\/#organization","name":"MFT Mikrofiltertechnik GmbH","url":"http:\/\/mikrofiltertechnik.de\/de\/","logo":{"@type":"ImageObject","inLanguage":"en-GB","@id":"http:\/\/mikrofiltertechnik.de\/de\/#\/schema\/logo\/image\/","url":"https:\/\/mikrofiltertechnik.de\/wp-content\/uploads\/2021\/04\/cropped-logo_vaficon.png","contentUrl":"https:\/\/mikrofiltertechnik.de\/wp-content\/uploads\/2021\/04\/cropped-logo_vaficon.png","width":512,"height":512,"caption":"MFT Mikrofiltertechnik GmbH"},"image":{"@id":"http:\/\/mikrofiltertechnik.de\/de\/#\/schema\/logo\/image\/"}}]}},"_links":{"self":[{"href":"https:\/\/mikrofiltertechnik.de\/en\/wp-json\/wp\/v2\/product\/14140","targetHints":{"allow":["GET"]}}],"collection":[{"href":"https:\/\/mikrofiltertechnik.de\/en\/wp-json\/wp\/v2\/product"}],"about":[{"href":"https:\/\/mikrofiltertechnik.de\/en\/wp-json\/wp\/v2\/types\/product"}],"replies":[{"embeddable":true,"href":"https:\/\/mikrofiltertechnik.de\/en\/wp-json\/wp\/v2\/comments?post=14140"}],"wp:featuredmedia":[{"embeddable":true,"href":"https:\/\/mikrofiltertechnik.de\/en\/wp-json\/wp\/v2\/media\/14141"}],"wp:attachment":[{"href":"https:\/\/mikrofiltertechnik.de\/en\/wp-json\/wp\/v2\/media?parent=14140"}],"wp:term":[{"taxonomy":"product_cat","embeddable":true,"href":"https:\/\/mikrofiltertechnik.de\/en\/wp-json\/wp\/v2\/product_cat?post=14140"},{"taxonomy":"product_tag","embeddable":true,"href":"https:\/\/mikrofiltertechnik.de\/en\/wp-json\/wp\/v2\/product_tag?post=14140"}],"curies":[{"name":"wp","href":"https:\/\/api.w.org\/{rel}","templated":true}]}}