{"id":14142,"date":"2021-04-25T11:10:17","date_gmt":"2021-04-25T11:10:17","guid":{"rendered":"http:\/\/mikrofiltertechnik.de\/?post_type=product&#038;p=14142"},"modified":"2024-03-15T10:42:15","modified_gmt":"2024-03-15T09:42:15","slug":"radial-feinstfilter-sr12ma-inkl-anschluesse","status":"publish","type":"product","link":"https:\/\/mikrofiltertechnik.de\/en\/product\/radial-feinstfilter-sr12ma-inkl-anschluesse","title":{"rendered":"Radial fine filter SR12MA (incl. connections)"},"content":{"rendered":"<p>(up to 12l oil volume), consisting of: Filter system including one cartridge, Vario holder, mounting kit, quick-connect couplings, hose and connections on the engine side.<\/p>\n<p>Due to the filter fineness of 1\u00b5, the SR removes all abrasive particles as well as other impurities and water from the engine oil. This leads to a reduction in wear in the engine and a longer usability of the oil - and up to 100,000 km!<\/p>\n<p>You can find more information <a href=\"http:\/\/mikrofiltertechnik.de\/produkte\/oele\/sr-feinstfilter\">HERE<\/a>.<\/p>","protected":false},"excerpt":{"rendered":"<p>(up to 12l oil volume), consisting of: Filter system including one cartridge, Vario holder, mounting kit, quick-connect couplings, hose and connections on the engine side.<\/p>","protected":false},"featured_media":14143,"comment_status":"open","ping_status":"closed","template":"","meta":[],"product_cat":[108,95,96],"product_tag":[],"class_list":{"0":"post-14142","1":"product","2":"type-product","3":"status-publish","4":"has-post-thumbnail","6":"product_cat-aktions-produkte","7":"product_cat-nebenstrom-feinstfilter-sr","8":"product_cat-feinstfilter-sr-gehaeuse","10":"first","11":"instock","12":"taxable","13":"shipping-taxable","14":"purchasable","15":"product-type-simple"},"yoast_head":"<!-- This site is optimized with the Yoast SEO plugin v23.5 - https:\/\/yoast.com\/wordpress\/plugins\/seo\/ -->\n<title>Radial-Feinstfilter SR12MA (inkl. Anschl\u00fcsse) - MFT Mikrofiltertechnik GmbH<\/title>\n<meta name=\"robots\" content=\"index, follow, max-snippet:-1, max-image-preview:large, max-video-preview:-1\" \/>\n<link rel=\"canonical\" href=\"https:\/\/mikrofiltertechnik.de\/en\/product\/radial-feinstfilter-sr12ma-inkl-anschluesse\/\" \/>\n<meta property=\"og:locale\" content=\"en_GB\" \/>\n<meta property=\"og:type\" content=\"article\" \/>\n<meta property=\"og:title\" content=\"Radial-Feinstfilter SR12MA (inkl. Anschl\u00fcsse) - MFT Mikrofiltertechnik GmbH\" \/>\n<meta property=\"og:description\" content=\"(bis 12l \u00d6lvolumen), bestehend aus: Filtersystem inklusive einer Patrone, Variohalterung, Montagekit, Schnellverschlu\u00dfkupplungen, Schlauch und motorseitigen Anschl\u00fcssen\" \/>\n<meta property=\"og:url\" content=\"https:\/\/mikrofiltertechnik.de\/en\/product\/radial-feinstfilter-sr12ma-inkl-anschluesse\/\" \/>\n<meta property=\"og:site_name\" content=\"MFT Mikrofiltertechnik GmbH\" \/>\n<meta property=\"article:modified_time\" content=\"2024-03-15T09:42:15+00:00\" \/>\n<meta property=\"og:image\" content=\"https:\/\/mikrofiltertechnik.de\/wp-content\/uploads\/2021\/04\/Radial-Feinstfilter-SR12MA-inkl.-Anschlu\u0308sse.png\" \/>\n\t<meta property=\"og:image:width\" content=\"900\" \/>\n\t<meta property=\"og:image:height\" content=\"600\" \/>\n\t<meta property=\"og:image:type\" content=\"image\/png\" \/>\n<meta name=\"twitter:card\" content=\"summary_large_image\" \/>\n<meta name=\"twitter:label1\" content=\"Estimated reading time\" \/>\n\t<meta name=\"twitter:data1\" content=\"1 minute\" \/>\n<script type=\"application\/ld+json\" class=\"yoast-schema-graph\">{\"@context\":\"https:\/\/schema.org\",\"@graph\":[{\"@type\":\"WebPage\",\"@id\":\"https:\/\/mikrofiltertechnik.de\/produkt\/radial-feinstfilter-sr12ma-inkl-anschluesse\",\"url\":\"https:\/\/mikrofiltertechnik.de\/produkt\/radial-feinstfilter-sr12ma-inkl-anschluesse\",\"name\":\"Radial-Feinstfilter SR12MA (inkl. Anschl\u00fcsse) - MFT Mikrofiltertechnik GmbH\",\"isPartOf\":{\"@id\":\"http:\/\/mikrofiltertechnik.de\/de\/#website\"},\"primaryImageOfPage\":{\"@id\":\"https:\/\/mikrofiltertechnik.de\/produkt\/radial-feinstfilter-sr12ma-inkl-anschluesse#primaryimage\"},\"image\":{\"@id\":\"https:\/\/mikrofiltertechnik.de\/produkt\/radial-feinstfilter-sr12ma-inkl-anschluesse#primaryimage\"},\"thumbnailUrl\":\"https:\/\/mikrofiltertechnik.de\/wp-content\/uploads\/2021\/04\/Radial-Feinstfilter-SR12MA-inkl.-Anschlu\u0308sse.png\",\"datePublished\":\"2021-04-25T11:10:17+00:00\",\"dateModified\":\"2024-03-15T09:42:15+00:00\",\"breadcrumb\":{\"@id\":\"https:\/\/mikrofiltertechnik.de\/produkt\/radial-feinstfilter-sr12ma-inkl-anschluesse#breadcrumb\"},\"inLanguage\":\"en-GB\",\"potentialAction\":[{\"@type\":\"ReadAction\",\"target\":[\"https:\/\/mikrofiltertechnik.de\/produkt\/radial-feinstfilter-sr12ma-inkl-anschluesse\"]}]},{\"@type\":\"ImageObject\",\"inLanguage\":\"en-GB\",\"@id\":\"https:\/\/mikrofiltertechnik.de\/produkt\/radial-feinstfilter-sr12ma-inkl-anschluesse#primaryimage\",\"url\":\"https:\/\/mikrofiltertechnik.de\/wp-content\/uploads\/2021\/04\/Radial-Feinstfilter-SR12MA-inkl.-Anschlu\u0308sse.png\",\"contentUrl\":\"https:\/\/mikrofiltertechnik.de\/wp-content\/uploads\/2021\/04\/Radial-Feinstfilter-SR12MA-inkl.-Anschlu\u0308sse.png\",\"width\":900,\"height\":600},{\"@type\":\"BreadcrumbList\",\"@id\":\"https:\/\/mikrofiltertechnik.de\/produkt\/radial-feinstfilter-sr12ma-inkl-anschluesse#breadcrumb\",\"itemListElement\":[{\"@type\":\"ListItem\",\"position\":1,\"name\":\"Startseite\",\"item\":\"https:\/\/mikrofiltertechnik.de\/\"},{\"@type\":\"ListItem\",\"position\":2,\"name\":\"Shop\",\"item\":\"https:\/\/mikrofiltertechnik.de\/en\/shop\"},{\"@type\":\"ListItem\",\"position\":3,\"name\":\"Radial-Feinstfilter SR12MA (inkl. Anschl\u00fcsse)\"}]},{\"@type\":\"WebSite\",\"@id\":\"http:\/\/mikrofiltertechnik.de\/de\/#website\",\"url\":\"http:\/\/mikrofiltertechnik.de\/de\/\",\"name\":\"MFT Mikrofiltertechnik GmbH\",\"description\":\"Kompetenz in Diesel\",\"publisher\":{\"@id\":\"http:\/\/mikrofiltertechnik.de\/de\/#organization\"},\"potentialAction\":[{\"@type\":\"SearchAction\",\"target\":{\"@type\":\"EntryPoint\",\"urlTemplate\":\"http:\/\/mikrofiltertechnik.de\/de\/?s={search_term_string}\"},\"query-input\":{\"@type\":\"PropertyValueSpecification\",\"valueRequired\":true,\"valueName\":\"search_term_string\"}}],\"inLanguage\":\"en-GB\"},{\"@type\":\"Organization\",\"@id\":\"http:\/\/mikrofiltertechnik.de\/de\/#organization\",\"name\":\"MFT Mikrofiltertechnik GmbH\",\"url\":\"http:\/\/mikrofiltertechnik.de\/de\/\",\"logo\":{\"@type\":\"ImageObject\",\"inLanguage\":\"en-GB\",\"@id\":\"http:\/\/mikrofiltertechnik.de\/de\/#\/schema\/logo\/image\/\",\"url\":\"https:\/\/mikrofiltertechnik.de\/wp-content\/uploads\/2021\/04\/cropped-logo_vaficon.png\",\"contentUrl\":\"https:\/\/mikrofiltertechnik.de\/wp-content\/uploads\/2021\/04\/cropped-logo_vaficon.png\",\"width\":512,\"height\":512,\"caption\":\"MFT Mikrofiltertechnik GmbH\"},\"image\":{\"@id\":\"http:\/\/mikrofiltertechnik.de\/de\/#\/schema\/logo\/image\/\"}}]}<\/script>\n<!-- \/ Yoast SEO plugin. -->","yoast_head_json":{"title":"Radial-Feinstfilter SR12MA (inkl. Anschl\u00fcsse) - MFT Mikrofiltertechnik GmbH","robots":{"index":"index","follow":"follow","max-snippet":"max-snippet:-1","max-image-preview":"max-image-preview:large","max-video-preview":"max-video-preview:-1"},"canonical":"https:\/\/mikrofiltertechnik.de\/en\/product\/radial-feinstfilter-sr12ma-inkl-anschluesse\/","og_locale":"en_GB","og_type":"article","og_title":"Radial-Feinstfilter SR12MA (inkl. Anschl\u00fcsse) - MFT Mikrofiltertechnik GmbH","og_description":"(bis 12l \u00d6lvolumen), bestehend aus: Filtersystem inklusive einer Patrone, Variohalterung, Montagekit, Schnellverschlu\u00dfkupplungen, Schlauch und motorseitigen Anschl\u00fcssen","og_url":"https:\/\/mikrofiltertechnik.de\/en\/product\/radial-feinstfilter-sr12ma-inkl-anschluesse\/","og_site_name":"MFT Mikrofiltertechnik GmbH","article_modified_time":"2024-03-15T09:42:15+00:00","og_image":[{"width":900,"height":600,"url":"https:\/\/mikrofiltertechnik.de\/wp-content\/uploads\/2021\/04\/Radial-Feinstfilter-SR12MA-inkl.-Anschlu\u0308sse.png","type":"image\/png"}],"twitter_card":"summary_large_image","twitter_misc":{"Estimated reading time":"1 minute"},"schema":{"@context":"https:\/\/schema.org","@graph":[{"@type":"WebPage","@id":"https:\/\/mikrofiltertechnik.de\/produkt\/radial-feinstfilter-sr12ma-inkl-anschluesse","url":"https:\/\/mikrofiltertechnik.de\/produkt\/radial-feinstfilter-sr12ma-inkl-anschluesse","name":"Radial-Feinstfilter SR12MA (inkl. Anschl\u00fcsse) - MFT Mikrofiltertechnik GmbH","isPartOf":{"@id":"http:\/\/mikrofiltertechnik.de\/de\/#website"},"primaryImageOfPage":{"@id":"https:\/\/mikrofiltertechnik.de\/produkt\/radial-feinstfilter-sr12ma-inkl-anschluesse#primaryimage"},"image":{"@id":"https:\/\/mikrofiltertechnik.de\/produkt\/radial-feinstfilter-sr12ma-inkl-anschluesse#primaryimage"},"thumbnailUrl":"https:\/\/mikrofiltertechnik.de\/wp-content\/uploads\/2021\/04\/Radial-Feinstfilter-SR12MA-inkl.-Anschlu\u0308sse.png","datePublished":"2021-04-25T11:10:17+00:00","dateModified":"2024-03-15T09:42:15+00:00","breadcrumb":{"@id":"https:\/\/mikrofiltertechnik.de\/produkt\/radial-feinstfilter-sr12ma-inkl-anschluesse#breadcrumb"},"inLanguage":"en-GB","potentialAction":[{"@type":"ReadAction","target":["https:\/\/mikrofiltertechnik.de\/produkt\/radial-feinstfilter-sr12ma-inkl-anschluesse"]}]},{"@type":"ImageObject","inLanguage":"en-GB","@id":"https:\/\/mikrofiltertechnik.de\/produkt\/radial-feinstfilter-sr12ma-inkl-anschluesse#primaryimage","url":"https:\/\/mikrofiltertechnik.de\/wp-content\/uploads\/2021\/04\/Radial-Feinstfilter-SR12MA-inkl.-Anschlu\u0308sse.png","contentUrl":"https:\/\/mikrofiltertechnik.de\/wp-content\/uploads\/2021\/04\/Radial-Feinstfilter-SR12MA-inkl.-Anschlu\u0308sse.png","width":900,"height":600},{"@type":"BreadcrumbList","@id":"https:\/\/mikrofiltertechnik.de\/produkt\/radial-feinstfilter-sr12ma-inkl-anschluesse#breadcrumb","itemListElement":[{"@type":"ListItem","position":1,"name":"Startseite","item":"https:\/\/mikrofiltertechnik.de\/"},{"@type":"ListItem","position":2,"name":"Shop","item":"https:\/\/mikrofiltertechnik.de\/en\/shop"},{"@type":"ListItem","position":3,"name":"Radial-Feinstfilter SR12MA (inkl. Anschl\u00fcsse)"}]},{"@type":"WebSite","@id":"http:\/\/mikrofiltertechnik.de\/de\/#website","url":"http:\/\/mikrofiltertechnik.de\/de\/","name":"MFT Mikrofiltertechnik GmbH","description":"Kompetenz in Diesel","publisher":{"@id":"http:\/\/mikrofiltertechnik.de\/de\/#organization"},"potentialAction":[{"@type":"SearchAction","target":{"@type":"EntryPoint","urlTemplate":"http:\/\/mikrofiltertechnik.de\/de\/?s={search_term_string}"},"query-input":{"@type":"PropertyValueSpecification","valueRequired":true,"valueName":"search_term_string"}}],"inLanguage":"en-GB"},{"@type":"Organization","@id":"http:\/\/mikrofiltertechnik.de\/de\/#organization","name":"MFT Mikrofiltertechnik GmbH","url":"http:\/\/mikrofiltertechnik.de\/de\/","logo":{"@type":"ImageObject","inLanguage":"en-GB","@id":"http:\/\/mikrofiltertechnik.de\/de\/#\/schema\/logo\/image\/","url":"https:\/\/mikrofiltertechnik.de\/wp-content\/uploads\/2021\/04\/cropped-logo_vaficon.png","contentUrl":"https:\/\/mikrofiltertechnik.de\/wp-content\/uploads\/2021\/04\/cropped-logo_vaficon.png","width":512,"height":512,"caption":"MFT Mikrofiltertechnik GmbH"},"image":{"@id":"http:\/\/mikrofiltertechnik.de\/de\/#\/schema\/logo\/image\/"}}]}},"_links":{"self":[{"href":"https:\/\/mikrofiltertechnik.de\/en\/wp-json\/wp\/v2\/product\/14142","targetHints":{"allow":["GET"]}}],"collection":[{"href":"https:\/\/mikrofiltertechnik.de\/en\/wp-json\/wp\/v2\/product"}],"about":[{"href":"https:\/\/mikrofiltertechnik.de\/en\/wp-json\/wp\/v2\/types\/product"}],"replies":[{"embeddable":true,"href":"https:\/\/mikrofiltertechnik.de\/en\/wp-json\/wp\/v2\/comments?post=14142"}],"wp:featuredmedia":[{"embeddable":true,"href":"https:\/\/mikrofiltertechnik.de\/en\/wp-json\/wp\/v2\/media\/14143"}],"wp:attachment":[{"href":"https:\/\/mikrofiltertechnik.de\/en\/wp-json\/wp\/v2\/media?parent=14142"}],"wp:term":[{"taxonomy":"product_cat","embeddable":true,"href":"https:\/\/mikrofiltertechnik.de\/en\/wp-json\/wp\/v2\/product_cat?post=14142"},{"taxonomy":"product_tag","embeddable":true,"href":"https:\/\/mikrofiltertechnik.de\/en\/wp-json\/wp\/v2\/product_tag?post=14142"}],"curies":[{"name":"wp","href":"https:\/\/api.w.org\/{rel}","templated":true}]}}