{"id":16333,"date":"2025-10-24T08:19:36","date_gmt":"2025-10-24T06:19:36","guid":{"rendered":"https:\/\/mikrofiltertechnik.de\/?post_type=product&#038;p=16333"},"modified":"2025-10-24T08:21:03","modified_gmt":"2025-10-24T06:21:03","slug":"liqui-moly-detailer-lackversiegelung","status":"publish","type":"product","link":"https:\/\/mikrofiltertechnik.de\/en\/product\/liqui-moly-detailer-lackversiegelung","title":{"rendered":"Liqui Moly Detailer Lackversiegelung"},"content":{"rendered":"<div class=\"d-inline-block fs-9 product attribute description\"><span class=\"value\"> Hochwirksames Glanzversiegelungsspray mit innovativer Schutzformel. Zur schnellen, einfachen Pflege lackierter Oberfl\u00e4chen ohne Politur. Entfernt leichte Verschmutzungen wie Staub oder Wasserflecken und verleiht strahlenden Tiefenglanz. Versiegelt glatt lackierte Oberfl\u00e4chen \u00fcber mehrere Wochen und bietet ausgezeichneten Wasserabperleffekt und langanhaltenden Schutz vor aggressiven Umwelteinfl\u00fcssen. H\u00e4lt das Reinigungsfinish lange aufrecht und reduziert die Neuanhaftung von Schmutz. <\/span><\/div>\n<p>&nbsp;<\/p>\n<div class=\"d-inline-block fs-9 product attribute mt-2\"><span class=\"value\"> Zur Pflege und zum Schutz glatter Lacke im Bootsbereich. Auch auf glatten Kunststoffoberfl\u00e4chen sowie Gelcoat, Chrom, Aluminium und Edelstahl. GFK-geeignet. F\u00fcr matt lackierte Oberfl\u00e4chen nicht geeignet. <\/span><\/div>\n<p>&nbsp;<\/p>\n<div class=\"d-inline-block fs-9 product attribute application mt-2\">\n<h4 class=\"type\" data-hyphenated=\"\">Usage<\/h4>\n<p><span class=\"value\"> Vor Gebrauch gut sch\u00fctteln. Gleichm\u00e4\u00dfig auf die vorher gereinigte, saubere Oberfl\u00e4che spr\u00fchen und anschlie\u00dfend mit Mikrofasertuch abwischen. Dabei das Tuch immer wieder wenden. Kann auch auf feuchte Oberfl\u00e4chen gespr\u00fcht werden. Nicht antrocknen lassen. <\/span><\/p>\n<\/div>","protected":false},"excerpt":{"rendered":"<p>Hochwirksames Glanzversiegelungsspray mit innovativer Schutzformel. Zur schnellen, einfachen Pflege lackierter Oberfl\u00e4chen ohne Politur. Entfernt leichte Verschmutzungen wie Staub oder Wasserflecken und verleiht strahlenden Tiefenglanz. Versiegelt glatt lackierte Oberfl\u00e4chen \u00fcber mehrere Wochen und bietet ausgezeichneten Wasserabperleffekt und langanhaltenden Schutz vor aggressiven Umwelteinfl\u00fcssen. H\u00e4lt das Reinigungsfinish lange aufrecht und reduziert die Neuanhaftung von Schmutz. &nbsp; Zur Pflege [&hellip;]<\/p>","protected":false},"featured_media":16334,"comment_status":"open","ping_status":"closed","template":"","meta":[],"product_cat":[108,134],"product_tag":[],"class_list":{"0":"post-16333","1":"product","2":"type-product","3":"status-publish","4":"has-post-thumbnail","6":"product_cat-aktions-produkte","7":"product_cat-marine-produkte","9":"first","10":"instock","11":"taxable","12":"shipping-taxable","13":"purchasable","14":"product-type-simple"},"yoast_head":"<!-- This site is optimized with the Yoast SEO plugin v23.5 - https:\/\/yoast.com\/wordpress\/plugins\/seo\/ -->\n<title>Liqui Moly Detailer Lackversiegelung - MFT Mikrofiltertechnik GmbH<\/title>\n<meta name=\"description\" content=\"Hochwirksames Glanzversiegelung mit innovatiever Schutzfomel. Zur schnellen, einfachen Pflege lackierter Oberfl\u00e4chen ohne Politur.\" \/>\n<meta name=\"robots\" content=\"index, follow, max-snippet:-1, max-image-preview:large, max-video-preview:-1\" \/>\n<link rel=\"canonical\" href=\"https:\/\/mikrofiltertechnik.de\/en\/product\/liqui-moly-detailer-lackversiegelung\/\" \/>\n<meta property=\"og:locale\" content=\"en_GB\" \/>\n<meta property=\"og:type\" content=\"article\" \/>\n<meta property=\"og:title\" content=\"Liqui Moly Detailer Lackversiegelung - MFT Mikrofiltertechnik GmbH\" \/>\n<meta property=\"og:description\" content=\"Hochwirksames Glanzversiegelung mit innovatiever Schutzfomel. Zur schnellen, einfachen Pflege lackierter Oberfl\u00e4chen ohne Politur.\" \/>\n<meta property=\"og:url\" content=\"https:\/\/mikrofiltertechnik.de\/en\/product\/liqui-moly-detailer-lackversiegelung\/\" \/>\n<meta property=\"og:site_name\" content=\"MFT Mikrofiltertechnik GmbH\" \/>\n<meta property=\"article:modified_time\" content=\"2025-10-24T06:21:03+00:00\" \/>\n<meta property=\"og:image\" content=\"https:\/\/mikrofiltertechnik.de\/wp-content\/uploads\/2025\/10\/Marine-Detailer.jpg\" \/>\n\t<meta property=\"og:image:width\" content=\"1421\" \/>\n\t<meta property=\"og:image:height\" content=\"2560\" \/>\n\t<meta property=\"og:image:type\" content=\"image\/jpeg\" \/>\n<meta name=\"twitter:card\" content=\"summary_large_image\" \/>\n<meta name=\"twitter:label1\" content=\"Estimated reading time\" \/>\n\t<meta name=\"twitter:data1\" content=\"1 minute\" \/>\n<script type=\"application\/ld+json\" class=\"yoast-schema-graph\">{\"@context\":\"https:\/\/schema.org\",\"@graph\":[{\"@type\":\"WebPage\",\"@id\":\"https:\/\/mikrofiltertechnik.de\/produkt\/liqui-moly-detailer-lackversiegelung\",\"url\":\"https:\/\/mikrofiltertechnik.de\/produkt\/liqui-moly-detailer-lackversiegelung\",\"name\":\"Liqui Moly Detailer Lackversiegelung - MFT Mikrofiltertechnik GmbH\",\"isPartOf\":{\"@id\":\"http:\/\/mikrofiltertechnik.de\/de\/#website\"},\"primaryImageOfPage\":{\"@id\":\"https:\/\/mikrofiltertechnik.de\/produkt\/liqui-moly-detailer-lackversiegelung#primaryimage\"},\"image\":{\"@id\":\"https:\/\/mikrofiltertechnik.de\/produkt\/liqui-moly-detailer-lackversiegelung#primaryimage\"},\"thumbnailUrl\":\"https:\/\/mikrofiltertechnik.de\/wp-content\/uploads\/2025\/10\/Marine-Detailer.jpg\",\"datePublished\":\"2025-10-24T06:19:36+00:00\",\"dateModified\":\"2025-10-24T06:21:03+00:00\",\"description\":\"Hochwirksames Glanzversiegelung mit innovatiever Schutzfomel. Zur schnellen, einfachen Pflege lackierter Oberfl\u00e4chen ohne Politur.\",\"breadcrumb\":{\"@id\":\"https:\/\/mikrofiltertechnik.de\/produkt\/liqui-moly-detailer-lackversiegelung#breadcrumb\"},\"inLanguage\":\"en-GB\",\"potentialAction\":[{\"@type\":\"ReadAction\",\"target\":[\"https:\/\/mikrofiltertechnik.de\/produkt\/liqui-moly-detailer-lackversiegelung\"]}]},{\"@type\":\"ImageObject\",\"inLanguage\":\"en-GB\",\"@id\":\"https:\/\/mikrofiltertechnik.de\/produkt\/liqui-moly-detailer-lackversiegelung#primaryimage\",\"url\":\"https:\/\/mikrofiltertechnik.de\/wp-content\/uploads\/2025\/10\/Marine-Detailer.jpg\",\"contentUrl\":\"https:\/\/mikrofiltertechnik.de\/wp-content\/uploads\/2025\/10\/Marine-Detailer.jpg\",\"width\":1421,\"height\":2560,\"caption\":\"Liqui Moly Marine Detailer\"},{\"@type\":\"BreadcrumbList\",\"@id\":\"https:\/\/mikrofiltertechnik.de\/produkt\/liqui-moly-detailer-lackversiegelung#breadcrumb\",\"itemListElement\":[{\"@type\":\"ListItem\",\"position\":1,\"name\":\"Startseite\",\"item\":\"https:\/\/mikrofiltertechnik.de\/\"},{\"@type\":\"ListItem\",\"position\":2,\"name\":\"Shop\",\"item\":\"https:\/\/mikrofiltertechnik.de\/en\/shop\"},{\"@type\":\"ListItem\",\"position\":3,\"name\":\"Liqui Moly Detailer Lackversiegelung\"}]},{\"@type\":\"WebSite\",\"@id\":\"http:\/\/mikrofiltertechnik.de\/de\/#website\",\"url\":\"http:\/\/mikrofiltertechnik.de\/de\/\",\"name\":\"MFT Mikrofiltertechnik GmbH\",\"description\":\"Kompetenz in Diesel\",\"publisher\":{\"@id\":\"http:\/\/mikrofiltertechnik.de\/de\/#organization\"},\"potentialAction\":[{\"@type\":\"SearchAction\",\"target\":{\"@type\":\"EntryPoint\",\"urlTemplate\":\"http:\/\/mikrofiltertechnik.de\/de\/?s={search_term_string}\"},\"query-input\":{\"@type\":\"PropertyValueSpecification\",\"valueRequired\":true,\"valueName\":\"search_term_string\"}}],\"inLanguage\":\"en-GB\"},{\"@type\":\"Organization\",\"@id\":\"http:\/\/mikrofiltertechnik.de\/de\/#organization\",\"name\":\"MFT Mikrofiltertechnik GmbH\",\"url\":\"http:\/\/mikrofiltertechnik.de\/de\/\",\"logo\":{\"@type\":\"ImageObject\",\"inLanguage\":\"en-GB\",\"@id\":\"http:\/\/mikrofiltertechnik.de\/de\/#\/schema\/logo\/image\/\",\"url\":\"https:\/\/mikrofiltertechnik.de\/wp-content\/uploads\/2021\/04\/cropped-logo_vaficon.png\",\"contentUrl\":\"https:\/\/mikrofiltertechnik.de\/wp-content\/uploads\/2021\/04\/cropped-logo_vaficon.png\",\"width\":512,\"height\":512,\"caption\":\"MFT Mikrofiltertechnik GmbH\"},\"image\":{\"@id\":\"http:\/\/mikrofiltertechnik.de\/de\/#\/schema\/logo\/image\/\"}}]}<\/script>\n<!-- \/ Yoast SEO plugin. -->","yoast_head_json":{"title":"Liqui Moly Detailer Lackversiegelung - MFT Mikrofiltertechnik GmbH","description":"Hochwirksames Glanzversiegelung mit innovatiever Schutzfomel. Zur schnellen, einfachen Pflege lackierter Oberfl\u00e4chen ohne Politur.","robots":{"index":"index","follow":"follow","max-snippet":"max-snippet:-1","max-image-preview":"max-image-preview:large","max-video-preview":"max-video-preview:-1"},"canonical":"https:\/\/mikrofiltertechnik.de\/en\/product\/liqui-moly-detailer-lackversiegelung\/","og_locale":"en_GB","og_type":"article","og_title":"Liqui Moly Detailer Lackversiegelung - MFT Mikrofiltertechnik GmbH","og_description":"Hochwirksames Glanzversiegelung mit innovatiever Schutzfomel. Zur schnellen, einfachen Pflege lackierter Oberfl\u00e4chen ohne Politur.","og_url":"https:\/\/mikrofiltertechnik.de\/en\/product\/liqui-moly-detailer-lackversiegelung\/","og_site_name":"MFT Mikrofiltertechnik GmbH","article_modified_time":"2025-10-24T06:21:03+00:00","og_image":[{"width":1421,"height":2560,"url":"https:\/\/mikrofiltertechnik.de\/wp-content\/uploads\/2025\/10\/Marine-Detailer.jpg","type":"image\/jpeg"}],"twitter_card":"summary_large_image","twitter_misc":{"Estimated reading time":"1 minute"},"schema":{"@context":"https:\/\/schema.org","@graph":[{"@type":"WebPage","@id":"https:\/\/mikrofiltertechnik.de\/produkt\/liqui-moly-detailer-lackversiegelung","url":"https:\/\/mikrofiltertechnik.de\/produkt\/liqui-moly-detailer-lackversiegelung","name":"Liqui Moly Detailer Lackversiegelung - MFT Mikrofiltertechnik GmbH","isPartOf":{"@id":"http:\/\/mikrofiltertechnik.de\/de\/#website"},"primaryImageOfPage":{"@id":"https:\/\/mikrofiltertechnik.de\/produkt\/liqui-moly-detailer-lackversiegelung#primaryimage"},"image":{"@id":"https:\/\/mikrofiltertechnik.de\/produkt\/liqui-moly-detailer-lackversiegelung#primaryimage"},"thumbnailUrl":"https:\/\/mikrofiltertechnik.de\/wp-content\/uploads\/2025\/10\/Marine-Detailer.jpg","datePublished":"2025-10-24T06:19:36+00:00","dateModified":"2025-10-24T06:21:03+00:00","description":"Hochwirksames Glanzversiegelung mit innovatiever Schutzfomel. Zur schnellen, einfachen Pflege lackierter Oberfl\u00e4chen ohne Politur.","breadcrumb":{"@id":"https:\/\/mikrofiltertechnik.de\/produkt\/liqui-moly-detailer-lackversiegelung#breadcrumb"},"inLanguage":"en-GB","potentialAction":[{"@type":"ReadAction","target":["https:\/\/mikrofiltertechnik.de\/produkt\/liqui-moly-detailer-lackversiegelung"]}]},{"@type":"ImageObject","inLanguage":"en-GB","@id":"https:\/\/mikrofiltertechnik.de\/produkt\/liqui-moly-detailer-lackversiegelung#primaryimage","url":"https:\/\/mikrofiltertechnik.de\/wp-content\/uploads\/2025\/10\/Marine-Detailer.jpg","contentUrl":"https:\/\/mikrofiltertechnik.de\/wp-content\/uploads\/2025\/10\/Marine-Detailer.jpg","width":1421,"height":2560,"caption":"Liqui Moly Marine Detailer"},{"@type":"BreadcrumbList","@id":"https:\/\/mikrofiltertechnik.de\/produkt\/liqui-moly-detailer-lackversiegelung#breadcrumb","itemListElement":[{"@type":"ListItem","position":1,"name":"Startseite","item":"https:\/\/mikrofiltertechnik.de\/"},{"@type":"ListItem","position":2,"name":"Shop","item":"https:\/\/mikrofiltertechnik.de\/en\/shop"},{"@type":"ListItem","position":3,"name":"Liqui Moly Detailer Lackversiegelung"}]},{"@type":"WebSite","@id":"http:\/\/mikrofiltertechnik.de\/de\/#website","url":"http:\/\/mikrofiltertechnik.de\/de\/","name":"MFT Mikrofiltertechnik GmbH","description":"Kompetenz in Diesel","publisher":{"@id":"http:\/\/mikrofiltertechnik.de\/de\/#organization"},"potentialAction":[{"@type":"SearchAction","target":{"@type":"EntryPoint","urlTemplate":"http:\/\/mikrofiltertechnik.de\/de\/?s={search_term_string}"},"query-input":{"@type":"PropertyValueSpecification","valueRequired":true,"valueName":"search_term_string"}}],"inLanguage":"en-GB"},{"@type":"Organization","@id":"http:\/\/mikrofiltertechnik.de\/de\/#organization","name":"MFT Mikrofiltertechnik GmbH","url":"http:\/\/mikrofiltertechnik.de\/de\/","logo":{"@type":"ImageObject","inLanguage":"en-GB","@id":"http:\/\/mikrofiltertechnik.de\/de\/#\/schema\/logo\/image\/","url":"https:\/\/mikrofiltertechnik.de\/wp-content\/uploads\/2021\/04\/cropped-logo_vaficon.png","contentUrl":"https:\/\/mikrofiltertechnik.de\/wp-content\/uploads\/2021\/04\/cropped-logo_vaficon.png","width":512,"height":512,"caption":"MFT Mikrofiltertechnik GmbH"},"image":{"@id":"http:\/\/mikrofiltertechnik.de\/de\/#\/schema\/logo\/image\/"}}]}},"_links":{"self":[{"href":"https:\/\/mikrofiltertechnik.de\/en\/wp-json\/wp\/v2\/product\/16333","targetHints":{"allow":["GET"]}}],"collection":[{"href":"https:\/\/mikrofiltertechnik.de\/en\/wp-json\/wp\/v2\/product"}],"about":[{"href":"https:\/\/mikrofiltertechnik.de\/en\/wp-json\/wp\/v2\/types\/product"}],"replies":[{"embeddable":true,"href":"https:\/\/mikrofiltertechnik.de\/en\/wp-json\/wp\/v2\/comments?post=16333"}],"wp:featuredmedia":[{"embeddable":true,"href":"https:\/\/mikrofiltertechnik.de\/en\/wp-json\/wp\/v2\/media\/16334"}],"wp:attachment":[{"href":"https:\/\/mikrofiltertechnik.de\/en\/wp-json\/wp\/v2\/media?parent=16333"}],"wp:term":[{"taxonomy":"product_cat","embeddable":true,"href":"https:\/\/mikrofiltertechnik.de\/en\/wp-json\/wp\/v2\/product_cat?post=16333"},{"taxonomy":"product_tag","embeddable":true,"href":"https:\/\/mikrofiltertechnik.de\/en\/wp-json\/wp\/v2\/product_tag?post=16333"}],"curies":[{"name":"wp","href":"https:\/\/api.w.org\/{rel}","templated":true}]}}