{"id":16338,"date":"2025-10-24T08:33:31","date_gmt":"2025-10-24T06:33:31","guid":{"rendered":"https:\/\/mikrofiltertechnik.de\/?post_type=product&#038;p=16338"},"modified":"2025-10-24T08:33:32","modified_gmt":"2025-10-24T06:33:32","slug":"liqui-moly-marine-diesel-schutz-1l","status":"publish","type":"product","link":"https:\/\/mikrofiltertechnik.de\/en\/product\/liqui-moly-marine-diesel-schutz-1l","title":{"rendered":"Liqui Moly Marine Diesel Schutz 1l"},"content":{"rendered":"<div class=\"d-inline-block fs-9 product attribute description\"><span class=\"value\"> Effiziente L\u00f6sung gegen Bakterien, Hefen und Schimmelpilze. Geeignet zur sicheren Langzeitkonservierung. Pflegt und sch\u00fctzt dank Reiniger und Korrosionsschutz das gesamte Kraftstoffsystem. Mit Cetanzahlbooster f\u00fcr leichtes Starten bei der Wiederinbetriebnahme und maximale Motorperformance. <strong>Biozidprodukte vorsichtig verwenden. Vor Gebrauch stets Etikett und Produktinformationen lesen.<br \/>\n<\/strong> <\/span><\/div>\n<p><span class=\"value\">Zum vorbeugenden Einsatz und zur Entkeimung kontaminierter Tanksysteme auf Booten und in Lagertanks. Bei bereits kontaminierten Systemen Schockdosierung im Verh\u00e4ltnis 1:200 vornehmen: Ein Messbecher (25 ml) ausreichend f\u00fcr 5 l Dieselkraftstoff. Zur vorbeugenden Anwendung (1:1.000): Ein Messbecher (25 ml) ausreichend f\u00fcr 25 l Dieselkraftstoff. <\/span><\/p>\n<p>Usage<\/p>\n<div class=\"d-inline-block fs-9 product attribute application mt-2\"><span class=\"value\"> Vor Gebrauch gut sch\u00fctteln. Bei bereits kontaminierten Systemen Schockdosierung im Verh\u00e4ltnis 1:200 vornehmen: Ein Messbecher (25 ml) ausreichend f\u00fcr 5 l Dieselkraftstoff. 200 ml ausreichend f\u00fcr bis zu 40 l Dieselkraftstoff. Zur vorbeugenden Anwendung (1:1.000): Ein Messbecher (25 ml) ausreichend f\u00fcr 25 l Dieselkraftstoff. 200 ml ausreichend f\u00fcr bis zu 200 l Dieselkraftstoff.<\/span><\/div>","protected":false},"excerpt":{"rendered":"<p>Effiziente L\u00f6sung gegen Bakterien, Hefen und Schimmelpilze. Geeignet zur sicheren Langzeitkonservierung. Pflegt und sch\u00fctzt dank Reiniger und Korrosionsschutz das gesamte Kraftstoffsystem. Mit Cetanzahlbooster f\u00fcr leichtes Starten bei der Wiederinbetriebnahme und maximale Motorperformance. Biozidprodukte vorsichtig verwenden. Vor Gebrauch stets Etikett und Produktinformationen lesen. Zum vorbeugenden Einsatz und zur Entkeimung kontaminierter Tanksysteme auf Booten und in Lagertanks. [&hellip;]<\/p>","protected":false},"featured_media":16339,"comment_status":"open","ping_status":"closed","template":"","meta":[],"product_cat":[88],"product_tag":[],"class_list":{"0":"post-16338","1":"product","2":"type-product","3":"status-publish","4":"has-post-thumbnail","6":"product_cat-kraftstoff-zusaetze","8":"first","9":"instock","10":"taxable","11":"shipping-taxable","12":"purchasable","13":"product-type-simple"},"yoast_head":"<!-- This site is optimized with the Yoast SEO plugin v23.5 - https:\/\/yoast.com\/wordpress\/plugins\/seo\/ -->\n<title>Liqui Moly Marine Diesel Schutz 1l - MFT Mikrofiltertechnik GmbH<\/title>\n<meta name=\"description\" content=\"Effiziente L\u00f6sung gegen Bakterien, Hefen und Schimmelpilze. Geeignet zur sicheren Langzeitkonservierung. Alternative zu Grotamar82.\" \/>\n<meta name=\"robots\" content=\"index, follow, max-snippet:-1, max-image-preview:large, max-video-preview:-1\" \/>\n<link rel=\"canonical\" href=\"https:\/\/mikrofiltertechnik.de\/en\/product\/liqui-moly-marine-diesel-schutz-1l\/\" \/>\n<meta property=\"og:locale\" content=\"en_GB\" \/>\n<meta property=\"og:type\" content=\"article\" \/>\n<meta property=\"og:title\" content=\"Liqui Moly Marine Diesel Schutz 1l - MFT Mikrofiltertechnik GmbH\" \/>\n<meta property=\"og:description\" content=\"Effiziente L\u00f6sung gegen Bakterien, Hefen und Schimmelpilze. Geeignet zur sicheren Langzeitkonservierung. Alternative zu Grotamar82.\" \/>\n<meta property=\"og:url\" content=\"https:\/\/mikrofiltertechnik.de\/en\/product\/liqui-moly-marine-diesel-schutz-1l\/\" \/>\n<meta property=\"og:site_name\" content=\"MFT Mikrofiltertechnik GmbH\" \/>\n<meta property=\"article:modified_time\" content=\"2025-10-24T06:33:32+00:00\" \/>\n<meta property=\"og:image\" content=\"https:\/\/mikrofiltertechnik.de\/wp-content\/uploads\/2025\/10\/Marine-Diesel-Schutz.jpg\" \/>\n\t<meta property=\"og:image:width\" content=\"1017\" \/>\n\t<meta property=\"og:image:height\" content=\"2560\" \/>\n\t<meta property=\"og:image:type\" content=\"image\/jpeg\" \/>\n<meta name=\"twitter:card\" content=\"summary_large_image\" \/>\n<meta name=\"twitter:label1\" content=\"Estimated reading time\" \/>\n\t<meta name=\"twitter:data1\" content=\"1 minute\" \/>\n<script type=\"application\/ld+json\" class=\"yoast-schema-graph\">{\"@context\":\"https:\/\/schema.org\",\"@graph\":[{\"@type\":\"WebPage\",\"@id\":\"https:\/\/mikrofiltertechnik.de\/produkt\/liqui-moly-marine-diesel-schutz-1l\",\"url\":\"https:\/\/mikrofiltertechnik.de\/produkt\/liqui-moly-marine-diesel-schutz-1l\",\"name\":\"Liqui Moly Marine Diesel Schutz 1l - MFT Mikrofiltertechnik GmbH\",\"isPartOf\":{\"@id\":\"http:\/\/mikrofiltertechnik.de\/de\/#website\"},\"primaryImageOfPage\":{\"@id\":\"https:\/\/mikrofiltertechnik.de\/produkt\/liqui-moly-marine-diesel-schutz-1l#primaryimage\"},\"image\":{\"@id\":\"https:\/\/mikrofiltertechnik.de\/produkt\/liqui-moly-marine-diesel-schutz-1l#primaryimage\"},\"thumbnailUrl\":\"https:\/\/mikrofiltertechnik.de\/wp-content\/uploads\/2025\/10\/Marine-Diesel-Schutz.jpg\",\"datePublished\":\"2025-10-24T06:33:31+00:00\",\"dateModified\":\"2025-10-24T06:33:32+00:00\",\"description\":\"Effiziente L\u00f6sung gegen Bakterien, Hefen und Schimmelpilze. Geeignet zur sicheren Langzeitkonservierung. Alternative zu Grotamar82.\",\"breadcrumb\":{\"@id\":\"https:\/\/mikrofiltertechnik.de\/produkt\/liqui-moly-marine-diesel-schutz-1l#breadcrumb\"},\"inLanguage\":\"en-GB\",\"potentialAction\":[{\"@type\":\"ReadAction\",\"target\":[\"https:\/\/mikrofiltertechnik.de\/produkt\/liqui-moly-marine-diesel-schutz-1l\"]}]},{\"@type\":\"ImageObject\",\"inLanguage\":\"en-GB\",\"@id\":\"https:\/\/mikrofiltertechnik.de\/produkt\/liqui-moly-marine-diesel-schutz-1l#primaryimage\",\"url\":\"https:\/\/mikrofiltertechnik.de\/wp-content\/uploads\/2025\/10\/Marine-Diesel-Schutz.jpg\",\"contentUrl\":\"https:\/\/mikrofiltertechnik.de\/wp-content\/uploads\/2025\/10\/Marine-Diesel-Schutz.jpg\",\"width\":1017,\"height\":2560,\"caption\":\"Marine Diesel Schutz 1l\"},{\"@type\":\"BreadcrumbList\",\"@id\":\"https:\/\/mikrofiltertechnik.de\/produkt\/liqui-moly-marine-diesel-schutz-1l#breadcrumb\",\"itemListElement\":[{\"@type\":\"ListItem\",\"position\":1,\"name\":\"Startseite\",\"item\":\"https:\/\/mikrofiltertechnik.de\/\"},{\"@type\":\"ListItem\",\"position\":2,\"name\":\"Shop\",\"item\":\"https:\/\/mikrofiltertechnik.de\/en\/shop\"},{\"@type\":\"ListItem\",\"position\":3,\"name\":\"Liqui Moly Marine Diesel Schutz 1l\"}]},{\"@type\":\"WebSite\",\"@id\":\"http:\/\/mikrofiltertechnik.de\/de\/#website\",\"url\":\"http:\/\/mikrofiltertechnik.de\/de\/\",\"name\":\"MFT Mikrofiltertechnik GmbH\",\"description\":\"Kompetenz in Diesel\",\"publisher\":{\"@id\":\"http:\/\/mikrofiltertechnik.de\/de\/#organization\"},\"potentialAction\":[{\"@type\":\"SearchAction\",\"target\":{\"@type\":\"EntryPoint\",\"urlTemplate\":\"http:\/\/mikrofiltertechnik.de\/de\/?s={search_term_string}\"},\"query-input\":{\"@type\":\"PropertyValueSpecification\",\"valueRequired\":true,\"valueName\":\"search_term_string\"}}],\"inLanguage\":\"en-GB\"},{\"@type\":\"Organization\",\"@id\":\"http:\/\/mikrofiltertechnik.de\/de\/#organization\",\"name\":\"MFT Mikrofiltertechnik GmbH\",\"url\":\"http:\/\/mikrofiltertechnik.de\/de\/\",\"logo\":{\"@type\":\"ImageObject\",\"inLanguage\":\"en-GB\",\"@id\":\"http:\/\/mikrofiltertechnik.de\/de\/#\/schema\/logo\/image\/\",\"url\":\"https:\/\/mikrofiltertechnik.de\/wp-content\/uploads\/2021\/04\/cropped-logo_vaficon.png\",\"contentUrl\":\"https:\/\/mikrofiltertechnik.de\/wp-content\/uploads\/2021\/04\/cropped-logo_vaficon.png\",\"width\":512,\"height\":512,\"caption\":\"MFT Mikrofiltertechnik GmbH\"},\"image\":{\"@id\":\"http:\/\/mikrofiltertechnik.de\/de\/#\/schema\/logo\/image\/\"}}]}<\/script>\n<!-- \/ Yoast SEO plugin. -->","yoast_head_json":{"title":"Liqui Moly Marine Diesel Schutz 1l - MFT Mikrofiltertechnik GmbH","description":"Effiziente L\u00f6sung gegen Bakterien, Hefen und Schimmelpilze. Geeignet zur sicheren Langzeitkonservierung. Alternative zu Grotamar82.","robots":{"index":"index","follow":"follow","max-snippet":"max-snippet:-1","max-image-preview":"max-image-preview:large","max-video-preview":"max-video-preview:-1"},"canonical":"https:\/\/mikrofiltertechnik.de\/en\/product\/liqui-moly-marine-diesel-schutz-1l\/","og_locale":"en_GB","og_type":"article","og_title":"Liqui Moly Marine Diesel Schutz 1l - MFT Mikrofiltertechnik GmbH","og_description":"Effiziente L\u00f6sung gegen Bakterien, Hefen und Schimmelpilze. Geeignet zur sicheren Langzeitkonservierung. Alternative zu Grotamar82.","og_url":"https:\/\/mikrofiltertechnik.de\/en\/product\/liqui-moly-marine-diesel-schutz-1l\/","og_site_name":"MFT Mikrofiltertechnik GmbH","article_modified_time":"2025-10-24T06:33:32+00:00","og_image":[{"width":1017,"height":2560,"url":"https:\/\/mikrofiltertechnik.de\/wp-content\/uploads\/2025\/10\/Marine-Diesel-Schutz.jpg","type":"image\/jpeg"}],"twitter_card":"summary_large_image","twitter_misc":{"Estimated reading time":"1 minute"},"schema":{"@context":"https:\/\/schema.org","@graph":[{"@type":"WebPage","@id":"https:\/\/mikrofiltertechnik.de\/produkt\/liqui-moly-marine-diesel-schutz-1l","url":"https:\/\/mikrofiltertechnik.de\/produkt\/liqui-moly-marine-diesel-schutz-1l","name":"Liqui Moly Marine Diesel Schutz 1l - MFT Mikrofiltertechnik GmbH","isPartOf":{"@id":"http:\/\/mikrofiltertechnik.de\/de\/#website"},"primaryImageOfPage":{"@id":"https:\/\/mikrofiltertechnik.de\/produkt\/liqui-moly-marine-diesel-schutz-1l#primaryimage"},"image":{"@id":"https:\/\/mikrofiltertechnik.de\/produkt\/liqui-moly-marine-diesel-schutz-1l#primaryimage"},"thumbnailUrl":"https:\/\/mikrofiltertechnik.de\/wp-content\/uploads\/2025\/10\/Marine-Diesel-Schutz.jpg","datePublished":"2025-10-24T06:33:31+00:00","dateModified":"2025-10-24T06:33:32+00:00","description":"Effiziente L\u00f6sung gegen Bakterien, Hefen und Schimmelpilze. Geeignet zur sicheren Langzeitkonservierung. Alternative zu Grotamar82.","breadcrumb":{"@id":"https:\/\/mikrofiltertechnik.de\/produkt\/liqui-moly-marine-diesel-schutz-1l#breadcrumb"},"inLanguage":"en-GB","potentialAction":[{"@type":"ReadAction","target":["https:\/\/mikrofiltertechnik.de\/produkt\/liqui-moly-marine-diesel-schutz-1l"]}]},{"@type":"ImageObject","inLanguage":"en-GB","@id":"https:\/\/mikrofiltertechnik.de\/produkt\/liqui-moly-marine-diesel-schutz-1l#primaryimage","url":"https:\/\/mikrofiltertechnik.de\/wp-content\/uploads\/2025\/10\/Marine-Diesel-Schutz.jpg","contentUrl":"https:\/\/mikrofiltertechnik.de\/wp-content\/uploads\/2025\/10\/Marine-Diesel-Schutz.jpg","width":1017,"height":2560,"caption":"Marine Diesel Schutz 1l"},{"@type":"BreadcrumbList","@id":"https:\/\/mikrofiltertechnik.de\/produkt\/liqui-moly-marine-diesel-schutz-1l#breadcrumb","itemListElement":[{"@type":"ListItem","position":1,"name":"Startseite","item":"https:\/\/mikrofiltertechnik.de\/"},{"@type":"ListItem","position":2,"name":"Shop","item":"https:\/\/mikrofiltertechnik.de\/en\/shop"},{"@type":"ListItem","position":3,"name":"Liqui Moly Marine Diesel Schutz 1l"}]},{"@type":"WebSite","@id":"http:\/\/mikrofiltertechnik.de\/de\/#website","url":"http:\/\/mikrofiltertechnik.de\/de\/","name":"MFT Mikrofiltertechnik GmbH","description":"Kompetenz in Diesel","publisher":{"@id":"http:\/\/mikrofiltertechnik.de\/de\/#organization"},"potentialAction":[{"@type":"SearchAction","target":{"@type":"EntryPoint","urlTemplate":"http:\/\/mikrofiltertechnik.de\/de\/?s={search_term_string}"},"query-input":{"@type":"PropertyValueSpecification","valueRequired":true,"valueName":"search_term_string"}}],"inLanguage":"en-GB"},{"@type":"Organization","@id":"http:\/\/mikrofiltertechnik.de\/de\/#organization","name":"MFT Mikrofiltertechnik GmbH","url":"http:\/\/mikrofiltertechnik.de\/de\/","logo":{"@type":"ImageObject","inLanguage":"en-GB","@id":"http:\/\/mikrofiltertechnik.de\/de\/#\/schema\/logo\/image\/","url":"https:\/\/mikrofiltertechnik.de\/wp-content\/uploads\/2021\/04\/cropped-logo_vaficon.png","contentUrl":"https:\/\/mikrofiltertechnik.de\/wp-content\/uploads\/2021\/04\/cropped-logo_vaficon.png","width":512,"height":512,"caption":"MFT Mikrofiltertechnik GmbH"},"image":{"@id":"http:\/\/mikrofiltertechnik.de\/de\/#\/schema\/logo\/image\/"}}]}},"_links":{"self":[{"href":"https:\/\/mikrofiltertechnik.de\/en\/wp-json\/wp\/v2\/product\/16338","targetHints":{"allow":["GET"]}}],"collection":[{"href":"https:\/\/mikrofiltertechnik.de\/en\/wp-json\/wp\/v2\/product"}],"about":[{"href":"https:\/\/mikrofiltertechnik.de\/en\/wp-json\/wp\/v2\/types\/product"}],"replies":[{"embeddable":true,"href":"https:\/\/mikrofiltertechnik.de\/en\/wp-json\/wp\/v2\/comments?post=16338"}],"wp:featuredmedia":[{"embeddable":true,"href":"https:\/\/mikrofiltertechnik.de\/en\/wp-json\/wp\/v2\/media\/16339"}],"wp:attachment":[{"href":"https:\/\/mikrofiltertechnik.de\/en\/wp-json\/wp\/v2\/media?parent=16338"}],"wp:term":[{"taxonomy":"product_cat","embeddable":true,"href":"https:\/\/mikrofiltertechnik.de\/en\/wp-json\/wp\/v2\/product_cat?post=16338"},{"taxonomy":"product_tag","embeddable":true,"href":"https:\/\/mikrofiltertechnik.de\/en\/wp-json\/wp\/v2\/product_tag?post=16338"}],"curies":[{"name":"wp","href":"https:\/\/api.w.org\/{rel}","templated":true}]}}