{"id":16340,"date":"2025-10-24T08:38:55","date_gmt":"2025-10-24T06:38:55","guid":{"rendered":"https:\/\/mikrofiltertechnik.de\/?post_type=product&#038;p=16340"},"modified":"2025-10-24T08:38:55","modified_gmt":"2025-10-24T06:38:55","slug":"liqui-moly-marine-universal-reiniger-k","status":"publish","type":"product","link":"https:\/\/mikrofiltertechnik.de\/en\/product\/liqui-moly-marine-universal-reiniger-k","title":{"rendered":"Liqui Moly Marine Universal-Reiniger K"},"content":{"rendered":"<div class=\"d-inline-block fs-9 product attribute description\"><span class=\"value\"> Schaumarmer, biologisch abbaubarer Bootsreiniger mit hervorragender Reinigungsleistung. L\u00f6st selbst starke Verschmutzungen wie z. B. dunkle Ablaufspuren nach l\u00e4ngerer Liegezeit, Vogelkot, Abriebspuren von Schuhen sowie durch Fender verursachte Verschmutzungen. Dank effizienter Anwendungskonzentration sehr wirtschaftlich. Biologisch abbaubar gem\u00e4\u00df Wasch- und Reinigungsmittelgesetz (WRMG). <\/span><\/div>\n<p><span class=\"value\">Universeller Spezialreiniger f\u00fcr die routinem\u00e4\u00dfige Reinigung oder bei stark verschmutzten Booten. Geeignet f\u00fcr vielz\u00e4hlige Materialien wie lackierte und unlackierte Kunststoffe, GFK und Gelcoat sowie Textilverdecke, Messing, Aluminium, Edelstahl, Chrom, Gummi und lackiertes bzw. versiegeltes Holz. <\/span><\/p>\n<p><strong>Usage<\/strong><\/p>\n<div class=\"d-inline-block fs-9 product attribute application mt-2\"><span class=\"value\"> Die zu reinigenden Fl\u00e4chen mit Wasser absp\u00fclen. Anschlie\u00dfend in vorgesehener Konzentration satt einspr\u00fchen oder mit Schwamm auftragen und bearbeiten. Bei groben Verschmutzungen mit weicher B\u00fcrste bearbeiten. Gel\u00f6sten Schmutz und Reinigungsreste mit kr\u00e4ftigem Wasserstrahl absp\u00fclen. Um Kalkflecken zu vermeiden, Fl\u00e4che abledern oder mit Microfasertuch trocknen. Auch f\u00fcr die Reinigung \u00fcber Hochdruckger\u00e4te geeignet. Dosierung: Bei routinem\u00e4\u00dfiger Reinigung das Konzentrat bis 1:20 mit Wasser verd\u00fcnnen. Bei stark verschmutzten Booten und eingetrockneten Dickschichten empfiehlt sich eine Konzentration von 1:8 bis 1:12. <\/span><\/div>\n<p><strong>Sonstige Infor\u00adma\u00adti\u00adonen<\/strong><\/p>\n<div class=\"d-inline-block fs-9 product attribute application mt-2\"><span class=\"value\"> Um das Einbrennen des Reinigers durch direkte Sonneneinstrahlung oder Anwendung auf hei\u00dfen Oberfl\u00e4chen zu vermeiden, die zu behandelnde Oberfl\u00e4che vorher mit ausreichend kaltem Wasser abk\u00fchlen. Bei empfindlichen Materialien stets vorher an verdeckter Stelle testen. <\/span><\/div>","protected":false},"excerpt":{"rendered":"<p>Schaumarmer, biologisch abbaubarer Bootsreiniger mit hervorragender Reinigungsleistung. L\u00f6st selbst starke Verschmutzungen wie z. B. dunkle Ablaufspuren nach l\u00e4ngerer Liegezeit, Vogelkot, Abriebspuren von Schuhen sowie durch Fender verursachte Verschmutzungen. Dank effizienter Anwendungskonzentration sehr wirtschaftlich. Biologisch abbaubar gem\u00e4\u00df Wasch- und Reinigungsmittelgesetz (WRMG). Universeller Spezialreiniger f\u00fcr die routinem\u00e4\u00dfige Reinigung oder bei stark verschmutzten Booten. Geeignet f\u00fcr vielz\u00e4hlige Materialien [&hellip;]<\/p>","protected":false},"featured_media":16341,"comment_status":"open","ping_status":"closed","template":"","meta":[],"product_cat":[108,134],"product_tag":[],"class_list":{"0":"post-16340","1":"product","2":"type-product","3":"status-publish","4":"has-post-thumbnail","6":"product_cat-aktions-produkte","7":"product_cat-marine-produkte","9":"first","10":"instock","11":"taxable","12":"shipping-taxable","13":"purchasable","14":"product-type-simple"},"yoast_head":"<!-- This site is optimized with the Yoast SEO plugin v23.5 - https:\/\/yoast.com\/wordpress\/plugins\/seo\/ -->\n<title>Liqui Moly Marine Universal-Reiniger K - MFT Mikrofiltertechnik GmbH<\/title>\n<meta name=\"description\" content=\"Schaumarmer, biologisch abbaubarer Bootsreiniger mit hervorragender Reinigungsleistung. L\u00f6st selbst starke Verschmutzungen.\" \/>\n<meta name=\"robots\" content=\"index, follow, max-snippet:-1, max-image-preview:large, max-video-preview:-1\" \/>\n<link rel=\"canonical\" href=\"https:\/\/mikrofiltertechnik.de\/en\/product\/liqui-moly-marine-universal-reiniger-k\/\" \/>\n<meta property=\"og:locale\" content=\"en_GB\" \/>\n<meta property=\"og:type\" content=\"article\" \/>\n<meta property=\"og:title\" content=\"Liqui Moly Marine Universal-Reiniger K - MFT Mikrofiltertechnik GmbH\" \/>\n<meta property=\"og:description\" content=\"Schaumarmer, biologisch abbaubarer Bootsreiniger mit hervorragender Reinigungsleistung. L\u00f6st selbst starke Verschmutzungen.\" \/>\n<meta property=\"og:url\" content=\"https:\/\/mikrofiltertechnik.de\/en\/product\/liqui-moly-marine-universal-reiniger-k\/\" \/>\n<meta property=\"og:site_name\" content=\"MFT Mikrofiltertechnik GmbH\" \/>\n<meta property=\"og:image\" content=\"https:\/\/mikrofiltertechnik.de\/wp-content\/uploads\/2025\/10\/Marine-Universalreiniger.jpeg\" \/>\n\t<meta property=\"og:image:width\" content=\"1500\" \/>\n\t<meta property=\"og:image:height\" content=\"1500\" \/>\n\t<meta property=\"og:image:type\" content=\"image\/jpeg\" \/>\n<meta name=\"twitter:card\" content=\"summary_large_image\" \/>\n<meta name=\"twitter:label1\" content=\"Estimated reading time\" \/>\n\t<meta name=\"twitter:data1\" content=\"2 minutes\" \/>\n<script type=\"application\/ld+json\" class=\"yoast-schema-graph\">{\"@context\":\"https:\/\/schema.org\",\"@graph\":[{\"@type\":\"WebPage\",\"@id\":\"https:\/\/mikrofiltertechnik.de\/produkt\/liqui-moly-marine-universal-reiniger-k\",\"url\":\"https:\/\/mikrofiltertechnik.de\/produkt\/liqui-moly-marine-universal-reiniger-k\",\"name\":\"Liqui Moly Marine Universal-Reiniger K - MFT Mikrofiltertechnik GmbH\",\"isPartOf\":{\"@id\":\"http:\/\/mikrofiltertechnik.de\/de\/#website\"},\"primaryImageOfPage\":{\"@id\":\"https:\/\/mikrofiltertechnik.de\/produkt\/liqui-moly-marine-universal-reiniger-k#primaryimage\"},\"image\":{\"@id\":\"https:\/\/mikrofiltertechnik.de\/produkt\/liqui-moly-marine-universal-reiniger-k#primaryimage\"},\"thumbnailUrl\":\"https:\/\/mikrofiltertechnik.de\/wp-content\/uploads\/2025\/10\/Marine-Universalreiniger.jpeg\",\"datePublished\":\"2025-10-24T06:38:55+00:00\",\"dateModified\":\"2025-10-24T06:38:55+00:00\",\"description\":\"Schaumarmer, biologisch abbaubarer Bootsreiniger mit hervorragender Reinigungsleistung. L\u00f6st selbst starke Verschmutzungen.\",\"breadcrumb\":{\"@id\":\"https:\/\/mikrofiltertechnik.de\/produkt\/liqui-moly-marine-universal-reiniger-k#breadcrumb\"},\"inLanguage\":\"en-GB\",\"potentialAction\":[{\"@type\":\"ReadAction\",\"target\":[\"https:\/\/mikrofiltertechnik.de\/produkt\/liqui-moly-marine-universal-reiniger-k\"]}]},{\"@type\":\"ImageObject\",\"inLanguage\":\"en-GB\",\"@id\":\"https:\/\/mikrofiltertechnik.de\/produkt\/liqui-moly-marine-universal-reiniger-k#primaryimage\",\"url\":\"https:\/\/mikrofiltertechnik.de\/wp-content\/uploads\/2025\/10\/Marine-Universalreiniger.jpeg\",\"contentUrl\":\"https:\/\/mikrofiltertechnik.de\/wp-content\/uploads\/2025\/10\/Marine-Universalreiniger.jpeg\",\"width\":1500,\"height\":1500,\"caption\":\"Liqui Moly Marine Universal-Reiniger K\"},{\"@type\":\"BreadcrumbList\",\"@id\":\"https:\/\/mikrofiltertechnik.de\/produkt\/liqui-moly-marine-universal-reiniger-k#breadcrumb\",\"itemListElement\":[{\"@type\":\"ListItem\",\"position\":1,\"name\":\"Startseite\",\"item\":\"https:\/\/mikrofiltertechnik.de\/\"},{\"@type\":\"ListItem\",\"position\":2,\"name\":\"Shop\",\"item\":\"https:\/\/mikrofiltertechnik.de\/en\/shop\"},{\"@type\":\"ListItem\",\"position\":3,\"name\":\"Liqui Moly Marine Universal-Reiniger K\"}]},{\"@type\":\"WebSite\",\"@id\":\"http:\/\/mikrofiltertechnik.de\/de\/#website\",\"url\":\"http:\/\/mikrofiltertechnik.de\/de\/\",\"name\":\"MFT Mikrofiltertechnik GmbH\",\"description\":\"Kompetenz in Diesel\",\"publisher\":{\"@id\":\"http:\/\/mikrofiltertechnik.de\/de\/#organization\"},\"potentialAction\":[{\"@type\":\"SearchAction\",\"target\":{\"@type\":\"EntryPoint\",\"urlTemplate\":\"http:\/\/mikrofiltertechnik.de\/de\/?s={search_term_string}\"},\"query-input\":{\"@type\":\"PropertyValueSpecification\",\"valueRequired\":true,\"valueName\":\"search_term_string\"}}],\"inLanguage\":\"en-GB\"},{\"@type\":\"Organization\",\"@id\":\"http:\/\/mikrofiltertechnik.de\/de\/#organization\",\"name\":\"MFT Mikrofiltertechnik GmbH\",\"url\":\"http:\/\/mikrofiltertechnik.de\/de\/\",\"logo\":{\"@type\":\"ImageObject\",\"inLanguage\":\"en-GB\",\"@id\":\"http:\/\/mikrofiltertechnik.de\/de\/#\/schema\/logo\/image\/\",\"url\":\"https:\/\/mikrofiltertechnik.de\/wp-content\/uploads\/2021\/04\/cropped-logo_vaficon.png\",\"contentUrl\":\"https:\/\/mikrofiltertechnik.de\/wp-content\/uploads\/2021\/04\/cropped-logo_vaficon.png\",\"width\":512,\"height\":512,\"caption\":\"MFT Mikrofiltertechnik GmbH\"},\"image\":{\"@id\":\"http:\/\/mikrofiltertechnik.de\/de\/#\/schema\/logo\/image\/\"}}]}<\/script>\n<!-- \/ Yoast SEO plugin. -->","yoast_head_json":{"title":"Liqui Moly Marine Universal-Reiniger K - MFT Mikrofiltertechnik GmbH","description":"Schaumarmer, biologisch abbaubarer Bootsreiniger mit hervorragender Reinigungsleistung. L\u00f6st selbst starke Verschmutzungen.","robots":{"index":"index","follow":"follow","max-snippet":"max-snippet:-1","max-image-preview":"max-image-preview:large","max-video-preview":"max-video-preview:-1"},"canonical":"https:\/\/mikrofiltertechnik.de\/en\/product\/liqui-moly-marine-universal-reiniger-k\/","og_locale":"en_GB","og_type":"article","og_title":"Liqui Moly Marine Universal-Reiniger K - MFT Mikrofiltertechnik GmbH","og_description":"Schaumarmer, biologisch abbaubarer Bootsreiniger mit hervorragender Reinigungsleistung. L\u00f6st selbst starke Verschmutzungen.","og_url":"https:\/\/mikrofiltertechnik.de\/en\/product\/liqui-moly-marine-universal-reiniger-k\/","og_site_name":"MFT Mikrofiltertechnik GmbH","og_image":[{"width":1500,"height":1500,"url":"https:\/\/mikrofiltertechnik.de\/wp-content\/uploads\/2025\/10\/Marine-Universalreiniger.jpeg","type":"image\/jpeg"}],"twitter_card":"summary_large_image","twitter_misc":{"Estimated reading time":"2 minutes"},"schema":{"@context":"https:\/\/schema.org","@graph":[{"@type":"WebPage","@id":"https:\/\/mikrofiltertechnik.de\/produkt\/liqui-moly-marine-universal-reiniger-k","url":"https:\/\/mikrofiltertechnik.de\/produkt\/liqui-moly-marine-universal-reiniger-k","name":"Liqui Moly Marine Universal-Reiniger K - MFT Mikrofiltertechnik GmbH","isPartOf":{"@id":"http:\/\/mikrofiltertechnik.de\/de\/#website"},"primaryImageOfPage":{"@id":"https:\/\/mikrofiltertechnik.de\/produkt\/liqui-moly-marine-universal-reiniger-k#primaryimage"},"image":{"@id":"https:\/\/mikrofiltertechnik.de\/produkt\/liqui-moly-marine-universal-reiniger-k#primaryimage"},"thumbnailUrl":"https:\/\/mikrofiltertechnik.de\/wp-content\/uploads\/2025\/10\/Marine-Universalreiniger.jpeg","datePublished":"2025-10-24T06:38:55+00:00","dateModified":"2025-10-24T06:38:55+00:00","description":"Schaumarmer, biologisch abbaubarer Bootsreiniger mit hervorragender Reinigungsleistung. L\u00f6st selbst starke Verschmutzungen.","breadcrumb":{"@id":"https:\/\/mikrofiltertechnik.de\/produkt\/liqui-moly-marine-universal-reiniger-k#breadcrumb"},"inLanguage":"en-GB","potentialAction":[{"@type":"ReadAction","target":["https:\/\/mikrofiltertechnik.de\/produkt\/liqui-moly-marine-universal-reiniger-k"]}]},{"@type":"ImageObject","inLanguage":"en-GB","@id":"https:\/\/mikrofiltertechnik.de\/produkt\/liqui-moly-marine-universal-reiniger-k#primaryimage","url":"https:\/\/mikrofiltertechnik.de\/wp-content\/uploads\/2025\/10\/Marine-Universalreiniger.jpeg","contentUrl":"https:\/\/mikrofiltertechnik.de\/wp-content\/uploads\/2025\/10\/Marine-Universalreiniger.jpeg","width":1500,"height":1500,"caption":"Liqui Moly Marine Universal-Reiniger K"},{"@type":"BreadcrumbList","@id":"https:\/\/mikrofiltertechnik.de\/produkt\/liqui-moly-marine-universal-reiniger-k#breadcrumb","itemListElement":[{"@type":"ListItem","position":1,"name":"Startseite","item":"https:\/\/mikrofiltertechnik.de\/"},{"@type":"ListItem","position":2,"name":"Shop","item":"https:\/\/mikrofiltertechnik.de\/en\/shop"},{"@type":"ListItem","position":3,"name":"Liqui Moly Marine Universal-Reiniger K"}]},{"@type":"WebSite","@id":"http:\/\/mikrofiltertechnik.de\/de\/#website","url":"http:\/\/mikrofiltertechnik.de\/de\/","name":"MFT Mikrofiltertechnik GmbH","description":"Kompetenz in Diesel","publisher":{"@id":"http:\/\/mikrofiltertechnik.de\/de\/#organization"},"potentialAction":[{"@type":"SearchAction","target":{"@type":"EntryPoint","urlTemplate":"http:\/\/mikrofiltertechnik.de\/de\/?s={search_term_string}"},"query-input":{"@type":"PropertyValueSpecification","valueRequired":true,"valueName":"search_term_string"}}],"inLanguage":"en-GB"},{"@type":"Organization","@id":"http:\/\/mikrofiltertechnik.de\/de\/#organization","name":"MFT Mikrofiltertechnik GmbH","url":"http:\/\/mikrofiltertechnik.de\/de\/","logo":{"@type":"ImageObject","inLanguage":"en-GB","@id":"http:\/\/mikrofiltertechnik.de\/de\/#\/schema\/logo\/image\/","url":"https:\/\/mikrofiltertechnik.de\/wp-content\/uploads\/2021\/04\/cropped-logo_vaficon.png","contentUrl":"https:\/\/mikrofiltertechnik.de\/wp-content\/uploads\/2021\/04\/cropped-logo_vaficon.png","width":512,"height":512,"caption":"MFT Mikrofiltertechnik GmbH"},"image":{"@id":"http:\/\/mikrofiltertechnik.de\/de\/#\/schema\/logo\/image\/"}}]}},"_links":{"self":[{"href":"https:\/\/mikrofiltertechnik.de\/en\/wp-json\/wp\/v2\/product\/16340","targetHints":{"allow":["GET"]}}],"collection":[{"href":"https:\/\/mikrofiltertechnik.de\/en\/wp-json\/wp\/v2\/product"}],"about":[{"href":"https:\/\/mikrofiltertechnik.de\/en\/wp-json\/wp\/v2\/types\/product"}],"replies":[{"embeddable":true,"href":"https:\/\/mikrofiltertechnik.de\/en\/wp-json\/wp\/v2\/comments?post=16340"}],"wp:featuredmedia":[{"embeddable":true,"href":"https:\/\/mikrofiltertechnik.de\/en\/wp-json\/wp\/v2\/media\/16341"}],"wp:attachment":[{"href":"https:\/\/mikrofiltertechnik.de\/en\/wp-json\/wp\/v2\/media?parent=16340"}],"wp:term":[{"taxonomy":"product_cat","embeddable":true,"href":"https:\/\/mikrofiltertechnik.de\/en\/wp-json\/wp\/v2\/product_cat?post=16340"},{"taxonomy":"product_tag","embeddable":true,"href":"https:\/\/mikrofiltertechnik.de\/en\/wp-json\/wp\/v2\/product_tag?post=16340"}],"curies":[{"name":"wp","href":"https:\/\/api.w.org\/{rel}","templated":true}]}}